{"id":133,"date":"2009-05-08T11:22:32","date_gmt":"2009-05-08T09:22:32","guid":{"rendered":"https:\/\/webs.uab.cat\/content\/docencia\/"},"modified":"2009-05-08T11:22:32","modified_gmt":"2009-05-08T09:22:32","slug":"docencia","status":"publish","type":"page","link":"https:\/\/webs.uab.cat\/hsala\/docencia\/","title":{"rendered":"Doc\u00e8ncia"},"content":{"rendered":"<p><P><STRONG>P\u00c0GINA EN CONSTRUCCI\u00d3&#8230;<\/STRONG><\/P><br \/>\n<P>Economia Espanyola<\/P><br \/>\n<P>Estructura Productiva de l&#8217;Economia Espanyola<\/P><\/p>\n","protected":false},"excerpt":{"rendered":"<p>P\u00c0GINA EN CONSTRUCCI\u00d3&#8230; Economia Espanyola Estructura Productiva de l&#8217;Economia Espanyola<\/p>\n","protected":false},"author":20,"featured_media":0,"parent":0,"menu_order":0,"comment_status":"closed","ping_status":"closed","template":"","meta":{"footnotes":""},"class_list":["post-133","page","type-page","status-publish","hentry"],"_links":{"self":[{"href":"https:\/\/webs.uab.cat\/hsala\/wp-json\/wp\/v2\/pages\/133","targetHints":{"allow":["GET"]}}],"collection":[{"href":"https:\/\/webs.uab.cat\/hsala\/wp-json\/wp\/v2\/pages"}],"about":[{"href":"https:\/\/webs.uab.cat\/hsala\/wp-json\/wp\/v2\/types\/page"}],"author":[{"embeddable":true,"href":"https:\/\/webs.uab.cat\/hsala\/wp-json\/wp\/v2\/users\/20"}],"replies":[{"embeddable":true,"href":"https:\/\/webs.uab.cat\/hsala\/wp-json\/wp\/v2\/comments?post=133"}],"version-history":[{"count":0,"href":"https:\/\/webs.uab.cat\/hsala\/wp-json\/wp\/v2\/pages\/133\/revisions"}],"wp:attachment":[{"href":"https:\/\/webs.uab.cat\/hsala\/wp-json\/wp\/v2\/media?parent=133"}],"curies":[{"name":"wp","href":"https:\/\/api.w.org\/{rel}","templated":true}]}}