{"id":159,"date":"2009-05-25T13:07:54","date_gmt":"2009-05-25T11:07:54","guid":{"rendered":"https:\/\/webs.uab.cat\/iars\/inici\/"},"modified":"2009-05-25T13:07:54","modified_gmt":"2009-05-25T11:07:54","slug":"inici","status":"publish","type":"page","link":"https:\/\/webs.uab.cat\/iars\/","title":{"rendered":"Inici"},"content":{"rendered":"<p><iframe loading=\"lazy\" frameborder=\"0\" height=\"394\" src=\"https:\/\/www.youtube.com\/embed\/91x8cYN7tGQ\" title=\"YouTube video player\" width=\"700\"><\/iframe><\/p>\n<p>IARS \u00e9s un grup de recerca interdisciplinar i interuniversitari que va n\u00e9ixer amb la voluntat de contribuir des de la recerca al desenvolupament de l\u2019acci\u00f3 socioeducativa en l\u2019\u00e0mbit de la Inf\u00e0ncia i l\u2019Adolesc\u00e8ncia en Risc Social. El grup est\u00e0 format per acad\u00e8mics i professionals investigadors que volen aportar des de la recerca dades que permetin als professionals i als responsables pol\u00edtics desenvolupar la seva tasca basant-se en l\u2019evid\u00e8ncia emp\u00edrica, tal com s\u2019est\u00e0 reclamant des de diferents f\u00f2rums internacionals.&nbsp;<\/p>\n<p>Tot i que en les \u00faltimes d\u00e8cades s\u2019ha avan\u00e7at molt en l\u2019atenci\u00f3 als nostres infants i joves en risc, encara hi ha molts obstacles que dificulten a aquest joves una inserci\u00f3 social i laboral exitosa. \u00c9s per aix\u00f2 que la conflu\u00e8ncia dels esfor\u00e7os de tots els agents socials, professionals, investigadors i gestors \u00e9s m\u00e9s necess\u00e0ria que mai.&nbsp;<\/p>\n<p>En aquesta web trobareu informaci\u00f3 sobre el nostre grup, les recerques realitzades i en curs, les publicacions on trobareu els seus resultats i les nostres dades de contacte.<\/p>\n","protected":false},"excerpt":{"rendered":"<p>IARS \u00e9s un grup de recerca interdisciplinar i interuniversitari que va n\u00e9ixer amb la voluntat de contribuir des de la recerca al desenvolupament de l\u2019acci\u00f3 socioeducativa en l\u2019\u00e0mbit de la Inf\u00e0ncia i l\u2019Adolesc\u00e8ncia en Risc Social. El grup est\u00e0 format per acad\u00e8mics i professionals investigadors que volen aportar des de la recerca dades que permetin [&hellip;]<\/p>\n","protected":false},"author":20,"featured_media":0,"parent":0,"menu_order":0,"comment_status":"closed","ping_status":"closed","template":"","meta":{"footnotes":""},"class_list":["post-159","page","type-page","status-publish","hentry"],"_links":{"self":[{"href":"https:\/\/webs.uab.cat\/iars\/wp-json\/wp\/v2\/pages\/159","targetHints":{"allow":["GET"]}}],"collection":[{"href":"https:\/\/webs.uab.cat\/iars\/wp-json\/wp\/v2\/pages"}],"about":[{"href":"https:\/\/webs.uab.cat\/iars\/wp-json\/wp\/v2\/types\/page"}],"author":[{"embeddable":true,"href":"https:\/\/webs.uab.cat\/iars\/wp-json\/wp\/v2\/users\/20"}],"replies":[{"embeddable":true,"href":"https:\/\/webs.uab.cat\/iars\/wp-json\/wp\/v2\/comments?post=159"}],"version-history":[{"count":1,"href":"https:\/\/webs.uab.cat\/iars\/wp-json\/wp\/v2\/pages\/159\/revisions"}],"predecessor-version":[{"id":842,"href":"https:\/\/webs.uab.cat\/iars\/wp-json\/wp\/v2\/pages\/159\/revisions\/842"}],"wp:attachment":[{"href":"https:\/\/webs.uab.cat\/iars\/wp-json\/wp\/v2\/media?parent=159"}],"curies":[{"name":"wp","href":"https:\/\/api.w.org\/{rel}","templated":true}]}}