{"id":163,"date":"2009-05-25T13:26:58","date_gmt":"2009-05-25T11:26:58","guid":{"rendered":"https:\/\/webs.uab.cat\/iars\/linies-recerca\/"},"modified":"2009-05-25T13:26:58","modified_gmt":"2009-05-25T11:26:58","slug":"linies-recerca","status":"publish","type":"page","link":"https:\/\/webs.uab.cat\/iars\/linies-recerca\/","title":{"rendered":"L\u00ednies de recerca"},"content":{"rendered":"<p>El grup t\u00e9 tres grans l\u00ednies de recerca en les que ha desenvolupat o desenvolupa estudis:<\/p>\n<p class=\"rteindent1\">\u00b7&nbsp;&nbsp;&nbsp;&nbsp;&nbsp;&nbsp;&nbsp;Protecci\u00f3 a l\u2019inf\u00e0ncia tutelada: Els nens, nenes i adolescents tutelats s\u00f3n&nbsp;especialment vulnerables&nbsp;per l\u2019acumulaci\u00f3 de diversos factors de risc. Molts d&#8217;ells han experimentat diverses situacions traum\u00e0tiques, sovint s&#8217;han desenvolupat en entorns sense les condicions de seguretat f\u00edsica, emocional i sense els estimuls addients pels seu desenvolupament, molts d&#8217;aquests infants&nbsp;no tenen una xarxa de suport que pugui vetllar pel seu desenvolupament i educaci\u00f3, han viscut discontinuitats en la seva escolaritzaci\u00f3 i&nbsp;experimenten freq\u00fcents canvis de domicili. La intervenci\u00f3 socioeducativa del circuit de protecci\u00f3 es dirigeix fonamental a&nbsp;garantir la seguretat, el benestar, desenvolupament i educaci\u00f3 d\u2019aquests infants. Per aix\u00f2 aquests infants s\u00f3n acollits en families o centres.&nbsp;El grup de recerca IARS treballa per contribuir en la millora de la protecci\u00f3 d&#8217;aquests finants desenvolupant recerques col\u00b7laboratives amb els diferents agents de la xarxa de protecci\u00f3.<\/p>\n<p class=\"rteindent1\">\u00b7&nbsp;&nbsp;&nbsp;&nbsp;&nbsp;&nbsp;&nbsp;Transici\u00f3 dels joves tutelats a la vida adulta: Els joves tutelats deixen de tenir el suport que atorga la tutela als 18 anys. Sovint \u00e9s un moment molt dif\u00edcil perqu\u00e8 a m\u00e9s de les experi\u00e8ncies traum\u00e0tiques acumulades, s\u2019afegeixen els d\u00e8ficits educatius i formatius, xarxes de suport social prec\u00e0ries, manca de recursos econ\u00f2mics, dificultats per accedir a un habitatge, etc. El grup vol contribuir a la millora de l\u2019atenci\u00f3 i suport a aquest joves des de la recerca.<\/p>\n<p class=\"rteindent1\">\u00b7&nbsp;&nbsp;&nbsp;&nbsp;&nbsp;&nbsp;&nbsp;Creaci\u00f3 d\u2019instruments psicoeducatius: el grup de recerca ha creat instruments per fer diagn\u00f2stics psicoeducatius i guies educatives per facilitar als professionals el desenvolupament de la seva feina.<\/p>\n","protected":false},"excerpt":{"rendered":"<p>El grup t\u00e9 tres grans l\u00ednies de recerca en les que ha desenvolupat o desenvolupa estudis: \u00b7&nbsp;&nbsp;&nbsp;&nbsp;&nbsp;&nbsp;&nbsp;Protecci\u00f3 a l\u2019inf\u00e0ncia tutelada: Els nens, nenes i adolescents tutelats s\u00f3n&nbsp;especialment vulnerables&nbsp;per l\u2019acumulaci\u00f3 de diversos factors de risc. Molts d&#8217;ells han experimentat diverses situacions traum\u00e0tiques, sovint s&#8217;han desenvolupat en entorns sense les condicions de seguretat f\u00edsica, emocional i sense [&hellip;]<\/p>\n","protected":false},"author":20,"featured_media":0,"parent":0,"menu_order":0,"comment_status":"closed","ping_status":"closed","template":"","meta":{"footnotes":""},"class_list":["post-163","page","type-page","status-publish","hentry"],"_links":{"self":[{"href":"https:\/\/webs.uab.cat\/iars\/wp-json\/wp\/v2\/pages\/163","targetHints":{"allow":["GET"]}}],"collection":[{"href":"https:\/\/webs.uab.cat\/iars\/wp-json\/wp\/v2\/pages"}],"about":[{"href":"https:\/\/webs.uab.cat\/iars\/wp-json\/wp\/v2\/types\/page"}],"author":[{"embeddable":true,"href":"https:\/\/webs.uab.cat\/iars\/wp-json\/wp\/v2\/users\/20"}],"replies":[{"embeddable":true,"href":"https:\/\/webs.uab.cat\/iars\/wp-json\/wp\/v2\/comments?post=163"}],"version-history":[{"count":0,"href":"https:\/\/webs.uab.cat\/iars\/wp-json\/wp\/v2\/pages\/163\/revisions"}],"wp:attachment":[{"href":"https:\/\/webs.uab.cat\/iars\/wp-json\/wp\/v2\/media?parent=163"}],"curies":[{"name":"wp","href":"https:\/\/api.w.org\/{rel}","templated":true}]}}