{"id":127,"date":"2017-05-20T00:45:35","date_gmt":"2017-05-19T22:45:35","guid":{"rendered":"https:\/\/webs.uab.cat\/iceclassiques\/paideia3esp\/"},"modified":"2022-10-27T13:23:27","modified_gmt":"2022-10-27T11:23:27","slug":"paideia3esp","status":"publish","type":"page","link":"https:\/\/webs.uab.cat\/iceclassiques\/es\/paideia3esp\/","title":{"rendered":"Paideia. Tercer encuentro de did\u00e1ctica de los estudios cl\u00e1sicos"},"content":{"rendered":"\n<figure class=\"wp-block-image\"><img decoding=\"async\" src=\"http:\/\/pagines.uab.cat\/iceclassiques\/sites\/pagines.uab.cat.iceclassiques\/files\/paideia3cast.jpg\" alt=\"cabecera\"\/><\/figure>\n\n\n\n<p>El teatro es sin duda uno de los legados m\u00e1s influyentes que el mundo grecorromano ha dejado a nuestra civilizaci\u00f3n. Las tragedias y las comedias antiguas contin\u00faan nutriendo nuestros escenarios, a menudo con montajes innovadores, a la vez que siguen inspirando a los dramaturgos actuales para crear nuevas adaptaciones. Pero, adem\u00e1s, en los \u00faltimos decenios hemos visto florecer compa\u00f1\u00edas teatrales formadas por j\u00f3venes estudiantes que, guiados por un profesorado dedicado, se entregan con entusiasmo a sacar los cl\u00e1sicos fuera de las aulas y representarlos ante un p\u00fablico compuesto por j\u00f3venes estudiantes como ellos. Sin duda se trata de un fen\u00f3meno trascendente, que demuestra la eternidad de los cl\u00e1sicos y que merece nuestra atenci\u00f3n. As\u00ed pues, <em>Paideia. Encuentro de did\u00e1ctica de los estudios cl\u00e1sicos<\/em> dedica su tercera edici\u00f3n al tema<\/p>\n\n\n\n<p><strong><em>Theatrum docens.<\/em> Teatro grecolatino y did\u00e1ctica del mundo cl\u00e1sico<\/strong><\/p>\n\n\n\n<p><em>Paideia. III encuentro de did\u00e1ctica de los estudios cl\u00e1sicos<\/em> se celebrar\u00e1 el lunes 9 y el martes 10 de julio de 2018, organizada por el Departament de Ci\u00e8ncies de l\u2019Antiguitat i de l\u2019Edat Mitjana y el <a href=\"http:\/\/pagines.uab.cat\/iceclassiques\/es\/content\/inicio\">Equip Arg\u00f3 de Lleng\u00fces i Cultura Cl\u00e0ssiques<\/a> de l\u2019ICE de la Universitat Aut\u00f2noma de Barcelona. <strong>Todas las sesiones tendr\u00e1n lugar en la <a rel=\"noreferrer noopener\" href=\"http:\/\/uab.cat\/lletres\/\" target=\"_blank\">Facultat de Lletres<\/a> de la Universitat Aut\u00f2noma de Barcelona, en Bellaterra.<\/strong><\/p>\n\n\n\n<p><a rel=\"noreferrer noopener\" href=\"http:\/\/pagines.uab.cat\/iceclassiques\/paideia1\" target=\"_blank\">La primera edici\u00f3n de Paideia<\/a>, en julio de 2011, y la <a href=\"http:\/\/pagines.uab.cat\/iceclassiques\/paideia1\">segunda<\/a>, en septiembre de 2013, se convirtieron en un espacio de encuentro entre los diversos niveles de ense\u00f1anza de los estudios cl\u00e1sicos y sus diversas perspectivas. Las contribuciones aparecieron como art\u00edculos en <em><a rel=\"noreferrer noopener\" href=\"http:\/\/pagines.uab.cat\/methodos\" target=\"_blank\">Methodos. Revista de did\u00e0ctica dels estudis cl\u00e0ssics<\/a><\/em>, publicaci\u00f3n digital de la UAB. En el conjunto de estos trabajos pueden encontrarse experiencias dirigidas a la ESO, al Bachillerato, a grados universitarios y a estudios de m\u00e1ster, tambi\u00e9n propuestas de trabajo de lengua griega, lengua latina, civilizaci\u00f3n y tradici\u00f3n cl\u00e1sica.<\/p>\n\n\n\n<p>Las sesiones del pr\u00f3ximo encuentro incluir\u00e1n ponencias de especialistas invitados y comunicaciones en formato Barcamp. Las ponencias se centrar\u00e1n en la utilizaci\u00f3n did\u00e1ctica del teatro grecolatino, complementadas con una mesa redonda sobre la misna cuesti\u00f3n.<\/p>\n\n\n\n<p>Las sesiones Barcamp acoger\u00e1n las comunicaciones libremente presentadas por el profesorado de secundaria o universidad que se haya inscrito al encuentro. En ellas se podr\u00e1n exponer e<strong>xperiencias o propuestas did\u00e1cticas relacionadas con cualquier tema relacionado con los estudios cl\u00e1sicos<\/strong>. Las comunicaciones tendr\u00e1n una duraci\u00f3n de <strong>15 minutos<\/strong> e ir\u00e1n seguidas de un espacio de otros 15 minutos abierto a la discusi\u00f3n y participaci\u00f3n de los asistentes. Se aceptar\u00e1n comunicaciones en formatos audiovisuales, multimedia y p\u00f3ster. Las comunicaciones podr\u00e1n presentarse en cualquiera de las lenguas del encuentro: catal\u00e1n, castellano, ingl\u00e9s, franc\u00e9s, italiano, lat\u00edn y griego antiguo.<\/p>\n\n\n\n<p><strong><a rel=\"noreferrer noopener\" href=\"http:\/\/pagines.uab.cat\/iceclassiques\/sites\/pagines.uab.cat.iceclassiques\/files\/comollegarpaideia.pdf\" target=\"_blank\">C\u00f3mo llegar a Paideia (PDF)<\/a><\/strong><\/p>\n\n\n\n<h4 class=\"wp-block-heading\"><strong>Programa<\/strong><\/h4>\n\n\n\n<figure class=\"wp-block-table\"><table><tbody><tr><td><strong>LUNES 9<\/strong> <strong>Facultat de Filosofia i Lletres (Bellaterra)<\/strong><\/td><\/tr><tr><td><strong>Ma\u00f1ana<\/strong><\/td><\/tr><tr><td>9.00-9.30<\/td><td>Bienvenida y presentaci\u00f3n.<\/td><\/tr><tr><td>9.30-10.30<\/td><td>M\u00aa Teresa Amado Rodr\u00edguez (Universidade de Santiago de Compostela): <strong>Teatro Grecolatino escolar en Galicia: pasado, presente y futuro.<\/strong><\/td><\/tr><tr><td>10.30-11.00<\/td><td>Pausa<\/td><\/tr><tr><td>11.00-13.00<\/td><td>Primera franja de comunicaciones en sesiones de BARCAMP.<\/td><\/tr><tr><td>13.00-14.00<\/td><td>Natalia Palomar, David Sol\u00e9, Lorena Ri\u00f3n, Denis C. Plesa (Universitat de Barcelona): <strong>Dramatizaci\u00f3n y griegometrajes: por una experiencia integrada del griego.<\/strong><\/td><\/tr><tr><td><strong>Tarde<\/strong><\/td><td>&nbsp;<\/td><\/tr><tr><td>15.00-16.30<\/td><td>Mesa redonda: <strong>El teatro, \u00bfuna v\u00eda hacia el mundo cl\u00e1sico?<\/strong><br>Participantes: M\u00aa Teresa Amado, Carme Llitj\u00f3s, Pepe Luque, Natalia Palomar, Joan Pascual, Enric Garriga, David Sol\u00e9. Moderador: Sebasti\u00e0 Giralt.<\/td><\/tr><tr><td>16.30-16.45<\/td><td>Pausa<\/td><\/tr><tr><td>16.45-17.45<\/td><td>Joan Pascual, Enric Garriga (<a rel=\"noreferrer noopener\" href=\"http:\/\/www.experimentateatre.com\/\" target=\"_blank\">Aula de Teatre<\/a>, Universitat Rovira i Virgili): <strong>Un recorregut pel teatre popular rom\u00e0 (de les farses atel\u00b7lanes a la pantomima)<\/strong>.<\/td><\/tr><tr><td>17.45-18.45<\/td><td>Segunda franja de comunicaciones en sesiones de BARCAMP.<\/td><\/tr><tr><td>19.00-19.30<\/td><td>Marta Cobo: <strong><em>Fedra <\/em>de Racine<\/strong>, representaci\u00f3 d&#8217;una escena per AulaScenica de la Universitat de Barcelona.<\/td><\/tr><tr><td>19.30-20.00<\/td><td>Pep Anton G\u00f3mez (<a href=\"https:\/\/www.upf.edu\/web\/aula-escena\/aula-de-teatre\">Aula de Teatre<\/a>, Universitat Pompeu Fabra): <strong>Ant\u00edgona<\/strong>.<\/td><\/tr><tr><td><strong>MARTES 10<\/strong> <strong>Facultat de Filosofia i Lletres (Bellaterra)<\/strong><\/td><\/tr><tr><td>9.00-9.30<\/td><td>Bienvenida y presentaci\u00f3n.<\/td><\/tr><tr><td>9.30-10.30<\/td><td>Pepe Luque (<a href=\"https:\/\/inalbisteatro.wordpress.com\/\">In Albis Teatro<\/a>): <strong>In Albis Teatro, un Proyecto Educativo de Humanidades.<\/strong><\/td><\/tr><tr><td>10.30-12.00<\/td><td>Tercera franja de comunicaciones en sesiones de BARCAMP. &nbsp;<\/td><\/tr><tr><td>12.00-12.30<\/td><td>Pausa<\/td><\/tr><tr><td>12.30-13.30<\/td><td>Carme Llitj\u00f3s: <strong>Teatre cl\u00e0ssic de petit format.<\/strong><\/td><\/tr><tr><td>13.30-14.00<\/td><td>Clausura.<\/td><\/tr><\/tbody><\/table><\/figure>\n\n\n\n<p>Sesiones BARCAMP: Actividades docentes, materiales did\u00e1cticos o pr\u00e1cticas educativas innovadoras, presentadas en una comunicaci\u00f3n de 15 minutos, que ir\u00e1 seguida de un debate con los asistentes de la misma duraci\u00f3n.<\/p>\n\n\n\n<p>Horarios de las sesiones BARCAMP (en preparaci\u00f3n)<\/p>\n\n\n\n<p>Los horarios de las sessiones de Barcamp se respetar\u00e1n estrictamente.<\/p>\n\n\n\n<h4 class=\"wp-block-heading\">Inscripci\u00f3n<\/h4>\n\n\n\n<p>Cuota de inscripci\u00f3n: 50\u20ac para profesorado \/ 20\u20ac para estudiantes (Es imprescindible presentar documento acreditativo).&nbsp;El encuentro est\u00e1 abierto a la asistencia de todos los estudiantes de la Facultat de Filosofia i Lletres. <strong>Es imprescindible matricularse para tener certificado de participaci\u00f3n o para presentar una comunicaci\u00f3n.<\/strong><\/p>\n\n\n\n<p><strong><a href=\"https:\/\/docs.google.com\/forms\/d\/e\/1FAIpQLSfl76rvUGmY8uFrqE8oFo3eQlTwC0fGl3wyxOS1zArZZl0tFw\/viewform\">Formulario par presentar una propuesta de comunicaci\u00f3n<\/a>. Fecha l\u00edmite: 29 de junio de 2018.<\/strong><\/p>\n\n\n\n<p><a href=\"http:\/\/www.uab.cat\/web\/formacio\/professorat\/III-Trobada-de-didactica-dels-estudis-classics-presentacio-1345728089876.html\"><strong>Matriculaci\u00f3n <em>online<\/em><\/strong><\/a><strong> ya abierta.<\/strong><\/p>\n\n\n\n<p>Actividad reconocida como curso de Formaci\u00f3n del Profesorado por el Departament d\u2019Educaci\u00f3 de la Generalitat de Catalunya (15 horas).<\/p>\n\n\n\n<h4 class=\"wp-block-heading\">Documentos para quienes presenten ponencias y comunicaciones:<\/h4>\n\n\n\n<p>Acogida (PDF) (pr\u00f3ximamente)<\/p>\n\n\n\n<p><strong><a rel=\"noreferrer noopener\" href=\"http:\/\/pagines.uab.cat\/iceclassiques\/sites\/pagines.uab.cat.iceclassiques\/files\/normas_edicion_cast.pdf\" target=\"_blank\">Normas de edici\u00f3n<\/a><\/strong><\/p>\n\n\n\n<p>Tanto las ponencias como las comunicaciones podr\u00e1n ser publicadas en la revista digital <a rel=\"noreferrer noopener\" href=\"http:\/\/pagines.uab.cat\/methodos\" target=\"_blank\"><em>Methodos<\/em><\/a>, si son enviadas dentro del plazo dado, si cumplen con las normas de edici\u00f3n y pasan el proceso de evaluaci\u00f3n.<\/p>\n\n\n\n<p><strong>M\u00e1s informaci\u00f3n:<\/strong><\/p>\n\n\n\n<p><strong>Contacto:<\/strong> <a href=\"mailto:classiquesiceuab@gmail.com\">classiquesiceuab@gmail.com<\/a><\/p>\n\n\n\n<figure class=\"wp-block-table\"><table><tbody><tr><td><a href=\"https:\/\/www.facebook.com\/Paideia-Trobada-did%C3%A0ctica-destudis-cl%C3%A0ssics-424019681314583\/\"><br><\/a> <a rel=\"noreferrer noopener\" href=\"https:\/\/www.facebook.com\/Paideia-Trobada-did%C3%A0ctica-destudis-cl%C3%A0ssics-424019681314583\/\" target=\"_blank\">Paideia en Facebook<\/a><\/td><td><a href=\"https:\/\/twitter.com\/search\/%23paideia2013\"><\/a> Paideia en Twitter: <a rel=\"noreferrer noopener\" href=\"https:\/\/twitter.com\/search\/%23paideia2018\" target=\"_blank\">#paideia2018<\/a><\/td><\/tr><\/tbody><\/table><\/figure>\n\n\n\n<p><strong>Encontrar\u00e9is nueva informaci\u00f3n en las actualizaciones de esta misma p\u00e1gina.<\/strong><\/p>\n\n\n\n<h4 class=\"wp-block-heading\"><strong>Comisi\u00f3n organizadora:<\/strong><\/h4>\n\n\n\n<ul class=\"wp-block-list\"><li>Victoria Besc\u00f3s, profesora de cl\u00e1sicas en el Institut Salvador Espriu, Barcelona.<\/li><li>Francisco Carbajo, profesor de cl\u00e1sicas en el Institut Lauro, les Franqueses del Vall\u00e8s.<\/li><li>C\u00e1ndida Ferrero, profesora agregada de filolog\u00eda latina, UAB.<\/li><li>Sebasti\u00e0 Giralt, profesor agregado de filolog\u00eda latina, UAB.<\/li><li>Laura Lucas, profesora de cl\u00e1sicas en el Institut Gallecs, Mollet del Vall\u00e8s.<\/li><li>Marta Oller, profesora agregada interina de filolog\u00eda griega, UAB.<\/li><li>Gemma Puigvert, profesora titular de filolog\u00eda latina, UAB.<\/li><li>Joan Pag\u00e8s, profesor de cl\u00e1sicas en el Institut Manolo Hugu\u00e9, Caldes de Montbui.<\/li><li>Jordi P\u00e0mias, profesor agregado de filolog\u00eda griega, UAB.<\/li><li>Daniel Ram\u00f3n, profesor de cl\u00e1sicas en el Institut Ramon Casas i Carb\u00f3, Palau-solit\u00e0 i Plegamans.<\/li><li>Marta Sim\u00f3n, coordinadora del Programa Arg\u00f3.<\/li><\/ul>\n\n\n\n<figure class=\"wp-block-table\"><table><tbody><tr><td><img decoding=\"async\" src=\"http:\/\/pagines.uab.cat\/iceclassiques\/sites\/pagines.uab.cat.iceclassiques\/files\/images\/UAB.jpg\" alt=\"\"><\/td><td><img loading=\"lazy\" decoding=\"async\" width=\"70\" height=\"70\" src=\"http:\/\/pagines.uab.cat\/iceclassiques\/sites\/pagines.uab.cat.iceclassiques\/files\/images\/classiques_daurat_mini.jpg\" alt=\"\"><img loading=\"lazy\" decoding=\"async\" width=\"97\" height=\"69\" src=\"http:\/\/pagines.uab.cat\/iceclassiques\/sites\/pagines.uab.cat.iceclassiques\/files\/iceuab.jpg\" alt=\"ice\"><\/td><\/tr><tr><td>Departament de Ci\u00e8ncies<br>de l\u2019Antiguitat i de l\u2019Edat Mitjana<\/td><td>Equip Arg\u00f3 de Lleng\u00fces<br>i Cultura Cl\u00e0ssiques<br>ICE de la UAB<\/td><\/tr><\/tbody><\/table><\/figure>\n\n\n\n<p>Con el apoyo de:<\/p>\n\n\n\n<p><a href=\"http:\/\/www.uab.cat\/lletres\/\">Facultat de Filosofia i Lletres<\/a><\/p>\n\n\n\n<p><a rel=\"noreferrer noopener\" href=\"http:\/\/www.uab.cat\/ice\/\" target=\"_blank\">Institut de Ci\u00e8ncies de l\u2019Educaci\u00f3 (ICE)<\/a><\/p>\n\n\n\n<p><a rel=\"noreferrer noopener\" href=\"http:\/\/www.uab.cat\/departament\/ciencies-antiguitat-edat-mitjana\/\" target=\"_blank\">Departament de Ci\u00e8ncies de l\u2019Antiguitat i de l\u2019Edat Mitjana<\/a><\/p>\n","protected":false},"excerpt":{"rendered":"<p>El teatro es sin duda uno de los legados m\u00e1s influyentes que el mundo grecorromano ha dejado a nuestra civilizaci\u00f3n. Las tragedias y las comedias antiguas contin\u00faan nutriendo nuestros escenarios, a menudo con montajes innovadores, a la vez que siguen inspirando a los dramaturgos actuales para crear nuevas adaptaciones. Pero, adem\u00e1s, en los \u00faltimos decenios [&hellip;]<\/p>\n","protected":false},"author":20,"featured_media":0,"parent":0,"menu_order":0,"comment_status":"closed","ping_status":"closed","template":"","meta":{"footnotes":""},"class_list":["post-127","page","type-page","status-publish","hentry"],"_links":{"self":[{"href":"https:\/\/webs.uab.cat\/iceclassiques\/es\/wp-json\/wp\/v2\/pages\/127","targetHints":{"allow":["GET"]}}],"collection":[{"href":"https:\/\/webs.uab.cat\/iceclassiques\/es\/wp-json\/wp\/v2\/pages"}],"about":[{"href":"https:\/\/webs.uab.cat\/iceclassiques\/es\/wp-json\/wp\/v2\/types\/page"}],"author":[{"embeddable":true,"href":"https:\/\/webs.uab.cat\/iceclassiques\/es\/wp-json\/wp\/v2\/users\/20"}],"replies":[{"embeddable":true,"href":"https:\/\/webs.uab.cat\/iceclassiques\/es\/wp-json\/wp\/v2\/comments?post=127"}],"version-history":[{"count":2,"href":"https:\/\/webs.uab.cat\/iceclassiques\/es\/wp-json\/wp\/v2\/pages\/127\/revisions"}],"predecessor-version":[{"id":210,"href":"https:\/\/webs.uab.cat\/iceclassiques\/es\/wp-json\/wp\/v2\/pages\/127\/revisions\/210"}],"wp:attachment":[{"href":"https:\/\/webs.uab.cat\/iceclassiques\/es\/wp-json\/wp\/v2\/media?parent=127"}],"curies":[{"name":"wp","href":"https:\/\/api.w.org\/{rel}","templated":true}]}}