{"id":120,"date":"2017-05-20T00:45:35","date_gmt":"2017-05-19T22:45:35","guid":{"rendered":"https:\/\/webs.uab.cat\/iceclassiques\/paideia\/"},"modified":"2022-10-27T12:58:52","modified_gmt":"2022-10-27T10:58:52","slug":"paideia","status":"publish","type":"page","link":"https:\/\/webs.uab.cat\/iceclassiques\/paideia\/","title":{"rendered":"Paideia. Tercera trobada de did\u00e0ctica dels estudis cl\u00e0ssics"},"content":{"rendered":"\n<figure class=\"wp-block-image\"><img decoding=\"async\" src=\"http:\/\/pagines.uab.cat\/iceclassiques\/sites\/pagines.uab.cat.iceclassiques\/files\/paideia3_0.jpg\" alt=\"cap\u00e7alera\"\/><\/figure>\n\n\n\n<p>El teatre \u00e9s sens dubte un dels llegats m\u00e9s influents que el m\u00f3n grecorom\u00e0 ha deixat a la nostra civilitzaci\u00f3. Les trag\u00e8dies i les com\u00e8dies antigues continuen nodrint els nostres escenaris, sovint amb muntatges innovadors, alhora que segueixen inspirant dramaturgs actuals a crear noves adaptacions. Per\u00f2, a m\u00e9s a m\u00e9s, en els darrers decennis hem vist florir&nbsp; companyies teatrals formades per joves estudiants que, guiats per un professorat dedicat, s&#8217;entreguen amb entusiasme a treure els cl\u00e0ssics fora de les aules i a representar-los davant un p\u00fablic compost per joves estudiants com ells. Sens dubte es tracta d&#8217;un fenomen transcendent, que demostra l&#8217;eternitat dels cl\u00e0ssics i que mereix la nostra atenci\u00f3. Aix\u00ed doncs, <em>Paideia. Trobada de did\u00e0ctica dels estudis cl\u00e0ssics<\/em> dedica la seva tercera edici\u00f3 al tema<\/p>\n\n\n\n<h2 class=\"wp-block-heading\"><strong><em>Theatrum docens.<\/em> Teatre grecollat\u00ed i did\u00e0ctica del m\u00f3n cl\u00e0ssic<\/strong><\/h2>\n\n\n\n<p><em>Paideia. III trobada de did\u00e0ctica dels estudis cl\u00e0ssics<\/em> se celebrar\u00e0 el dilluns 9 i el dimarts 10 de juliol de 2018, organitzada pel Departament de Ci\u00e8ncies de l\u2019Antiguitat i de l\u2019Edat Mitjana i l&#8217;<a href=\"http:\/\/pagines.uab.cat\/iceclassiques\/\">Equip Arg\u00f3 de Lleng\u00fces i Cultura Cl\u00e0ssiques<\/a> de l\u2019ICE de la Universitat Aut\u00f2noma de Barcelona. <strong>Totes les sessions tindran lloc a la <a rel=\"noreferrer noopener\" href=\"http:\/\/uab.cat\/lletres\/\" target=\"_blank\">Facultat de Lletres<\/a> de la Universitat Aut\u00f2noma de Barcelona, a Bellaterra<\/strong>.<\/p>\n\n\n\n<p><a rel=\"noreferrer noopener\" href=\"http:\/\/pagines.uab.cat\/iceclassiques\/paideia1\" target=\"_blank\">La primera edici\u00f3n de Paideia<\/a>, al juliol de 2011, i la <a href=\"http:\/\/pagines.uab.cat\/iceclassiques\/paideia1\">segona<\/a>, al setembre de 2013, van esdevenir un espai de trobada entre els diversos nivells d&#8217;ensenyament dels estudis cl\u00e0ssics i les seves diverses perspectives. Les contribucions van apar\u00e8ixer com a articles dins <em><a rel=\"noreferrer noopener\" href=\"http:\/\/pagines.uab.cat\/methodos\" target=\"_blank\">Methodos. Revista de did\u00e0ctica dels estudis cl\u00e0ssics<\/a><\/em>, publicaci\u00f3 digital de la UAB. En el conjunt d\u2019aquestes treballs trobem experi\u00e8ncies adre\u00e7ades a l\u2019ESO, al Batxillerat, a graus universitaris i a m\u00e0sters, aix\u00ed com propostes de llengua grega, llengua llatina, literatura, civilitzaci\u00f3 i tradici\u00f3 cl\u00e0ssiques.<\/p>\n\n\n\n<p>Les sessions de la propera Trobada inclouran tant pon\u00e8ncies d\u2019especialistes convidats com comunicacions en format Barcamp. Les pon\u00e8ncies se centraran la utilitzaci\u00f3 did\u00e0ctica del teatre grecollat\u00ed, complementades amb una taula rodona sobre la mateixa q\u00fcesti\u00f3.<\/p>\n\n\n\n<p>Les sessions Barcamp acolliran les comunicacions lliurement aportades pel professorat de secund\u00e0ria o universitat que s&#8217;hagi inscrit a la trobada sobre <strong>experi\u00e8ncies o propostes did\u00e0ctiques relacionades amb qualsevol tema d\u2019estudis cl\u00e0ssics<\/strong>. Les comunicacions tindran una <strong>duraci\u00f3 de 15 minuts<\/strong> i aniran seguides d\u2019un espai del mateix temps obert a la intervenci\u00f3 dels assistents. S\u2019acceptaran comunicacions en formats audiovisuals, multim\u00e8dia i p\u00f2ster. Les comunicacions podran ser presentades en qualsevol de les lleng\u00fces de la trobada: catal\u00e0, castell\u00e0, angl\u00e8s, franc\u00e8s, itali\u00e0, llat\u00ed i grec antic.<\/p>\n\n\n\n<p><strong><a rel=\"noreferrer noopener\" href=\"http:\/\/pagines.uab.cat\/iceclassiques\/sites\/pagines.uab.cat.iceclassiques\/files\/comarribarpaideia.pdf\" target=\"_blank\">Com arribar a Paideia (PDF)<\/a><\/strong><\/p>\n\n\n\n<h3 class=\"wp-block-heading\"><strong>Programa<\/strong><\/h3>\n\n\n\n<figure class=\"wp-block-table\"><table><tbody><tr><td><br><strong>Facultat de Filosofia i Lletres (Bellaterra)<\/strong><\/td><\/tr><tr><td><strong>Mat\u00ed<\/strong><\/td><\/tr><tr><td>9.00-9.30<\/td><td>Benvinguda i presentaci\u00f3.<\/td><\/tr><tr><td>9.30-10.30<\/td><td>M\u00aa Teresa Amado Rodr\u00edguez (Universidade de Santiago de Compostela): <strong>Teatro Grecolatino escolar en Galicia: pasado, presente y futuro.<\/strong><\/td><\/tr><tr><td>10.30-11.00<\/td><td>Pausa<\/td><\/tr><tr><td>11.00-13.00<\/td><td>Primera franja de comunicacions en sessions de BARCAMP.<\/td><\/tr><tr><td>13.00-14.00<\/td><td>Natalia Palomar, David Sol\u00e9, Lorena Ri\u00f3n, Denis C. Plesa (Universitat de Barcelona): <strong>Dramatizaci\u00f3n y griegometrajes: por una experiencia integrada del griego.<\/strong><\/td><\/tr><tr><td><strong>Tarda<\/strong><\/td><td>&nbsp;<\/td><\/tr><tr><td>15.00-16.30<\/td><td>Taula rodona: <strong>El teatre, una via cap al m\u00f3n cl\u00e0ssic?<\/strong><br>Participants: M\u00aa Teresa Amado, Carme Llitj\u00f3s, Pepe Luque, Natalia Palomar, Joan Pascual, Enric Garriga, David Sol\u00e9. Moderador: Sebasti\u00e0 Giralt.<\/td><\/tr><tr><td>16.30-16.45<\/td><td>Pausa<\/td><\/tr><tr><td>16.45-17.45<\/td><td>Joan Pascual, Enric Garriga (<a rel=\"noreferrer noopener\" href=\"http:\/\/www.experimentateatre.com\/\" target=\"_blank\">Aula de Teatre<\/a>, Universitat Rovira i Virgili): <strong>Un recorregut pel teatre popular rom\u00e0 (de les farses atel\u00b7lanes a la pantomima)<\/strong>.<\/td><\/tr><tr><td>17.45-18.45<\/td><td>Segona franja de comunicacions en sessions de BARCAMP.<\/td><\/tr><tr><td>19.00-19.30<\/td><td>Marta Cobo: <strong><em>Fedra <\/em>de Racine<\/strong>, representaci\u00f3 d&#8217;una escena per AulaScenica de la Universitat de Barcelona.<\/td><\/tr><tr><td>19.30-20.00<\/td><td>Pep Anton G\u00f3mez (<a href=\"https:\/\/www.upf.edu\/web\/aula-escena\/aula-de-teatre\">Aula de Teatre<\/a>, Universitat Pompeu Fabra): <strong>Ant\u00edgona<\/strong>.<\/td><\/tr><tr><td>&nbsp;<strong>DIMARTS 10<\/strong> <strong>Facultat de Filosofia i Lletres (Bellaterra)<\/strong><\/td><\/tr><tr><td>9.00-9.30<\/td><td>Benvinguda i presentaci\u00f3.<\/td><\/tr><tr><td>9.30-10.30<\/td><td>Pepe Luque (<a href=\"https:\/\/inalbisteatro.wordpress.com\/\">In Albis Teatro<\/a>): <strong>In Albis Teatro, un Proyecto Educativo de Humanidades.<\/strong><\/td><\/tr><tr><td>10.30-12.00<\/td><td>Tercera franja de comunicacions en sessions de BARCAMP. &nbsp;<\/td><\/tr><tr><td>12.00-12.30<\/td><td>Pausa<\/td><\/tr><tr><td>12.30-13.30<\/td><td>Carme Llitj\u00f3s (ELA-\u03b5\u03bb\u03b1 Teatre): <strong>Teatre cl\u00e0ssic de petit format.<\/strong><\/td><\/tr><tr><td>13.30-14.00<\/td><td>Cloenda.<\/td><\/tr><\/tbody><\/table><\/figure>\n\n\n\n<p>Sessions BARCAMP: Activitats docents, materials did\u00e0ctics o pr\u00e0ctiques docents innovadores, presentades en una comunicaci\u00f3 de 15 minuts, que anir\u00e0 seguida d\u2019un debat amb els assistents de la mateixa duraci\u00f3.<\/p>\n\n\n\n<p>Horaris de les sessions BARCAMP (en preparaci\u00f3)<\/p>\n\n\n\n<p>Els horaris de les sessions de Barcamp es respectaran estrictament.<\/p>\n\n\n\n<h3 class=\"wp-block-heading\">Inscripci\u00f3<\/h3>\n\n\n\n<p>Quota d\u2019inscripci\u00f3: 50\u20ac per a professorat en actiu \/ 20\u20ac per a estudiants (cal presentar un document acreditatiu).<\/p>\n\n\n\n<p>La trobada est\u00e0 oberta a l&#8217;assist\u00e8ncia de tots els estudiants de la Facultat de Filosofia i Lletres, <strong>per\u00f2 \u00e9s imprescindible inscriure-s&#8217;hi per tenir certificat de participaci\u00f3 o per presentar-hi una comunicaci\u00f3.<\/strong><\/p>\n\n\n\n<p><strong><a href=\"https:\/\/docs.google.com\/forms\/d\/e\/1FAIpQLSfl76rvUGmY8uFrqE8oFo3eQlTwC0fGl3wyxOS1zArZZl0tFw\/viewform\">Formulari per presentar una proposta de comunicaci\u00f3<\/a>. Data l\u00edmit: 29 de juny de 2018<\/strong><\/p>\n\n\n\n<p><a href=\"http:\/\/www.uab.cat\/web\/formacio\/professorat\/III-Trobada-de-didactica-dels-estudis-classics-presentacio-1345728089876.html\"><strong>Matriculaci\u00f3 <em>online<\/em><\/strong><\/a><strong> ja oberta.<\/strong><\/p>\n\n\n\n<p>Activitat reconeguda com a curs de Formaci\u00f3 del Professorat pel Departament d\u2019Educaci\u00f3 de la Generalitat de Catalunya (15 hores).<\/p>\n\n\n\n<h3 class=\"wp-block-heading\">Documents per als que presenten pon\u00e8ncies i comunicacions:<\/h3>\n\n\n\n<p>Acollida (PDF) (pr\u00f2ximament)<\/p>\n\n\n\n<p><strong><a href=\"https:\/\/webs.uab.cat\/iceclassiques\/wp-content\/uploads\/sites\/261\/2017\/05\/normes_edicio.pdf\" data-type=\"attachment\" data-id=\"57\" target=\"_blank\" rel=\"noreferrer noopener\">Normes d&#8217;edici\u00f3 (PDF)<\/a><\/strong><\/p>\n\n\n\n<p>Tant les pon\u00e8ncies com les comunicacions seran publicades a la revista digital <a rel=\"noreferrer noopener\" href=\"http:\/\/pagines.uab.cat\/methodos\" target=\"_blank\"><em>Methodos<\/em><\/a>, si s\u00f3n enviades dins el termini donat, compleixen amb els normes d&#8217;edici\u00f3 i passen el proc\u00e9s d&#8217;avaluaci\u00f3.<\/p>\n\n\n\n<p><strong>Contacte:<\/strong> <a href=\"mailto:classiquesiceuab@gmail.com\">classiquesiceuab@gmail.com<\/a><\/p>\n\n\n\n<div class=\"wp-block-columns is-layout-flex wp-container-core-columns-is-layout-9d6595d7 wp-block-columns-is-layout-flex\">\n<div class=\"wp-block-column is-layout-flow wp-block-column-is-layout-flow\">\n<figure class=\"wp-block-image\"><a href=\"https:\/\/www.facebook.com\/Paideia-Trobada-did%C3%A0ctica-destudis-cl%C3%A0ssics-424019681314583\/\"><img decoding=\"async\" src=\"http:\/\/pagines.uab.cat\/iceclassiques\/sites\/pagines.uab.cat.iceclassiques\/files\/fb.jpeg\" alt=\"fb\"\/><\/a><figcaption><a rel=\"noreferrer noopener\" href=\"https:\/\/www.facebook.com\/Paideia-Trobada-did%C3%A0ctica-destudis-cl%C3%A0ssics-424019681314583\/\" target=\"_blank\">Paideia al Facebook<\/a><br><\/figcaption><\/figure>\n<\/div>\n\n\n\n<div class=\"wp-block-column is-layout-flow wp-block-column-is-layout-flow\">\n<figure class=\"wp-block-image size-full\"><img loading=\"lazy\" decoding=\"async\" width=\"50\" height=\"50\" src=\"https:\/\/webs.uab.cat\/iceclassiques\/wp-content\/uploads\/sites\/261\/2022\/10\/image.png\" alt=\"\" class=\"wp-image-201\"\/><figcaption>Paideia al Twitter:&nbsp;<a rel=\"noreferrer noopener\" href=\"https:\/\/twitter.com\/search\/%23paideia2018\" target=\"_blank\">#paideia2018<\/a><\/figcaption><\/figure>\n<\/div>\n<\/div>\n\n\n\n<p><strong>Trobareu nova informaci\u00f3 en les actualitzacions d&#8217;aquesta mateixa p\u00e0gina.<\/strong><\/p>\n\n\n\n<h3 class=\"wp-block-heading\"><strong>Comissi\u00f3 organitzadora:<\/strong><\/h3>\n\n\n\n<ul class=\"wp-block-list\"><li>Victoria Besc\u00f3s, professora de cl\u00e0ssiques a l&#8217;Institut Salvador Espriu, Barcelona.<\/li><li>Francisco Carbajo, professor de cl\u00e0ssiques a l&#8217;Institut Lauro, les Franqueses del Vall\u00e8s.<\/li><li>C\u00e1ndida Ferrero, professora agregada de filologia llatina a la UAB.<\/li><li>Sebasti\u00e0 Giralt (coordinador), professor agregat de filologia llatina a la UAB.<\/li><li>Laura Lucas, professora de cl\u00e0ssiques a l&#8217;Institut Gallecs, Mollet del Vall\u00e8s.<\/li><li>Marta Oller, professora agregada interina de filologia grega a la UAB.<\/li><li>Joan Pag\u00e8s, professor de cl\u00e0ssiques a l&#8217;Institut Manolo Hugu\u00e9, Caldes de Montbui.<\/li><li>Jordi P\u00e0mias, professor agregat de filologia grega a la UAB.<\/li><li>Gemma Puigvert, professora titular de filologia llatina a la UAB.<\/li><li>Daniel Ram\u00f3n, professor de cl\u00e0ssiques a l&#8217;Institut Ramon Casas i Carb\u00f3, Palau-solit\u00e0 i Plegamans.<\/li><li>Marta Sim\u00f3n Esteve, coordinadora del Programa Arg\u00f3, UAB.<\/li><\/ul>\n\n\n\n<figure class=\"wp-block-table\"><table><tbody><tr><td><img decoding=\"async\" src=\"http:\/\/pagines.uab.cat\/iceclassiques\/sites\/pagines.uab.cat.iceclassiques\/files\/images\/UAB.jpg\" alt=\"\"><\/td><td><img loading=\"lazy\" decoding=\"async\" width=\"70\" height=\"70\" src=\"http:\/\/pagines.uab.cat\/iceclassiques\/sites\/pagines.uab.cat.iceclassiques\/files\/images\/classiques_daurat_mini.jpg\" alt=\"\"> \u200b<img loading=\"lazy\" decoding=\"async\" width=\"98\" height=\"70\" src=\"http:\/\/pagines.uab.cat\/iceclassiques\/sites\/pagines.uab.cat.iceclassiques\/files\/iceuab.jpg\" alt=\"ice\">\u200b<\/td><\/tr><tr><td>Departament de Ci\u00e8ncies<br>de l\u2019Antiguitat i de l\u2019Edat Mitjana<\/td><td>Equip Arg\u00f3 de Lleng\u00fces<br>i Cultura Cl\u00e0ssiques<br>ICE de la UAB<\/td><\/tr><\/tbody><\/table><\/figure>\n\n\n\n<p class=\"has-text-align-center\"><br>Amb el suport de:<\/p>\n\n\n\n<p class=\"has-text-align-center\"><a href=\"http:\/\/www.uab.cat\/lletres\/\">Facultat de Filosofia i Lletres<\/a><\/p>\n\n\n\n<p class=\"has-text-align-center\"><a rel=\"noreferrer noopener\" href=\"http:\/\/www.uab.cat\/ice\/\" target=\"_blank\">Institut de Ci\u00e8ncies de l\u2019Educaci\u00f3 (ICE)<\/a><\/p>\n\n\n\n<p class=\"has-text-align-center\"><a rel=\"noreferrer noopener\" href=\"http:\/\/www.uab.cat\/departament\/ciencies-antiguitat-edat-mitjana\/\" target=\"_blank\">Departament de Ci\u00e8ncies de l\u2019Antiguitat i de l\u2019Edat Mitjana<\/a><\/p>\n","protected":false},"excerpt":{"rendered":"<p>El teatre \u00e9s sens dubte un dels llegats m\u00e9s influents que el m\u00f3n grecorom\u00e0 ha deixat a la nostra civilitzaci\u00f3. Les trag\u00e8dies i les com\u00e8dies antigues continuen nodrint els nostres escenaris, sovint amb muntatges innovadors, alhora que segueixen inspirant dramaturgs actuals a crear noves adaptacions. Per\u00f2, a m\u00e9s a m\u00e9s, en els darrers decennis hem [&hellip;]<\/p>\n","protected":false},"author":20,"featured_media":0,"parent":0,"menu_order":0,"comment_status":"closed","ping_status":"closed","template":"","meta":{"footnotes":""},"class_list":["post-120","page","type-page","status-publish","hentry"],"_links":{"self":[{"href":"https:\/\/webs.uab.cat\/iceclassiques\/wp-json\/wp\/v2\/pages\/120","targetHints":{"allow":["GET"]}}],"collection":[{"href":"https:\/\/webs.uab.cat\/iceclassiques\/wp-json\/wp\/v2\/pages"}],"about":[{"href":"https:\/\/webs.uab.cat\/iceclassiques\/wp-json\/wp\/v2\/types\/page"}],"author":[{"embeddable":true,"href":"https:\/\/webs.uab.cat\/iceclassiques\/wp-json\/wp\/v2\/users\/20"}],"replies":[{"embeddable":true,"href":"https:\/\/webs.uab.cat\/iceclassiques\/wp-json\/wp\/v2\/comments?post=120"}],"version-history":[{"count":2,"href":"https:\/\/webs.uab.cat\/iceclassiques\/wp-json\/wp\/v2\/pages\/120\/revisions"}],"predecessor-version":[{"id":203,"href":"https:\/\/webs.uab.cat\/iceclassiques\/wp-json\/wp\/v2\/pages\/120\/revisions\/203"}],"wp:attachment":[{"href":"https:\/\/webs.uab.cat\/iceclassiques\/wp-json\/wp\/v2\/media?parent=120"}],"curies":[{"name":"wp","href":"https:\/\/api.w.org\/{rel}","templated":true}]}}