{"id":146,"date":"2021-04-30T00:07:02","date_gmt":"2021-04-29T22:07:02","guid":{"rendered":"https:\/\/webs.uab.cat\/iceclassiques\/olimpiada2021\/"},"modified":"2022-10-27T12:59:41","modified_gmt":"2022-10-27T10:59:41","slug":"olimpiada2021","status":"publish","type":"page","link":"https:\/\/webs.uab.cat\/iceclassiques\/olimpiada2021\/","title":{"rendered":"Olimp\u00edada Jove 2021"},"content":{"rendered":"\n<figure class=\"wp-block-image\"><img loading=\"lazy\" decoding=\"async\" width=\"1280\" height=\"720\" src=\"https:\/\/webs.uab.cat\/iceclassiques\/wp-content\/uploads\/sites\/261\/2021\/04\/iii_olimpiada_jove.jpg\" alt=\"\" class=\"wp-image-142\" srcset=\"https:\/\/webs.uab.cat\/iceclassiques\/wp-content\/uploads\/sites\/261\/2021\/04\/iii_olimpiada_jove.jpg 1280w, https:\/\/webs.uab.cat\/iceclassiques\/wp-content\/uploads\/sites\/261\/2021\/04\/iii_olimpiada_jove-300x169.jpg 300w, https:\/\/webs.uab.cat\/iceclassiques\/wp-content\/uploads\/sites\/261\/2021\/04\/iii_olimpiada_jove-1024x576.jpg 1024w, https:\/\/webs.uab.cat\/iceclassiques\/wp-content\/uploads\/sites\/261\/2021\/04\/iii_olimpiada_jove-768x432.jpg 768w, https:\/\/webs.uab.cat\/iceclassiques\/wp-content\/uploads\/sites\/261\/2021\/04\/iii_olimpiada_jove-1200x675.jpg 1200w\" sizes=\"auto, (max-width: 1280px) 100vw, 1280px\" \/><\/figure>\n\n\n\n<p>En el marc de l&#8217;Olimp\u00edada Jove 2021 es proposen dos tallers (<a href=\"https:\/\/www.uab.cat\/web\/programa-argo-estudiants\/olimpiada-jove-2021-1345839754394.html\"><strong>Programa complet<\/strong><\/a>):<\/p>\n\n\n\n<p>Els centres inscrits tindran acc\u00e9s a les instruccions pr\u00e0ctiques enregistrades en v\u00eddeo sobre com fer dos tallers al mateix centre:<\/p>\n\n\n\n<ul class=\"wp-block-list\"><li>Taller sobre els d\u00e9us: Margalida Capell\u00e0 (INS Premi\u00e0 de Mar &#8211; UAB), C\u00e1ndida Ferrrero (UAB), Laura Lucas (INS Montserrat Roig, Barcelona),<\/li><li>Taller sobre gladiadors a c\u00e0rrec de Marta Oller (UAB) i Gemma Puigvert (UAB).<\/li><\/ul>\n\n\n\n<p>Si es vol participar en el concurs, els tallers s&#8217;hauran de dur a terme entre el 29 d&#8217;abril i el 21 de maig, cada centre pel seu compte. Es concedir\u00e0 un premi simb\u00f2lic o reconeixement per a les dues millors fotografies de panteons divins i equips de gladiadors publicades a les xarxes socials (Instagram, Twitter o Facebook) amb l&#8217;etiqueta #Olimp\u00edadaJove2021. El termini de publicaci\u00f3 de les fotos ser\u00e0 el 21 de maig. Se&#8217;n comunicar\u00e0 i es publicar\u00e0 la resoluci\u00f3 el 31 de maig.<\/p>\n\n\n\n<h2 class=\"wp-block-heading\">Tallers<\/h2>\n\n\n\n<h3 class=\"wp-block-heading\">Moments divins. Taller de mitologia<\/h3>\n\n\n\n<p><iframe loading=\"lazy\" title=\"YouTube video player\" src=\"https:\/\/www.youtube.com\/embed\/3mAYsa-jAQ4\" width=\"560\" height=\"315\" frameborder=\"0\" allowfullscreen=\"allowfullscreen\"><\/iframe><\/p>\n\n\n\n<p><a href=\"https:\/\/webs.uab.cat\/iceclassiques\/wp-content\/uploads\/sites\/261\/2021\/04\/gladiatoria.pdf\">Instruccions<\/a> (PDF)<\/p>\n\n\n\n<h3 class=\"wp-block-heading\">Taller de gladiat\u00f2ria<\/h3>\n\n\n\n<p><iframe loading=\"lazy\" title=\"YouTube video player\" src=\"https:\/\/www.youtube.com\/embed\/kq-Xn8123Jg\" width=\"560\" height=\"315\" frameborder=\"0\" allowfullscreen=\"allowfullscreen\"><\/iframe><\/p>\n\n\n\n<p><a href=\"https:\/\/webs.uab.cat\/iceclassiques\/wp-content\/uploads\/sites\/261\/2021\/04\/gladiatoria.pdf\">Instruccions<\/a> (PDF)<\/p>\n","protected":false},"excerpt":{"rendered":"<p>En el marc de l&#8217;Olimp\u00edada Jove 2021 es proposen dos tallers (Programa complet): Els centres inscrits tindran acc\u00e9s a les instruccions pr\u00e0ctiques enregistrades en v\u00eddeo sobre com fer dos tallers al mateix centre: Taller sobre els d\u00e9us: Margalida Capell\u00e0 (INS Premi\u00e0 de Mar &#8211; UAB), C\u00e1ndida Ferrrero (UAB), Laura Lucas (INS Montserrat Roig, Barcelona), Taller [&hellip;]<\/p>\n","protected":false},"author":20,"featured_media":0,"parent":0,"menu_order":0,"comment_status":"closed","ping_status":"closed","template":"","meta":{"footnotes":""},"class_list":["post-146","page","type-page","status-publish","hentry"],"_links":{"self":[{"href":"https:\/\/webs.uab.cat\/iceclassiques\/wp-json\/wp\/v2\/pages\/146","targetHints":{"allow":["GET"]}}],"collection":[{"href":"https:\/\/webs.uab.cat\/iceclassiques\/wp-json\/wp\/v2\/pages"}],"about":[{"href":"https:\/\/webs.uab.cat\/iceclassiques\/wp-json\/wp\/v2\/types\/page"}],"author":[{"embeddable":true,"href":"https:\/\/webs.uab.cat\/iceclassiques\/wp-json\/wp\/v2\/users\/20"}],"replies":[{"embeddable":true,"href":"https:\/\/webs.uab.cat\/iceclassiques\/wp-json\/wp\/v2\/comments?post=146"}],"version-history":[{"count":1,"href":"https:\/\/webs.uab.cat\/iceclassiques\/wp-json\/wp\/v2\/pages\/146\/revisions"}],"predecessor-version":[{"id":204,"href":"https:\/\/webs.uab.cat\/iceclassiques\/wp-json\/wp\/v2\/pages\/146\/revisions\/204"}],"wp:attachment":[{"href":"https:\/\/webs.uab.cat\/iceclassiques\/wp-json\/wp\/v2\/media?parent=146"}],"curies":[{"name":"wp","href":"https:\/\/api.w.org\/{rel}","templated":true}]}}