{"id":235,"date":"2023-04-12T11:48:00","date_gmt":"2023-04-12T09:48:00","guid":{"rendered":"https:\/\/webs.uab.cat\/iceclassiques\/?page_id=235"},"modified":"2025-04-10T00:02:29","modified_gmt":"2025-04-09T22:02:29","slug":"proves-olimpiada-classica-anteriors","status":"publish","type":"page","link":"https:\/\/webs.uab.cat\/iceclassiques\/proves-olimpiada-classica-anteriors\/","title":{"rendered":"Proves de l&#8217;Olimp\u00edada cl\u00e0ssica dels cursos anteriors"},"content":{"rendered":"\n<p>Des d&#8217;aqu\u00ed us podeu descarregar les proves de les edicions passades. Nom\u00e9s les de 2019 tenen tamb\u00e9 la correcci\u00f3.<\/p>\n\n\n\n<ul class=\"wp-block-list\">\n<li><a href=\"https:\/\/webs.uab.cat\/iceclassiques\/wp-content\/uploads\/sites\/261\/2025\/04\/Olimpiada_Classica_Grec_2025.pdf\" target=\"_blank\" rel=\"noreferrer noopener\">Grec 2025<\/a><\/li>\n\n\n\n<li><a href=\"https:\/\/webs.uab.cat\/iceclassiques\/wp-content\/uploads\/sites\/261\/2025\/04\/Llati_Olimpiada_2025-1.pdf\" target=\"_blank\" rel=\"noreferrer noopener\">Llat\u00ed 2025<\/a><\/li>\n\n\n\n<li><a href=\"https:\/\/webs.uab.cat\/iceclassiques\/wp-content\/uploads\/sites\/261\/2025\/03\/prova_Olimpiada_Classica_Grec_2024.pdf\" target=\"_blank\" rel=\"noreferrer noopener\">Grec 2024<\/a><\/li>\n\n\n\n<li><a href=\"https:\/\/webs.uab.cat\/iceclassiques\/wp-content\/uploads\/sites\/261\/2025\/03\/prova_Olimpiada_Cassica_Llati_2024.pdf\" target=\"_blank\" rel=\"noreferrer noopener\">Llat\u00ed 2024<\/a><\/li>\n\n\n\n<li><a href=\"https:\/\/webs.uab.cat\/iceclassiques\/wp-content\/uploads\/sites\/261\/2023\/04\/Olimpiiada_claIssica_2023_Grec.pdf\">Grec 2023<\/a><\/li>\n\n\n\n<li><a href=\"https:\/\/webs.uab.cat\/iceclassiques\/wp-content\/uploads\/sites\/261\/2023\/04\/llati_Olimpiada_2023.pdf\">Llat\u00ed 2023<\/a><\/li>\n\n\n\n<li><a href=\"https:\/\/webs.uab.cat\/iceclassiques\/wp-content\/uploads\/sites\/261\/2023\/04\/Grec-Olimpiada-2022.pdf\" target=\"_blank\" rel=\"noreferrer noopener\">Grec 2022<\/a><\/li>\n\n\n\n<li><a href=\"https:\/\/webs.uab.cat\/iceclassiques\/wp-content\/uploads\/sites\/261\/2023\/04\/llati-olimpiada-2022.pdf\">Llat\u00ed 2022<\/a><\/li>\n\n\n\n<li><a href=\"https:\/\/webs.uab.cat\/iceclassiques\/wp-content\/uploads\/sites\/261\/2023\/04\/grec-olimpiada-2019.pdf\" target=\"_blank\" rel=\"noreferrer noopener\">Grec 2019<\/a> &#8211; <a href=\"https:\/\/webs.uab.cat\/iceclassiques\/wp-content\/uploads\/sites\/261\/2023\/04\/grec_olimpiada_2019_correccions.pdf\" target=\"_blank\" rel=\"noreferrer noopener\">Correcci\u00f3<\/a> <\/li>\n\n\n\n<li><a href=\"https:\/\/webs.uab.cat\/iceclassiques\/wp-content\/uploads\/sites\/261\/2023\/04\/llati-olimpiada-2019.pdf\" target=\"_blank\" rel=\"noreferrer noopener\">Llat\u00ed 2019<\/a> &#8211; <a href=\"http:\/\/llati_olimpiada_2019_correccions\" target=\"_blank\" rel=\"noreferrer noopener\">Correcci\u00f3<\/a><\/li>\n\n\n\n<li><a href=\"https:\/\/webs.uab.cat\/iceclassiques\/wp-content\/uploads\/sites\/261\/2023\/04\/grec-olimpiada-2018.pdf\" target=\"_blank\" rel=\"noreferrer noopener\">Grec 2018<\/a><\/li>\n\n\n\n<li><a href=\"https:\/\/webs.uab.cat\/iceclassiques\/wp-content\/uploads\/sites\/261\/2023\/04\/llati-olimpiada-2018.pdf\" target=\"_blank\" rel=\"noreferrer noopener\">Llat\u00ed 2018<\/a><\/li>\n\n\n\n<li><a href=\"https:\/\/webs.uab.cat\/iceclassiques\/wp-content\/uploads\/sites\/261\/2023\/04\/GREC_OLIMPI\u0301ADA_2017_2versio.pdf\">Grec 2017<\/a><\/li>\n\n\n\n<li><a href=\"https:\/\/webs.uab.cat\/iceclassiques\/wp-content\/uploads\/sites\/261\/2023\/04\/LLATI-OLIMPIADA-2017.pdf\">Llat\u00ed 2017<\/a><\/li>\n\n\n\n<li><a href=\"https:\/\/webs.uab.cat\/iceclassiques\/wp-content\/uploads\/sites\/261\/2023\/04\/GREC_OLIMPIADA_2016.pdf\" target=\"_blank\" rel=\"noreferrer noopener\">Grec 2016<\/a><\/li>\n\n\n\n<li><a href=\"https:\/\/webs.uab.cat\/iceclassiques\/wp-content\/uploads\/sites\/261\/2023\/04\/LLATI-OLIMPIADA-2016.pdf\">Llat\u00ed 2016<\/a><\/li>\n\n\n\n<li><a href=\"https:\/\/webs.uab.cat\/iceclassiques\/wp-content\/uploads\/sites\/261\/2023\/04\/OLIMPIADA-GREC-2015DEF.pdf\" target=\"_blank\" rel=\"noreferrer noopener\">Grec 2015<\/a><\/li>\n\n\n\n<li><a href=\"https:\/\/webs.uab.cat\/iceclassiques\/wp-content\/uploads\/sites\/261\/2023\/04\/OLIMPIADA-LLATI-2015DEF.pdf\" target=\"_blank\" rel=\"noreferrer noopener\">Llat\u00ed 2015<\/a><\/li>\n<\/ul>\n\n\n\n<p><\/p>\n","protected":false},"excerpt":{"rendered":"<p>Des d&#8217;aqu\u00ed us podeu descarregar les proves de les edicions passades. Nom\u00e9s les de 2019 tenen tamb\u00e9 la correcci\u00f3.<\/p>\n","protected":false},"author":1444,"featured_media":0,"parent":0,"menu_order":0,"comment_status":"closed","ping_status":"closed","template":"","meta":{"footnotes":""},"class_list":["post-235","page","type-page","status-publish","hentry"],"_links":{"self":[{"href":"https:\/\/webs.uab.cat\/iceclassiques\/wp-json\/wp\/v2\/pages\/235","targetHints":{"allow":["GET"]}}],"collection":[{"href":"https:\/\/webs.uab.cat\/iceclassiques\/wp-json\/wp\/v2\/pages"}],"about":[{"href":"https:\/\/webs.uab.cat\/iceclassiques\/wp-json\/wp\/v2\/types\/page"}],"author":[{"embeddable":true,"href":"https:\/\/webs.uab.cat\/iceclassiques\/wp-json\/wp\/v2\/users\/1444"}],"replies":[{"embeddable":true,"href":"https:\/\/webs.uab.cat\/iceclassiques\/wp-json\/wp\/v2\/comments?post=235"}],"version-history":[{"count":9,"href":"https:\/\/webs.uab.cat\/iceclassiques\/wp-json\/wp\/v2\/pages\/235\/revisions"}],"predecessor-version":[{"id":281,"href":"https:\/\/webs.uab.cat\/iceclassiques\/wp-json\/wp\/v2\/pages\/235\/revisions\/281"}],"wp:attachment":[{"href":"https:\/\/webs.uab.cat\/iceclassiques\/wp-json\/wp\/v2\/media?parent=235"}],"curies":[{"name":"wp","href":"https:\/\/api.w.org\/{rel}","templated":true}]}}