{"id":86,"date":"2009-05-08T11:16:08","date_gmt":"2009-05-08T09:16:08","guid":{"rendered":"https:\/\/webs.uab.cat\/iceclassiques\/enllacos\/"},"modified":"2009-05-08T11:16:08","modified_gmt":"2009-05-08T09:16:08","slug":"enllacos","status":"publish","type":"page","link":"https:\/\/webs.uab.cat\/iceclassiques\/enllacos\/","title":{"rendered":"Enlla\u00e7os"},"content":{"rendered":"<p>Us oferim una selecci\u00f3 d&#8217;enlla\u00e7os de did\u00e0ctica de les lleng\u00fces i la cultura cl\u00e0ssiques:<\/p>\n<ol>\n<li><a href=\"http:\/\/www.chironweb.org\" target=\"_blank\" rel=\"noopener\">Chiron<\/a>: espai col\u00b7laboratiu per a professors de cl\u00e0ssiques.<\/li>\n<li><a href=\"http:\/\/www.circe.eu\/\" target=\"_blank\" rel=\"noopener\">CIRCE<\/a>: portal europeu sobre cl\u00e0ssiques i TIC.<\/li>\n<li><a href=\"http:\/\/www.culturaclasica.net\/\" target=\"_blank\" rel=\"noopener\">Culturaclasica<\/a>: Ludi Saguntini. Tallers de cultura cl\u00e0ssica i teatre grecollat\u00ed, Sagunt.<\/li>\n<li><a href=\"http:\/\/domusbaebia.blogspot.com\/\" target=\"_blank\" rel=\"noopener\">Domus Baebia<\/a>: aula did\u00e0ctica de cultura cl\u00e0ssica a Sagunt.<\/li>\n<li><a href=\"http:\/\/cdatarragona.net\/\" target=\"_blank\" rel=\"noopener\">Camp d\u2019aprenentatge de la ciutat de Tarragona<\/a>: ofereix estades a Tarragona per a grups escolars amb <a href=\"http:\/\/cdatarragona.net\/activitatsactivities\/\" target=\"_blank\" rel=\"noopener\">activitats<\/a> i <a href=\"http:\/\/cdatarragona.net\/publicacionspublications\/tarraco-a-lepoca-romanatarraco-a-lepoca-romana\/\" target=\"_blank\" rel=\"noopener\">publicacions<\/a> sobre la T\u00e0rraco romana.<\/li>\n<li><a href=\"http:\/\/www.xtec.cat\/cda-empuries\/\" target=\"_blank\" rel=\"noopener\">Camp d&#8217;aprenentatge d&#8217;Emp\u00faries<\/a>: activitats i estades al jaciment grecorom\u00e0 d&#8217;Emp\u00faries.<\/li>\n<li><a href=\"http:\/\/societatteatregrecollati.blogspot.com\/\" target=\"_blank\" rel=\"noopener\">Societat catalana de teatre grecollat\u00ed<\/a>: representacions d&#8217;obres cl\u00e0ssiques per i per a estudiants.<\/li>\n<li><a href=\"http:\/\/www.barcinooriens.cat\/\" target=\"_blank\" rel=\"noopener\">Barcino Oriens<\/a>: grup de reconstrucci\u00f3 i divulgaci\u00f3 hist\u00f2rica romana, Barcelona.<\/li>\n<li><a href=\"http:\/\/www.musagora.education.fr\/\" target=\"_blank\" rel=\"noopener\">Musagora<\/a>: cl\u00e0ssiques i TIC per a la secund\u00e0ria (Fran\u00e7a).<\/li>\n<li><a href=\"http:\/\/www.culturaclasica.com\" target=\"_blank\" rel=\"noopener\">Culturaclasica.com<\/a>: perviv\u00e8ncia i did\u00e0ctica de les cl\u00e0ssiques amb seu a Andalusia.<\/li>\n<\/ol>\n","protected":false},"excerpt":{"rendered":"<p>Us oferim una selecci\u00f3 d&#8217;enlla\u00e7os de did\u00e0ctica de les lleng\u00fces i la cultura cl\u00e0ssiques: Chiron: espai col\u00b7laboratiu per a professors de cl\u00e0ssiques. CIRCE: portal europeu sobre cl\u00e0ssiques i TIC. Culturaclasica: Ludi Saguntini. Tallers de cultura cl\u00e0ssica i teatre grecollat\u00ed, Sagunt. Domus Baebia: aula did\u00e0ctica de cultura cl\u00e0ssica a Sagunt. Camp d\u2019aprenentatge de la ciutat de [&hellip;]<\/p>\n","protected":false},"author":20,"featured_media":0,"parent":0,"menu_order":0,"comment_status":"closed","ping_status":"closed","template":"","meta":{"footnotes":""},"class_list":["post-86","page","type-page","status-publish","hentry"],"_links":{"self":[{"href":"https:\/\/webs.uab.cat\/iceclassiques\/wp-json\/wp\/v2\/pages\/86","targetHints":{"allow":["GET"]}}],"collection":[{"href":"https:\/\/webs.uab.cat\/iceclassiques\/wp-json\/wp\/v2\/pages"}],"about":[{"href":"https:\/\/webs.uab.cat\/iceclassiques\/wp-json\/wp\/v2\/types\/page"}],"author":[{"embeddable":true,"href":"https:\/\/webs.uab.cat\/iceclassiques\/wp-json\/wp\/v2\/users\/20"}],"replies":[{"embeddable":true,"href":"https:\/\/webs.uab.cat\/iceclassiques\/wp-json\/wp\/v2\/comments?post=86"}],"version-history":[{"count":0,"href":"https:\/\/webs.uab.cat\/iceclassiques\/wp-json\/wp\/v2\/pages\/86\/revisions"}],"wp:attachment":[{"href":"https:\/\/webs.uab.cat\/iceclassiques\/wp-json\/wp\/v2\/media?parent=86"}],"curies":[{"name":"wp","href":"https:\/\/api.w.org\/{rel}","templated":true}]}}