{"id":71,"date":"2023-09-17T10:55:56","date_gmt":"2023-09-17T08:55:56","guid":{"rendered":"https:\/\/webs.uab.cat\/icellegiriescriure-aprendre\/?page_id=71"},"modified":"2023-09-17T10:55:56","modified_gmt":"2023-09-17T08:55:56","slug":"anna-bendicho","status":"publish","type":"page","link":"https:\/\/webs.uab.cat\/icellegiriescriure-aprendre\/nosaltres\/anna-bendicho\/","title":{"rendered":"Anna Bendicho"},"content":{"rendered":"\n<p>Soc mestra des de fa una pila d\u2019anys i sempre he fet de tutora en les franges educatives d\u2019Educaci\u00f3 Infantil i de Cicle Inicial. M\u2019agrada formar-me i compartir experi\u00e8ncies i coneixements amb altres mestres.<br>M\u2019apassiona la literatura infantil i juvenil, cosa que vaig descobrir quan estudiava a la<br>Biblioteca de l\u2019Escola de Mestres de la UAB de la m\u00e0 d\u2019en Llu\u00eds L\u00f3pez del Castillo. All\u00e0 on he treballat m\u2019he ocupat que els infants tinguin bons llibres a l\u2019abast. Actualment m\u2019encarrego de seleccionar i triar els llibres que han de nodrir les biblioteques d\u2019aula de la meva escola.<br>Tamb\u00e9 m\u2019apassiona entendre i acompanyar els infants en la descoberta i en l\u2019aprenentatge de la lectura i l\u2019escriptura i facilitar que tots ells arribin amb il\u00b7lusi\u00f3 a gaudir i a interpretar els mons que ens obre el llenguatge escrit.<br>Actualment formo part del seminari Quins llibres? i del grup de treball Il\u00b7lustrem-nos de l\u2019Escola de Mestres de Rosa Sensat i tamb\u00e9 del grup d\u2019an\u00e0lisi Cadireta Blava, tots ells relacionats amb la literatura infantil i juvenil.<br>Formar part del grup de treball Aprendre a Llegir i Escriure \u00e9s una oportunitat per compartir reflexions i dubtes sobre l\u2019apassionant proc\u00e9s d\u2019aprenentatge de la lectura i l\u2019escriptura.<\/p>\n","protected":false},"excerpt":{"rendered":"<p>Soc mestra des de fa una pila d\u2019anys i sempre he fet de tutora en les franges educatives d\u2019Educaci\u00f3 Infantil i de Cicle Inicial. M\u2019agrada formar-me i compartir experi\u00e8ncies i coneixements amb altres mestres.M\u2019apassiona la literatura infantil i juvenil, cosa que vaig descobrir quan estudiava a laBiblioteca de l\u2019Escola de Mestres de la UAB de [&hellip;]<\/p>\n","protected":false},"author":2663,"featured_media":29,"parent":19,"menu_order":1,"comment_status":"closed","ping_status":"closed","template":"","meta":{"footnotes":""},"class_list":["post-71","page","type-page","status-publish","has-post-thumbnail","hentry"],"_links":{"self":[{"href":"https:\/\/webs.uab.cat\/icellegiriescriure-aprendre\/wp-json\/wp\/v2\/pages\/71","targetHints":{"allow":["GET"]}}],"collection":[{"href":"https:\/\/webs.uab.cat\/icellegiriescriure-aprendre\/wp-json\/wp\/v2\/pages"}],"about":[{"href":"https:\/\/webs.uab.cat\/icellegiriescriure-aprendre\/wp-json\/wp\/v2\/types\/page"}],"author":[{"embeddable":true,"href":"https:\/\/webs.uab.cat\/icellegiriescriure-aprendre\/wp-json\/wp\/v2\/users\/2663"}],"replies":[{"embeddable":true,"href":"https:\/\/webs.uab.cat\/icellegiriescriure-aprendre\/wp-json\/wp\/v2\/comments?post=71"}],"version-history":[{"count":1,"href":"https:\/\/webs.uab.cat\/icellegiriescriure-aprendre\/wp-json\/wp\/v2\/pages\/71\/revisions"}],"predecessor-version":[{"id":72,"href":"https:\/\/webs.uab.cat\/icellegiriescriure-aprendre\/wp-json\/wp\/v2\/pages\/71\/revisions\/72"}],"up":[{"embeddable":true,"href":"https:\/\/webs.uab.cat\/icellegiriescriure-aprendre\/wp-json\/wp\/v2\/pages\/19"}],"wp:featuredmedia":[{"embeddable":true,"href":"https:\/\/webs.uab.cat\/icellegiriescriure-aprendre\/wp-json\/wp\/v2\/media\/29"}],"wp:attachment":[{"href":"https:\/\/webs.uab.cat\/icellegiriescriure-aprendre\/wp-json\/wp\/v2\/media?parent=71"}],"curies":[{"name":"wp","href":"https:\/\/api.w.org\/{rel}","templated":true}]}}