{"id":254,"date":"2022-09-12T12:54:23","date_gmt":"2022-09-12T10:54:23","guid":{"rendered":"https:\/\/webs.uab.cat\/idt\/?page_id=254"},"modified":"2022-09-13T15:49:46","modified_gmt":"2022-09-13T13:49:46","slug":"national-projects","status":"publish","type":"page","link":"https:\/\/webs.uab.cat\/idt\/national-projects\/","title":{"rendered":"National Projects &amp; Contracts"},"content":{"rendered":"\n<div class=\"wp-block-media-text alignwide is-stacked-on-mobile\" style=\"grid-template-columns:40% auto\"><figure class=\"wp-block-media-text__media\"><img loading=\"lazy\" decoding=\"async\" width=\"1024\" height=\"315\" src=\"https:\/\/webs.uab.cat\/idt\/wp-content\/uploads\/sites\/35\/2022\/09\/Logotipo_del_Ministerio_de_Ciencia_e_Innovacion.svg_-1024x315.png\" alt=\"\" class=\"wp-image-323 size-full\" srcset=\"https:\/\/webs.uab.cat\/idt\/wp-content\/uploads\/sites\/35\/2022\/09\/Logotipo_del_Ministerio_de_Ciencia_e_Innovacion.svg_-1024x315.png 1024w, https:\/\/webs.uab.cat\/idt\/wp-content\/uploads\/sites\/35\/2022\/09\/Logotipo_del_Ministerio_de_Ciencia_e_Innovacion.svg_-300x92.png 300w, https:\/\/webs.uab.cat\/idt\/wp-content\/uploads\/sites\/35\/2022\/09\/Logotipo_del_Ministerio_de_Ciencia_e_Innovacion.svg_-768x236.png 768w, https:\/\/webs.uab.cat\/idt\/wp-content\/uploads\/sites\/35\/2022\/09\/Logotipo_del_Ministerio_de_Ciencia_e_Innovacion.svg_-1200x369.png 1200w, https:\/\/webs.uab.cat\/idt\/wp-content\/uploads\/sites\/35\/2022\/09\/Logotipo_del_Ministerio_de_Ciencia_e_Innovacion.svg_.png 1280w\" sizes=\"auto, (max-width: 1024px) 100vw, 1024px\" \/><\/figure><div class=\"wp-block-media-text__content\">\n<h2 class=\"has-large-font-size wp-block-heading\">Reorientaci\u00f3n de los instrumentos jur\u00eddicos para la transici\u00f3n empresarial hacia la econom\u00eda del dato<\/h2>\n\n\n\n<p>Ministerio de ciencia e innovaci\u00f3n; Ref: PID2020-113506RB-100<\/p>\n\n\n\n<p>Period: 2021-2023<\/p>\n\n\n\n<p>Principal researcher: Jos\u00e9 Antonio Fern\u00e1ndez Amor<\/p>\n\n\n\n<p>Total number of researchers: 11<\/p>\n<\/div><\/div>\n\n\n\n<div class=\"wp-block-media-text alignwide is-stacked-on-mobile\" style=\"grid-template-columns:40% auto\"><figure class=\"wp-block-media-text__media\"><img loading=\"lazy\" decoding=\"async\" width=\"265\" height=\"147\" src=\"https:\/\/webs.uab.cat\/idt\/wp-content\/uploads\/sites\/35\/2022\/09\/new_logo_background_transparent2.png\" alt=\"\" class=\"wp-image-332 size-full\" \/><\/figure><div class=\"wp-block-media-text__content\">\n<h2 class=\"has-large-font-size wp-block-heading\">Actualitzaci\u00f3 del Codi de Bones Pr\u00e0ctiques del Col\u00b7legi Professional de l&#8217;Audiovisual de Catalunya (CPAC)<\/h2>\n\n\n\n<p>Col\u00b7legi Professional de l&#8217;Audiovisual de Catalunya (CPAC); <em>Contract<\/em><\/p>\n\n\n\n<p>Period: 2021<\/p>\n\n\n\n<p>Principal researcher: Emma Teodoro<\/p>\n<\/div><\/div>\n\n\n\n<div class=\"wp-block-media-text alignwide is-stacked-on-mobile\" style=\"grid-template-columns:40% auto\"><figure class=\"wp-block-media-text__media\"><img loading=\"lazy\" decoding=\"async\" width=\"1024\" height=\"264\" src=\"https:\/\/webs.uab.cat\/idt\/wp-content\/uploads\/sites\/35\/2022\/09\/Logotipo_del_Ministerio_de_Economia_Industria_y_Competitividad.svg_-1024x264.png\" alt=\"\" class=\"wp-image-326 size-full\" srcset=\"https:\/\/webs.uab.cat\/idt\/wp-content\/uploads\/sites\/35\/2022\/09\/Logotipo_del_Ministerio_de_Economia_Industria_y_Competitividad.svg_-1024x264.png 1024w, https:\/\/webs.uab.cat\/idt\/wp-content\/uploads\/sites\/35\/2022\/09\/Logotipo_del_Ministerio_de_Economia_Industria_y_Competitividad.svg_-300x77.png 300w, https:\/\/webs.uab.cat\/idt\/wp-content\/uploads\/sites\/35\/2022\/09\/Logotipo_del_Ministerio_de_Economia_Industria_y_Competitividad.svg_-768x198.png 768w, https:\/\/webs.uab.cat\/idt\/wp-content\/uploads\/sites\/35\/2022\/09\/Logotipo_del_Ministerio_de_Economia_Industria_y_Competitividad.svg_-1200x309.png 1200w, https:\/\/webs.uab.cat\/idt\/wp-content\/uploads\/sites\/35\/2022\/09\/Logotipo_del_Ministerio_de_Economia_Industria_y_Competitividad.svg_.png 1280w\" sizes=\"auto, (max-width: 1024px) 100vw, 1024px\" \/><\/figure><div class=\"wp-block-media-text__content\">\n<h2 class=\"has-large-font-size wp-block-heading\">Brexit and Freedom of Establishment: Corporate, Tax and Immigration Issues<\/h2>\n\n\n\n<p>Ministerio de econom\u00eda, industria y competitividad; Ref: DER2017-88910-P<\/p>\n\n\n\n<p>Period: 2018-2020<\/p>\n\n\n\n<p>Principal researcher: Carles G\u00f3rriz L\u00f3pez<\/p>\n\n\n\n<p>Total number of researchers: 8<\/p>\n<\/div><\/div>\n\n\n\n<div class=\"wp-block-media-text alignwide is-stacked-on-mobile\" style=\"grid-template-columns:40% auto\"><figure class=\"wp-block-media-text__media\"><img loading=\"lazy\" decoding=\"async\" width=\"1024\" height=\"315\" src=\"https:\/\/webs.uab.cat\/idt\/wp-content\/uploads\/sites\/35\/2022\/09\/Logotipo_del_Ministerio_de_Ciencia_e_Innovacion.svg_-1024x315.png\" alt=\"\" class=\"wp-image-323 size-full\" srcset=\"https:\/\/webs.uab.cat\/idt\/wp-content\/uploads\/sites\/35\/2022\/09\/Logotipo_del_Ministerio_de_Ciencia_e_Innovacion.svg_-1024x315.png 1024w, https:\/\/webs.uab.cat\/idt\/wp-content\/uploads\/sites\/35\/2022\/09\/Logotipo_del_Ministerio_de_Ciencia_e_Innovacion.svg_-300x92.png 300w, https:\/\/webs.uab.cat\/idt\/wp-content\/uploads\/sites\/35\/2022\/09\/Logotipo_del_Ministerio_de_Ciencia_e_Innovacion.svg_-768x236.png 768w, https:\/\/webs.uab.cat\/idt\/wp-content\/uploads\/sites\/35\/2022\/09\/Logotipo_del_Ministerio_de_Ciencia_e_Innovacion.svg_-1200x369.png 1200w, https:\/\/webs.uab.cat\/idt\/wp-content\/uploads\/sites\/35\/2022\/09\/Logotipo_del_Ministerio_de_Ciencia_e_Innovacion.svg_.png 1280w\" sizes=\"auto, (max-width: 1024px) 100vw, 1024px\" \/><\/figure><div class=\"wp-block-media-text__content\">\n<h2 class=\"has-large-font-size wp-block-heading\">Las dimensiones \u00c9tica y Jur\u00eddica de la Web de Datos. Instrumentos Regulativos, Derechos y el Estado de Derecho<\/h2>\n\n\n\n<p>Ministerio de ciencia e innovaci\u00f3n; Ref: DER2016-78108-P<\/p>\n\n\n\n<p>Period: 2016-2019<\/p>\n\n\n\n<p>Principal researcher: Pompeu Casanovas<\/p>\n\n\n\n<p>Total number of researchers: 3<\/p>\n<\/div><\/div>\n\n\n\n<div class=\"wp-block-media-text alignwide is-stacked-on-mobile\" style=\"grid-template-columns:40% auto\"><figure class=\"wp-block-media-text__media\"><img loading=\"lazy\" decoding=\"async\" width=\"1024\" height=\"411\" src=\"https:\/\/webs.uab.cat\/idt\/wp-content\/uploads\/sites\/35\/2022\/09\/IEC_DosJunts_COLOR-1024x411.png\" alt=\"\" class=\"wp-image-374 size-full\" srcset=\"https:\/\/webs.uab.cat\/idt\/wp-content\/uploads\/sites\/35\/2022\/09\/IEC_DosJunts_COLOR-1024x411.png 1024w, https:\/\/webs.uab.cat\/idt\/wp-content\/uploads\/sites\/35\/2022\/09\/IEC_DosJunts_COLOR-300x120.png 300w, https:\/\/webs.uab.cat\/idt\/wp-content\/uploads\/sites\/35\/2022\/09\/IEC_DosJunts_COLOR-768x308.png 768w, https:\/\/webs.uab.cat\/idt\/wp-content\/uploads\/sites\/35\/2022\/09\/IEC_DosJunts_COLOR-1536x616.png 1536w, https:\/\/webs.uab.cat\/idt\/wp-content\/uploads\/sites\/35\/2022\/09\/IEC_DosJunts_COLOR-2048x821.png 2048w, https:\/\/webs.uab.cat\/idt\/wp-content\/uploads\/sites\/35\/2022\/09\/IEC_DosJunts_COLOR-1200x481.png 1200w, https:\/\/webs.uab.cat\/idt\/wp-content\/uploads\/sites\/35\/2022\/09\/IEC_DosJunts_COLOR-1980x794.png 1980w\" sizes=\"auto, (max-width: 1024px) 100vw, 1024px\" \/><\/figure><div class=\"wp-block-media-text__content\">\n<h2 class=\"has-large-font-size wp-block-heading\">El di\u00e0leg com a font de dret<\/h2>\n\n\n\n<p>El di\u00e0leg com a font de dret. Modelitzaci\u00f3 dels fonaments de la filosofia pol\u00edtica i jur\u00eddica catalana (s. XII-XXI)<\/p>\n\n\n\n<p>Institut d&#8217;Estudis Catalans; Ref: PR2015-S05-CASANOVAS<\/p>\n\n\n\n<p>Period: 2015<\/p>\n\n\n\n<p>Principal researcher: Pompeu Casanovas \/ Josep Monserrat<\/p>\n\n\n\n<p>Total number of researchers: 5<\/p>\n<\/div><\/div>\n\n\n\n<div class=\"wp-block-media-text alignwide is-stacked-on-mobile\" style=\"grid-template-columns:40% auto\"><figure class=\"wp-block-media-text__media\"><img loading=\"lazy\" decoding=\"async\" width=\"1024\" height=\"264\" src=\"https:\/\/webs.uab.cat\/idt\/wp-content\/uploads\/sites\/35\/2022\/09\/Logotipo_del_Ministerio_de_Economia_Industria_y_Competitividad.svg_-1024x264.png\" alt=\"\" class=\"wp-image-326 size-full\" srcset=\"https:\/\/webs.uab.cat\/idt\/wp-content\/uploads\/sites\/35\/2022\/09\/Logotipo_del_Ministerio_de_Economia_Industria_y_Competitividad.svg_-1024x264.png 1024w, https:\/\/webs.uab.cat\/idt\/wp-content\/uploads\/sites\/35\/2022\/09\/Logotipo_del_Ministerio_de_Economia_Industria_y_Competitividad.svg_-300x77.png 300w, https:\/\/webs.uab.cat\/idt\/wp-content\/uploads\/sites\/35\/2022\/09\/Logotipo_del_Ministerio_de_Economia_Industria_y_Competitividad.svg_-768x198.png 768w, https:\/\/webs.uab.cat\/idt\/wp-content\/uploads\/sites\/35\/2022\/09\/Logotipo_del_Ministerio_de_Economia_Industria_y_Competitividad.svg_-1200x309.png 1200w, https:\/\/webs.uab.cat\/idt\/wp-content\/uploads\/sites\/35\/2022\/09\/Logotipo_del_Ministerio_de_Economia_Industria_y_Competitividad.svg_.png 1280w\" sizes=\"auto, (max-width: 1024px) 100vw, 1024px\" \/><\/figure><div class=\"wp-block-media-text__content\">\n<h2 class=\"has-large-font-size wp-block-heading\">Crowd EAssessment<\/h2>\n\n\n\n<p>Ministerio de econom\u00eda, industria y competitividad; Ref: RTC-2014-2546-7<\/p>\n\n\n\n<p>Period: 2014-2016<\/p>\n\n\n\n<p>Principal researcher: Pompeu Casanovas<\/p>\n\n\n\n<p>Total number of researchers: 10<\/p>\n<\/div><\/div>\n\n\n\n<div class=\"wp-block-media-text alignwide is-stacked-on-mobile\" style=\"grid-template-columns:40% auto\"><figure class=\"wp-block-media-text__media\"><img loading=\"lazy\" decoding=\"async\" width=\"1024\" height=\"264\" src=\"https:\/\/webs.uab.cat\/idt\/wp-content\/uploads\/sites\/35\/2022\/09\/Logotipo_del_Ministerio_de_Economia_Industria_y_Competitividad.svg_-1024x264.png\" alt=\"\" class=\"wp-image-326 size-full\" srcset=\"https:\/\/webs.uab.cat\/idt\/wp-content\/uploads\/sites\/35\/2022\/09\/Logotipo_del_Ministerio_de_Economia_Industria_y_Competitividad.svg_-1024x264.png 1024w, https:\/\/webs.uab.cat\/idt\/wp-content\/uploads\/sites\/35\/2022\/09\/Logotipo_del_Ministerio_de_Economia_Industria_y_Competitividad.svg_-300x77.png 300w, https:\/\/webs.uab.cat\/idt\/wp-content\/uploads\/sites\/35\/2022\/09\/Logotipo_del_Ministerio_de_Economia_Industria_y_Competitividad.svg_-768x198.png 768w, https:\/\/webs.uab.cat\/idt\/wp-content\/uploads\/sites\/35\/2022\/09\/Logotipo_del_Ministerio_de_Economia_Industria_y_Competitividad.svg_-1200x309.png 1200w, https:\/\/webs.uab.cat\/idt\/wp-content\/uploads\/sites\/35\/2022\/09\/Logotipo_del_Ministerio_de_Economia_Industria_y_Competitividad.svg_.png 1280w\" sizes=\"auto, (max-width: 1024px) 100vw, 1024px\" \/><\/figure><div class=\"wp-block-media-text__content\">\n<h2 class=\"has-large-font-size wp-block-heading\">InfoCor<\/h2>\n\n\n\n<p>M\u00f3dulo de servicios para la implementaci\u00f3n del equilibrio entre empresa y consumidor en la resoluci\u00f3n autom\u00e1tica de reclamaciones de consumo<\/p>\n\n\n\n<p>Ministerio de econom\u00eda, industria y competitividad; Ref: RTC-2014-2666-7<\/p>\n\n\n\n<p>Period: 2014-2016<\/p>\n\n\n\n<p>Principal researcher: Pompeu Casanovas<\/p>\n\n\n\n<p>Total number of researchers: 12<\/p>\n<\/div><\/div>\n\n\n\n<div class=\"wp-block-media-text alignwide is-stacked-on-mobile\" style=\"grid-template-columns:40% auto\"><figure class=\"wp-block-media-text__media\"><img loading=\"lazy\" decoding=\"async\" width=\"1024\" height=\"264\" src=\"https:\/\/webs.uab.cat\/idt\/wp-content\/uploads\/sites\/35\/2022\/09\/Logotipo_del_Ministerio_de_Economia_Industria_y_Competitividad.svg_-1024x264.png\" alt=\"\" class=\"wp-image-326 size-full\" srcset=\"https:\/\/webs.uab.cat\/idt\/wp-content\/uploads\/sites\/35\/2022\/09\/Logotipo_del_Ministerio_de_Economia_Industria_y_Competitividad.svg_-1024x264.png 1024w, https:\/\/webs.uab.cat\/idt\/wp-content\/uploads\/sites\/35\/2022\/09\/Logotipo_del_Ministerio_de_Economia_Industria_y_Competitividad.svg_-300x77.png 300w, https:\/\/webs.uab.cat\/idt\/wp-content\/uploads\/sites\/35\/2022\/09\/Logotipo_del_Ministerio_de_Economia_Industria_y_Competitividad.svg_-768x198.png 768w, https:\/\/webs.uab.cat\/idt\/wp-content\/uploads\/sites\/35\/2022\/09\/Logotipo_del_Ministerio_de_Economia_Industria_y_Competitividad.svg_-1200x309.png 1200w, https:\/\/webs.uab.cat\/idt\/wp-content\/uploads\/sites\/35\/2022\/09\/Logotipo_del_Ministerio_de_Economia_Industria_y_Competitividad.svg_.png 1280w\" sizes=\"auto, (max-width: 1024px) 100vw, 1024px\" \/><\/figure><div class=\"wp-block-media-text__content\">\n<h2 class=\"has-large-font-size wp-block-heading\">Desarrollo del derecho de sociedades en la Uni\u00f3n Europea: libertad de establecimiento, fiscalidad e interacci\u00f3n con los ordenamientos<\/h2>\n\n\n\n<p>Ministerio de econom\u00eda, industria y competitividad; Ref: DER2013-46535-P<\/p>\n\n\n\n<p>Period: 2014-2017<\/p>\n\n\n\n<p>Principal researcher: Carlos G\u00f3rriz \/ Rafael Arenas<\/p>\n\n\n\n<p>Total number of researchers: 8<\/p>\n<\/div><\/div>\n\n\n\n<div class=\"wp-block-media-text alignwide is-stacked-on-mobile\" style=\"grid-template-columns:40% auto\"><figure class=\"wp-block-media-text__media\"><img loading=\"lazy\" decoding=\"async\" width=\"265\" height=\"147\" src=\"https:\/\/webs.uab.cat\/idt\/wp-content\/uploads\/sites\/35\/2022\/09\/new_logo_background_transparent2.png\" alt=\"\" class=\"wp-image-332 size-full\" \/><\/figure><div class=\"wp-block-media-text__content\">\n<h2 class=\"has-large-font-size wp-block-heading\">Los seguros y reaseguros mar\u00edtimos a la luz de la nueva Ley 14\/2014, de 25 de julio, de navegaci\u00f3n<\/h2>\n\n\n\n<p>Fundaci\u00f3n Mapfre<\/p>\n\n\n\n<p>Period: 2015-2016<\/p>\n\n\n\n<p>Principal researcher: Eliseo Sierra<\/p>\n\n\n\n<p>Total number of researchers: 1<\/p>\n<\/div><\/div>\n","protected":false},"excerpt":{"rendered":"<p>Reorientaci\u00f3n de los instrumentos jur\u00eddicos para la transici\u00f3n empresarial hacia la econom\u00eda del dato Ministerio de ciencia e innovaci\u00f3n; Ref: PID2020-113506RB-100 Period: 2021-2023 Principal researcher: Jos\u00e9 Antonio Fern\u00e1ndez Amor Total number of researchers: 11 Actualitzaci\u00f3 del Codi de Bones Pr\u00e0ctiques del Col\u00b7legi Professional de l&#8217;Audiovisual de Catalunya (CPAC) Col\u00b7legi Professional de l&#8217;Audiovisual de Catalunya (CPAC); [&hellip;]<\/p>\n","protected":false},"author":27,"featured_media":0,"parent":0,"menu_order":0,"comment_status":"closed","ping_status":"closed","template":"","meta":{"footnotes":""},"class_list":["post-254","page","type-page","status-publish","hentry"],"_links":{"self":[{"href":"https:\/\/webs.uab.cat\/idt\/wp-json\/wp\/v2\/pages\/254","targetHints":{"allow":["GET"]}}],"collection":[{"href":"https:\/\/webs.uab.cat\/idt\/wp-json\/wp\/v2\/pages"}],"about":[{"href":"https:\/\/webs.uab.cat\/idt\/wp-json\/wp\/v2\/types\/page"}],"author":[{"embeddable":true,"href":"https:\/\/webs.uab.cat\/idt\/wp-json\/wp\/v2\/users\/27"}],"replies":[{"embeddable":true,"href":"https:\/\/webs.uab.cat\/idt\/wp-json\/wp\/v2\/comments?post=254"}],"version-history":[{"count":10,"href":"https:\/\/webs.uab.cat\/idt\/wp-json\/wp\/v2\/pages\/254\/revisions"}],"predecessor-version":[{"id":378,"href":"https:\/\/webs.uab.cat\/idt\/wp-json\/wp\/v2\/pages\/254\/revisions\/378"}],"wp:attachment":[{"href":"https:\/\/webs.uab.cat\/idt\/wp-json\/wp\/v2\/media?parent=254"}],"curies":[{"name":"wp","href":"https:\/\/api.w.org\/{rel}","templated":true}]}}