{"id":507,"date":"2022-09-28T15:04:48","date_gmt":"2022-09-28T13:04:48","guid":{"rendered":"https:\/\/webs.uab.cat\/idt\/?page_id=507"},"modified":"2025-07-31T10:29:46","modified_gmt":"2025-07-31T08:29:46","slug":"deliverables","status":"publish","type":"page","link":"https:\/\/webs.uab.cat\/idt\/deliverables\/","title":{"rendered":"Deliverables"},"content":{"rendered":"\n<h3 class=\"wp-block-heading has-text-align-center\">Index<\/h3>\n\n\n\n<div class=\"wp-block-group alignwide is-content-justification-center is-nowrap is-layout-flex wp-container-core-group-is-layout-94bc23d7 wp-block-group-is-layout-flex\">\n<p id=\"-2024\"> <a href=\"#2025\" data-type=\"internal\" data-id=\"#2025\">2025<\/a> <a href=\"#2024\" data-type=\"internal\" data-id=\"#2024\">2024 <\/a><a href=\"#2023\" target=\"_blank\" rel=\"noreferrer noopener\">2023<\/a> <a href=\"#2022\">2022<\/a><\/p>\n\n\n\n<p><a href=\"#2021\">2021<\/a><\/p>\n\n\n\n<p><a href=\"#2020\">2020<\/a><\/p>\n\n\n\n<p><a href=\"#2019\">2019<\/a><\/p>\n\n\n\n<p><a href=\"#2018\">2018<\/a><\/p>\n\n\n\n<p><a href=\"#2017\">2017<\/a><\/p>\n<\/div>\n\n\n\n<h3 class=\"wp-block-heading has-text-align-center\" id=\"-2025\">2025<\/h3>\n\n\n\n<p>J. Gonz\u00e1lez-Conejero [main author]; E. Teodoro Martinez, A. Capell\u00e0 i Ricart, A. Chomczyk Penedo, N. Bosch Navarro [contributors], &#8216;INDUX-R: D6.5: Data Management Plan V.2&#8217;, 2025.\u00a0<\/p>\n\n\n\n<h3 class=\"wp-block-heading has-text-align-center\">2024<\/h3>\n\n\n\n<p>J. Gonz\u00e1lez-Conejero [main author]; A. Capell\u00e0 i Ricart, A. Chomczyk Penedo,[contributors], &#8216;INDUX-R: D6.2: Data Management Plan V.1&#8217;, 2024.\u00a0<\/p>\n\n\n\n<p>E. Teodoro Martinez [main author]; A. Chomczyk Penedo, A. Capell\u00e0 i Ricart, N. Bosch Navarro and J. Gonz\u00e1lez-Conejero, [contributors],\u00a0&#8216;INDUX-R: D6.3: INDUX-R legal, ethical and societal framework&#8217;, 2024.\u00a0<\/p>\n\n\n\n<p>P. Casanovas, M. Hashmi, &#8216;OPTIMAI:  D9.8: Report on the OPTIMAI Regulatory Model \u2013 4th Version&#8217;, 2024.\u00a0<\/p>\n\n\n\n<h3 class=\"wp-block-heading has-text-align-center\" id=\"2023\">2023<\/h3>\n\n\n\n<p>P. Casanovas, M. Hashmi, E. Teodoro and A. Guill\u00e9n, &#8216;OPTIMAI: D9.7: Report on the OPTIMAI Regulatory Model \u2013 3rd version&#8217;, 2023.<\/p>\n\n\n\n<p>A. Xanthaki, H. Kenneth Brant, M.B. Moraru, [authors]; F. Pichierri,\u00a0 T. Gottschalk [co-authors]; E. Teodoro Martinez,  A. Guillen Gil, M. Mac\u00edas L\u00f3pez [contributors], &#8216;ITFLOWS: D2.1:  Report on the ITFLOWS International and European Legal Frameworks on Migrants And Refugees and ITFLOWS Ethical Framework&#8217;, 2023.<\/p>\n\n\n\n<p>E. Teodoro Martinez,  A. Guillen Gil, M. Mac\u00edas L\u00f3pez , T. Gottschalk, F. Pichierri, M. Ischalaer, A. Xanthaki and C.E. Belang,  &#8216;ITFLOWS: D2.5: Report on the Legal, Societal Impact and Ethical Monitoring of the ITFLOW S, 2nd version (August 2023)&#8217;, 2023.\u00a0<\/p>\n\n\n\n<p>V. Rodr\u00edguez Doncel,  B. Gordijn,  A. Nousias, P. Casanovas, A. G\u00f3mez P\u00e9rez, <em>AURORA Report on Ethics. <\/em>EU Commission (Confidential Report). AURORA. Agreement 101036418. <em>Achieving a new European Energy Awareness<\/em>, 2023.<\/p>\n\n\n\n<h3 class=\"wp-block-heading has-text-align-center\" id=\"2022\">2022<\/h3>\n\n\n\n<div class=\"wp-block-group\"><div class=\"wp-block-group__inner-container is-layout-flow wp-block-group-is-layout-flow\">\n<p>F. Ufert, A. Gurzawska, A. Guill\u00e9n and E. Teodoro, &#8216;OPTIMAI: D9.3: Report on OPTIMAI ethical, legal and societal risks \u2013 2nd version&#8217;, 2022.<\/p>\n\n\n\n<p>E. Teodoro, A. Guill\u00e9n, T. Gottschalk, F. Pichierri, M. Tschalaer, A. Xanthaki, C. Boland, and M. Mac\u00edas, \u2018ITFLOWS: D2.5: Report on the Legal, Societal Impact and Ethical Monitoring of the ITFLOWS, 1st Version\u2019, 2022.<\/p>\n\n\n\n<p>G. Stavropoulos, N. Gkevrekis, I. Iliopoulos, G. Papadopoulou, T. Gottschalk, F. Pichierri, M. Alam, Y. Chen, C. Blasi, C. Boland, E. Teodoro, A. Guill\u00e9n, L. Drazanova, M. Tschalaer, D. Groen, D. Suleimenova, A. Groeger, K. Boss, S. Gkouskos, K. Kalampokis, T. Heidland, \u2018ITFLOWS: D6.2: Preliminary release of the EMT\u2019, 2022.<\/p>\n\n\n\n<p>L. Mitrou, R. Fee, M. Poblet, E. Teodoro, A. Guill\u00e9n, and M. Mac\u00edas, \u2018ITFLOWS: D10.5: GEN-Requirement No.6\u2019, 2022.<\/p>\n\n\n\n<p>T. Mastos, E. Teodoro, A. Guill\u00e9n, A. Gurzawska, P. Hayes, G. Margetis, S. Ntoa, G. Tinker, S. Pantoja, and A. Papadopoulos, \u2018OPTIMAI: D2.2: User and ethics and legal requirements II\u2019, 2022.<\/p>\n<\/div><\/div>\n\n\n\n<p>L. Henriksson <em>et al.<\/em>, \u2018OPTIMAI: D7.1: Training material &#8211; 1st version\u2019, 2022.<\/p>\n\n\n\n<p>P. Hayes, A. Gurzawska, A. Guill\u00e9n, and E. Teodoro, \u2018OPTIMAI: D7.3: Ethics Recommendations and Regulatory Framework\u2019, 2022.<\/p>\n\n\n\n<h3 class=\"wp-block-heading has-text-align-center\" id=\"2021\">2021<\/h3>\n\n\n\n<div class=\"wp-block-group\"><div class=\"wp-block-group__inner-container is-layout-flow wp-block-group-is-layout-flow\">\n<p>A. Xanthaki, K. Hansen, M. Moraru, F. Pichierri, T. Gottschalk, M. Mac\u00edas, A. Guill\u00e9n, E. Teodoro, C. Jim\u00e9nez, M. Pi, S. G\u00fcell, M. Tschalaer, and E. Xanthopoulou, \u2018ITFLOWS: D2.1: Report on the ITFLOWS Legal and Ethical Framework\u2019, 2021.<\/p>\n\n\n\n<p>M. Tiemann, L. Badii, R. Faulkner, C. Weigel, E. Blomqvist, and T. E, \u2018SPIRIT: D9.8: Privacy Controller for Modelling and Filtering Software and Report (b)\u2019, 2021.<\/p>\n\n\n\n<p>E. Teodoro, A. Guill\u00e9n, A. Gurzawska, P. Hayes, and P. Casanovas, \u2018OPTIMAI: D9.1: Report on the OPTIMAI Ethical and Legal Framework\u2019, 2021.<\/p>\n\n\n\n<p>E. Teodoro, A. Guill\u00e9n, and P. Casanovas, \u2018SPIRIT: Resubmission of Section A corresponding to the Ethics Approvals Requirement of the SPIRIT response opposite the October 2020 EU ethics panel review (WP1)\u2019, 2021.<\/p>\n\n\n\n<p>E. Teodoro, A. Guill\u00e9n, P. Casanovas, T. Gottschalk, F. Pichierri, A. Xanthaki, K. Hansen, C. Boland, and M. Tschalaer, \u2018ITFLOWS: D2.4: Report on the ITFLOWS Regulatory Model\u2019, 2021.<\/p>\n\n\n\n<p>E. Teodoro and A. Guill\u00e9n, \u2018ITFLOWS: D10.3: Protection of personal data-Requirement No.3\u2019, 2021.<\/p>\n\n\n\n<p>E. Teodoro and A. Guill\u00e9n, \u2018ITFLOWS: D10.2: Human-Requiment No.2\u2019, 2021.<\/p>\n\n\n\n<p>E. Teodoro and A. Guill\u00e9n, \u2018ITFLOWS: D10.1: Human-Requiment No.1\u2019, 2021.<\/p>\n\n\n\n<p>G. Stauropoulos <em>et al.<\/em>, \u2018ITFLOWS: D6.1: Report on the specifications and architecture of the EMT platform\u2019, 2021.<\/p>\n\n\n\n<p>C. Rubattino <em>et al.<\/em>, \u2018OPTIMAI: D8.6: OPTIMAI commercialization and exploitation strategy-1st version\u2019, 2021.<\/p>\n\n\n\n<p>C. Rubattino, S. Verardi, A. Gurzawska, P. Hayes, E. Teodoro, and A. Guill\u00e9n, \u2018OPTIMAI: D1.3: Data Management Plan-2nd version\u2019, 2021.<\/p>\n\n\n\n<p>C. Rubattino, S. Verardi, A. Gurzawska, P. Hayes, E. Teodoro, and A. Guill\u00e9n, \u2018OPTIMAI: D1.2: Data Management Plan-1st version\u2019, 2021.<\/p>\n\n\n\n<p>V. Rodr\u00edguez-Doncel, S. Bernardos, P. Mart\u00edn-Chozas, I. Kernerman, P. Casanovas, J. Gonz\u00e1lez-Conejero, and E. Montiel-Ponsoda, \u2018LYNX: D2.8: Final Report of Data Management Activities\u2019, 2021.<\/p>\n\n\n\n<p>E. Papageorgiou, T. Theodosiou, K. Papageorgiou, P. Casanovas, P. Charalampous, N. Dimitrou, A. G\u00f3mez, A. Guill\u00e9n, A. Gurzawska, P. Hayes, G. Margetis, E. Teodoro, G. Tinker, and D. Tzovaras, \u2018OPTIMAI: D2.3: State of the art survey\u2019, 2021.<\/p>\n\n\n\n<p>E. Montiel-Ponsoda, A. Ibarrola, V. Rodr\u00edguez-Doncel, F. Maganza, A. Revenko, M. Kaltenboeck, I. Kernerman, C. Sageder, A. Lagzdi\u0146\u0161, J. Gonz\u00e1lez-Conejero, and J. Juli\u00e1n Moreno-Schneider, \u2018LYNX: D7.6: Project management report phase II\u2019, 2021.<\/p>\n\n\n\n<p>T. Mastos, G. Tinker, S. Pantoja, E. Teodoro, A. Guill\u00e9n, A. Gurzawska, and P. Hayes, \u2018OPTIMAI: D2.6: OPTIMAI use cases definition\u2019, 2021.<\/p>\n\n\n\n<p>OT. Mastos, E. Teodoro, A. Guill\u00e9n, A. Gurzawska, P. Hayes, G. Margetis, and S. Ntoa, \u2018OPTIMAI: D2.1: User and ethics legal requirements-1st version\u2019, 2021.<\/p>\n\n\n\n<p>P. Hayes, A. Gurzawska, A. Guill\u00e9n, and E. Teodoro, \u2018OPTIMAI: D9.2: Report on OPTIMAI ethical, legal and societal risks-1st version\u2019, 2021.<\/p>\n\n\n\n<p>A. Guill\u00e9n, E. Teodoro, T. Gottschalk, F. Pichierri, A. Xanthaki, K. Hansen, and C. Blasi, \u2018ITFLOWS: D2.3: Report on Human Rights, Ethical, Societal and Data protection risks assessments\u2019, 2021.<\/p>\n\n\n\n<p>J. Gonz\u00e1lez-Conejero and P. Casanovas, \u2018LYNX: D6.6: Final report on communication activities\u2019, 2021.<\/p>\n\n\n\n<p>P. Casanovas, E. Teodoro, M. Guill\u00e9n A. ,. Hashmi, A. Gurzawska, and P. Hayes, \u2018OPTIMAI: D9.5: Report on the OPTIMAI Regulatory Model-1st version\u2019, 2021.<\/p>\n\n\n\n<p>P. Casanovas, E. Teodoro, A. Guill\u00e9n, N. Morris, and M. Hashmi, \u2018SPIRIT: Resubmission of Sections B and C corresponding to the risk of misuse Requirement and the testing tools Requirement of the SPIRIT Response opposite the October 2020 EU ethics panel review (WP1)\u2019, 2021.<\/p>\n\n\n\n<p>P. Casanovas, E. Teodoro, A. Guill\u00e9n, M. Hashmi, N. Morris, M. Tiemann, C. Weigel, E. Blomqvist, and O. Harting, \u2018SPIRIT: D9.6: Legal and Ethical Framework and Risk Analysis (Report) (b) (WP9)\u2019, 2021.<\/p>\n\n\n\n<p>P. Casanovas, M. Hashmi, E. Teodoro, A. Guill\u00e9n, A. Gurzawska, and P. Hayes, \u2018OPTIMAI: D9.6: Report on the OPTIMAI Regulatory Model-2nd version\u2019, 2021.<\/p>\n\n\n\n<p>K. Apostolakis <em>et al.<\/em>, \u2018OPTIMAI: D2.4: The OPTIMAI architecture specifications-1st version\u2019, 2021.<\/p>\n<\/div><\/div>\n\n\n\n<h3 class=\"wp-block-heading has-text-align-center\" id=\"2020\">2020<\/h3>\n\n\n\n<div class=\"wp-block-group\"><div class=\"wp-block-group__inner-container is-layout-flow wp-block-group-is-layout-flow\">\n<p>E. Teodoro, A. Guill\u00e9n, and P. Casanovas, \u2018SPIRIT: Resubmission of Section A corresponding to the Ethics Approvals Requirement of the SPIRIT response opposite the October 2020 EU ethics panel review (WP1)\u2019, 2020.<\/p>\n\n\n\n<p>E. Teodoro, A. Guill\u00e9n, and P. Casanovas, \u2018SPIRIT: SPIRIT response opposite the October 2020 EU ethics panel review (WP1)\u2019, 2020.<\/p>\n\n\n\n<p>E. Montiel-Ponsoda, A. Ibarrola, V. (Authors) Rodr\u00edguez-Doncel, J. Moreno-Schneider, F. Maganza, M. Kavalchik, I. Kernerman, C. Sageder, A. Lagzdi\u0146\u0161, and J. Gonz\u00e1lez-Conejero, \u2018LYNX: D7.5: Intermediate report phase II\u2019, 2020.<\/p>\n\n\n\n<p>J. Gonz\u00e1lez-Conejero, E. Teodoro, and P. Casanovas, \u2018RIGHTSAPP: D5.2: Conference papers\u2019, 2020.<\/p>\n\n\n\n<p>J. Gonz\u00e1lez-Conejero, M. J. Rodr\u00edguez-Puerta, E. Zapater, E. Teodoro, M. J. Guardiola, P. Casanovas, and M. Mac\u00edas, \u2018RIGHTSAPP: D5.7: Public events\u2019, 2020.<\/p>\n\n\n\n<p>J. Gonz\u00e1lez-Conejero, M. J. Rodr\u00edguez-Puerta, E. Zapater, E. Teodoro, M. J. Guardiola, and P. Casanovas, \u2018RIGHTSAPP: D5.6: Report on the dissemination activities and their impact into the targeted groups\u2019, 2020.<\/p>\n\n\n\n<p>J. Gonz\u00e1lez-Conejero, M. J. Rodr\u00edguez-Puerta, E. Zapater, E. Teodoro, and P. Casanovas, \u2018RIGHTSAPP: D.4.2: Report on the survey and focus groups results analysis\u2019, 2020.<\/p>\n\n\n\n<p>J. Gonz\u00e1lez-Conejero, M. J. Rodr\u00edguez-Puerta, E. Teodoro, E. Zapater, and P. Casanovas, \u2018RIGHTSAPP: D5.9: Final International Workshop\u2019, 2020.<\/p>\n\n\n\n<p>J. Gonz\u00e1lez-Conejero, M. J. Rodr\u00edguez-Puerta, E. Teodoro, E. Zapater, M. Mac\u00edas, and P. Casanovas, \u2018RIGHTSAPP: D3.4: Report on evaluation carried out by legal experts\u2019, 2020.<\/p>\n\n\n\n<p>J. Gonz\u00e1lez-Conejero, M. Mac\u00edas, and A. Guill\u00e9n, \u2018RIGHTSAPP: D5.5: Four or more training sessions\u2019, 2020.<\/p>\n\n\n\n<p>J. Gonz\u00e1lez-Conejero, A. Guill\u00e9n, and M. Mac\u00edas, \u2018RIGHTSAPP: D5.8: Dissemination in social media and in the project\u2019s home page\u2019, 2020.<\/p>\n\n\n\n<p>J. Gonz\u00e1lez-Conejero, P. Casanovas, M. J. Rodr\u00edguez-Puerta, E. Zapater, and E. Teodoro, \u2018RIGHTSAPP: D5.3: Journal Paper\u2019, 2020.<\/p>\n\n\n\n<p>P. Casanovas, E. Teodoro, A. Guill\u00e9n, N. Morris, and M. Hashmi, \u2018SPIRIT: Resubmission of Sections B and C corresponding to the risk of misuse Requirement and the testing tools Requirement of the SPIRIT Response opposite the October 2020 EU ethics panel review (WP1)\u2019, 2020.<\/p>\n<\/div><\/div>\n\n\n\n<p>S. Bernardos, P. Mart\u00edn-Chozas, P. Casanovas, E. Montiel-Ponsoda, V. (Authors) Rodr\u00edguez-Doncel, A. Vasi\u013cevskis, and C. Sageder, \u2018LYNX: D2.7: Catalogue of relevant legal and regulatory datasets\u2019, 2020.<\/p>\n\n\n\n<h3 class=\"wp-block-heading has-text-align-center\" id=\"2019\">2019<\/h3>\n\n\n\n<div class=\"wp-block-group\"><div class=\"wp-block-group__inner-container is-layout-flow wp-block-group-is-layout-flow\">\n<p>R. Varela, E. Teodoro, P. Casanovas, N. Morris, and F. Ferrara, \u2018SPIRIT: D9.5: Legal and Ethical Framework and Risk analysis (Report) (a)\u2019, 2019.<\/p>\n\n\n\n<p>V. Rodr\u00edguez-Doncel, S. Bernardos, R. Varela, P. Mart\u00edn-Chozas, and E. Gonz\u00e1lez-Conejero J. Montiel-Ponsoda, \u2018LYNX: D2.4: Data Management Plan\u2019, 2019.<\/p>\n\n\n\n<p>J. Gonz\u00e1lez-Conejero, R. Varela, and P. Casanovas, \u2018LYNX: D6.3: Intermediate report on communication activities\u2019, 2019.<\/p>\n\n\n\n<p>J. Gonz\u00e1lez-Conejero, E. Teodoro, R. Varela, and C. Teixeira Santos, \u2018RIGHTSAPP: D3.3: RightsApp iOS application\u2019, 2019.<\/p>\n\n\n\n<p>J. Gonz\u00e1lez-Conejero, E. Teodoro, R. Varela, C. Teixeira Santos, and P. Casanovas, \u2018RIGHTSAPP: D3.2: RightsApp Android application\u2019, 2019.<\/p>\n\n\n\n<p>J. Gonz\u00e1lez-Conejero and P. Casanovas, \u2018RIGHTSAPP: D5.4: Mid-project International Workshop\u2019, 2019.<\/p>\n\n\n\n<p>J. Gonz\u00e1lez-Conejero and P. Casanovas, \u2018RIGHTSAPP: D4.1: Dissemination package to targeted groups\u2019, 2019.<\/p>\n\n\n\n<p>J. Gonz\u00e1lez-Conejero and P. Casanovas, \u2018RIGHTSAPP: D3.1: Report on legal, technical and users\u2019 requirements\u2019, 2019.<\/p>\n<\/div><\/div>\n\n\n\n<h3 class=\"wp-block-heading has-text-align-center\" id=\"2018\">2018<\/h3>\n\n\n\n<p>E. Teodoro, P. Casanovas, J. Gonz\u00e1lez-Conejero, and N. Morris, \u2018SPIRIT: D9.4: Notifications to National Data Protection Authorities\u2019, 2018.<\/p>\n\n\n\n<p>E. Teodoro, P. Casanovas, J. Gonz\u00e1lez-Conejero, and N. Morris, \u2018SPIRIT: D9.3: Ethics Advisory Board\u2019, 2018.<\/p>\n\n\n\n<p>E. Teodoro, P. Casanovas, J. Gonz\u00e1lez-Conejero, and N. Morris, \u2018SPIRIT: D9.1: Informed Consent\u2019, 2018.<\/p>\n\n\n\n<p>J. Gonz\u00e1lez-Conejero, E. Teodoro, E. Zapater, C. Santos, and P. Casanovas, \u2018RIGHTSAPP: D2.4: Translation of the particles into different languages\u2019, 2018.<\/p>\n\n\n\n<p>J. Gonz\u00e1lez-Conejero, E. Teodoro, R. Varela, and P. Casanovas, \u2018RIGHTSAPP: D1.1: Data Management Plan\u2019, 2018.<\/p>\n\n\n\n<p>J. Gonz\u00e1lez-Conejero, E. Teodoro, M. J. Rodr\u00edguez-Puerta, M. J. Guardiola, E. Zapater, and P. Casanovas, \u2018RIGHTSAPP: D2.3: Questionnaire and Parameters\u2019, 2018.<\/p>\n\n\n\n<p>J. Gonz\u00e1lez-Conejero, E. Teodoro, and P. Casanovas, \u2018LYNX: D7.2: IPR and Data Protection management documents\u2019, 2018.<\/p>\n\n\n\n<p>J. Gonz\u00e1lez-Conejero, E. Teodoro, and P. Casanovas, \u2018LYNX: D1.1: Functional Requirements Analysis Report\u2019, 2018.<\/p>\n\n\n\n<p>J. Gonz\u00e1lez-Conejero, M. J. Rodr\u00edguez-Puerta, M. J. Guardiola, E. Zapater, E. Teodoro, and P. Casanovas, \u2018RIGHTSAPP: D2.2: Decision tree and particles tagget\u2019, 2018.<\/p>\n\n\n\n<p>J. Gonz\u00e1lez-Conejero, M. J. Rodr\u00edguez, M. J. Guardiola, E. Zapater, and E. Teodoro, \u2018RIGHTSAPP: D2.1: Report on key sources for the project\u2019, 2018.<\/p>\n\n\n\n<p>J. Gonz\u00e1lez-Conejero, P. Casanovas, R. Varela, and E. Teodoro, \u2018LYNX: D.6.1: Website, project identity set, and communication plan\u2019, 2018.<\/p>\n\n\n\n<p>J. Gonz\u00e1lez-Conejero and P. Casanovas, \u2018RIGHTSAPP: D5.1: Dissemination package\u2019, 2018.<\/p>\n\n\n\n<p>J. Gonz\u00e1lez-Conejero and P. Casanovas, \u2018RIGHTSAPP: D1.3: Project Website\u2019, 2018.<\/p>\n\n\n\n<p>P. Casanovas, N. Morris, E. Teodoro, J. Gonz\u00e1lez-Conejero, and R. Adderley, \u2018SPIRIT: D9.2: Incidental Findings Policy\u2019, 2018.<\/p>\n\n\n\n<h3 class=\"wp-block-heading has-text-align-center\" id=\"2017\">2017<\/h3>\n\n\n\n<p>A. Tundis, M. Bonfanti, U. Seldeslachts and R. Varela, &#8216;TAKEDOWN: D4.3: Analysis of prevention approaches and technological concepts&#8217;, 2017.<\/p>\n\n\n\n<p>A. Tundis, R. Varela, U. Seldeslachts, M. Bonfanti, D. Wall, A. Pastorek and S. Bianchi, &#8216;TAKEDOWN: D3.5: Documentation of the solution provider workshops&#8217;, 2017.<\/p>\n\n\n\n<p>R. Leyva, V. Ruggiero, R. Varela, D. Wall, M. Bonfanti, S. Bianchi, D. Markov and K. B. Jacobsen, &#8216;TAKEDOWN: D3.1: Methodology and questionnaire for the quantitative survey&#8217;, 2017.<\/p>\n\n\n\n<p>D. Wall, R. Musotto, R. Varela and E. Teodoro, &#8216;TAKEDOWN: D2.2: Model analysis report and ethical, privacy and data management strategy&#8217;, 2017.<\/p>\n\n\n\n<p>F. Huber, B. J\u00e4ger, P. Leitner, R. Varela and E. Teodoro, &#8216;TAKEDOWN: D1.2: Data management plan&#8217;, 2017.<\/p>\n\n\n\n<p><\/p>\n\n\n\n<p><\/p>\n","protected":false},"excerpt":{"rendered":"<p>Index 2025 2024 2023 2022 2021 2020 2019 2018 2017 2025 J. Gonz\u00e1lez-Conejero [main author]; E. Teodoro Martinez, A. Capell\u00e0 i Ricart, A. Chomczyk Penedo, N. Bosch Navarro [contributors], &#8216;INDUX-R: D6.5: Data Management Plan V.2&#8217;, 2025.\u00a0 2024 J. Gonz\u00e1lez-Conejero [main author]; A. Capell\u00e0 i Ricart, A. Chomczyk Penedo,[contributors], &#8216;INDUX-R: D6.2: Data Management Plan V.1&#8217;, 2024.\u00a0 [&hellip;]<\/p>\n","protected":false},"author":27,"featured_media":0,"parent":0,"menu_order":0,"comment_status":"closed","ping_status":"closed","template":"","meta":{"footnotes":""},"class_list":["post-507","page","type-page","status-publish","hentry"],"_links":{"self":[{"href":"https:\/\/webs.uab.cat\/idt\/wp-json\/wp\/v2\/pages\/507","targetHints":{"allow":["GET"]}}],"collection":[{"href":"https:\/\/webs.uab.cat\/idt\/wp-json\/wp\/v2\/pages"}],"about":[{"href":"https:\/\/webs.uab.cat\/idt\/wp-json\/wp\/v2\/types\/page"}],"author":[{"embeddable":true,"href":"https:\/\/webs.uab.cat\/idt\/wp-json\/wp\/v2\/users\/27"}],"replies":[{"embeddable":true,"href":"https:\/\/webs.uab.cat\/idt\/wp-json\/wp\/v2\/comments?post=507"}],"version-history":[{"count":41,"href":"https:\/\/webs.uab.cat\/idt\/wp-json\/wp\/v2\/pages\/507\/revisions"}],"predecessor-version":[{"id":1590,"href":"https:\/\/webs.uab.cat\/idt\/wp-json\/wp\/v2\/pages\/507\/revisions\/1590"}],"wp:attachment":[{"href":"https:\/\/webs.uab.cat\/idt\/wp-json\/wp\/v2\/media?parent=507"}],"curies":[{"name":"wp","href":"https:\/\/api.w.org\/{rel}","templated":true}]}}