{"id":388,"date":"2019-01-25T16:29:54","date_gmt":"2019-01-25T15:29:54","guid":{"rendered":"https:\/\/webs.uab.cat\/ifmuc\/our-history\/"},"modified":"2024-10-25T11:10:38","modified_gmt":"2024-10-25T10:10:38","slug":"our-history","status":"publish","type":"page","link":"https:\/\/webs.uab.cat\/ifmuc\/en\/our-history\/","title":{"rendered":"Our History"},"content":{"rendered":"\n<p>The IFMuC project began in 2001 within the Department of Art and Musicology of the UAB, under the coordination of prof. Josep Maria Gregori i Cifr\u00e9, and is heir to the work and actions applied to the recovery of the musical heritage of Catalonia that began and developed the UAB Music Documentation Center and the Josep Ricart i Matas Musicology Institute of the UAB and the RACBASJ, under the direction of Francesc Bonastre Bertran.<a title=\"\" name=\"_ftnref1\" href=\"#_ftn1\"><sup>1<\/sup><\/a><\/p>\n\n\n\n<h2 class=\"wp-block-heading\"><strong>The Musical Documentation Center (CDM)\u200b from UAB (1973-1979)<\/strong><\/h2>\n\n\n\n<p>The Musical Documentation Center (CDM) was created in 1973 within the UAB Department of Art, thanks to the initiative of professors Francesc Bonastre and Antonio Mart\u00edn Moreno,<a title=\"\" href=\"#_ftn2\" name=\"_ftnref2\"><sup>2<\/sup><\/a> which together with the students of the Music Area of the Art Department, led to the formation of a research team oriented towards the cataloging and study of the musical collections of Catalonia. Between 1975 and 1978, the following were part of the CDM team: Francesc Bonastre and Antonio Mart\u00edn Moreno, and the students Juan Bag\u00fc\u00e9s Mayra Hace, Josep Maria Gregori, Esther Griera, Carmen Rumeu, Maria Vila-Coro and Josep M. Vives.<\/p>\n\n\n\n<p>The first investigative work of that team was to undertake the cataloging and subsequent microfilming of the musical collection of the cathedral of Tarragona (1975-1981). The rest of the interventions of the CDM focused on the beginning of the cataloging of the musical collections of Santa Maria del Pi (Barcelona), Santa Mar\u00eda de la Geltr\u00fa, Sant Esteve d&#8217;Olot, Santa Pau dels Arcs, Sant Joan de les Abadeses and Sant Pere i Sant Pau de Canet de Mar (1976 -1980).<a title=\"\" name=\"_ftnref3\" href=\"#_ftn3\"><sup>3<\/sup><\/a> The work of the CDM opened new lines of research in the field of recovering the Catalan musical heritage<a title=\"\" name=\"_ftnref4\" href=\"#_ftn4\"><sup>4<\/sup><\/a> and in the methodology of cataloging musical manuscripts.<a title=\"\" name=\"_ftnref5\" href=\"#_ftn5\"><sup>5<\/sup><\/a><\/p>\n\n\n\n<h2 class=\"wp-block-heading\"><strong>The Josep Ricart i Matas Musicological Research and Documentation Institute&nbsp;from UAB and the&nbsp;RACBASJ (1980-2016)<\/strong><\/h2>\n\n\n\n<p>The work carried out by the CDM was collected and continued by the Josep Ricart i Matas Musicological Research and Documentation Institute (IDIM), created in 1980 with the collaboration of the <a href=\"https:\/\/www.racba.org\/ca\/index.php\" target=\"_blank\" rel=\"noopener\"><strong>Real Academia Catalana de Bellas Artes de Sant Jordi<\/strong><\/a><strong><a href=\"http:\/\/www.racba.org\/ca\/index.php\" target=\"_blank\" rel=\"noopener\"> (RACBASJ)<\/a><\/strong> and the UAB, prior ministerial order of June 6, 1979, under the direction of Professor Francesc Bonastre y Bertran.<a title=\"\" name=\"_ftnref6\" href=\"#_ftn6\"><sup>6<\/sup><\/a> During the 1980s, the IDIM became a pioneering institution in the whole of the Spanish State and the only one dedicated exclusively to the cultivation of Catalan musicology.<a title=\"\" name=\"_ftnref7\" href=\"#_ftn7\"><sup>7<\/sup><\/a><\/p>\n\n\n\n<p>As for the work carried out in the field of musical archiving, the start-up of the IDIM made it possible to complete the microfilming of the collection of musical manuscripts in Tarragona Cathedral and to complete the process of recording and microfilming the collection of Sant Pere i Sant Pau in Canet de Mar, which culminated in 1982.<\/p>\n\n\n\n<p>During December 1982, the IDIM organized and hosted the I National Symposium on Musical Archiving and Documentation at its headquarters. Between 1983 and 1984, through an institutional agreement between the IDIM and the BC, and thanks to a subsidized research project, the first phase of the cataloging of the Joan Carreras y Dagas musical collection of the Library of Catalonia was carried out.<\/p>\n\n\n\n<p>Thanks to the help of two projects subsidized by CIRIT, the cataloging of the collection of Santa Mar\u00eda de Vilafranca del Pened\u00e8s (1986) began, preserved in the Wine Museum (Vinseum), and work began, in a first phase, in the collection of musical manuscripts of the cathedral of Tortosa (1987).<a title=\"\" href=\"#_ftn8\" name=\"_ftnref8\"><sup>8<\/sup><\/a> Since 2002, the IDIMAR changed its old name to the &#8220;Josep Ricart i Matas&#8221; Institute of Musicology of the RACBASJ, with a specific agreement with the UAB. From that moment on, the tasks of describing the musical collections that the old IDIMAR had developed were assumed by the new IFMuC project, which emerged from within the Institute and connected with the teaching on musical heritage of the Department of Art and Musicology of the UAB.<\/p>\n\n\n\n<p>A year before the transfer of its promoter and director, Francesc Bonastre Bertran (1944-2017), the &#8220;Josep Ricart i Matas&#8221; Institute of Musicology was closed by order of the RACBASJ. Since 2018 this institution houses the bibliographic and documentary collection of the old IDIM.<a title=\"\" name=\"_ftnref9\" href=\"#_ftn9\"><sup>9<\/sup><\/a><\/p>\n\n\n\n<h2 class=\"wp-block-heading\"><strong>Notes<\/strong><\/h2>\n\n\n\n<p><a href=\"https:\/\/webs.uab.cat\/ifmuc\/wp-admin\/post.php?post=388&amp;action=edit&amp;lang=en#_ftnref1\"><sup>1<\/sup><\/a>&nbsp;GREGORI I CIFR\u00c9, Josep Maria. \u201cFrancesc Bonastre i Bertran (1944-2017), impulsor de la recuperaci\u00f3 del Patrimoni Musical de Catalunya des de la Universitat Aut\u00f2noma de Barcelona\u201d, Revista Catalana de Musicologia, XIII (2020), p, 15-41.<\/p>\n\n\n\n<p><a href=\"https:\/\/webs.uab.cat\/ifmuc\/wp-admin\/post.php?post=388&amp;action=edit&amp;lang=en#_ftnref2\"><sup>2<\/sup><\/a>&nbsp;Profesor del Departamento de Arte de la UAB entre 1973 y 1978.<\/p>\n\n\n\n<p><a href=\"https:\/\/webs.uab.cat\/ifmuc\/wp-admin\/post.php?post=388&amp;action=edit&amp;lang=en#_ftnref3\"><sup>3<\/sup><\/a>&nbsp;BONASTRE, Francesc. &#8220;La labor de documentaci\u00f3n musical del IDIM&nbsp;de la UAB&#8221;,&nbsp;<em>Anuario Musical<\/em>, 49 (1994), p. 299-300.<\/p>\n\n\n\n<p><a href=\"https:\/\/webs.uab.cat\/ifmuc\/wp-admin\/post.php?post=388&amp;action=edit&amp;lang=en#_ftnref4\"><sup>4<\/sup><\/a>&nbsp;One of the first investigations with which Francesc Bonastre inaugurated his contributions to the study of the Baroque ( &#8220;La Capella Musical de la Seu de Tarragona a mitjan segle XVIII&#8221;,&nbsp;<em>Bolet\u00edn Arqueol\u00f3gico<\/em>&nbsp;(1976-77), Ep. IV, fasc . 133-140, p. 259-270) and Josep Maria Gregori&#8217;s bachelor&#8217;s thesis focused on the study and transcription of the compositional work of a master of the cathedral of Tarragona from the 18th century (<em>La producci\u00f3 musical conservada de Joan Cris\u00f2stom Ripoll\u00e8s (\u2020 1746): catalogaci\u00f3 i transcripci\u00f3<\/em>, UAB, junio de 1977).<\/p>\n\n\n\n<p><a href=\"https:\/\/webs.uab.cat\/ifmuc\/wp-admin\/post.php?post=388&amp;action=edit&amp;lang=en#_ftnref5\"><sup>5<\/sup><\/a>&nbsp;The descriptive methodology used in the preparation of the first catalog of the fund of the cathedral of Tarragona (1977), served as a model for the editions of the first catalogs that were published in Spain during the decade of the 1980s.<\/p>\n\n\n\n<p><a href=\"https:\/\/webs.uab.cat\/ifmuc\/wp-admin\/post.php?post=388&amp;action=edit&amp;lang=en#_ftnref6\"><sup>6<\/sup><\/a>&nbsp;BONASTRE, Francesc. &#8220;L\u2019Institut de Documentaci\u00f3 i d\u2019Investigaci\u00f3 Musicol\u00f2giques Josep Ricart i Matas\u201d,&nbsp;<em>Estudis oferts a Josep Ricart i Matas en la commemoraci\u00f3 del centenari del seu naixement (1893-1993)<\/em>. Barcelona: Real Academia Catalana de Bellas Artes de Sant Jordi, 1993, p. 85-91.<\/p>\n\n\n\n<p><a href=\"https:\/\/webs.uab.cat\/ifmuc\/wp-admin\/post.php?post=388&amp;action=edit&amp;lang=en#_ftnref7\"><sup>7<\/sup><\/a>&nbsp;El ICCMU, Instituto Complutense de Ciencias Musicales, se cre\u00f3 en 1989.<\/p>\n\n\n\n<p><a href=\"https:\/\/webs.uab.cat\/ifmuc\/wp-admin\/post.php?post=388&amp;action=edit&amp;lang=en#_ftnref8\"><sup>8<\/sup><\/a>&nbsp;GREGORI, Josep Maria. &#8220;La catalogaci\u00f3 dels arxius musicals de Catalunya, una de les l\u00ednies de recerca de l\u2019IDIM de la UAB\u201d,&nbsp;<em>I Congr\u00e9s de M\u00fasica a Catalunya<\/em>. Barcelona: Consell Catal\u00e0 de la M\u00fasica, 1994, p. 863-865.<\/p>\n\n\n\n<p><a href=\"https:\/\/webs.uab.cat\/ifmuc\/wp-admin\/post.php?post=388&amp;action=edit&amp;lang=en#_ftnref9\"><sup>9<\/sup><\/a>&nbsp;MILLET I LORAS, Maria Dolors. &#8220;La biblioteca del Institut de Documentaci\u00f3 i d\u2019Investigaci\u00f3 Musicol\u00f2giques \u00abJosep Ricart i Matas\u00bb&#8221;, AEDOM.&nbsp;<em>Bolet\u00edn de la Asociaci\u00f3n Espa\u00f1ola de Documentaci\u00f3n Musical<\/em>, vol. 5, n\u00fam. 1 (1998), p. 83-87.<\/p>\n","protected":false},"excerpt":{"rendered":"<p>The IFMuC project began in 2001 within the Department of Art and Musicology of the UAB, under the coordination of prof. Josep Maria Gregori i Cifr\u00e9, and is heir to the work and actions applied to the recovery of the musical heritage of Catalonia that began and developed the UAB Music Documentation Center and the [&hellip;]<\/p>\n","protected":false},"author":126,"featured_media":0,"parent":0,"menu_order":0,"comment_status":"closed","ping_status":"closed","template":"","meta":{"footnotes":""},"class_list":["post-388","page","type-page","status-publish","hentry"],"_links":{"self":[{"href":"https:\/\/webs.uab.cat\/ifmuc\/en\/wp-json\/wp\/v2\/pages\/388","targetHints":{"allow":["GET"]}}],"collection":[{"href":"https:\/\/webs.uab.cat\/ifmuc\/en\/wp-json\/wp\/v2\/pages"}],"about":[{"href":"https:\/\/webs.uab.cat\/ifmuc\/en\/wp-json\/wp\/v2\/types\/page"}],"author":[{"embeddable":true,"href":"https:\/\/webs.uab.cat\/ifmuc\/en\/wp-json\/wp\/v2\/users\/126"}],"replies":[{"embeddable":true,"href":"https:\/\/webs.uab.cat\/ifmuc\/en\/wp-json\/wp\/v2\/comments?post=388"}],"version-history":[{"count":10,"href":"https:\/\/webs.uab.cat\/ifmuc\/en\/wp-json\/wp\/v2\/pages\/388\/revisions"}],"predecessor-version":[{"id":1268,"href":"https:\/\/webs.uab.cat\/ifmuc\/en\/wp-json\/wp\/v2\/pages\/388\/revisions\/1268"}],"wp:attachment":[{"href":"https:\/\/webs.uab.cat\/ifmuc\/en\/wp-json\/wp\/v2\/media?parent=388"}],"curies":[{"name":"wp","href":"https:\/\/api.w.org\/{rel}","templated":true}]}}