{"id":379,"date":"2019-01-25T18:24:12","date_gmt":"2019-01-25T17:24:12","guid":{"rendered":"https:\/\/webs.uab.cat\/ifmuc\/wikiproyecto\/"},"modified":"2024-10-25T12:02:22","modified_gmt":"2024-10-25T11:02:22","slug":"wikiproyecto","status":"publish","type":"page","link":"https:\/\/webs.uab.cat\/ifmuc\/es\/wikiproyecto\/","title":{"rendered":"Wikiproyecto"},"content":{"rendered":"\n<h2 class=\"wp-block-heading\"><strong>Contexto<\/strong><\/h2>\n\n\n\n<p>Con el fin de fomentar los trabajos de difusi\u00f3n de la investigaci\u00f3n musicol\u00f3gica aplicada a la recuperaci\u00f3n de los datos historiogr\u00e1ficas y musicales de los compositores catalanes, se propone a los estudiantes de la asignatura de Patrimonio Musical del Grado de Musicolog\u00eda de la UAB, colaborar con la Wikipedia mediante la redacci\u00f3n de nuevos ep\u00edgrafes sobre m\u00fasicos catalanes.<\/p>\n\n\n\n<h2 class=\"wp-block-heading\"><strong>Objetivos<\/strong><\/h2>\n\n\n\n<ul class=\"wp-block-list\"><li class=\"rtejustify\">Preparaci\u00f3n de materiales bio-bibliogr\u00e1ficos sobre compositores catalanes in\u00e9ditos para incorporar nuevos art\u00edculos de referencia en la Wikipedia, a partir de las fuentes de documentaci\u00f3n hist\u00f3rica y repertorio compositivo contenidas en los <a href=\"http:\/\/pagines.uab.cat\/ifmuc\/catalegs\">cat\u00e1logos IFMuC<\/a>.<\/li><li class=\"rtejustify\">Revisi\u00f3n y actualizaci\u00f3n de art\u00edculos de referencia sobre compositores catalanes y temas relacionados con el patrimonio musical catal\u00e1n.<\/li><\/ul>\n\n\n\n<p>&nbsp;<\/p>\n\n\n\n<p>Visite&nbsp;la p\u00e1gina del proyecto&nbsp;en:&nbsp;https:\/\/ca.wikipedia.org\/wiki\/Viquiprojecte:IFMuC<\/p>\n\n\n<div class=\"wp-block-image\">\n<figure class=\"aligncenter is-resized\"><a href=\"https:\/\/ca.wikipedia.org\/wiki\/Viquiprojecte:IFMuC\" target=\"_blank\" rel=\"noopener\"><img loading=\"lazy\" decoding=\"async\" src=\"https:\/\/webs.uab.cat\/ifmuc2\/wp-content\/uploads\/sites\/253\/2022\/06\/viquifmuc2.jpg\" alt=\"\" class=\"wp-image-392\" width=\"245\" height=\"70\" title=\"Viquiprojecte IFMuC\" \/><\/a><\/figure>\n<\/div>","protected":false},"excerpt":{"rendered":"<p>Contexto Con el fin de fomentar los trabajos de difusi\u00f3n de la investigaci\u00f3n musicol\u00f3gica aplicada a la recuperaci\u00f3n de los datos historiogr\u00e1ficas y musicales de los compositores catalanes, se propone a los estudiantes de la asignatura de Patrimonio Musical del Grado de Musicolog\u00eda de la UAB, colaborar con la Wikipedia mediante la redacci\u00f3n de nuevos [&hellip;]<\/p>\n","protected":false},"author":126,"featured_media":0,"parent":0,"menu_order":0,"comment_status":"closed","ping_status":"closed","template":"","meta":{"footnotes":""},"class_list":["post-379","page","type-page","status-publish","hentry"],"_links":{"self":[{"href":"https:\/\/webs.uab.cat\/ifmuc\/es\/wp-json\/wp\/v2\/pages\/379","targetHints":{"allow":["GET"]}}],"collection":[{"href":"https:\/\/webs.uab.cat\/ifmuc\/es\/wp-json\/wp\/v2\/pages"}],"about":[{"href":"https:\/\/webs.uab.cat\/ifmuc\/es\/wp-json\/wp\/v2\/types\/page"}],"author":[{"embeddable":true,"href":"https:\/\/webs.uab.cat\/ifmuc\/es\/wp-json\/wp\/v2\/users\/126"}],"replies":[{"embeddable":true,"href":"https:\/\/webs.uab.cat\/ifmuc\/es\/wp-json\/wp\/v2\/comments?post=379"}],"version-history":[{"count":3,"href":"https:\/\/webs.uab.cat\/ifmuc\/es\/wp-json\/wp\/v2\/pages\/379\/revisions"}],"predecessor-version":[{"id":786,"href":"https:\/\/webs.uab.cat\/ifmuc\/es\/wp-json\/wp\/v2\/pages\/379\/revisions\/786"}],"wp:attachment":[{"href":"https:\/\/webs.uab.cat\/ifmuc\/es\/wp-json\/wp\/v2\/media?parent=379"}],"curies":[{"name":"wp","href":"https:\/\/api.w.org\/{rel}","templated":true}]}}