{"id":381,"date":"2009-05-08T11:14:38","date_gmt":"2009-05-08T10:14:38","guid":{"rendered":"https:\/\/webs.uab.cat\/ifmuc\/presentacion\/"},"modified":"2024-10-25T11:10:38","modified_gmt":"2024-10-25T10:10:38","slug":"presentacion","status":"publish","type":"page","link":"https:\/\/webs.uab.cat\/ifmuc\/es\/","title":{"rendered":"Presentaci\u00f3n"},"content":{"rendered":"\n<h2 class=\"wp-block-heading\">El proyecto IFMuC por la recuperaci\u00f3n&nbsp;del Patrimonio Musical de Catalu\u00f1a<\/h2>\n\n\n\n<h3 class=\"wp-block-heading\"><strong>Motivaciones y proceso<\/strong><\/h3>\n\n\n\n<p>Catalunya posee un riqu\u00edsimo legado de repertorio musical que se conserva en numerosos fondos de partituras de archivos, bibliotecas, museos y centros de documentaci\u00f3n distribuidos a lo largo del mapa de su territorio, por ello el objetivo de IFMuC es el de llevar a cabo la catalogaci\u00f3n de estos fondos para facilitar el acceso a la descripci\u00f3n de sus contenidos.<\/p>\n\n\n\n<p>El repertorio compositivo objeto de las catalogaciones se presenta reunido a trav\u00e9s de las colecciones \u00abmanuscritos de autor\u00bb (Au), \u00abmanuscritos an\u00f3nimos\u00bb (An), \u00ablibros de coro\u00bb (LC), \u00ablibros de polifon\u00eda\u00bb (LP) e \u00abimpresos\u00bb (Imp), las cuales se pueden consultar gracias a los cat\u00e1logos impresos de la serie <strong><a href=\"https:\/\/webs.uab.cat\/ifmuc\/es\/catalogos\/\" data-type=\"page\" data-id=\"380\">Inventaris dels Fons musicals de Catalunya<\/a><\/strong> y de los respectivos registros informatizados en la <strong><a href=\"https:\/\/webs.uab.cat\/ifmuc\/es\/basededatos\/\" data-type=\"page\" data-id=\"378\">Base de Datos IFMuC<\/a><\/strong>, de acceso p\u00fablico y totalmente abierto.<\/p>\n\n\n\n<p>A medida que el proyecto avanza, IFMuC confecciona y mantiene, con una periodicidad anual, un <strong><a href=\"https:\/\/webs.uab.cat\/ifmuc\/es\/censo\">Censo de fondos musicales de Catalu\u00f1a<\/a><\/strong>.<\/p>\n\n\n\n<h3 class=\"wp-block-heading\"><strong>Objetivos y beneficios<\/strong><\/h3>\n\n\n\n<p>En el contexto de la gesti\u00f3n del patrimonio musical europeo se da un inter\u00e9s creciente en crear grandes bases de datos a trav\u00e9s de portales de internet, con el objetivo de facilitar el libre acceso a la consulta de la descripci\u00f3n y al contenido de los fondos musicales conservados en archivos, bibliotecas, museos y centros de documentaci\u00f3n. IFMuC tiene como objetivo prioritario convertir el repertorio musical de los fondos catalogados en una biblioteca digital, de tal modo que todos los ciudadanos puedan acceder libremente a estos grandes vol\u00famenes de conocimiento.<\/p>\n\n\n\n<p>El proyecto contempla tres fases de actuaci\u00f3n:<\/p>\n\n\n\n<ol class=\"wp-block-list\">\n<li>La primera consiste en facilitar el libre aceso a la informaci\u00f3n contenida en los campos de descripci\u00f3n de los registros catalogr\u00e1ficos del repertorio musical de los fondos catalogados, a trav\u00e9s de las respectivas colecciones establecidas.<\/li>\n\n\n\n<li>La segunda tiene el objetivo de publicar ediciones cr\u00edticas musicol\u00f3gicas del repertorio musical m\u00e1s significativo de los fondos catalogados mediante la colecci\u00f3n de partituras <a rel=\"noopener\" href=\"https:\/\/ca.wikipedia.org\/wiki\/Mestres_Catalans_Antics\" target=\"_blank\"><strong>Mestres Catalans Antics. Quaderns dels Fons Musicals de Catalunya<\/strong><\/a>.<\/li>\n\n\n\n<li>La tercera facilitar\u00e1 el acceso on line al repertorio musical de los fondos digitalizados, de modo que desde cada uno de los registros catalogr\u00e1ficos se puedan visualizar, descargar o imprimir, las im\u00e1genes digitales completas de cada obra.<\/li>\n<\/ol>\n\n\n\n<p>Las expectativas del proyecto IFMuC se ven colmadas por el hecho sist\u00e9mico de retornar a la sociedad de nuestro tiempo la inmensa riqueza musical generada en \u00e9pocas pasadas, que se conserva en archivos, bibliotecas, museos y centros de documentaci\u00f3n del pa\u00eds. Los beneficios del proyecto revierten en los \u00e1mbitos:<\/p>\n\n\n\n<ul class=\"wp-block-list\">\n<li>Cient\u00edfico: facilitan la promoci\u00f3n de nuevas investigaciones (trabajos de fin de grado, trabajos de m\u00e1ster y tesis doctorales) sobre autores, repertorios, estilos y \u00e9pocas de la historia de la m\u00fasica catalana.<\/li>\n\n\n\n<li>Art\u00edstico: permiten el libre acceso de los int\u00e9rpretes a los registros catalogr\u00e1ficos de estos repertorios, muchos de ellos aun desconocidos, y, en el futuro, a las obras digitalizadas.<\/li>\n\n\n\n<li>Social: la sociedad se beneficia de la difusi\u00f3n que int\u00e9rpretes y gestores musicales llevan a cabo a partir de estos repertorios gracias a la su incorporaci\u00f3n en las programaciones de conciertos y grabaciones.<\/li>\n\n\n\n<li>Educativo: la ense\u00f1anza de la historia de la m\u00fasica podr\u00e1 incluir en sus trayectos formativos la recuperaci\u00f3n de antiguos autores junto sus repertorios compositivos.<\/li>\n<\/ul>\n\n\n\n<p>La voluntad del equipo de IFMuC est\u00e1 guiada por el esp\u00edritu de colaborar en la restauraci\u00f3n de una deuda sist\u00e9mica y cient\u00edfica, as\u00ed como tamb\u00e9 \u00e9tica y human\u00edstica, mediante la difusi\u00f3n abierta de sus resultados, dirigidos tanto a investigadores, int\u00e9rpretes y pedagogos, como al conjunto de la sociedad de nuestro tiempo a la que ayudar\u00e1 a reencontrar sus ra\u00edces y su memoria.<\/p>\n\n\n\n<p><strong><i><em><strong><i><i><i><i><!-- p--> <!-- Div--><\/i><\/i><\/i><\/i><\/strong><\/em><\/i><\/strong><\/p>\n","protected":false},"excerpt":{"rendered":"<p>El proyecto IFMuC por la recuperaci\u00f3n&nbsp;del Patrimonio Musical de Catalu\u00f1a Motivaciones y proceso Catalunya posee un riqu\u00edsimo legado de repertorio musical que se conserva en numerosos fondos de partituras de archivos, bibliotecas, museos y centros de documentaci\u00f3n distribuidos a lo largo del mapa de su territorio, por ello el objetivo de IFMuC es el de [&hellip;]<\/p>\n","protected":false},"author":126,"featured_media":0,"parent":0,"menu_order":0,"comment_status":"closed","ping_status":"closed","template":"","meta":{"footnotes":""},"class_list":["post-381","page","type-page","status-publish","hentry"],"_links":{"self":[{"href":"https:\/\/webs.uab.cat\/ifmuc\/es\/wp-json\/wp\/v2\/pages\/381","targetHints":{"allow":["GET"]}}],"collection":[{"href":"https:\/\/webs.uab.cat\/ifmuc\/es\/wp-json\/wp\/v2\/pages"}],"about":[{"href":"https:\/\/webs.uab.cat\/ifmuc\/es\/wp-json\/wp\/v2\/types\/page"}],"author":[{"embeddable":true,"href":"https:\/\/webs.uab.cat\/ifmuc\/es\/wp-json\/wp\/v2\/users\/126"}],"replies":[{"embeddable":true,"href":"https:\/\/webs.uab.cat\/ifmuc\/es\/wp-json\/wp\/v2\/comments?post=381"}],"version-history":[{"count":5,"href":"https:\/\/webs.uab.cat\/ifmuc\/es\/wp-json\/wp\/v2\/pages\/381\/revisions"}],"predecessor-version":[{"id":1191,"href":"https:\/\/webs.uab.cat\/ifmuc\/es\/wp-json\/wp\/v2\/pages\/381\/revisions\/1191"}],"wp:attachment":[{"href":"https:\/\/webs.uab.cat\/ifmuc\/es\/wp-json\/wp\/v2\/media?parent=381"}],"curies":[{"name":"wp","href":"https:\/\/api.w.org\/{rel}","templated":true}]}}