{"id":382,"date":"2019-01-25T15:55:41","date_gmt":"2019-01-25T14:55:41","guid":{"rendered":"https:\/\/webs.uab.cat\/ifmuc\/quienessomos\/"},"modified":"2024-10-25T12:06:13","modified_gmt":"2024-10-25T11:06:13","slug":"quienessomos","status":"publish","type":"page","link":"https:\/\/webs.uab.cat\/ifmuc\/es\/quienessomos\/","title":{"rendered":"Qui\u00e9nes somos"},"content":{"rendered":"\n<h2 class=\"wp-block-heading\">Direcci\u00f3n<\/h2>\n\n\n\n<h5 class=\"wp-block-heading\">Josep Maria Gregori i Cifr\u00e9 (Igualada, 1954)<\/h5>\n\n\n\n<div class=\"wp-block-columns is-layout-flex wp-container-core-columns-is-layout-9d6595d7 wp-block-columns-is-layout-flex\">\n<div class=\"wp-block-column is-layout-flow wp-block-column-is-layout-flow\">\n<figure class=\"wp-block-image size-full\"><img loading=\"lazy\" decoding=\"async\" width=\"200\" height=\"291\" src=\"https:\/\/webs.uab.cat\/ifmuc\/wp-content\/uploads\/sites\/253\/2019\/01\/gregorijm.jpg\" alt=\"\" class=\"wp-image-373\" \/><\/figure>\n<\/div>\n\n\n\n<div class=\"wp-block-column is-layout-flow wp-block-column-is-layout-flow\" style=\"flex-basis:70%\">\n<p>Catedr\u00e1tico de Musicolog\u00eda de la UAB. Sus l\u00edneas de investigaci\u00f3n musicol\u00f3gica comprenden aspectos hist\u00f3ricos e interpretativos de la m\u00fasica de los siglos XV al XIX, as\u00ed como temas de pensamiento y est\u00e9tica musicales, sobre los que ha publicado numerosos libros y art\u00edculos, y presentado ponencias y comunicaciones en congresos nacionales e internacionales. Ha recibido diversos galardones de investigaci\u00f3n musicol\u00f3gica, como los premios Higini Angl\u00e8s de la Societat Catalana de Musicologia (1977), Fundaci\u00f3 G\u00fcell de la Reial Acad\u00e8mia Catalana de Belles Arts de Sant Jordi (1982), Emili Pujol (1991), Fundaci\u00f3 Ernest Lluch (2008), Beca E. Lluch Ciutat d&#8217;Olot (2010) y Joan Mercader (Igualada (2014). Ha sido secretario del Institut de Musicologia Josep Ricart i Matas (1979-2002) y de la <a href=\"https:\/\/blogs.iec.cat\/scmus\/\" target=\"_blank\" rel=\"noreferrer noopener\"><strong>Societat Catalana de Musicologia<\/strong><\/a> (1992-2004). Es acad\u00e9mico correspondiente de la Reial Acad\u00e8mia Catalana de Belles Arts de Sant Jordi (2007) y miembro del <a href=\"https:\/\/www.iec.cat\/activitats\/entrada.asp\" target=\"_blank\" rel=\"noreferrer noopener\"><strong>Institut d\u2019Estudis Catalans<\/strong><\/a> (2017). En el terreno art\u00edstico ha cantado, entre otros, con los grupos de m\u00fasica antigua <em><a href=\"https:\/\/www.alia-vox.com\/artistes\/la-capella-reial-de-catalunya\/\" target=\"_blank\" rel=\"noreferrer noopener\"><strong>La Capella Reial de Catalunya<\/strong><\/a><\/em>, <em>Exaudi Nos<\/em> i <em><a href=\"https:\/\/www.instagram.com\/decanendielegantia\/\" target=\"_blank\" rel=\"noreferrer noopener\"><strong>De Canendi Elegantia<\/strong><\/a><\/em>, con los que ha participado en numerosos conciertos y grabaciones.<\/p>\n<\/div>\n<\/div>\n\n\n\n<h2 class=\"wp-block-heading\">Coordinaci\u00f3n<\/h2>\n\n\n\n<h5 class=\"wp-block-heading\">Carles Badal P\u00e9rez-Alarc\u00f3n (Barcelona, 1980)<\/h5>\n\n\n\n<div class=\"wp-block-columns is-layout-flex wp-container-core-columns-is-layout-9d6595d7 wp-block-columns-is-layout-flex\">\n<div class=\"wp-block-column is-layout-flow wp-block-column-is-layout-flow\">\n<figure class=\"wp-block-image size-full\"><img loading=\"lazy\" decoding=\"async\" width=\"500\" height=\"749\" src=\"https:\/\/webs.uab.cat\/ifmuc\/wp-content\/uploads\/sites\/253\/2024\/10\/FotoFullWeb.jpg\" alt=\"\" class=\"wp-image-1285\" srcset=\"https:\/\/webs.uab.cat\/ifmuc\/wp-content\/uploads\/sites\/253\/2024\/10\/FotoFullWeb.jpg 500w, https:\/\/webs.uab.cat\/ifmuc\/wp-content\/uploads\/sites\/253\/2024\/10\/FotoFullWeb-200x300.jpg 200w\" sizes=\"auto, (max-width: 500px) 100vw, 500px\" \/><\/figure>\n<\/div>\n\n\n\n<div class=\"wp-block-column is-layout-flow wp-block-column-is-layout-flow\" style=\"flex-basis:70%\">\n<p>Doctor en musicolog\u00eda por la Universidad Aut\u00f3noma de Barcelona (UAB), especializado en archivos y patrimonio musical. Su tesis doctoral se centra en la historia de la capilla de m\u00fasica de Santa Mar\u00eda del Pi en Barcelona durante el per\u00edodo 1700-1936 y en el estudio del nivel de vida de sus m\u00fasicos, comparando sus ingresos con datos macroecon\u00f3micos. Desde 2016, colabora en la catalogaci\u00f3n de colecciones musical es para el proyecto IFMuC (UAB) que tambi\u00e9n coordina desde 2023. Con especial inter\u00e9s en la tecnolog\u00eda OMR y HMR, ha participado en el proyecto DoLoRes, en el Centro de Visi\u00f3n por Computador de la UAB, en el desarrollo de software para la transcripci\u00f3n autom\u00e1tica de partituras manuscritas. Previamente y en paralelo a su investigaci\u00f3n, desde 2016 ha desarrollado su actividad como int\u00e9rprete en <a href=\"https:\/\/carlesbadal.net\/\" data-type=\"link\" data-id=\"https:\/\/carlesbadal.net\/\"><strong>numerosas formaciones musicales del \u00e1mbito del pop y el rock<\/strong><\/a>.<\/p>\n<\/div>\n<\/div>\n\n\n\n<h2 class=\"wp-block-heading\"><strong>Equipo<\/strong><\/h2>\n\n\n\n<p>IFMuC forma parte del Grup de Recerca Consolidat (SGR) <a href=\"https:\/\/webs.uab.cat\/patmuc\/\" target=\"_blank\" rel=\"noreferrer noopener\"><strong>Patrimoni Musical de Catalunya IFMuC-IcMuC<\/strong><\/a> de la Universitat Aut\u00f2noma de Barcelona (UAB), coordinado por los Profs. Drs. Josep Maria Gregori i Cifr\u00e9 y Jordi Ballester i Gibert<\/p>\n\n\n\n<div class=\"wp-block-group\"><div class=\"wp-block-group__inner-container is-layout-constrained wp-block-group-is-layout-constrained\">\n<p><strong>Dr. Josep Maria Gregori i Cifr\u00e9<\/strong>, director<br>Catedr\u00e0tic de Musicologia, UAB<\/p>\n\n\n\n<p><strong>Dr. Carles Badal P\u00e9rez-Alarc\u00f3n<\/strong>, coordinador<br>T\u00e8cnic de Recerca, Centre de Visi\u00f3 per Computador (UAB)<\/p>\n\n\n\n<p><strong>Dr. Jordi Rif\u00e9<\/strong><br>Professor Agregat, UAB<\/p>\n\n\n\n<p><strong>Dra. Aur\u00e8lia Pessarrodona<\/strong><br>Professora Lectora, UAB<\/p>\n\n\n\n<p><strong>Dr. Xavier Dauf\u00ed i Rodergas<\/strong><br>Professor Lector, UAB<\/p>\n\n\n\n<p><strong>Dr. Bernat Cabr\u00e9 i Cerc\u00f3s<\/strong><br>Professor Associat, UAB<\/p>\n\n\n\n<p><strong>Anna Maria Anglada<\/strong><br>Doctoranda, UAB<\/p>\n<\/div><\/div>\n\n\n\n<p><\/p>\n\n\n\n<h2 class=\"wp-block-heading\"><strong>Colaboradores<\/strong><\/h2>\n\n\n\n<div class=\"wp-block-group\"><div class=\"wp-block-group__inner-container is-layout-constrained wp-block-group-is-layout-constrained\">\n<p><strong>Marta Grassot<\/strong> (2001-2010)<br>Llicenciada&nbsp;en Hist\u00f2ria i Ci\u00e8ncies de la M\u00fasica i Graduada Superior en Arxiv\u00edstica i Gesti\u00f3 Documental, ESAGED (UAB)<\/p>\n\n\n\n<p><strong>Carme Monells<\/strong> (2001-2008)<br>Llicenciada en Hist\u00f2ria i Ci\u00e8ncies de la M\u00fasica, UAB<\/p>\n\n\n\n<p><strong>Olga Niub\u00f3<\/strong> (2002-2010)<br>Llicenciada en Hist\u00f2ria i Ci\u00e8ncies de la M\u00fasica, UAB<\/p>\n\n\n\n<p><strong>Gerard Moreno Sabat\u00e9<\/strong> (2003-2008)<br>Llicenciat en Hist\u00f2ria i Ci\u00e8ncies de la M\u00fasica, UAB<\/p>\n\n\n\n<p><strong>Neus Cabot<\/strong> (2005-2008)<br>Llicenciada en Hist\u00f2ria i Ci\u00e8ncies de la M\u00fasica, UAB<\/p>\n\n\n\n<p><strong>Andreu Guinart <\/strong>(2006-2009)<br>Llicenciat en Hist\u00f2ria i Ci\u00e8ncies de la M\u00fasica, UAB<\/p>\n\n\n\n<p><strong>Dra. Montserrat Canela<\/strong> (2007-2013)<br>Professora Associada, URV<\/p>\n\n\n\n<p><strong>Elena Salgado<\/strong> (2008-2013)<br>Llicenciada en Hist\u00f2ria i Ci\u00e8ncies de la M\u00fasica, UAB<\/p>\n\n\n\n<p><strong>Montserrat Gim\u00e9nez<\/strong> (2008-2014)<br>Llicenciada en Hist\u00f2ria i Ci\u00e8ncies de la M\u00fasica, UAB<\/p>\n\n\n\n<p><strong>Anna Romeu<\/strong> (2013-2016)<br>Llicenciada i M\u00e0ster en Hist\u00f2ria i Ci\u00e8ncies de la M\u00fasica, UAB<\/p>\n\n\n\n<p><strong>Pau V\u00e1zquez-Pongiluppi<\/strong> (2015-2022)<br>Grau en Musicologia, UAB<\/p>\n\n\n\n<p><strong>Dra. Aur\u00e8lia Pessarrodona <\/strong>(2015-2017)<br>Beca Juan de la Cierva, UAB<\/p>\n\n\n\n<p><strong>Irene Aug\u00e9<\/strong> (2016-2020)<br>Grau en Musicologia, UAB<\/p>\n\n\n\n<p><strong>Mart\u00ed Badia<\/strong> (2016-2020)<br>Grau en Musicologia, UAB<\/p>\n\n\n\n<p><strong>Eudald Dant\u00ed&nbsp;<\/strong>(2018-Actualment)<br>Doctorand, UAB<\/p>\n<\/div><\/div>\n\n\n\n<p><\/p>\n\n\n\n<h2 class=\"wp-block-heading\"><strong>Convenios<\/strong><\/h2>\n\n\n\n<p>La Universitat Aut\u00f2noma de Barcelona mantiene Convenios de Pr\u00e1cticas de Patrimonio Musical con numerosos archivos, tanto de titularidad p\u00fablica como privada, as\u00ed como con otros centros, entre los que cabe mencionar los archivos eclesi\u00e1sticos de las catedrales de Girona, Tarragona, Lleida y Solsona; las parroquias de Santa Maria de Castell\u00f3 d\u2019Emp\u00faries, Sant Pere de Reus, Santa Maria del Pi de Barcelona, Sant Pere i Sant Pau de Canet de Mar, Santa Eul\u00e0lia de Berga, Santa Maria de la Geltr\u00fa; los archivos diocesanos de Tarragona, Solsona i Girona; Museu-Arxiu de Santa Maria de Matar\u00f3 y Museu del Vi de Vilafranca del Pened\u00e8s (Vinseum); los archivos de la Xarxa d\u2019Arxius Hist\u00f2rics Comarcals de la Generalitat de Catalunya de Igualada, Granollers, Olot, Ripoll y T\u00e0rrega; los Archivos Municipales de El Papiol y Blanes; el Centre d\u2019Estudis de Sant Cebri\u00e0 de Vallalta (CESC); la Biblioteca del Seminari Episcopal de Barcelona y el CEDOC, Centre de Documentaci\u00f3 de l\u2019Orfe\u00f3 Catal\u00e0.<\/p>\n\n\n\n<h2 class=\"wp-block-heading\"><strong>Otros colaboradores<\/strong><\/h2>\n\n\n\n<p>Estos convenios permiten prorrogar, y a menudo completar, las pr\u00e1cticas de descripci\u00f3n de los fondos, y, a su vez, incorporar nuevos colaboradores, como es el caso de:<\/p>\n\n\n\n<div class=\"wp-block-group\"><div class=\"wp-block-group__inner-container is-layout-constrained wp-block-group-is-layout-constrained\">\n<p><strong>Sandra Coronel<\/strong>, fons TerC (Arxiu de la Catedral-Bas\u00edlica del Sant Esperit de Terrassa)<\/p>\n\n\n\n<p><strong>N\u00faria Medrano<\/strong> i<strong> Marta Trill<\/strong>, fons Sant Pere de Reus (Arxiu Parroquial de Sant Pere de Reus)<\/p>\n\n\n\n<p><strong>Maria Company, Anna Costal, Carles Cors, Eneida Ruscalleda, Albert Busquets, Estel Mendoza, Josep Fust\u00e9, Santi Gibert, Montserrat Vi\u00f1as, Eva Maria Ord\u00e1s, Magda Mart\u00ed, Raquel Pujol, Anna Termes, Raquel Dilm\u00e9, Mart\u00ed Vil\u00e0, Albert Morcillo i Vanessa Esteve<\/strong>, fons GiC (Arxiu de la Catedral de Girona)<\/p>\n\n\n\n<p><strong>Ferran Granja<\/strong>, fons TagF (ACUR)<\/p>\n\n\n\n<p><strong>Maria Josep Aloguin, Laura Gen\u00e9<\/strong> i<strong> Francesc Rius<\/strong>, fons La Selva del Camp (AHAT)<\/p>\n\n\n\n<p><strong>Cristina Exp\u00f3sito<\/strong>, fons Enric Juncosa (AHAT)<\/p>\n\n\n\n<p><strong>Esther Garcia LLop, Am\u00e0lia Ametll\u00f3, Marta Andr\u00e9s <\/strong>i <strong>Maria Jes\u00fas Castell<\/strong>, fons LleC (ADLL)<\/p>\n\n\n\n<p><strong>Maria Soledad Brunet Torrent<\/strong>, fons Carme Pi\u00f1ol i fons del Seminari (BPESB)<\/p>\n\n\n\n<p><strong>Merc\u00e8 Fantova<\/strong> i<strong> Mauricio Rey<\/strong>, fons Francesc Argem\u00ed (Museu de Badalona)<\/p>\n\n\n\n<p><strong>Ramon Canut<\/strong>, fons Joaquim Rial (AHAT)<\/p>\n\n\n\n<p><strong>Antoni Clavera<\/strong>, <strong>Josep Maria Serra<\/strong>, <strong>Josep Bertran, Andreu Guinart i Eudald Dant\u00ed, <\/strong>fons de Santa Maria de Ripoll (ACRI)<\/p>\n\n\n\n<p><strong>Helena Patricio<\/strong>, <strong>Teresa Soler<\/strong>, <strong>Antoni Oliveres, Francesc Rodr\u00edguez, Eura Reina <\/strong>i <strong>Mireia Navarro<\/strong>, fons MatC, MatF, MatV (Museu-Arxiu de Santa Maria de Matar\u00f3)<\/p>\n\n\n\n<p><strong>Mireia Perpiny\u00e0, Pere Mar\u00ed, Esther Dom\u00e8nech, Joan Vila i Oriol Oller<\/strong>, fons CdE (Arxiu Parroquial de Santa Maria de Castell\u00f3 d\u2019Emp\u00faries)<\/p>\n\n\n\n<p><strong>Maite Fages<\/strong>, fons SolC (ADS)<\/p>\n\n\n\n<p><strong>Ant\u00f2nia Casas<\/strong> <strong>i Jes\u00fas Badia<\/strong>, fons Santa Eul\u00e0lia de Berga (Arxiu Parroquial de Santa Eul\u00e0lia de Berga)<\/p>\n\n\n\n<p><strong>Assumpta Sardans i Juan Pedro Medina<\/strong>, fons Seu de Manresa<\/p>\n\n\n\n<p><strong>Ferran Aguil\u00f3<\/strong>, fons Josep Cumelles i Rib\u00f3 (CESC)<\/p>\n\n\n\n<p><strong>Mariona Llobera, Amparo Armengol, Lola Gonz\u00e1lez, Iv\u00e1n Gonz\u00e1lez <\/strong>i <strong>N\u00faria Llobet<\/strong>, fons Santa Maria del Pi (APSMP)<\/p>\n\n\n\n<p><strong>Joana Canalias<\/strong>, fons SEO (ACGAX)<\/p>\n\n\n\n<p><strong>N\u00faria Mart\u00ed, Cristina Roca<\/strong> i <strong>Adriana Muntadas<\/strong>, fons SMI (ACAN)<\/p>\n\n\n\n<p><strong>Angelina Dorado<\/strong>, fons MerB (BPESB)<\/p>\n\n\n\n<p><strong>Cristina \u00c1lvarez, Noel Camarena<\/strong> i <strong>David Galan<\/strong>, fons Seminari (BPESB)<\/p>\n\n\n\n<p><strong>Anna Torrent, Jordi Puig<\/strong> i <strong>Marc Tost<\/strong>, fons GrAS, GrJV, GrEP (ACVO)<\/p>\n\n\n\n<p><strong>Pau V\u00e1zquez-Pongiluppi<\/strong>, <strong>Violeta Tello<\/strong> i <strong>Al\u00edcia Dauf\u00ed<\/strong>, fons Miquel Pongiluppi (Arxiu Municipal del Papiol)<\/p>\n\n\n\n<p><strong>Mart\u00ed Vilardeb\u00f3<\/strong>, fons Josep Sancho Marraco (Fundaci\u00f3 Maur\u00ed, La Garriga)<\/p>\n\n\n\n<p><strong>Andrea Bares<\/strong>, <strong>Marc Montan\u00e9<\/strong> <strong>i Ariadna S\u00e1nchez<\/strong>, fons Santa Maria de la Geltr\u00fa (Arxiu Parroquial de La Geltr\u00fa)<\/p>\n\n\n\n<p><strong>Nil Fern\u00e1ndez<\/strong>, fons GiC i Casa Carles (ADG)<\/p>\n\n\n\n<p><strong>Cristina Amengual<\/strong> i <strong>Joaqu\u00edm R\u00f3denas<\/strong>, fons Sant Vicen\u00e7 de Sarri\u00e0 (Arxiu Parroquial de Sant Vicen\u00e7 de Sarri\u00e0)<\/p>\n<\/div><\/div>\n","protected":false},"excerpt":{"rendered":"<p>Direcci\u00f3n Josep Maria Gregori i Cifr\u00e9 (Igualada, 1954) Catedr\u00e1tico de Musicolog\u00eda de la UAB. Sus l\u00edneas de investigaci\u00f3n musicol\u00f3gica comprenden aspectos hist\u00f3ricos e interpretativos de la m\u00fasica de los siglos XV al XIX, as\u00ed como temas de pensamiento y est\u00e9tica musicales, sobre los que ha publicado numerosos libros y art\u00edculos, y presentado ponencias y comunicaciones [&hellip;]<\/p>\n","protected":false},"author":126,"featured_media":0,"parent":0,"menu_order":0,"comment_status":"closed","ping_status":"closed","template":"","meta":{"footnotes":""},"class_list":["post-382","page","type-page","status-publish","hentry"],"_links":{"self":[{"href":"https:\/\/webs.uab.cat\/ifmuc\/es\/wp-json\/wp\/v2\/pages\/382","targetHints":{"allow":["GET"]}}],"collection":[{"href":"https:\/\/webs.uab.cat\/ifmuc\/es\/wp-json\/wp\/v2\/pages"}],"about":[{"href":"https:\/\/webs.uab.cat\/ifmuc\/es\/wp-json\/wp\/v2\/types\/page"}],"author":[{"embeddable":true,"href":"https:\/\/webs.uab.cat\/ifmuc\/es\/wp-json\/wp\/v2\/users\/126"}],"replies":[{"embeddable":true,"href":"https:\/\/webs.uab.cat\/ifmuc\/es\/wp-json\/wp\/v2\/comments?post=382"}],"version-history":[{"count":17,"href":"https:\/\/webs.uab.cat\/ifmuc\/es\/wp-json\/wp\/v2\/pages\/382\/revisions"}],"predecessor-version":[{"id":1314,"href":"https:\/\/webs.uab.cat\/ifmuc\/es\/wp-json\/wp\/v2\/pages\/382\/revisions\/1314"}],"wp:attachment":[{"href":"https:\/\/webs.uab.cat\/ifmuc\/es\/wp-json\/wp\/v2\/media?parent=382"}],"curies":[{"name":"wp","href":"https:\/\/api.w.org\/{rel}","templated":true}]}}