{"id":741,"date":"2022-10-28T14:10:31","date_gmt":"2022-10-28T13:10:31","guid":{"rendered":"https:\/\/webs.uab.cat\/ifmuc2\/?page_id=741"},"modified":"2024-10-25T11:10:36","modified_gmt":"2024-10-25T10:10:36","slug":"financiacion","status":"publish","type":"page","link":"https:\/\/webs.uab.cat\/ifmuc\/es\/financiacion\/","title":{"rendered":"Financiaci\u00f3n"},"content":{"rendered":"\n<p>Entre 2003 y 2022, IFMuC ha contado con el apoyo de varios <a href=\"https:\/\/webs.uab.cat\/patmuc\/financament\/\">proyectos de investigaci\u00f3n MiCInn\/MinEco otorgados al grupo de investigaci\u00f3n (SGR) Patrimoni Musical de Catalunya (PatMuC) de la UAB<\/a>. Estas ayudas han permitido sufragar los diversos gastos de infraestructura, publicaciones, dietas y viajes del proyecto.<\/p>\n\n\n\n<p>Entre 2006 y 2010 la Subdirecci\u00f3n General de Archivos del Departamento de Cultura y Medios de Comunicaci\u00f3n de la Generalitat de Catalu\u00f1a colabor\u00f3 en la subvenci\u00f3n de tareas de descripci\u00f3n de los fondos musicales que se encontraban en proceso de tratamiento por parte del proyecto, a la vez que patrocin\u00f3 la edici\u00f3n de los cinco primeros cat\u00e1logos impresos.<\/p>\n\n\n\n<p>A partir de 2018, IFMuC se integra en el programa \u00abFontes Music\u00e6 Cataloni\u00e6: catalogaci\u00f3n, edici\u00f3n y difusi\u00f3n de los repertorios compositivos, iconogr\u00e1ficos y de tradici\u00f3n oral de Catalu\u00f1a (1450-1950)\u00bb, de la Secci\u00f3n Hist\u00f3rico-Arqueol\u00f3gica del Institut d&#8217;Estudis Catalans, y participa en la coordinaci\u00f3n del portal <a rel=\"noreferrer noopener\" href=\"https:\/\/fontes-musicae-cataloniae.iec.cat\/\" target=\"_blank\"><strong>Fontes Musicae Cataloniae<\/strong><\/a> de alojado en esa misma instituci\u00f3n.<\/p>\n","protected":false},"excerpt":{"rendered":"<p>Entre 2003 y 2022, IFMuC ha contado con el apoyo de varios proyectos de investigaci\u00f3n MiCInn\/MinEco otorgados al grupo de investigaci\u00f3n (SGR) Patrimoni Musical de Catalunya (PatMuC) de la UAB. Estas ayudas han permitido sufragar los diversos gastos de infraestructura, publicaciones, dietas y viajes del proyecto. Entre 2006 y 2010 la Subdirecci\u00f3n General de Archivos [&hellip;]<\/p>\n","protected":false},"author":126,"featured_media":0,"parent":0,"menu_order":0,"comment_status":"closed","ping_status":"closed","template":"","meta":{"footnotes":""},"class_list":["post-741","page","type-page","status-publish","hentry"],"_links":{"self":[{"href":"https:\/\/webs.uab.cat\/ifmuc\/es\/wp-json\/wp\/v2\/pages\/741","targetHints":{"allow":["GET"]}}],"collection":[{"href":"https:\/\/webs.uab.cat\/ifmuc\/es\/wp-json\/wp\/v2\/pages"}],"about":[{"href":"https:\/\/webs.uab.cat\/ifmuc\/es\/wp-json\/wp\/v2\/types\/page"}],"author":[{"embeddable":true,"href":"https:\/\/webs.uab.cat\/ifmuc\/es\/wp-json\/wp\/v2\/users\/126"}],"replies":[{"embeddable":true,"href":"https:\/\/webs.uab.cat\/ifmuc\/es\/wp-json\/wp\/v2\/comments?post=741"}],"version-history":[{"count":11,"href":"https:\/\/webs.uab.cat\/ifmuc\/es\/wp-json\/wp\/v2\/pages\/741\/revisions"}],"predecessor-version":[{"id":1261,"href":"https:\/\/webs.uab.cat\/ifmuc\/es\/wp-json\/wp\/v2\/pages\/741\/revisions\/1261"}],"wp:attachment":[{"href":"https:\/\/webs.uab.cat\/ifmuc\/es\/wp-json\/wp\/v2\/media?parent=741"}],"curies":[{"name":"wp","href":"https:\/\/api.w.org\/{rel}","templated":true}]}}