{"id":984,"date":"2024-01-24T12:51:11","date_gmt":"2024-01-24T11:51:11","guid":{"rendered":"https:\/\/webs.uab.cat\/ifmuc\/?page_id=984"},"modified":"2024-01-26T10:55:39","modified_gmt":"2024-01-26T08:55:39","slug":"publicaciones","status":"publish","type":"page","link":"https:\/\/webs.uab.cat\/ifmuc\/es\/publicaciones\/","title":{"rendered":"Publicaciones"},"content":{"rendered":"\n<p><a href=\"#estudis\" data-type=\"internal\" data-id=\"#estudis\"><strong>Estudios sobre fondos musicales catalogados por IFMuC<\/strong><\/a><\/p>\n\n\n\n<p><a href=\"#articles\"><strong>Art\u00edculos sobre IFMuC<\/strong><\/a><\/p>\n\n\n\n<p><a href=\"#cientifica\"><strong>Bibliograf\u00eda cient\u00edfica sobre fondos musicales<\/strong><\/a><\/p>\n\n\n\n<p><a href=\"#divulgativa\"><strong>Bibliograf\u00eda divulgativa sobre fondos musicales<\/strong><\/a><\/p>\n\n\n\n<hr class=\"wp-block-separator has-alpha-channel-opacity\" \/>\n\n\n\n<h2 class=\"wp-block-heading\" id=\"estudis\">Estudios sobre fondos musicales catalogados por IFMuC<\/h2>\n\n\n\n<ol class=\"wp-block-list\">\n<li><a rel=\"noreferrer noopener\" href=\"https:\/\/ddd.uab.cat\/record\/125763\" target=\"_blank\">El fons musical de la Catedral-Bas\u00edlica del Sant Esperit i el seu repertori<\/a> (Josep Maria Gregori i Cifr\u00e9; 2007)<\/li>\n\n\n\n<li><a rel=\"noreferrer noopener\" href=\"https:\/\/ddd.uab.cat\/record\/125761\" target=\"_blank\">El fons musical de l\u2019Esgl\u00e9sia Parroquial de Sant Pere i Sant Pau de Canet de Mar<\/a>&nbsp;(Josep Maria Gregori i Cifr\u00e9; 2009)<\/li>\n\n\n\n<li><a rel=\"noreferrer noopener\" href=\"https:\/\/ddd.uab.cat\/record\/125765\" target=\"_blank\">Els fons musicals Vicen\u00e7 Bou, Josep Pi i Pere Rigau del Centre de Documentaci\u00f3 del Museu de la Mediterr\u00e0nia de Torroella de Montgr\u00ed<\/a>&nbsp;(Marta Grassot i Radresa; 2009)<\/li>\n\n\n\n<li><a rel=\"noreferrer noopener\" href=\"https:\/\/ddd.uab.cat\/record\/125764\" target=\"_blank\">Fons del Museu-Arxiu de Santa Maria de Matar\u00f3<\/a>&nbsp;(Josep Maria Gregori i Cifr\u00e9, Neus&nbsp;Cabot i Sagrera; 2010)<\/li>\n\n\n\n<li><a rel=\"noreferrer noopener\" href=\"https:\/\/ddd.uab.cat\/record\/125766\" target=\"_blank\">La m\u00fasica a T\u00e0rrega a la cru\u00eflla dels segles XIX i XX<\/a> (Olga Niub\u00f3 i Sala; 2010)<\/li>\n\n\n\n<li><a rel=\"noreferrer noopener\" href=\"https:\/\/ddd.uab.cat\/record\/125760\" target=\"_blank\">Fons de l\u2019Esgl\u00e9sia parroquial de Sant Esteve d\u2019Olot i Fons Teodoro Echegoyen de l\u2019Arxiu Comarcal de la Garrotxa<\/a>&nbsp;(Josep Maria Gregori i Cifr\u00e9,&nbsp;Carme Monells; 2012)<\/li>\n\n\n\n<li><a rel=\"noreferrer noopener\" href=\"https:\/\/ddd.uab.cat\/record\/125762\" target=\"_blank\">La Capella de m\u00fasica de Santa Maria de Castell\u00f3 d\u2019Emp\u00faries i els compositors del seu fons musical<\/a>&nbsp;(Josep Maria Gregori i Cifr\u00e9, Elena&nbsp;Salgado Cobo; 2013)<\/li>\n\n\n\n<li><a rel=\"noreferrer noopener\" href=\"https:\/\/ddd.uab.cat\/record\/211252\" target=\"_blank\">El Fons musical de l\u2019Arxiu de la Catedral de Tarragona<\/a>&nbsp;(Josep Maria Gregori i Cifr\u00e9; 2015)<\/li>\n\n\n\n<li><a rel=\"noreferrer noopener\" href=\"https:\/\/ddd.uab.cat\/record\/211255\" target=\"_blank\">La M\u00fasica a Santa Maria d\u2019Igualada<\/a> (Josep Maria Gregori i Cifr\u00e9, Anna&nbsp;Romeu i Sol\u00e0; 2016)<\/li>\n\n\n\n<li><a rel=\"noreferrer noopener\" href=\"https:\/\/ddd.uab.cat\/record\/234561\" target=\"_blank\">La M\u00fasica a la Catedral de Girona<\/a> (Josep Maria Gregori i Cifr\u00e9; 2019)<\/li>\n\n\n\n<li><a rel=\"noreferrer noopener\" href=\"https:\/\/ddd.uab.cat\/record\/266821\" target=\"_blank\">Fons musicals de l&#8217;Arxiu Dioces\u00e0 de Girona<\/a> (Carles Badal P\u00e9rez-Alarc\u00f3n, Josep Maria Gregori i Cifr\u00e9, Anna Maria Anglada i Mas; 2020)<\/li>\n\n\n\n<li><a rel=\"noreferrer noopener\" href=\"https:\/\/ddd.uab.cat\/record\/266820\" target=\"_blank\">Les Capelles de m\u00fasica de la catedral de Solsona i les esgl\u00e9sies parroquials de Santa Eul\u00e0lia de Berga i Santa Maria de Cornudella de Montsant<\/a> (Bernat Cabr\u00e9 i Cerc\u00f3s, Irene Aug\u00e9 i Pampalona, Josep Maria Gregori i Cifr\u00e9, Jes\u00fas Badia i Masgrau, Mart\u00ed Badia i Grag\u00e9s, Josep Nav\u00e0s i Marin\u00e9; 2021)<\/li>\n<\/ol>\n\n\n\n<hr class=\"wp-block-separator has-alpha-channel-opacity\" \/>\n\n\n\n<h2 class=\"wp-block-heading\" id=\"articles\">Art\u00edculos sobre IFMuC<\/h2>\n\n\n\n<div class=\"wp-block-group\"><div class=\"wp-block-group__inner-container is-layout-constrained wp-block-group-is-layout-constrained\">\n<p><span style=\"font-family: Garamond, Georgia, serif, serif, EmojiFont;font-size: 18.6667px;font-style: normal;font-weight: 400;letter-spacing: normal;text-align: start;text-indent: 0px;text-transform: none;float: none\"><\/span>Gregori i Cifr\u00e9, Josep Maria. \u00abLa catalogaci\u00f3 del arxius musicals de Catalunya, una de les l\u00ednies de recerca de l\u2019IDIM de la UAB\u00bb, <em>Llibre d\u2019Actes del Congr\u00e9s de M\u00fasica a Catalunya.<\/em> Barcelona: Consell Catal\u00e0 de la M\u00fasica-Dinsic, 1994, p. 863-864.<\/p>\n\n\n\n<p>\u2014; Rif\u00e9 i Santal\u00f3, Jordi. \u00abEls fons musicals de Catalunya: estat de la q\u00fcesti\u00f3\u00bb, <em>Recerca Musicol\u00f2gica<\/em>, XVI (2006), p. 219-239.<\/p>\n\n\n\n<p>\u2014. \u00abEls inventario de los fondos musicales eclesi\u00e1sticos de Catalunya, un proyecto en marcha desde la Universitat Aut\u00f2noma de Barcelona\u00bb, <em>Memoriae Ecclesi\u00e6<\/em>, XXXI (2008), p. 483-497.<\/p>\n\n\n\n<p>\u2014. \u00abEls Inventaris dels Fons Musicals de Catalunya, el projecte de la UAB per a la recuperaci\u00f3 del patrimoni musical\u00bb, <em>Llibre d\u2019Actes del 2n Congr\u00e9s Internacional de M\u00fasica a Catalunya.<\/em> Barcelona: Consell Catal\u00e0 de la M\u00fasica\u2013Dinsic, 2013, p. 621-625.<\/p>\n\n\n\n<p>\u2014. \u00abFondos Musicales en Catalunya: el proyecto IFMuC de la Universitat Aut\u00f2noma de Barcelona para la recuperaci\u00f3n del patrimonio musical catal\u00e1n\u00bb, a Mar\u00eda Nagore; V\u00edctor S\u00e1nchez (eds.), <em>Allegro cum laude. Estudios musicol\u00f3gicos en homenaje a Emilio Casares<\/em>. Madrid: ICCMU, 2014, p. 581-588.<\/p>\n\n\n\n<p>\u2014. \u00abCatalonia project report\u00bb, <em>Early Music<\/em>, 43 (2015), p. 367-368.<\/p>\n\n\n\n<p>\u2014. \u00abEl Cens IFMuC dels Fons Musicals de Catalunya\u201d, <em>Lligall<\/em>, 38 (2015), p. 136-168.<\/p>\n\n\n\n<p>\u2014. \u00abEl nou web IFMuC al servei del Patrimoni Musical de Catalunya: http:\/\/ifmuc.uab.cat\u00bb, <em>Revista Catalana de Musicologia<\/em>, VIII (2015), p. 23-35.<\/p>\n\n\n\n<p>\u2014. \u00abIFMuC: un proyecto universitario para la recuperaci\u00f3n del patrimonio musical de Catalunya\u00bb, <em>Cuadernos de Investigaci\u00f3n Musical<\/em>, 1 (2016), p. 12-26.<\/p>\n\n\n\n<p>\u2014. \u00abFrancesc Bonastre i Bertran (1944-2017), impulsor de la recuperaci\u00f3 del patrimoni musical de Catalunya des de la Universitat Aut\u00f2noma de Barcelona\u00bb, <em>Revista Catalana de Musicologia<\/em>, XIII (2020), p. 15-41.<\/p>\n\n\n\n<p>\u2014; Badal P\u00e9rez-Alarc\u00f3n, Carles. \u00ab<em>Inventari dels Fons Musicals de Catalunya<\/em> (<em>IFMuC<\/em>), un proyecto de la Universitat Aut\u00f2noma de Barcelona al servicio del patrimonio musical de Catalunya: balance y bases tecnol\u00f3gicas\u00bb, dins de Maria Gembero-Ust\u00e1rroz i Emili Ros-F\u00e0bregas (eds.). <em>M\u00fasica, patrimonio y Sociedad en la era de las humanidades digitales<\/em>. Barcelona: CSIC, 2021, p. 267-286.<\/p>\n\n\n\n<p>Pessarrodona P\u00e9rez, Aur\u00e8lia; Gregori i Cifr\u00e9, Josep Maria. \u00abUnearthing Catalan Musical Heritage: the IFMuC Project\u00bb, <em>Fontes Artis Music\u00e6<\/em>, 64, n\u00fam. 4 (2017), p. 331-345.<\/p>\n<\/div><\/div>\n\n\n\n<hr class=\"wp-block-separator has-alpha-channel-opacity\" \/>\n\n\n\n<h2 class=\"wp-block-heading\" id=\"cientifica\">Bibliograf\u00eda cient\u00edfica sobre fondos musicales<\/h2>\n\n\n\n<div class=\"wp-block-group\"><div class=\"wp-block-group__inner-container is-layout-constrained wp-block-group-is-layout-constrained\">\n<p style=\"font-style:normal;font-weight:400\">Canela Garau, Montserrat. \u00abDe manuscritos e impresos. Fondos musicales en el Archivo Hist\u00f3rico Archidiocesano de Tarragona: una panor\u00e1mica sobre el estado de la cuesti\u00f3n\u00bb,\u00a0<em>Cuadernos de Investigaci\u00f3n Musical<\/em>, 17 (2023), p. 128-149.<\/p>\n\n\n\n<p style=\"font-style:normal;font-weight:400;text-decoration:none\">Ester-Sala, Maria; Vilar, Josep Maria. \u00abUna aproximaci\u00f3 als fons de manuscrits musicals a Catalunya\u00bb, <em>Anuario Musical<\/em>, 42 (1987), p. 229-243.<\/p>\n\n\n\n<p style=\"font-style:normal;font-weight:400;text-decoration:none\">\u2014. \u00abUna aproximaci\u00f3 als fons de manuscrits musicals a Catalunya (II)\u00bb, <em>Anuario Musical<\/em>, 44 (1989), p. 155-166.<\/p>\n\n\n\n<p style=\"font-style:normal;font-weight:400;text-decoration:none\">\u2014. \u00abUna aproximaci\u00f3 als fons de manuscrits musicals a Catalunya (III)\u00bb, <em>Anuario Musical<\/em>, 46 (1991), p. 295-320.<\/p>\n\n\n\n<p style=\"font-style:normal;font-weight:400;text-decoration:none\">\u2014. \u00abEls fons musicals a Catalunya: Un patrimoni a revalorar\u00bb, <em>Lligall<\/em>, 5 (1992), p. 123-145.<\/p>\n\n\n\n<p style=\"font-style:normal;font-weight:400;text-decoration:none\">Anglada i Mas, Anna Maria. \u00abEl fons musical de la Casa Carles de Girona\u00bb, <em>Revista Catalana de Musicologia<\/em>, xiii (2020), p. 345-371.<\/p>\n\n\n\n<p style=\"font-style:normal;font-weight:400;text-decoration:none\">Garcia Llop, Ester. \u00abEl dia d\u2019avui del fons musical de l\u2019Arxiu de la Catedral de Lleida\u00bb, <em>Recerca Musicol\u00f2gica<\/em>, XVI (2006), p. 241-245.<\/p>\n\n\n\n<p style=\"font-style:normal;font-weight:400;text-decoration:none\">Grassot i Radresa, Marta. \u00abUna aproximaci\u00f3 a la descripci\u00f3 dels fons musicals a trav\u00e9s de la NODAC. Una proposat de descripci\u00f3 a partir de l\u2019experi\u00e8ncia en el tractament dels fons musicals del Museu de la Mediterr\u00e0nia de Torroella de Montgr\u00ed\u00bb, <em>Lligall<\/em>, 28 (2008), p. 61-93.<\/p>\n\n\n\n<p style=\"font-style:normal;font-weight:400;text-decoration:none\">Guinart i Verdaguer, Andreu. \u00abEl fons musical de Sant Pere de Ripoll de l\u2019Arxiu Hist\u00f2ric Comarcal del Ripoll\u00e8s\u00bb, <em>Recerca Musicol\u00f2gica<\/em>, XVI (2006), p. 253-258.<\/p>\n\n\n\n<p style=\"font-style:normal;font-weight:400;text-decoration:none\">Niub\u00f3 i Sala, Olga. \u00abEls fons musicals Ramon Carnicer i Ramon Florensa de l\u2019Arxiu Hist\u00f2ric Comarcal de T\u00e0rrega\u00bb, <em>Recerca Musicol\u00f2gica<\/em>, XVI (2006), p. 247-251.<\/p>\n\n\n\n<p style=\"font-style:normal;font-weight:400;text-decoration:none\">Monells Laqu\u00e9, Carme. \u00abEl fons musical de l\u2019esgl\u00e9sia de Sant Esteve d\u2019Olot\u00bb, <em>Revista Catalana de Musicologia<\/em>, II (2004), p. 207-213.<\/p>\n\n\n\n<p>Rif\u00e9 i Santal\u00f3, Jordi. \u00abEl patrimoni musical: les obres i el seu estudi musicol\u00f2gic\u00bb, a Rom\u00e0 Escalas i Llimona (cur.),&nbsp;<em>Perspectiva musical de Catalunya des de la Revista Musical Catalana (1904-2008)<\/em>. Barcelona: Institut d&#8217;Estudis Catalans, 2009, p. 201-228.<\/p>\n<\/div><\/div>\n\n\n\n<hr class=\"wp-block-separator has-alpha-channel-opacity\" \/>\n\n\n\n<h2 class=\"wp-block-heading\" id=\"divulgativa\">Bibliograf\u00eda divulgativa sobre fondos musicales<\/h2>\n\n\n\n<div class=\"wp-block-group\"><div class=\"wp-block-group__inner-container is-layout-constrained wp-block-group-is-layout-constrained\">\n<p>Anglada i Mas, Anna Maria. \u201cFons Casa Carles de l\u2019Arxiu Dioces\u00e0 de Girona (GiCar)\u201d, <em>Revista Musical Catalana<\/em>, 373 (2021), p. 88.<\/p>\n\n\n\n<p>\u2014; Martin Roig, Gabriel. \u00abEl fons de la Capella de M\u00fasica de Santa Maria de Palam\u00f3s\u00bb, Revista del Baix Empord\u00e0, 54 (2016), p. 31-39.<\/p>\n\n\n\n<p>Artigas, Anna. \u00abM\u00fasica &#8211; El fons musical Josep Bar\u00f3 i G\u00fcell\u00bb,\u00a0<em>Revista de Girona<\/em>, n\u00fam. 289 (2015), p. 48-50. &lt;<a href=\"https:\/\/raco.cat\/index.php\/RevistaGirona\/article\/view\/291982\">https:\/\/raco.cat\/index.php\/RevistaGirona\/article\/view\/291982<\/a>&gt;<\/p>\n\n\n\n<p>Badal P\u00e9rez-Alarc\u00f3n, Carles. \u201cFons Musical de Sant Feliu de Girona (GiFel)\u201d, <em>Revista Musical Catalana<\/em>, 375 (gener-abril 2020), p. 88.<\/p>\n\n\n\n<p>\u2014. \u201cFons Musical de Santa Maria de la Bisbal (GiBis)\u201d, <em>Revista Musical Catalana<\/em>, 381 (gener-abril 2024), p. 88.<\/p>\n\n\n\n<p>Cabot i Sagrera, Neus. \u201cEls fons musicals del Museu-Arxiu de Santa Maria de Matar\u00f3 (I)\u201d, <em>La s\u00e8nia del rellotge. Revista de cultura de Vilassar de Mar i el Maresme<\/em>, I (2013), p. 47-72.<\/p>\n\n\n\n<p>\u2014. \u201cFons Llu\u00eds Viada (MatV),\u00a0 <em>Revista Musical Catalana<\/em>, 361 (2018), p. 62.<\/p>\n\n\n\n<p>\u2014. \u201cFons Joan Fargas (MatF), <em>Revista Musical Catalana<\/em>, 360 (2018), p. 12.<\/p>\n\n\n\n<p>Fontelles Ramonet, Albert. \u201cEls tresors del Patrimoni Musical Catal\u00e0. IFMuC\u201d, <em>Revista Musical Catalana<\/em>, 351 (2016), p. 28-29.<\/p>\n\n\n\n<p>Gim\u00e9nez i Mas, Montserrat. \u201cFons Salvador d\u2019Horta Bofarull (SHB)\u201d, <em>Revista Musical Catalana<\/em>, 368 (2019), p. 62.<\/p>\n\n\n\n<p>Grassot Radresa, Marta. \u00abEl fons musical de l\u2019Arxiu Hist\u00f2ric de Torroella de Montgr\u00ed\u00bb, <em>Llibre de la Festa Major de Torroella de Montgr\u00ed<\/em>, 2003, p. 143-151. &lt;<a href=\"https:\/\/raco.cat\/index.php\/LlibreFestaMajor\/article\/view\/186788\">https:\/\/raco.cat\/index.php\/LlibreFestaMajor\/article\/view\/186788<\/a>&gt;<\/p>\n\n\n\n<p>\u2014. \u00abFons Musicals de Catalunya. Fons Musicals de Catalunya. Fons Fons Vicen\u00e7 Bou i Geli del Museu de la Mediterr\u00e0nia de Torroella de Montgr\u00ed\u00bb, <em>Revista Musical Catalana<\/em>,355 (febrer-mar\u00e7 2017), p.12.<\/p>\n\n\n\n<p>\u2014. \u00abFons Musicals de Catalunya. Fons Pere Rigau del Museu de la Mediterr\u00e0nia de Torroella de Montgr\u00ed\u00bb, <em>Revista Musical Catalana<\/em>,356 (abril-maig 2017), p.12.<\/p>\n\n\n\n<p>\u2014. \u00abFons Musicals de Catalunya: Fons Josep Pi del Museu de la Mediterr\u00e0nia de Torroella de Montgr\u00ed\u00bb. <em>Revista Musical Catalana<\/em>,358 (agost-setembre 2017), p.11.<\/p>\n\n\n\n<p>\u2014. \u201cFons Vicen\u00e7 Bou i Geli del Museu de la Mediterr\u00e0nia de Torroella de Montgr\u00ed (TomB)\u201d, <em>Revista Musical Catalana<\/em>, 355 (2017), p. 12.<\/p>\n\n\n\n<p>\u2014. \u00abEl repertori musical nadalenc a trav\u00e9s dels arxius musicals\u00bb, <em>La Dada<\/em> (24 de desembre de 2018). &lt;<a href=\"https:\/\/arxivers.com\/ladada\/el-repertori-musical-nadalenc-a-traves-dels-arxius-musicals\">https:\/\/arxivers.com\/ladada\/el-repertori-musical-nadalenc-a-traves-dels-arxius-musicals\/<\/a>&gt;<\/p>\n\n\n\n<p>\u2014. \u00abEls arxius musicals de Catalunya, una realitat per con\u00e8ixer\u00bb, <em>La Dada<\/em> (22 de novembre de 2019).&lt;<a href=\"https:\/\/arxivers.com\/ladada\/els-arxius-musicals-de-catalunya-una-realitat-per-coneixer\/\">https:\/\/arxivers.com\/ladada\/els-arxius-musicals-de-catalunya-una-realitat-per-coneixer\/<\/a>&gt;<\/p>\n\n\n\n<p>\u2014. \u00abEl fons de partitures de l\u2019Orfe\u00f3 Catal\u00e0 conservat al CEDOC\u00bb, <em>Revista Musical Catalana<\/em>,372 (maig-agost 2020), p.88.<\/p>\n\n\n\n<p>\u2014; Escut\u00e9 Zamora, Oriol. \u00abPer la recuperaci\u00f3 dels arxius musicals. Les entitats corals: primera recerca i futura jornada\u00bb, <em>La Dada<\/em>, 20 de novembre de 2020. &lt;<a href=\"https:\/\/arxivers.com\/ladada\/per-la-recuperacio-dels-arxius-musicals-les-entitats-corals-primera-recerca-i-futura-jornada\/\">https:\/\/arxivers.com\/ladada\/per-la-recuperacio-dels-arxius-musicals-les-entitats-corals-primera-recerca-i-futura-jornada\/<\/a>&gt;<\/p>\n\n\n\n<p>\u2014. \u00abEl fons Antoni Ros Marb\u00e0 conservat al CEDOC\u00bb, <em>Revista Musical Catalana<\/em>,377 (setembre 2022), p.88.<\/p>\n\n\n\n<p>\u2014. \u00abArxiRuta: Centre de Documentaci\u00f3 de l\u2019Orfe\u00f3 Catal\u00e0\u00bb, <em>La Dada<\/em> (22 de novembre de 2022).<br>&lt;<a href=\"https:\/\/arxivers.com\/ladada\/arxiruta-centre-de-documentacio-de-lorfeo-catala\/\">https:\/\/arxivers.com\/ladada\/arxiruta-centre-de-documentacio-de-lorfeo-catala\/<\/a>&gt; [Consultat el 8\/1\/2024]<\/p>\n\n\n\n<p>\u2014. \u00abLa col\u00b7lecci\u00f3 de m\u00fasica manuscrita al CEDOC (I)\u00bb, <em>Revista Musical Catalana<\/em>,380 (setembre-desembre 2023), p.88.<\/p>\n\n\n\n<p>Gregori i Cifr\u00e9, Josep Maria. \u201cEl fons musical del Santuari dels Arcs\u201d, <em>El cartip\u00e0s. Ciutat, patrimoni, mem\u00f2ria<\/em>, 32 (abril 2009), p. 2.<\/p>\n\n\n\n<p>\u2014. \u201cTom\u00e0s Milans (1672-1742) i el Fons Musical de l\u2019esgl\u00e9sia parroquial de Canet\u201d, <em>El Sot de l\u2019Aub\u00f3<\/em>, 30 (desembre 2009), p. 18-23.<\/p>\n\n\n\n<p>\u2014. \u201cFons musicals del Maresme (I): esgl\u00e9sia parroquial de Sant Pere i Sant Pau de Canet de Mar\u201d, <em>Singladures<\/em>, 30 (2012), p. 57-94.<\/p>\n\n\n\n<p>\u2014. \u201cEl web de la UAB del patrimoni musical catal\u00e0\u201d, <em>Serra d\u2019Or<\/em>, 672 (2015), p. 57-59.<\/p>\n\n\n\n<p>\u2014. \u201cEl nou web IFMuC del patrimoni musical de Catalunya\u201d, <em>Sonograma Magazine<\/em>, 28 (29 octubre 2015). &lt;<a href=\"https:\/\/sonograma.org\/2015\/10\/ifmuc-patrimoni-musical-de-catalunya\/\">https:\/\/sonograma.org\/2015\/10\/ifmuc-patrimoni-musical-de-catalunya\/<\/a>&gt;<\/p>\n\n\n\n<p>\u2014. \u201cFons Musicals de Catalunya. El projecte IFMuC de la UAB\u201d, <em>Revista Musical Catalana<\/em>, 352 (2016), p. 12.<\/p>\n\n\n\n<p>\u2014. \u201cFons de la Capella de M\u00fasica de la Catedral-Bas\u00edlica del Sant Esperit de Terrassa (TerC), <em>Revista Musical Catalana<\/em>, 353 (2016), p. 12.<\/p>\n\n\n\n<p>\u2014. \u201cFons de l\u2019esgl\u00e9sia parroquial de Sant Pere i Sant Pau de Canet de Mar (CMar)\u201d, <em>Revista Musical Catalana<\/em>, 354 (2017), p. 12.<\/p>\n\n\n\n<p>\u2014. \u201cFons de la Capella de M\u00fasica de Santa Maria de Matar\u00f3 (MatC)\u201d, <em>Revista Musical Catalana<\/em>, 359 (2017), p. 11.<\/p>\n\n\n\n<p>\u2014; Monells i Laqu\u00e9, Carme. \u201cFons de l\u2019esgl\u00e9sia parroquial de Sant Esteve d\u2019Olot (SEO)\u201d, <em>Revista Musical Catalana<\/em>, 362 (2018), p. 62.<\/p>\n\n\n\n<p>\u2014. \u201cFons Teodoro Echegoyen (TEch)\u201d, <em>Revista Musical Catalana<\/em>, 364 (2018), p. 62.<\/p>\n\n\n\n<p>\u2014. \u201cFons de la Catedral de Tarragona (TarC)\u201d, <em>Revista Musical Catalana<\/em>, 366 (2019), p. 62.<\/p>\n\n\n\n<p>\u2014. \u201cFons Artur Sitj\u00e0 (GrAS), Joan Vernet (GrJV) i Enric Pey (GrEP)\u201d, <em>Revista Musical Catalana<\/em>, 369 (2019), p. 62.<\/p>\n\n\n\n<p>\u2014. \u201cFons de la Catedral de Girona (GiC)\u201d, <em>Revista Musical Catalana<\/em>, 370 (2019), p. 76.<\/p>\n\n\n\n<p>\u2014. \u201cEl Fons Musical de la Catedral de Girona i el seu repertori\u201d, <em>Ta\u00fcll<\/em>, 52 (juliol-agost 2019), p. 7-9.<\/p>\n\n\n\n<p>\u2014. \u201cFons del Santuari de Santa Maria dels Arcs\u201d, <em>Revista Musical Catalana<\/em>, 378 (2023), p. XX.<\/p>\n\n\n\n<p>\u2014. \u201cIFMuC, a la recerca dels fons musicals catalans\u201d, <em>Paperets. Podcast de Ficta sobre Patrimoni Musical <\/em>(2023). &lt;<a href=\"https:\/\/podcast.ficta.cat\/paperets\/ifmuc-a-la-recerca-dels-fons-musicals-catalans\/\">https:\/\/podcast.ficta.cat\/paperets\/ifmuc-a-la-recerca-dels-fons-musicals-catalans\/<\/a>&gt;<\/p>\n\n\n\n<p>Mart\u00ed Fabra, Jordi. \u201cInventaris de Fon Musicals de Catalunya. Endre\u00e7ant la hist\u00f2ria\u201d, <em>440 Cl\u00e0ssica &amp; Jazz<\/em>, 48 (desembre 2018 \u2013 gener 2019), p. 35-37.<\/p>\n\n\n\n<p>Niub\u00f3 i Sala, Olga. \u201cFons Ramon Florensa de l\u2019Arxiu Comarcal de l\u2019Urgell (TagF)\u201d, <em>Revista Musical Catalana<\/em>, 363 (2018), p. 62.<\/p>\n\n\n\n<p>Parra, Joan Andreu. \u201cRetrobar les arrels musicals del pa\u00eds\u201d, <em>Catalunya Cristiana<\/em>, 1984 (8 octubre 2017). &lt;<a href=\"https:\/\/bibliotecaepiscopalbcn.org\/wp-content\/uploads\/Catalunya-cristiana1985-1.pdf\">https:\/\/bibliotecaepiscopalbcn.org\/wp-content\/uploads\/Catalunya-cristiana1985-1.pdf<\/a>&gt;<\/p>\n\n\n\n<p>PdM. Papeles de M\u00fasica. \u00abPresentaci\u00f3n del Inventario de los Fondos Musicales de Catalu\u00f1a\u00bb. &lt;<a href=\"https:\/\/papelesdemusica.wordpress.com\/2015\/11\/27\/10516\/\">https:\/\/papelesdemusica.wordpress.com\/2015\/11\/27\/10516\/<\/a>&gt;<\/p>\n\n\n\n<p>Romeu Sol\u00e0, Anna. \u201cFons de la Bas\u00edlica de Santa Maria d\u2019Igualada (SMI)\u201d, <em>Revista Musical Catalana<\/em>, 367 (2019), p. 62.<\/p>\n\n\n\n<p>Salgado Cobo, Elena. \u201cFons de la Bas\u00edlica de Santa Maria de Castell\u00f3 d\u2019Emp\u00faries (CdE (I)\u201d, <em>Revista Musical Catalana<\/em>, 365 (2018), p. 62.<\/p>\n\n\n\n<p>Torrents, Mar\u00eda. \u201cAcceso en l\u00ednea al Patrimonio Musical Europeo\u201d, <em>Ar@cne. Revista electr\u00f3nica de recursos en internet sobre Geograf\u00eda y Ciencias Sociales<\/em>, UB, juliol 2016. &lt;<a href=\"https:\/\/raco.cat\/index.php\/Aracne\/article\/view\/311944\">https:\/\/raco.cat\/index.php\/Aracne\/article\/view\/311944<\/a>&gt;<\/p>\n\n\n\n<p>Vega i Rofes, Aina. \u201cIFMuC, el nou web del patrimoni musical catal\u00e0\u201d, ESMUC, 3 de desembre de 2015. &lt;<a href=\"https:\/\/www.nuvol.com\/musica\/classica\/ifmuc-el-nou-web-del-patrimoni-musical-catala-31456\">https:\/\/www.nuvol.com\/musica\/classica\/ifmuc-el-nou-web-del-patrimoni-musical-catala-31456<\/a>&gt;<\/p>\n<\/div><\/div>\n","protected":false},"excerpt":{"rendered":"<p>Estudios sobre fondos musicales catalogados por IFMuC Art\u00edculos sobre IFMuC Bibliograf\u00eda cient\u00edfica sobre fondos musicales Bibliograf\u00eda divulgativa sobre fondos musicales Estudios sobre fondos musicales catalogados por IFMuC Art\u00edculos sobre IFMuC Bibliograf\u00eda cient\u00edfica sobre fondos musicales Bibliograf\u00eda divulgativa sobre fondos musicales<\/p>\n","protected":false},"author":126,"featured_media":0,"parent":0,"menu_order":0,"comment_status":"closed","ping_status":"closed","template":"","meta":{"footnotes":""},"class_list":["post-984","page","type-page","status-publish","hentry"],"_links":{"self":[{"href":"https:\/\/webs.uab.cat\/ifmuc\/es\/wp-json\/wp\/v2\/pages\/984","targetHints":{"allow":["GET"]}}],"collection":[{"href":"https:\/\/webs.uab.cat\/ifmuc\/es\/wp-json\/wp\/v2\/pages"}],"about":[{"href":"https:\/\/webs.uab.cat\/ifmuc\/es\/wp-json\/wp\/v2\/types\/page"}],"author":[{"embeddable":true,"href":"https:\/\/webs.uab.cat\/ifmuc\/es\/wp-json\/wp\/v2\/users\/126"}],"replies":[{"embeddable":true,"href":"https:\/\/webs.uab.cat\/ifmuc\/es\/wp-json\/wp\/v2\/comments?post=984"}],"version-history":[{"count":19,"href":"https:\/\/webs.uab.cat\/ifmuc\/es\/wp-json\/wp\/v2\/pages\/984\/revisions"}],"predecessor-version":[{"id":1112,"href":"https:\/\/webs.uab.cat\/ifmuc\/es\/wp-json\/wp\/v2\/pages\/984\/revisions\/1112"}],"wp:attachment":[{"href":"https:\/\/webs.uab.cat\/ifmuc\/es\/wp-json\/wp\/v2\/media?parent=984"}],"curies":[{"name":"wp","href":"https:\/\/api.w.org\/{rel}","templated":true}]}}