{"id":370,"date":"2019-01-24T15:55:03","date_gmt":"2019-01-24T13:55:03","guid":{"rendered":"https:\/\/webs.uab.cat\/ifmuc\/catalegs\/"},"modified":"2024-10-25T11:10:34","modified_gmt":"2024-10-25T10:10:34","slug":"catalegs","status":"publish","type":"page","link":"https:\/\/webs.uab.cat\/ifmuc\/catalegs\/","title":{"rendered":"Cat\u00e0legs"},"content":{"rendered":"\n<p>L\u2019elaboraci\u00f3 dels cat\u00e0legs ha configurat la sistematitzaci\u00f3 d\u2019una metodologia per a la descripci\u00f3 de documents musicals integrada dins la normativa arxiv\u00edstica i de gesti\u00f3 documental.<a id=\"_ftnref1\" href=\"#_ftn1\"><sup>[1]<\/sup><\/a> El sistema de descripci\u00f3 incorpora la digitalitzaci\u00f3 dels \u00edncipits musicals de les partitures manuscrites, en la majoria dels fons descrits, la qual cosa permet visualitzar les caracter\u00edstiques paleogr\u00e0fiques de cada document.<\/p>\n\n\n\n<p>La confecci\u00f3 de la col\u00b7lecci\u00f3 dels cat\u00e0legs impresos arriba al seu terme amb la redacci\u00f3 d\u2019una presentaci\u00f3 metodol\u00f2gica seguida d\u2019un estudi introductori en el que es fa esment de la personalitat dels fons, la seva hist\u00f2ria i les principals aportacions musicals que aquest cont\u00e9 per al coneixement de la hist\u00f2ria de la m\u00fasica a Catalunya. Aquest estudi que precedeix el cat\u00e0leg, cont\u00e9 un cap\u00edtol historiogr\u00e0fic elaborat amb dades extretes de la documentaci\u00f3 conservada a l\u2019arxiu hist\u00f2ric al qual pertany el fons, les quals ajuden a complementar els aspectes hist\u00f2rics de la instituci\u00f3 mare que ha generat l\u2019exist\u00e8ncia del fons musical \u2014magisteris de capella i orgue, escolanies i cobles de ministrers o plantilles instrumentals\u2014, aix\u00ed com els perfils biogr\u00e0fics dels compositors que hi s\u00f3n representats, molts dels quals han rom\u00e0s desconeguts fins a l\u2019edici\u00f3 dels cat\u00e0legs. Es pot accedir al contingut d\u2019aquest estudi introductori tant a trav\u00e9s de l\u2019enlla\u00e7 al <strong><a rel=\"noreferrer noopener\" href=\"https:\/\/ddd.uab.cat\/search?ln=ca&amp;p=Inventaris+dels+fons+musicals+de+Catalunya&amp;f=series&amp;action_search=Cerca&amp;c=Dip%C3%B2sit+Digital+de+Documents+de+la+UAB&amp;sf=year&amp;so=a&amp;rm=&amp;rg=25&amp;sc=1&amp;of=hb\" target=\"_blank\">Dip\u00f2sit Digital de Documents (DDD)<\/a> <\/strong>de la UAB, que incorporem al terme de la fitxa bibliogr\u00e0fica dels respectius cat\u00e0legs, com de la secci\u00f3 <strong><a href=\"https:\/\/webs.uab.cat\/ifmuc\/publicacions\/#estudis\" data-type=\"page\" data-id=\"975\">Estudis sobre fons musicals catalogats<\/a><\/strong> a l&#8217;apartat de publicacions d&#8217;aquest lloc.<\/p>\n\n\n\n<p class=\"has-text-align-left\">La col\u00b7lecci\u00f3 dels cat\u00e0legs impresos compr\u00e8n els volums 1 a 12 i ha comptat amb diversos patrocinis: la Subdirecci\u00f3 General d\u2019Arxius del Departament de Cultura de la Generalitat de Catalunya va patrocinar de forma exclusiva l\u2019edici\u00f3 dels volums 1 a 3 i en conveni amb la UAB la dels volums 4 i 5; l\u2019edici\u00f3 dels volums 6, 7, 8 i 9 la va assumir la UAB, a trav\u00e9s dels ajuts dels projectes Micinn; i la publicaci\u00f3 dels volums 10, 11 i 12 s\u2019ha dut a terme en r\u00e8gim de coedici\u00f3 entre la UAB i l\u2019IEC, gr\u00e0cies als ajuts dels projectes Micinn i <em>Fontes Music\u00e6 Cataloni\u00e6<\/em>. A partir de 2024 la col\u00b7lecci\u00f3 dels cat\u00e0legs passa a publicar-se nom\u00e9s en format digital, gr\u00e0cies al patrocini de la <strong>Subdirecci\u00f3 General d\u2019Arxius i Gesti\u00f3 Documental<\/strong> del <strong>Departament de Cultura de la Generalitat de Catalunya<\/strong>, en col\u00b7laboraci\u00f3 amb l\u2019<strong>Institut d\u2019Estudis Catalans<\/strong>.<\/p>\n\n\n\n<p><\/p>\n\n\n\n<h2 class=\"wp-block-heading has-text-align-center\">Cat\u00e0legs impresos de la col\u00b7lecci\u00f3 <em>Inventaris dels Fons Musicals de Catalunya<\/em><\/h2>\n\n\n\n<ol class=\"wp-block-list\">\n<li>Gregori i Cifr\u00e9, Josep Maria. <em>Inventari dels fons musicals de Catalunya. Volum 1: Fons de la catedral-bas\u00edlica del Sant Esperit de Terrassa.<\/em> Barcelona: Generalitat de Catalunya. Departament de Cultura i Mitjans de Comunicaci\u00f3, 2007. Arxius i documents. Eines de recerca, n\u00fam. 2. <a href=\"https:\/\/ddd.uab.cat\/record\/125763\">https:\/\/ddd.uab.cat\/record\/125763<\/a><\/li>\n\n\n\n<li>Bonastre i Bertran, Francesc &#8211; Gregori i Cifr\u00e9, Josep Maria. <em>Inventari dels fons musicals de Catalunya. Volum 2\/1, 2\/2: Fons de l&#8217;esgl\u00e9sia parroquial de Sant Pere i Sant Pau de Canet de Mar <\/em>Barcelona: Generalitat de Catalunya. Departament de Cultura i Mitjans de Comunicaci\u00f3, 2009. Arxius i documents. Eines de recerca, n\u00fams. 5\/1 i 5\/2. <a href=\"https:\/\/ddd.uab.cat\/record\/125761\">https:\/\/ddd.uab.cat\/record\/125761<\/a><\/li>\n\n\n\n<li>Grassot i Radresa, Marta. <em>Inventaris dels fons musicals de Catalunya. Volum 3: Fons del Museu de la Mediterr\u00e0nia de Torroella de Montrgr\u00ed (I)<\/em>. Barcelona: Generalitat de Catalunya. Departament de Cultura i Mitjans de Comunicaci\u00f3, 2009. Arxius i documents. Eines de recerca, n\u00fam. 6. <a href=\"https:\/\/ddd.uab.cat\/record\/125765\">https:\/\/ddd.uab.cat\/record\/125765<\/a><\/li>\n\n\n\n<li>Gregori i Cifr\u00e9, Josep Maria &#8211; Cabot i Sagrera, Neus. <em>Inventari dels fons musicals de Catalunya. Volum 4: Fons dels Museu-Arxiu de Santa Maria de Matar\u00f3. <\/em>Barcelona: Generalitat de Catalunya. Departament de Cultura i Mitjans de Comunicaci\u00f3 \u2013 Universitat Aut\u00f2noma de Barcelona, 2010. Arxius i documents. Eines de recerca, n\u00fam. 7. <a href=\"https:\/\/ddd.uab.cat\/record\/125764\">https:\/\/ddd.uab.cat\/record\/125764<\/a><\/li>\n\n\n\n<li>Niub\u00f3 i Sala, Olga. <em>Inventari dels fons musicals de Catalunya. Volum 5: Fons Ramon Florensa de l&#8217;Arxiu Comarcal de l&#8217;Urgell <\/em>Barcelona: Generalitat de Catalunya. Departament de Cultura i Mitjans de Comunicaci\u00f3 &#8211; Universitat Aut\u00f2noma de Barcelona, 2010. Arxius i documents. Eines de recerca, n\u00fam. 8. <a href=\"https:\/\/ddd.uab.cat\/record\/125766\">https:\/\/ddd.uab.cat\/record\/125766<\/a><\/li>\n\n\n\n<li>Gregori i Cifr\u00e9, Josep Maria &#8211; Monells i Laqu\u00e9, Carme. <em>Inventari dels fons musicals de Catalunya. Volum 6: Fons de l&#8217;esgl\u00e9sia parroquial de Sant Esteve d&#8217;Olot i Fons Teodoro Echegoyen de l&#8217;Arxiu Comarcal de la Garrotxa. <\/em>Barcelona: Universitat Aut\u00f2noma de Barcelona, 2012. <a href=\"https:\/\/ddd.uab.cat\/record\/125760\">https:\/\/ddd.uab.cat\/record\/125760<\/a><\/li>\n\n\n\n<li>Gregori i Cifr\u00e9, Josep Maria \u2013 Salgado Cobo, Elena. <em>Inventari dels fons musicals de Catalunya. Volum 7: Fons de l&#8217;esgl\u00e9sia parroquial de Santa Maria de Castell\u00f3 d\u2019Emp\u00faries. <\/em>Barcelona: Universitat Aut\u00f2noma de Barcelona, 2013. <a href=\"https:\/\/ddd.uab.cat\/record\/125762\">https:\/\/ddd.uab.cat\/record\/125762<\/a><\/li>\n\n\n\n<li>Bonastre i Bertran, Francesc \u2013 Gregori i Cifr\u00e9, Josep Maria \u2013 Canela i Grau, Montserrat. <em>Inventari dels fons musicals de Catalunya. Volum 8: Fons de la Catedral de Tarragona. <\/em>Barcelona: Universitat Aut\u00f2noma de Barcelona, 2015. <a href=\"https:\/\/ddd.uab.cat\/record\/211252\">https:\/\/ddd.uab.cat\/record\/211252<\/a><\/li>\n\n\n\n<li>Gregori i Cifr\u00e9, Josep Maria \u2013 Romeu i Sol\u00e0, Anna. <em>Inventari dels fons musicals de Catalunya. Volum 9: Fons de la bas\u00edlica de Santa Maria d\u2019Igualada de l\u2019Arxiu Comarcal de l\u2019Anoia. <\/em>Barcelona: Universitat Aut\u00f2noma de Barcelona, 2016. <a href=\"https:\/\/ddd.uab.cat\/record\/211255\">https:\/\/ddd.uab.cat\/record\/211255<\/a><\/li>\n\n\n\n<li>Gregori i Cifr\u00e9, Josep Maria. <em>Inventari dels fons musicals de Catalunya. Volum 10: Fons de Catedral de Girona. <\/em>Barcelona: Universitat Aut\u00f2noma de Barcelona \u2013 Institut d\u2019Estudis Catalans, 2019. <a href=\"https:\/\/ddd.uab.cat\/record\/234561\">https:\/\/ddd.uab.cat\/record\/234561<\/a><\/li>\n\n\n\n<li>Anglada, Anna Maria \u2013 Badal, Carles \u2013 Fern\u00e1ndez, Nil \u2013 Gregori, Josep Maria. <em>Inventari dels fons musicals de Catalunya. Volum 11: Fons de Sant Feliu de Girona, Santuari de Santa Maria dels Arcs, Casa Carles, Santa Maria de la Bisbal i Narc\u00eds Figueras de l\u2019Arxiu Dioces\u00e0 de Girona. <\/em>Barcelona: Universitat Aut\u00f2noma de Barcelona \u2013 Institut d\u2019Estudis Catalans, 2020. <a href=\"https:\/\/ddd.uab.cat\/record\/266821\">https:\/\/ddd.uab.cat\/record\/266821<\/a><\/li>\n\n\n\n<li>Aug\u00e9, Irene \u2013 Badia, Mart\u00ed \u2013 Nav\u00e0s, Josep \u2013 Gregori, Josep Maria. <em>Inventari dels fons musicals de Catalunya. Volum 12: Fons de la catedral de Solsona, Santa Eul\u00e0lia de Berga i Santa Maria de Cornudella. <\/em>Barcelona: Universitat Aut\u00f2noma de Barcelona \u2013 Institut d\u2019Estudis Catalans, 2021. <a href=\"https:\/\/ddd.uab.cat\/record\/266820\">https:\/\/ddd.uab.cat\/record\/266820<\/a><\/li>\n<\/ol>\n\n\n\n<hr class=\"wp-block-separator has-alpha-channel-opacity\" \/>\n\n\n\n<p><a id=\"_ftn1\" href=\"#_ftnref1\">[1]<\/a> <em>Cf<\/em>. GREGORI I CIFR\u00c9, Josep Maria \u2013 GRASSOT I RADRESA, Marta \u2013 BADAL I P\u00c9REZ-ALARC\u00d3N, Carles. <em>Guia per a la descripci\u00f3 de documents musicals<\/em>. Barcelona: Departament de Cultura de la Generalitat de Catalunya \u2013 Institut d\u2019Estudis Catalans, 2024.<\/p>\n","protected":false},"excerpt":{"rendered":"<p>L\u2019elaboraci\u00f3 dels cat\u00e0legs ha configurat la sistematitzaci\u00f3 d\u2019una metodologia per a la descripci\u00f3 de documents musicals integrada dins la normativa arxiv\u00edstica i de gesti\u00f3 documental.[1] El sistema de descripci\u00f3 incorpora la digitalitzaci\u00f3 dels \u00edncipits musicals de les partitures manuscrites, en la majoria dels fons descrits, la qual cosa permet visualitzar les caracter\u00edstiques paleogr\u00e0fiques de cada [&hellip;]<\/p>\n","protected":false},"author":126,"featured_media":0,"parent":0,"menu_order":0,"comment_status":"closed","ping_status":"closed","template":"","meta":{"footnotes":""},"class_list":["post-370","page","type-page","status-publish","hentry"],"_links":{"self":[{"href":"https:\/\/webs.uab.cat\/ifmuc\/wp-json\/wp\/v2\/pages\/370","targetHints":{"allow":["GET"]}}],"collection":[{"href":"https:\/\/webs.uab.cat\/ifmuc\/wp-json\/wp\/v2\/pages"}],"about":[{"href":"https:\/\/webs.uab.cat\/ifmuc\/wp-json\/wp\/v2\/types\/page"}],"author":[{"embeddable":true,"href":"https:\/\/webs.uab.cat\/ifmuc\/wp-json\/wp\/v2\/users\/126"}],"replies":[{"embeddable":true,"href":"https:\/\/webs.uab.cat\/ifmuc\/wp-json\/wp\/v2\/comments?post=370"}],"version-history":[{"count":16,"href":"https:\/\/webs.uab.cat\/ifmuc\/wp-json\/wp\/v2\/pages\/370\/revisions"}],"predecessor-version":[{"id":1096,"href":"https:\/\/webs.uab.cat\/ifmuc\/wp-json\/wp\/v2\/pages\/370\/revisions\/1096"}],"wp:attachment":[{"href":"https:\/\/webs.uab.cat\/ifmuc\/wp-json\/wp\/v2\/media?parent=370"}],"curies":[{"name":"wp","href":"https:\/\/api.w.org\/{rel}","templated":true}]}}