{"id":739,"date":"2022-10-28T14:10:31","date_gmt":"2022-10-28T12:10:31","guid":{"rendered":"https:\/\/webs.uab.cat\/ifmuc2\/?page_id=739"},"modified":"2024-10-25T11:10:36","modified_gmt":"2024-10-25T10:10:36","slug":"financament","status":"publish","type":"page","link":"https:\/\/webs.uab.cat\/ifmuc\/financament\/","title":{"rendered":"Finan\u00e7ament"},"content":{"rendered":"\n<p>Entre 2003 i 2022, IFMuC ha comptat amb el suport diversos <a href=\"https:\/\/webs.uab.cat\/patmuc\/financament\/\" target=\"_blank\" rel=\"noreferrer noopener\">projectes de recerca MiCInn\/MinEco atorgats al grup de recerca (SGR) Patrimoni Musical de Catalunya (PatMuC) de la UAB<\/a>. Aquests ajuts han perm\u00e8s sufragar les diverses despeses d&#8217;infraestructura, publicacions, dietes i viatges del projecte.<\/p>\n\n\n\n<p>Entre 2006 i 2010 la Subdirecci\u00f3 General d&#8217;Arxius del Departament de Cultura i Mitjans de Comunicaci\u00f3 de la Generalitat de Catalunya va col\u00b7laborar en la subvenci\u00f3 de tasques de descripci\u00f3 dels fons musicals que es trobaven en proc\u00e9s de tractament per part del projecte, alhora que patrocin\u00e0 l\u2019edici\u00f3 dels cinc primers cat\u00e0legs impresos.<\/p>\n\n\n\n<p>A partir de 2018, l\u2019IFMuC s\u2019integra en el programa \u00ab<em>Fontes Music\u00e6 Cataloni\u00e6<\/em>: catalogaci\u00f3, edici\u00f3 i difusi\u00f3 dels repertoris compositius, iconogr\u00e0fics i de tradici\u00f3 oral de Catalunya (1450-1950)\u00bb, de la Secci\u00f3 Hist\u00f2rico-Arqueol\u00f2gica de l\u2019Institut d\u2019Estudis Catalans, i participa en la coordinaci\u00f3 del portal <a rel=\"noreferrer noopener\" href=\"https:\/\/fontes-musicae-cataloniae.iec.cat\/\" target=\"_blank\"><strong>Fontes Musicae Cataloniae<\/strong><\/a> de la mateixa instituci\u00f3.<\/p>\n","protected":false},"excerpt":{"rendered":"<p>Entre 2003 i 2022, IFMuC ha comptat amb el suport diversos projectes de recerca MiCInn\/MinEco atorgats al grup de recerca (SGR) Patrimoni Musical de Catalunya (PatMuC) de la UAB. Aquests ajuts han perm\u00e8s sufragar les diverses despeses d&#8217;infraestructura, publicacions, dietes i viatges del projecte. Entre 2006 i 2010 la Subdirecci\u00f3 General d&#8217;Arxius del Departament de [&hellip;]<\/p>\n","protected":false},"author":126,"featured_media":0,"parent":0,"menu_order":0,"comment_status":"closed","ping_status":"closed","template":"","meta":{"footnotes":""},"class_list":["post-739","page","type-page","status-publish","hentry"],"_links":{"self":[{"href":"https:\/\/webs.uab.cat\/ifmuc\/wp-json\/wp\/v2\/pages\/739","targetHints":{"allow":["GET"]}}],"collection":[{"href":"https:\/\/webs.uab.cat\/ifmuc\/wp-json\/wp\/v2\/pages"}],"about":[{"href":"https:\/\/webs.uab.cat\/ifmuc\/wp-json\/wp\/v2\/types\/page"}],"author":[{"embeddable":true,"href":"https:\/\/webs.uab.cat\/ifmuc\/wp-json\/wp\/v2\/users\/126"}],"replies":[{"embeddable":true,"href":"https:\/\/webs.uab.cat\/ifmuc\/wp-json\/wp\/v2\/comments?post=739"}],"version-history":[{"count":11,"href":"https:\/\/webs.uab.cat\/ifmuc\/wp-json\/wp\/v2\/pages\/739\/revisions"}],"predecessor-version":[{"id":1260,"href":"https:\/\/webs.uab.cat\/ifmuc\/wp-json\/wp\/v2\/pages\/739\/revisions\/1260"}],"wp:attachment":[{"href":"https:\/\/webs.uab.cat\/ifmuc\/wp-json\/wp\/v2\/media?parent=739"}],"curies":[{"name":"wp","href":"https:\/\/api.w.org\/{rel}","templated":true}]}}