{"id":102,"date":"2017-06-06T13:22:35","date_gmt":"2017-06-06T13:22:35","guid":{"rendered":"https:\/\/webs.uab.cat\/impressio\/copiar\/"},"modified":"2022-08-08T09:37:03","modified_gmt":"2022-08-08T09:37:03","slug":"copiar","status":"publish","type":"page","link":"https:\/\/webs.uab.cat\/impressio\/copiar\/","title":{"rendered":"Copiar"},"content":{"rendered":"<p>1. Pr\u00e9mer l\u2019opci\u00f3 c\u00f2pia<\/p>\n<p><img loading=\"lazy\" decoding=\"async\" class=\" size-full wp-image-99\" alt=\"\" src=\"https:\/\/webs.uab.cat\/impressio\/wp-content\/uploads\/sites\/137\/2017\/06\/copiar1.png\" width=\"300\" height=\"206\" srcset=\"https:\/\/webs.uab.cat\/impressio\/wp-content\/uploads\/sites\/137\/2017\/06\/copiar1.png 451w, https:\/\/webs.uab.cat\/impressio\/wp-content\/uploads\/sites\/137\/2017\/06\/copiar1-300x206.png 300w\" sizes=\"auto, (max-width: 300px) 100vw, 300px\" \/><\/p>\n<p><br clear=\"ALL\"><br \/>\n2. Modificar l\u2019acabat del document.<\/p>\n<p><img loading=\"lazy\" decoding=\"async\" class=\" size-full wp-image-100\" alt=\"\" src=\"https:\/\/webs.uab.cat\/impressio\/wp-content\/uploads\/sites\/137\/2017\/06\/copiar2.png\" width=\"300\" height=\"208\" srcset=\"https:\/\/webs.uab.cat\/impressio\/wp-content\/uploads\/sites\/137\/2017\/06\/copiar2.png 460w, https:\/\/webs.uab.cat\/impressio\/wp-content\/uploads\/sites\/137\/2017\/06\/copiar2-300x208.png 300w\" sizes=\"auto, (max-width: 300px) 100vw, 300px\" \/><\/p>\n<p>8. Introduir el n\u00famero de c\u00f2pies i pr\u00e9mer el bot\u00f3 verd<\/p>\n<p>9. Finalitzar sessi\u00f3, prement el bot\u00f3 ID marcat a la imatge, (la sessi\u00f3 finalitza igualment de manera autom\u00e0tica als 30 segons d\u2019inactivitat).<\/p>\n<p><img loading=\"lazy\" decoding=\"async\" class=\" size-full wp-image-101\" alt=\"\" src=\"https:\/\/webs.uab.cat\/impressio\/wp-content\/uploads\/sites\/137\/2017\/06\/copiar3.png\" width=\"300\" height=\"302\" srcset=\"https:\/\/webs.uab.cat\/impressio\/wp-content\/uploads\/sites\/137\/2017\/06\/copiar3.png 469w, https:\/\/webs.uab.cat\/impressio\/wp-content\/uploads\/sites\/137\/2017\/06\/copiar3-298x300.png 298w, https:\/\/webs.uab.cat\/impressio\/wp-content\/uploads\/sites\/137\/2017\/06\/copiar3-150x150.png 150w\" sizes=\"auto, (max-width: 300px) 100vw, 300px\" \/><\/p>\n","protected":false},"excerpt":{"rendered":"<p>1. Pr\u00e9mer l\u2019opci\u00f3 c\u00f2pia 2. Modificar l\u2019acabat del document. 8. Introduir el n\u00famero de c\u00f2pies i pr\u00e9mer el bot\u00f3 verd 9. Finalitzar sessi\u00f3, prement el bot\u00f3 ID marcat a la imatge, (la sessi\u00f3 finalitza igualment de manera autom\u00e0tica als 30 segons d\u2019inactivitat).<\/p>\n","protected":false},"author":20,"featured_media":0,"parent":0,"menu_order":0,"comment_status":"closed","ping_status":"closed","template":"","meta":{"footnotes":""},"class_list":["post-102","page","type-page","status-publish","hentry"],"_links":{"self":[{"href":"https:\/\/webs.uab.cat\/impressio\/wp-json\/wp\/v2\/pages\/102","targetHints":{"allow":["GET"]}}],"collection":[{"href":"https:\/\/webs.uab.cat\/impressio\/wp-json\/wp\/v2\/pages"}],"about":[{"href":"https:\/\/webs.uab.cat\/impressio\/wp-json\/wp\/v2\/types\/page"}],"author":[{"embeddable":true,"href":"https:\/\/webs.uab.cat\/impressio\/wp-json\/wp\/v2\/users\/20"}],"replies":[{"embeddable":true,"href":"https:\/\/webs.uab.cat\/impressio\/wp-json\/wp\/v2\/comments?post=102"}],"version-history":[{"count":1,"href":"https:\/\/webs.uab.cat\/impressio\/wp-json\/wp\/v2\/pages\/102\/revisions"}],"predecessor-version":[{"id":215,"href":"https:\/\/webs.uab.cat\/impressio\/wp-json\/wp\/v2\/pages\/102\/revisions\/215"}],"wp:attachment":[{"href":"https:\/\/webs.uab.cat\/impressio\/wp-json\/wp\/v2\/media?parent=102"}],"curies":[{"name":"wp","href":"https:\/\/api.w.org\/{rel}","templated":true}]}}