{"id":106,"date":"2017-06-06T13:34:18","date_gmt":"2017-06-06T13:34:18","guid":{"rendered":"https:\/\/webs.uab.cat\/impressio\/escanejar-i-enviar-al-correu-electronic\/"},"modified":"2022-08-08T09:37:15","modified_gmt":"2022-08-08T09:37:15","slug":"escanejar-i-enviar-al-correu-electronic","status":"publish","type":"page","link":"https:\/\/webs.uab.cat\/impressio\/escanejar-i-enviar-al-correu-electronic\/","title":{"rendered":"Escanejar i Enviar al correu electr\u00f2nic"},"content":{"rendered":"<p>1. Pr\u00e9mer el bot\u00f3 Llegir i Enviar.<\/p>\n<p><img loading=\"lazy\" decoding=\"async\" class=\" size-full wp-image-103\" alt=\"\" src=\"https:\/\/webs.uab.cat\/impressio\/wp-content\/uploads\/sites\/137\/2017\/06\/perescanejar1.png\" width=\"300\" height=\"207\" srcset=\"https:\/\/webs.uab.cat\/impressio\/wp-content\/uploads\/sites\/137\/2017\/06\/perescanejar1.png 448w, https:\/\/webs.uab.cat\/impressio\/wp-content\/uploads\/sites\/137\/2017\/06\/perescanejar1-300x207.png 300w\" sizes=\"auto, (max-width: 300px) 100vw, 300px\" \/><\/p>\n<p><br clear=\"ALL\"><br \/>\n2. Pr\u00e9mer el boto Enviar-me (El treball s\u2019enviar\u00e0 a l\u2019adre\u00e7a electr\u00f2nica de l\u2019usuari)<\/p>\n<p><img loading=\"lazy\" decoding=\"async\" class=\" size-full wp-image-104\" alt=\"\" src=\"https:\/\/webs.uab.cat\/impressio\/wp-content\/uploads\/sites\/137\/2017\/06\/perescanejar2.png\" width=\"300\" height=\"210\" srcset=\"https:\/\/webs.uab.cat\/impressio\/wp-content\/uploads\/sites\/137\/2017\/06\/perescanejar2.png 468w, https:\/\/webs.uab.cat\/impressio\/wp-content\/uploads\/sites\/137\/2017\/06\/perescanejar2-300x210.png 300w\" sizes=\"auto, (max-width: 300px) 100vw, 300px\" \/><\/p>\n<p>3. Finalitzar sessi\u00f3, prement el bot\u00f3 ID marcat a la imatge, (la sessi\u00f3 finalitza igualment de manera autom\u00e0tica als 30 segons d\u2019inactivitat).<\/p>\n<p><img loading=\"lazy\" decoding=\"async\" class=\" size-full wp-image-105\" alt=\"\" src=\"https:\/\/webs.uab.cat\/impressio\/wp-content\/uploads\/sites\/137\/2017\/06\/perescanejar3.png\" width=\"300\" height=\"302\" srcset=\"https:\/\/webs.uab.cat\/impressio\/wp-content\/uploads\/sites\/137\/2017\/06\/perescanejar3.png 469w, https:\/\/webs.uab.cat\/impressio\/wp-content\/uploads\/sites\/137\/2017\/06\/perescanejar3-298x300.png 298w, https:\/\/webs.uab.cat\/impressio\/wp-content\/uploads\/sites\/137\/2017\/06\/perescanejar3-150x150.png 150w\" sizes=\"auto, (max-width: 300px) 100vw, 300px\" \/><\/p>\n","protected":false},"excerpt":{"rendered":"<p>1. Pr\u00e9mer el bot\u00f3 Llegir i Enviar. 2. Pr\u00e9mer el boto Enviar-me (El treball s\u2019enviar\u00e0 a l\u2019adre\u00e7a electr\u00f2nica de l\u2019usuari) 3. Finalitzar sessi\u00f3, prement el bot\u00f3 ID marcat a la imatge, (la sessi\u00f3 finalitza igualment de manera autom\u00e0tica als 30 segons d\u2019inactivitat).<\/p>\n","protected":false},"author":20,"featured_media":0,"parent":0,"menu_order":0,"comment_status":"closed","ping_status":"closed","template":"","meta":{"footnotes":""},"class_list":["post-106","page","type-page","status-publish","hentry"],"_links":{"self":[{"href":"https:\/\/webs.uab.cat\/impressio\/wp-json\/wp\/v2\/pages\/106","targetHints":{"allow":["GET"]}}],"collection":[{"href":"https:\/\/webs.uab.cat\/impressio\/wp-json\/wp\/v2\/pages"}],"about":[{"href":"https:\/\/webs.uab.cat\/impressio\/wp-json\/wp\/v2\/types\/page"}],"author":[{"embeddable":true,"href":"https:\/\/webs.uab.cat\/impressio\/wp-json\/wp\/v2\/users\/20"}],"replies":[{"embeddable":true,"href":"https:\/\/webs.uab.cat\/impressio\/wp-json\/wp\/v2\/comments?post=106"}],"version-history":[{"count":1,"href":"https:\/\/webs.uab.cat\/impressio\/wp-json\/wp\/v2\/pages\/106\/revisions"}],"predecessor-version":[{"id":216,"href":"https:\/\/webs.uab.cat\/impressio\/wp-json\/wp\/v2\/pages\/106\/revisions\/216"}],"wp:attachment":[{"href":"https:\/\/webs.uab.cat\/impressio\/wp-json\/wp\/v2\/media?parent=106"}],"curies":[{"name":"wp","href":"https:\/\/api.w.org\/{rel}","templated":true}]}}