{"id":127,"date":"2017-06-12T13:46:33","date_gmt":"2017-06-12T13:46:33","guid":{"rendered":"https:\/\/webs.uab.cat\/impressio\/activar-el-compte-dusuari-duniflow-online\/"},"modified":"2022-08-08T09:39:19","modified_gmt":"2022-08-08T09:39:19","slug":"activar-el-compte-dusuari-duniflow-online","status":"publish","type":"page","link":"https:\/\/webs.uab.cat\/impressio\/activar-el-compte-dusuari-duniflow-online\/","title":{"rendered":"ACTIVAR EL COMPTE D&#8217;USUARI D&#8217;UNIFLOW ONLINE"},"content":{"rendered":"<p>Informaci\u00f3 dirigida als estudiants de la UAB.<\/p>\n<p>Per tal de poder utilitzar les impressores d\u2019autoservei de CANON, el primer que cal fer \u00e9s activar el compte d\u2019usuari al tenant d\u2019uniFLOW Online.<\/p>\n<h2><strong>Activar el compte d\u2019usuari<\/strong><\/h2>\n<p>Iniciar sessi\u00f3 al <a href=\"https:\/\/uab.eu.uniflowonline.com\">tenant<\/a> i seleccionar <strong>\u201cContinuar amb UAB\u201d<\/strong>.<\/p>\n<p><img loading=\"lazy\" decoding=\"async\" class=\" size-full wp-image-121\" src=\"https:\/\/webs.uab.cat\/impressio\/wp-content\/uploads\/sites\/137\/2017\/06\/imatge1_1.png\" alt=\"imatge1_1.png\" width=\"441\" height=\"387\" srcset=\"https:\/\/webs.uab.cat\/impressio\/wp-content\/uploads\/sites\/137\/2017\/06\/imatge1_1.png 441w, https:\/\/webs.uab.cat\/impressio\/wp-content\/uploads\/sites\/137\/2017\/06\/imatge1_1-300x263.png 300w\" sizes=\"auto, (max-width: 441px) 100vw, 441px\" \/><\/p>\n<p>Aix\u00f2 et portar\u00e0 al servei d\u2019autenticaci\u00f3 de la UAB, on haur\u00e0s d\u2019introduir les teves credencials: <a href=\"mailto:niu@uab.cat\">&lt;niu&gt;@uab.cat<\/a> i la clau d\u2019acc\u00e9s. Tingues en compte el doble factor d\u2019autenticaci\u00f3.<\/p>\n<p><img loading=\"lazy\" decoding=\"async\" class=\" size-full wp-image-122\" src=\"https:\/\/webs.uab.cat\/impressio\/wp-content\/uploads\/sites\/137\/2017\/06\/imatge2_1.png\" alt=\"imatge2_1.png\" width=\"167\" height=\"104\" \/><\/p>\n<p>Un cop iniciada la sessi\u00f3 ja has activat el compte i veur\u00e0s una pantalla com aquesta:<\/p>\n<p><img loading=\"lazy\" decoding=\"async\" class=\" size-full wp-image-123\" src=\"https:\/\/webs.uab.cat\/impressio\/wp-content\/uploads\/sites\/137\/2017\/06\/imatge3_1.png\" alt=\"imatge3_1.png\" width=\"568\" height=\"328\" srcset=\"https:\/\/webs.uab.cat\/impressio\/wp-content\/uploads\/sites\/137\/2017\/06\/imatge3_1.png 568w, https:\/\/webs.uab.cat\/impressio\/wp-content\/uploads\/sites\/137\/2017\/06\/imatge3_1-300x173.png 300w\" sizes=\"auto, (max-width: 568px) 100vw, 568px\" \/><\/p>\n<p>Tot seguit rebr\u00e0s dos correus electr\u00f2nics amb dues claus, que serviran per identificar-se a les pantalles de les impressores d\u2019autoservei, el PIN d\u2019uniFLOW Online i el Codi de registre de targeta d\u2019uniFLOW Online.<\/p>\n<h2><\/h2>\n<h2><strong>Codi PIN i registre de targeta<\/strong><\/h2>\n<ul>\n<li><strong>PIN<\/strong>: codi num\u00e8ric de 8 xifres. Cal introduir-lo en la pantalla inicial de la impressora multifuncional quan vulguis alliberar els treballs d\u2019impressi\u00f3.<\/li>\n<\/ul>\n<p><img loading=\"lazy\" decoding=\"async\" class=\" size-full wp-image-124\" src=\"https:\/\/webs.uab.cat\/impressio\/wp-content\/uploads\/sites\/137\/2017\/06\/imatge4_1.jpg\" alt=\"imatge4_1.jpg\" width=\"400\" height=\"276\" srcset=\"https:\/\/webs.uab.cat\/impressio\/wp-content\/uploads\/sites\/137\/2017\/06\/imatge4_1.jpg 479w, https:\/\/webs.uab.cat\/impressio\/wp-content\/uploads\/sites\/137\/2017\/06\/imatge4_1-300x207.jpg 300w\" sizes=\"auto, (max-width: 400px) 100vw, 400px\" \/><\/p>\n<ul>\n<li><strong>Codi de registre de targeta<\/strong>, anomenat tamb\u00e9 <strong>Codi d\u2019Identificaci\u00f3 Temporal (CIT)<\/strong><\/li>\n<\/ul>\n<p>Per no haver d\u2019entrar cada cop el PIN de 8 d\u00edgits, pots registrar la targeta UAB. Per fer-ho cal introduir-la en el lector de targetes de la impressora d\u2019autoservei. La primera vegada demanar\u00e0 aquest codi (veure imatge). Aix\u00f2 vincular\u00e0 la targeta amb el compte personal d\u2019uniFLOW Online. Un cop registrada la targeta ja no es tornar\u00e0 a demanar i la identificaci\u00f3 es podr\u00e0 realitzar \u00fanicament introduint la targeta.<\/p>\n<ul>\n<li>A partir d\u2019aquest moment la identificaci\u00f3 per alliberar els treballs enviats \u00a0es podr\u00e0 fer, o b\u00e9 amb el codi PIN o introduint la targeta UAB en el lector de qualsevol de les impressores d\u2019autoservei distribu\u00efdes pel campus.<\/li>\n<\/ul>\n<p><img loading=\"lazy\" decoding=\"async\" class=\" size-full wp-image-125\" src=\"https:\/\/webs.uab.cat\/impressio\/wp-content\/uploads\/sites\/137\/2017\/06\/imatge5_2.png\" alt=\"imatge5_2.png\" width=\"400\" height=\"275\" srcset=\"https:\/\/webs.uab.cat\/impressio\/wp-content\/uploads\/sites\/137\/2017\/06\/imatge5_2.png 326w, https:\/\/webs.uab.cat\/impressio\/wp-content\/uploads\/sites\/137\/2017\/06\/imatge5_2-300x206.png 300w\" sizes=\"auto, (max-width: 400px) 100vw, 400px\" \/><\/p>\n<ul>\n<li>En qualsevol moment podeu consultar el codi PIN al vostre compte <a href=\"https:\/\/uab.eu.uniflowonline.com\">d\u2019uniFLOW online<\/a> i visualitzar el codi, (veure imatge).<\/li>\n<\/ul>\n<p><img loading=\"lazy\" decoding=\"async\" class=\" size-full wp-image-126\" src=\"https:\/\/webs.uab.cat\/impressio\/wp-content\/uploads\/sites\/137\/2017\/06\/imatge6_2.png\" alt=\"imatge6_2.png\" width=\"400\" height=\"169\" \/><\/p>\n","protected":false},"excerpt":{"rendered":"<p>Informaci\u00f3 dirigida als estudiants de la UAB. Per tal de poder utilitzar les impressores d\u2019autoservei de CANON, el primer que cal fer \u00e9s activar el compte d\u2019usuari al tenant d\u2019uniFLOW Online. Activar el compte d\u2019usuari Iniciar sessi\u00f3 al tenant i seleccionar \u201cContinuar amb UAB\u201d. Aix\u00f2 et portar\u00e0 al servei d\u2019autenticaci\u00f3 de la UAB, on haur\u00e0s [&hellip;]<\/p>\n","protected":false},"author":20,"featured_media":0,"parent":0,"menu_order":0,"comment_status":"closed","ping_status":"closed","template":"","meta":{"footnotes":""},"class_list":["post-127","page","type-page","status-publish","hentry"],"_links":{"self":[{"href":"https:\/\/webs.uab.cat\/impressio\/wp-json\/wp\/v2\/pages\/127","targetHints":{"allow":["GET"]}}],"collection":[{"href":"https:\/\/webs.uab.cat\/impressio\/wp-json\/wp\/v2\/pages"}],"about":[{"href":"https:\/\/webs.uab.cat\/impressio\/wp-json\/wp\/v2\/types\/page"}],"author":[{"embeddable":true,"href":"https:\/\/webs.uab.cat\/impressio\/wp-json\/wp\/v2\/users\/20"}],"replies":[{"embeddable":true,"href":"https:\/\/webs.uab.cat\/impressio\/wp-json\/wp\/v2\/comments?post=127"}],"version-history":[{"count":1,"href":"https:\/\/webs.uab.cat\/impressio\/wp-json\/wp\/v2\/pages\/127\/revisions"}],"predecessor-version":[{"id":220,"href":"https:\/\/webs.uab.cat\/impressio\/wp-json\/wp\/v2\/pages\/127\/revisions\/220"}],"wp:attachment":[{"href":"https:\/\/webs.uab.cat\/impressio\/wp-json\/wp\/v2\/media?parent=127"}],"curies":[{"name":"wp","href":"https:\/\/api.w.org\/{rel}","templated":true}]}}