{"id":132,"date":"2017-06-13T13:42:18","date_gmt":"2017-06-13T13:42:18","guid":{"rendered":"https:\/\/webs.uab.cat\/impressio\/imprimir-estudiants\/"},"modified":"2022-08-08T09:39:54","modified_gmt":"2022-08-08T09:39:54","slug":"imprimir-estudiants","status":"publish","type":"page","link":"https:\/\/webs.uab.cat\/impressio\/imprimir-estudiants\/","title":{"rendered":"Imprimir Estudiants"},"content":{"rendered":"<p>Procediment per a imprimir des de qualsevol ordinador, ja sigui a les aules d&#8217;inform\u00e0tica, a les biblioteques o al teu ordinador personal.<\/p>\n<p>Hi ha dos procediments per a imprimir:<\/p>\n<ol>\n<li>Via WEB<\/li>\n<li>Via CORREU ELECTR\u00d2NIC<\/li>\n<\/ol>\n<p><strong>RECORDA<\/strong>, abans d&#8217;enviar els treballs a imprimir has de tenir saldo suficient al teu compte personal.<\/p>\n<p><strong>WEB:<\/strong><\/p>\n<ol>\n<li>Obrir el compte al tenant de uniFLOW (a <a href=\"https:\/\/uab.eu.uniFLOWonline.com\">https:\/\/uab.eu.uniFLOWonline.com<\/a>) amb les credencials de la uab (<a href=\"mailto:niu@uab.cat\">niu@uab.cat<\/a>, clau d\u2019acc\u00e9s &nbsp;i doble factor d\u2019autenticaci\u00f3)<\/li>\n<li>Anar a la pestanya \u201cIniciar impressi\u00f3\u201d<\/li>\n<li>Arrossegar el document a l\u2019\u00e0rea de recepci\u00f3 de treballs:<\/li>\n<\/ol>\n<p><strong>CORREU ELECTR\u00d2NIC<\/strong><\/p>\n<ul>\n<li>Adjuntar un o m\u00e9s documents en un correu adre\u00e7at a <a href=\"mailto:mobileprint@uab.eu.uniflowonline.com\">mobileprint@uab.eu.uniflowonline.com<\/a>. Els documents adjunts apareixeran com treballs d\u2019impressi\u00f3. Naturalment, el remitent del correu ha de ser l\u2019usuari que envia el treballs i el que podr\u00e0 recollir-los identificant-se a la impressora.<\/li>\n<\/ul>\n<p>NOTA: En la impressi\u00f3 via web i via correu electr\u00f2nic, la llista de tipus d\u2019arxiu admesos es pot consultar al la pestanya \u201cIniciar Impressi\u00f3\u201d -&gt; \u201cMostrar llista de tipus de fitxer admesos\u201d, al compte d\u2019uniFLOW Online<\/p>\n<p>&nbsp;<\/p>\n<p>UNA VEGADA DAVANT DE LA IMPRESSORA<\/p>\n<ul>\n<li>introduir la targeta UAB en el lector, o introduir manualment el PIN.<\/li>\n<\/ul>\n<p><img loading=\"lazy\" decoding=\"async\" class=\" size-full wp-image-128\" alt=\"imatge4_3.jpg\" src=\"https:\/\/webs.uab.cat\/impressio\/wp-content\/uploads\/sites\/137\/2017\/06\/imatge4_3.jpg\" width=\"300\" height=\"207\" srcset=\"https:\/\/webs.uab.cat\/impressio\/wp-content\/uploads\/sites\/137\/2017\/06\/imatge4_3.jpg 479w, https:\/\/webs.uab.cat\/impressio\/wp-content\/uploads\/sites\/137\/2017\/06\/imatge4_3-300x207.jpg 300w\" sizes=\"auto, (max-width: 300px) 100vw, 300px\" \/>&nbsp; &nbsp; &nbsp; &nbsp; &nbsp; &nbsp; &nbsp; &nbsp; &nbsp; &nbsp; &nbsp; &nbsp; &nbsp; &nbsp; &nbsp; &nbsp; &nbsp;&nbsp;<img loading=\"lazy\" decoding=\"async\" class=\" size-full wp-image-129\" alt=\"imatge5_4.png\" src=\"https:\/\/webs.uab.cat\/impressio\/wp-content\/uploads\/sites\/137\/2017\/06\/imatge5_4.png\" width=\"300\" height=\"206\" srcset=\"https:\/\/webs.uab.cat\/impressio\/wp-content\/uploads\/sites\/137\/2017\/06\/imatge5_4.png 326w, https:\/\/webs.uab.cat\/impressio\/wp-content\/uploads\/sites\/137\/2017\/06\/imatge5_4-300x206.png 300w\" sizes=\"auto, (max-width: 300px) 100vw, 300px\" \/>&nbsp;&nbsp;&nbsp;&nbsp;&nbsp;&nbsp;&nbsp;&nbsp;&nbsp;&nbsp;&nbsp;&nbsp;&nbsp;&nbsp;&nbsp;&nbsp;&nbsp;&nbsp;&nbsp;&nbsp;&nbsp;&nbsp;&nbsp;&nbsp;&nbsp;&nbsp;&nbsp;&nbsp;&nbsp;<\/p>\n<p>&nbsp;<\/p>\n<ul>\n<li>Seleccionar els treballs requerits individualment o tots a l\u2019hora<\/li>\n<\/ul>\n<p><img loading=\"lazy\" decoding=\"async\" class=\" size-full wp-image-130\" alt=\"\" src=\"https:\/\/webs.uab.cat\/impressio\/wp-content\/uploads\/sites\/137\/2017\/06\/impressora3.jpg\" width=\"300\" height=\"208\" srcset=\"https:\/\/webs.uab.cat\/impressio\/wp-content\/uploads\/sites\/137\/2017\/06\/impressora3.jpg 501w, https:\/\/webs.uab.cat\/impressio\/wp-content\/uploads\/sites\/137\/2017\/06\/impressora3-300x208.jpg 300w\" sizes=\"auto, (max-width: 300px) 100vw, 300px\" \/>&nbsp;&nbsp;&nbsp;&nbsp;&nbsp;&nbsp;&nbsp;&nbsp;&nbsp;&nbsp;&nbsp;&nbsp;&nbsp;&nbsp;&nbsp;&nbsp;&nbsp;&nbsp;&nbsp;&nbsp;&nbsp;&nbsp;&nbsp;&nbsp;&nbsp;&nbsp;&nbsp;&nbsp;&nbsp;&nbsp;&nbsp;&nbsp;&nbsp; <img loading=\"lazy\" decoding=\"async\" class=\" size-full wp-image-131\" alt=\"\" src=\"https:\/\/webs.uab.cat\/impressio\/wp-content\/uploads\/sites\/137\/2017\/06\/impressora4.jpg\" width=\"300\" height=\"210\" srcset=\"https:\/\/webs.uab.cat\/impressio\/wp-content\/uploads\/sites\/137\/2017\/06\/impressora4.jpg 551w, https:\/\/webs.uab.cat\/impressio\/wp-content\/uploads\/sites\/137\/2017\/06\/impressora4-300x210.jpg 300w\" sizes=\"auto, (max-width: 300px) 100vw, 300px\" \/><\/p>\n<ul>\n<li>Imprimir o cancel\u00b7lar els treballs prement el bot\u00f3 corresponent<\/li>\n<\/ul>\n<p>&nbsp; &nbsp; &nbsp; &nbsp; &nbsp; &nbsp; &nbsp; &nbsp; &nbsp; &nbsp; &nbsp; &nbsp; &nbsp;a.<strong> Imprimir + eliminar<\/strong> imprimeix els treballs i els esborra del servidor<\/p>\n<p>&nbsp; &nbsp; &nbsp; &nbsp; &nbsp; &nbsp; &nbsp; &nbsp; &nbsp; &nbsp; &nbsp; &nbsp; &nbsp;b.<strong> Eliminar<\/strong> esborra els treballs seleccionats del servidor<\/p>\n<p><em>NOTA: L\u2019import del treball es descomptar\u00e0 del saldo una vegada s\u2019hagi impr\u00e8s.<\/em><\/p>\n<ul>\n<li>Recollir els treball<\/li>\n<li>Finalitzar la sessi\u00f3. (Igualment la sessi\u00f3 finalitzar\u00e0 de manera autom\u00e0tica als 30 segons d\u2019inactivitat).<\/li>\n<\/ul>\n","protected":false},"excerpt":{"rendered":"<p>Procediment per a imprimir des de qualsevol ordinador, ja sigui a les aules d&#8217;inform\u00e0tica, a les biblioteques o al teu ordinador personal. Hi ha dos procediments per a imprimir: Via WEB Via CORREU ELECTR\u00d2NIC RECORDA, abans d&#8217;enviar els treballs a imprimir has de tenir saldo suficient al teu compte personal. WEB: Obrir el compte al [&hellip;]<\/p>\n","protected":false},"author":20,"featured_media":0,"parent":0,"menu_order":0,"comment_status":"closed","ping_status":"closed","template":"","meta":{"footnotes":""},"class_list":["post-132","page","type-page","status-publish","hentry"],"_links":{"self":[{"href":"https:\/\/webs.uab.cat\/impressio\/wp-json\/wp\/v2\/pages\/132","targetHints":{"allow":["GET"]}}],"collection":[{"href":"https:\/\/webs.uab.cat\/impressio\/wp-json\/wp\/v2\/pages"}],"about":[{"href":"https:\/\/webs.uab.cat\/impressio\/wp-json\/wp\/v2\/types\/page"}],"author":[{"embeddable":true,"href":"https:\/\/webs.uab.cat\/impressio\/wp-json\/wp\/v2\/users\/20"}],"replies":[{"embeddable":true,"href":"https:\/\/webs.uab.cat\/impressio\/wp-json\/wp\/v2\/comments?post=132"}],"version-history":[{"count":1,"href":"https:\/\/webs.uab.cat\/impressio\/wp-json\/wp\/v2\/pages\/132\/revisions"}],"predecessor-version":[{"id":222,"href":"https:\/\/webs.uab.cat\/impressio\/wp-json\/wp\/v2\/pages\/132\/revisions\/222"}],"wp:attachment":[{"href":"https:\/\/webs.uab.cat\/impressio\/wp-json\/wp\/v2\/media?parent=132"}],"curies":[{"name":"wp","href":"https:\/\/api.w.org\/{rel}","templated":true}]}}