{"id":145,"date":"2018-09-26T15:07:24","date_gmt":"2018-09-26T15:07:24","guid":{"rendered":"https:\/\/webs.uab.cat\/impressio\/recarrega-de-saldo\/"},"modified":"2022-08-08T09:39:35","modified_gmt":"2022-08-08T09:39:35","slug":"recarrega-de-saldo","status":"publish","type":"page","link":"https:\/\/webs.uab.cat\/impressio\/recarrega-de-saldo\/","title":{"rendered":"REC\u00c0RREGA DE SALDO"},"content":{"rendered":"<p><strong>Procediments de rec\u00e0rrega de saldo<\/strong><\/p>\n<p>Abans d\u2019utilitzar el sistema d\u2019impressi\u00f3 heu de carregar saldo al vostre compte personal. Hi ha dues maneres de fer-ho.<\/p>\n<p>&nbsp;<\/p>\n<ul>\n<li><strong>MITJAN\u00c7ANT PAYPAL:<\/strong>&nbsp; Amb la nova versi\u00f3 d\u2019uniFLOW Online, s\u2019ha millorat la funci\u00f3 de c\u00e0rrega de saldo permetent fer-ho c\u00f2modament mitjan\u00e7ant PayPal <sup>(1)<\/sup>.<\/li>\n<li><strong>EN EL CENTRE ASSISTIT:<\/strong>&nbsp;Hi ha un Servei Assistit a Pla\u00e7a C\u00edvica a on podr\u00e0s carregar saldo al teu compte personal. En aquest cas pots fer el pagament en efectiu o amb targeta de cr\u00e8dit o d\u00e8bit.<\/li>\n<\/ul>\n<p>&nbsp;<\/p>\n<p><sup>(1)<\/sup><strong>Rec\u00e0rrega de saldo mitjan\u00e7ant PayPal <\/strong><\/p>\n<p>Pas 1: L&#8217;estudiant inicia sessi\u00f3 a uniFLOW Online:&nbsp;<u><a href=\"https:\/\/uab.eu.uniflowonline.com\/\">https:\/\/uab.eu.uniflowonline.com<\/a><\/u><\/p>\n<p>Pas 2:&nbsp; En el quadre de comandaments seleccionar&nbsp;&nbsp; \u201c+ Afegir giny\u201d.<\/p>\n<p><img loading=\"lazy\" decoding=\"async\" class=\" size-full wp-image-139\" alt=\"pas_1.png\" src=\"https:\/\/webs.uab.cat\/impressio\/wp-content\/uploads\/sites\/137\/2018\/09\/pas_1.png\" width=\"417\" height=\"139\" srcset=\"https:\/\/webs.uab.cat\/impressio\/wp-content\/uploads\/sites\/137\/2018\/09\/pas_1.png 417w, https:\/\/webs.uab.cat\/impressio\/wp-content\/uploads\/sites\/137\/2018\/09\/pas_1-300x100.png 300w\" sizes=\"auto, (max-width: 417px) 100vw, 417px\" \/><\/p>\n<p>Pas 3: Seleccionar&nbsp;\u201cEl meu pressupost\u201d.<\/p>\n<p><img loading=\"lazy\" decoding=\"async\" class=\" size-full wp-image-140\" alt=\"pas_2.png\" src=\"https:\/\/webs.uab.cat\/impressio\/wp-content\/uploads\/sites\/137\/2018\/09\/pas_2.png\" width=\"422\" height=\"127\" srcset=\"https:\/\/webs.uab.cat\/impressio\/wp-content\/uploads\/sites\/137\/2018\/09\/pas_2.png 422w, https:\/\/webs.uab.cat\/impressio\/wp-content\/uploads\/sites\/137\/2018\/09\/pas_2-300x90.png 300w\" sizes=\"auto, (max-width: 422px) 100vw, 422px\" \/><\/p>\n<p>Pas 4: Seleccionar&nbsp;\u201c+ Afegir Fons\u201d en el giny del meu pressupost del quadre de comandaments.<\/p>\n<p><img loading=\"lazy\" decoding=\"async\" class=\" size-full wp-image-141\" alt=\"pas_3.png\" src=\"https:\/\/webs.uab.cat\/impressio\/wp-content\/uploads\/sites\/137\/2018\/09\/pas_3.png\" width=\"423\" height=\"107\" srcset=\"https:\/\/webs.uab.cat\/impressio\/wp-content\/uploads\/sites\/137\/2018\/09\/pas_3.png 423w, https:\/\/webs.uab.cat\/impressio\/wp-content\/uploads\/sites\/137\/2018\/09\/pas_3-300x76.png 300w\" sizes=\"auto, (max-width: 423px) 100vw, 423px\" \/><\/p>\n<p>Pas 5: A partir d&#8217;aqu\u00ed es pot seguir endavant,&nbsp;autenticar-se amb el compte personal de PayPal i fer l&#8217;ingr\u00e8s <strong>(m\u00ednim 3\u20ac)<\/strong>.<\/p>\n<p><img loading=\"lazy\" decoding=\"async\" class=\" size-full wp-image-142\" alt=\"pas_4.png\" src=\"https:\/\/webs.uab.cat\/impressio\/wp-content\/uploads\/sites\/137\/2018\/09\/pas_4.png\" width=\"425\" height=\"108\" srcset=\"https:\/\/webs.uab.cat\/impressio\/wp-content\/uploads\/sites\/137\/2018\/09\/pas_4.png 425w, https:\/\/webs.uab.cat\/impressio\/wp-content\/uploads\/sites\/137\/2018\/09\/pas_4-300x76.png 300w\" sizes=\"auto, (max-width: 425px) 100vw, 425px\" \/><\/p>\n<p><img loading=\"lazy\" decoding=\"async\" class=\" size-full wp-image-143\" alt=\"pas_5_0.png\" src=\"https:\/\/webs.uab.cat\/impressio\/wp-content\/uploads\/sites\/137\/2018\/09\/pas_5_0.png\" width=\"302\" height=\"184\" srcset=\"https:\/\/webs.uab.cat\/impressio\/wp-content\/uploads\/sites\/137\/2018\/09\/pas_5_0.png 302w, https:\/\/webs.uab.cat\/impressio\/wp-content\/uploads\/sites\/137\/2018\/09\/pas_5_0-300x183.png 300w\" sizes=\"auto, (max-width: 302px) 100vw, 302px\" \/><\/p>\n<p>Pas 6: Quan la transacci\u00f3 s&#8217;ha processat i s&#8217;ha dedu\u00eft el c\u00e0rrec, la nova quantitat estar\u00e0 disponible al pressupost del compte personal.<\/p>\n<p><img loading=\"lazy\" decoding=\"async\" class=\" size-full wp-image-144\" alt=\"pas_6.png\" src=\"https:\/\/webs.uab.cat\/impressio\/wp-content\/uploads\/sites\/137\/2018\/09\/pas_6.png\" width=\"681\" height=\"220\" srcset=\"https:\/\/webs.uab.cat\/impressio\/wp-content\/uploads\/sites\/137\/2018\/09\/pas_6.png 681w, https:\/\/webs.uab.cat\/impressio\/wp-content\/uploads\/sites\/137\/2018\/09\/pas_6-300x97.png 300w\" sizes=\"auto, (max-width: 681px) 100vw, 681px\" \/><\/p>\n<p>&nbsp;<\/p>\n<p><strong>NOTA:<\/strong>&nbsp;Si tenies saldo al teu compte en el sistema anterior, aquest es carregar\u00e0 automaticament al teu nou compte una vegada activis el teu compte d&#8217;usuari d&#8217;uniFLOW online. (Si tens algun dubte pots dirigir-te al centre assistit de Pla\u00e7a C\u00edvica o mitjan\u00e7ant correu electr\u00f2nic a <a href=\"mailto:ocivica@canon.es\">ocivica@canon.es<\/a>)&nbsp;<\/p>\n","protected":false},"excerpt":{"rendered":"<p>Procediments de rec\u00e0rrega de saldo Abans d\u2019utilitzar el sistema d\u2019impressi\u00f3 heu de carregar saldo al vostre compte personal. Hi ha dues maneres de fer-ho. &nbsp; MITJAN\u00c7ANT PAYPAL:&nbsp; Amb la nova versi\u00f3 d\u2019uniFLOW Online, s\u2019ha millorat la funci\u00f3 de c\u00e0rrega de saldo permetent fer-ho c\u00f2modament mitjan\u00e7ant PayPal (1). EN EL CENTRE ASSISTIT:&nbsp;Hi ha un Servei Assistit [&hellip;]<\/p>\n","protected":false},"author":20,"featured_media":0,"parent":0,"menu_order":0,"comment_status":"closed","ping_status":"closed","template":"","meta":{"footnotes":""},"class_list":["post-145","page","type-page","status-publish","hentry"],"_links":{"self":[{"href":"https:\/\/webs.uab.cat\/impressio\/wp-json\/wp\/v2\/pages\/145","targetHints":{"allow":["GET"]}}],"collection":[{"href":"https:\/\/webs.uab.cat\/impressio\/wp-json\/wp\/v2\/pages"}],"about":[{"href":"https:\/\/webs.uab.cat\/impressio\/wp-json\/wp\/v2\/types\/page"}],"author":[{"embeddable":true,"href":"https:\/\/webs.uab.cat\/impressio\/wp-json\/wp\/v2\/users\/20"}],"replies":[{"embeddable":true,"href":"https:\/\/webs.uab.cat\/impressio\/wp-json\/wp\/v2\/comments?post=145"}],"version-history":[{"count":1,"href":"https:\/\/webs.uab.cat\/impressio\/wp-json\/wp\/v2\/pages\/145\/revisions"}],"predecessor-version":[{"id":221,"href":"https:\/\/webs.uab.cat\/impressio\/wp-json\/wp\/v2\/pages\/145\/revisions\/221"}],"wp:attachment":[{"href":"https:\/\/webs.uab.cat\/impressio\/wp-json\/wp\/v2\/media?parent=145"}],"curies":[{"name":"wp","href":"https:\/\/api.w.org\/{rel}","templated":true}]}}