{"id":152,"date":"2019-09-13T11:46:23","date_gmt":"2019-09-13T11:46:23","guid":{"rendered":"https:\/\/webs.uab.cat\/impressio\/pas-pas-estudiants-20\/"},"modified":"2019-09-13T11:46:23","modified_gmt":"2019-09-13T11:46:23","slug":"pas-pas-estudiants-20","status":"publish","type":"page","link":"https:\/\/webs.uab.cat\/impressio\/pas-pas-estudiants-20\/","title":{"rendered":"PAS A PAS ESTUDIANTS 2.0"},"content":{"rendered":"<p class=\"Normalnospace\"><span>Com a estudiant de la UAB teniu acc\u00e9s a utilitzar qualsevol dels sistemes d\u2019impressi\u00f3, copia o escaneig, que s\u2019ofereixen a la UAB. <span>&nbsp;<\/span><\/span><\/p>\n<p class=\"Normalnospace\"><span>Cada una de les alternatives t\u00e9 els seus avantatges, tot seguit es resumeix en que consisteix cadascuna amb l\u2019objectiu que utilitzeu la que m\u00e9s us convingui.<\/span><\/p>\n<p class=\"Normalnospace\"><span><span>1.<span>&nbsp;&nbsp;&nbsp;&nbsp;&nbsp;&nbsp;<\/span><\/span><\/span> <strong>AUTOSERVEI<\/strong><sup>(1)<\/sup> <u><strong><span>:<\/span><\/strong><\/u><span> <\/span><span>\u00c9s el sistema <b>m\u00e9s econ\u00f2mic<\/b> i est\u00e0 adre\u00e7at exclusivament a les persones vinculades a la UAB, estudiants<\/span><b><i><sup><span>(2)<\/span><\/sup><\/i><\/b><span>, PDI i PAS. <\/span><span>L\u2019autoservei permet a l\u2019usuari imprimir, copiar i escanejar, en blanc i negre o en color, en formats de DinA4 i DinA3.<\/span><\/p>\n<p class=\"Normalnospace\"><span>B\u00e0sicament es tracta que l\u2019usuari pugui enviar a imprimir els seus documents, des de qualsevol dels seus dispositius, (ordinador, port\u00e0til, tableta, m\u00f2bil, etc.) o des dels ordinadors de les aules d\u2019inform\u00e0tica o des dels de les biblioteques, i reculli els treballs en qualsevol dels&nbsp;30 equips distribu\u00efts pel Campus<sup>&nbsp;<b>(3)<\/b><\/sup>.<\/span><\/p>\n<p class=\"Normalnospace\"><span>Tamb\u00e9 podreu imprimir els dossiers dels professors en 6 d\u2019aquests equips,.<\/span><\/p>\n<p class=\"Normalnospace\"><span>La ubicaci\u00f3 concreta dels equips la podeu trobar <a href=\"http:\/\/pagines.uab.cat\/impressio\/content\/ubicaci%C3%B3-dels-equips-0\">aqu\u00ed.<\/a><\/span><\/p>\n<p class=\"Normalnospace\"><i><sup><span>(1)<\/span><\/sup><\/i><i><span> Treballarem amb el sistema \u2018My print anywhere\u2019, que vol dir que, en lloc d\u2019imprimir en un equip espec\u00edfic, l\u2019usuari imprimir\u00e0 a una cua d\u2019impressi\u00f3 segura i accedir\u00e0 al seu document des de qualsevol equip amb independ\u00e8ncia de la seva ubicaci\u00f3.<\/span><\/i><\/p>\n<p class=\"Normalnospace\"><i><sup><span>(2)<\/span><\/sup><\/i><i><span> Les dades, NIU i correu electr\u00f2nic, de tots els alumnes de la UAB estan incloses en el sistema. A l\u2019arribar a la m\u00e0quina identifiqueu-vos introduint la targeta universit\u00e0ria en el lector o teclejant el NIU i contrasenya. <\/span><\/i><\/p>\n<p class=\"Normalnospace\"><i><sup><span>&nbsp;(3) <\/span><\/sup><\/i><i><span>L\u2019usuari ha de carregar saldo al seu compte personal. Pot fer-ho des dels carregadors (hi ha 5 distribu\u00efts pel Campus de Bellaterra i 1 al Campus de Sabadell)<span>&nbsp; <\/span>o a qualsevol dels 6 centres de reprografia, oberts al Campus de Bellaterra.<\/span><\/i><\/p>\n<p class=\"Normalnospace\"><b><i><u><span>IMPORTANT! <\/span><\/u><\/i><\/b><\/p>\n<p class=\"Normalnospace\"><b><i><span><span><span>&nbsp;&nbsp;&nbsp;&nbsp;&nbsp;&nbsp;&nbsp;&nbsp;&nbsp;&nbsp;&nbsp;&nbsp;&nbsp;&nbsp;&nbsp;&nbsp;&nbsp;&nbsp;&nbsp;&nbsp;&nbsp;&nbsp;&nbsp;&nbsp;&nbsp;&nbsp;&nbsp;&nbsp;&nbsp;&nbsp;&nbsp; <\/span>I.<span>&nbsp;&nbsp;&nbsp;&nbsp;&nbsp;&nbsp;&nbsp;&nbsp;&nbsp;&nbsp;&nbsp; <\/span><\/span><\/span><\/i><\/b><b><i><span>A l\u2019hora d\u2019enviar treballs a imprimir \u00e9s <span>indispensable disposar de saldo<\/span><sup>(3)<\/sup> <span>suficient<\/span> en el compte personal, si no \u00e9s aix\u00ed el treball no s\u2019enviar\u00e0 ni es guardar\u00e0. (el sistema envia un correu electr\u00f2nic d\u2019avis).<\/span><\/i><\/b><\/p>\n<p class=\"Normalnospace\"><b><i><span><span><span>&nbsp;&nbsp;&nbsp;&nbsp;&nbsp;&nbsp;&nbsp;&nbsp;&nbsp;&nbsp;&nbsp;&nbsp;&nbsp;&nbsp;&nbsp;&nbsp;&nbsp;&nbsp;&nbsp;&nbsp;&nbsp;&nbsp;&nbsp;&nbsp;&nbsp;&nbsp;&nbsp;&nbsp;&nbsp; <\/span>II.<span>&nbsp;&nbsp;&nbsp;&nbsp;&nbsp;&nbsp;&nbsp;&nbsp;&nbsp;&nbsp;&nbsp; <\/span><\/span><\/span><\/i><\/b><b><i><span>El sistema mant\u00e9 els treballs en cua durant 24h. A partir d\u2019aquest moment s\u2019esborren i no es podran recuperar.<\/span><\/i><\/b><\/p>\n<p class=\"Normalnospace\"><b><i><span><span><span>&nbsp;&nbsp;&nbsp;&nbsp;&nbsp;&nbsp;&nbsp;&nbsp;&nbsp;&nbsp;&nbsp;&nbsp;&nbsp;&nbsp;&nbsp;&nbsp;&nbsp;&nbsp;&nbsp;&nbsp;&nbsp;&nbsp;&nbsp;&nbsp;&nbsp;&nbsp;&nbsp; <\/span>III.<span>&nbsp;&nbsp;&nbsp;&nbsp;&nbsp;&nbsp;&nbsp;&nbsp;&nbsp;&nbsp;&nbsp; <\/span><\/span><\/span><\/i><\/b><b><i><span>Podeu traspassar el saldo de la targeta actual al vostre compte personal en qualsevol dels 6 centres de reprografia oberts al Campus de Bellaterra. <\/span><\/i><\/b><\/p>\n<p class=\"Normalnospace\"><b><i><span><span><span>&nbsp;&nbsp;&nbsp;&nbsp;&nbsp;&nbsp;&nbsp;&nbsp;&nbsp;&nbsp;&nbsp;&nbsp;&nbsp;&nbsp;&nbsp;&nbsp;&nbsp;&nbsp;&nbsp;&nbsp;&nbsp;&nbsp;&nbsp;&nbsp;&nbsp;&nbsp;&nbsp; <\/span>IV.<span>&nbsp;&nbsp;&nbsp;&nbsp;&nbsp;&nbsp;&nbsp;&nbsp;&nbsp;&nbsp;&nbsp; <\/span><\/span><\/span><\/i><\/b><b><i><span>Les tarifes per l\u2019autoservei d\u2019impressi\u00f3 s\u00f3n:<\/span><\/i><\/b><\/p>\n<p class=\"Normalnospace\"><i><span><span>a.<span>&nbsp;&nbsp;&nbsp;&nbsp;&nbsp; <\/span><\/span><\/span><\/i><i><span>C\u00f2pies en blanc i negre una cara &#8211; <b>0,04108\u20ac<\/b><\/span><\/i><\/p>\n<p class=\"Normalnospace\"><i><span><span>b.<span>&nbsp;&nbsp;&nbsp;&nbsp;&nbsp; <\/span><\/span><\/span><\/i><i><span>C\u00f2pies en blanc i negre doble cara- <b>0,03696\u20ac<\/b><\/span><\/i><\/p>\n<p class=\"Normalnospace\"><i><span><span>c.<span>&nbsp;&nbsp;&nbsp;&nbsp;&nbsp; <\/span><\/span><\/span><\/i><i><span>C\u00f2pies en color una cara &#8211; <b>0,15125\u20ac<\/b><\/span><\/i><\/p>\n<p class=\"Normalnospace\"><i><span><span>d.<span>&nbsp;&nbsp;&nbsp;&nbsp;&nbsp; <\/span><\/span><\/span><\/i><i><span>C\u00f2pies en color doble cara- <b>0,14641\u20ac<\/b><\/span><\/i><\/p>\n<p class=\"Normalnospace\">&nbsp;<\/p>\n<p class=\"Normalnospace\"><strong><span>Per a resoldre incid\u00e8ncies o avaries podeu trucar al 935 811 660 o escriure a <a href=\"mailto:ocivica@canon.es\"><span>ocivica@canon.es<\/span><\/a><\/span><\/strong><\/p>\n<p class=\"Normalnospace\"><span>Algunes de les novetats m\u00e9s destacables del nou sistema s\u00f3n:<\/span><\/p>\n<p class=\"Normalnospace\"><span><span>\u00b7<span>&nbsp;&nbsp;&nbsp;&nbsp;&nbsp;&nbsp;&nbsp;&nbsp; <\/span><\/span><\/span><span>Identificaci\u00f3 mitjan\u00e7ant la targeta d\u2019estudiant UAB<\/span><\/p>\n<p class=\"Normalnospace\"><span><span>\u00b7<span>&nbsp;&nbsp;&nbsp;&nbsp;&nbsp;&nbsp;&nbsp;&nbsp; <\/span><\/span><\/span><span>Possibilitat d\u2019imprimir des d\u2019un pendrive (nom\u00e9s PDF).<\/span><\/p>\n<p class=\"Normalnospace\"><span><span>\u00b7<span>&nbsp;&nbsp;&nbsp;&nbsp;&nbsp;&nbsp;&nbsp;&nbsp; <\/span><\/span><\/span><span>Possibilitat d\u2019enviar a imprimir des de qualsevol dispositiu (nom\u00e9s PDF).<\/span><\/p>\n<p class=\"Normalnospace\"><span><span>\u00b7<span>&nbsp;&nbsp;&nbsp;&nbsp;&nbsp;&nbsp;&nbsp;&nbsp; <\/span><\/span><\/span><span>Escanejar i desar a pendrive.<\/span><\/p>\n<p class=\"Normalnospace\"><span><span>\u00b7<span>&nbsp;&nbsp;&nbsp;&nbsp;&nbsp;&nbsp;&nbsp;&nbsp; <\/span><\/span><\/span><span>Recollida de treballs a qualsevol de les 30 m\u00e0quines distribu\u00efdes pel Campus.<\/span><\/p>\n<p class=\"Normalnospace\"><span><span>\u00b7<span>&nbsp;&nbsp;&nbsp;&nbsp;&nbsp;&nbsp;&nbsp;&nbsp; <\/span><\/span><\/span><span>Saldo incl\u00f2s en el compte personal. <\/span><\/p>\n<p class=\"Normalnospace\"><i><span><span>&nbsp;<\/span><\/span><\/i><\/p>\n<p class=\"Normalnospace\"><span><span>2.<span>&nbsp;&nbsp;&nbsp;&nbsp;&nbsp;&nbsp; <\/span><\/span><\/span><u><strong><span>SERVEI ASSISTIT:<\/span><\/strong><\/u><span> <\/span><span>S\u00f3n 5 locals distribu\u00efts pel Campus de la UAB, aquests estan a disposici\u00f3 de qualsevol persona, independentment de que estigui vinculada a la UAB o no. La ubicaci\u00f3 i els horaris d\u2019atenci\u00f3 els podeu trobar <a href=\"http:\/\/pagines.uab.cat\/impressio\/content\/servei-assistit\">aqu\u00ed<\/a>. <\/span><\/p>\n<p class=\"Normalnospace\"><span>Als Serveis Assistits podr\u00e0s fer: <\/span><\/p>\n<p class=\"Normalnospace\"><span><span>\u00b7<span>&nbsp;&nbsp;&nbsp;&nbsp;&nbsp;&nbsp;&nbsp;&nbsp; <\/span><\/span><\/span><span>C\u00f2pies\/impressions blanc i negre i color en formats A3\/A4.<\/span><\/p>\n<p class=\"Normalnospace\"><span>\u2022 <\/span><span>C\u00f2pies\/impressions en diferents tipus de paper: des de 80grs-100grs. fins a cartolines de 120grs, 160grs.<\/span><\/p>\n<p class=\"Normalnospace\"><span>\u2022 Impressi\u00f3 en gran format: color i blanc i negre<\/span><\/p>\n<p class=\"Normalnospace\"><span>\u2022 Cartelleria per a congressos, exposicions, aparadors, etc.<\/span><\/p>\n<p class=\"Normalnospace\"><span>\u2022 Digitalitzaci\u00f3 de documents o projectes: A4\/A3.<\/span><\/p>\n<p class=\"Normalnospace\"><span>\u2022 Esc\u00e0ner blanc i negre i color gran format: pl\u00e0nols, p\u00f2sters, fotografies, fins a mida A0<\/span><\/p>\n<p class=\"Normalnospace\"><span>\u2022 Enquadernaci\u00f3 espiral\/met\u00e0l\u00b7lica.<\/span><\/p>\n<p class=\"Normalnospace\"><span>\u2022 Venda de material b\u00e0sic d\u2019oficina.<\/span><\/p>\n<p class=\"Normalnospace\"><span>&nbsp;<\/span><\/p>\n<p class=\"Normalnospace\"><span><span>3.<span>&nbsp;&nbsp;&nbsp;&nbsp;&nbsp;&nbsp; <\/span><\/span><\/span><u><strong><span>AUTO-IMPRESSI\u00d3 a les Biblioteques<\/span><\/strong><\/u><span><u><strong>:<\/strong><\/u> Totes les biblioteques disposen de com a m\u00ednim una m\u00e0quina de fotoc\u00f2pies que funciona amb monedes. Aquest servei est\u00e0 dirigit a qualsevol persona, independentment de que estigui vinculada a la UAB o no. <\/span><\/p>\n","protected":false},"excerpt":{"rendered":"<p>Com a estudiant de la UAB teniu acc\u00e9s a utilitzar qualsevol dels sistemes d\u2019impressi\u00f3, copia o escaneig, que s\u2019ofereixen a la UAB. &nbsp; Cada una de les alternatives t\u00e9 els seus avantatges, tot seguit es resumeix en que consisteix cadascuna amb l\u2019objectiu que utilitzeu la que m\u00e9s us convingui. 1.&nbsp;&nbsp;&nbsp;&nbsp;&nbsp;&nbsp; AUTOSERVEI(1) : \u00c9s el sistema [&hellip;]<\/p>\n","protected":false},"author":20,"featured_media":0,"parent":0,"menu_order":0,"comment_status":"closed","ping_status":"closed","template":"","meta":{"footnotes":""},"class_list":["post-152","page","type-page","status-publish","hentry"],"_links":{"self":[{"href":"https:\/\/webs.uab.cat\/impressio\/wp-json\/wp\/v2\/pages\/152","targetHints":{"allow":["GET"]}}],"collection":[{"href":"https:\/\/webs.uab.cat\/impressio\/wp-json\/wp\/v2\/pages"}],"about":[{"href":"https:\/\/webs.uab.cat\/impressio\/wp-json\/wp\/v2\/types\/page"}],"author":[{"embeddable":true,"href":"https:\/\/webs.uab.cat\/impressio\/wp-json\/wp\/v2\/users\/20"}],"replies":[{"embeddable":true,"href":"https:\/\/webs.uab.cat\/impressio\/wp-json\/wp\/v2\/comments?post=152"}],"version-history":[{"count":0,"href":"https:\/\/webs.uab.cat\/impressio\/wp-json\/wp\/v2\/pages\/152\/revisions"}],"wp:attachment":[{"href":"https:\/\/webs.uab.cat\/impressio\/wp-json\/wp\/v2\/media?parent=152"}],"curies":[{"name":"wp","href":"https:\/\/api.w.org\/{rel}","templated":true}]}}