{"id":37,"date":"2016-04-26T14:50:35","date_gmt":"2016-04-26T14:50:35","guid":{"rendered":"https:\/\/webs.uab.cat\/impressio\/personal-uab\/"},"modified":"2022-12-15T12:08:41","modified_gmt":"2022-12-15T12:08:41","slug":"personal-uab","status":"publish","type":"page","link":"https:\/\/webs.uab.cat\/impressio\/personal-uab\/","title":{"rendered":"Personal UAB"},"content":{"rendered":"\n<p><span style=\"color: black\">Com a personal de la UAB teniu acc\u00e9s a utilitzar qualsevol dels sistemes d\u2019impressi\u00f3, copia o escaneig, que s\u2019ofereixen a la UAB, <\/span><\/p>\n\n\n\n<ol class=\"wp-block-list\"><li class=\"Normalnospace\" style=\"text-align: justify;line-height: 150%\"><span style=\"color: black\">L&#8217;AUTOSERVEI (<\/span><span style=\"color: #800000\">NOU SISTEMA!! Maig 2022<\/span><span style=\"color: black\">)<sup>(1)<\/sup><\/span><\/li><li class=\"Normalnospace\" style=\"text-align: justify;line-height: 150%\"><span style=\"color: black\">El SERVEI ASSISTIT.<span>&nbsp;&nbsp;<\/span><\/span>.<\/li><\/ol>\n\n\n\n<p><strong><em>Glossari:<\/em><\/strong><\/p>\n\n\n\n<ul class=\"wp-block-list\"><li><strong><em><u>Tenant<\/u><\/em><\/strong><em>: \u00c9s l\u2019acc\u00e9s a l\u2019entorn de l\u2019uniFLOW Online, i qui ofereix el conjunt de funcionalitats del servei a tota l\u2019organitzaci\u00f3. El <strong>tenant<\/strong> a la UAB s\u2019anomena uab.eu.uniflowonline.com, i la seva adre\u00e7a web \u00e9s: <\/em><a href=\"https:\/\/uab.eu.uniflowonline.com\"><em>https:\/\/uab.eu.uniflowonline.com<\/em><\/a><em>.<\/em><\/li><li><strong><em><u>uniFLOW Online<\/u><\/em><\/strong><em>: \u00c9s una soluci\u00f3 d\u2019impressi\u00f3 segura, de c\u00f2pia i d\u2019escaneig, que permet administrar tot l\u2019entorn al n\u00favol. Ofereix control d\u2019acc\u00e9s, impressi\u00f3 segura, c\u00f2pia, escanejat segur de documents i seguiment de costos (historial de transaccions)&#8230;<\/em><\/li><\/ul>\n\n\n\n<h2 class=\"wp-block-heading\">&nbsp;1.&nbsp;&nbsp;&nbsp;&nbsp;&nbsp;&nbsp; <strong>AUTOSERVEI<sup>(2)<\/sup>:<\/strong><\/h2>\n\n\n\n<p><span style=\"color: black\">\u00c9s el sistema <strong>m\u00e9s econ\u00f2mic<\/strong> i est\u00e0 adre\u00e7at exclusivament a les persones vinculades a la UAB, PDI, PAS i estudiants.<\/span><span style=\"font-family: 'Calibri',sans-serif;color: black\"> <\/span><span style=\"color: black\">L\u2019autoservei permet a l\u2019usuari imprimir, copiar i escanejar<sup>(3)<\/sup>, en blanc i negre o en color, en formats de DinA4 i DinA3.<\/span><\/p>\n\n\n\n<p><span style=\"color: black\">B\u00e0sicament es tracta que l\u2019usuari pugui imprimir els seus documents, des de qualsevol dels seus dispositius, (ordinador, port\u00e0til, tableta, m\u00f2bil, etc.) o des dels ordinadors de les aules d\u2019inform\u00e0tica o des dels de les biblioteques, i reculli els treballs en qualsevol dels&nbsp;equips distribu\u00efts pel Campus.<\/span><\/p>\n\n\n\n<p class=\"has-small-font-size\"><span style=\"color: black\">La ubicaci\u00f3 concreta dels equips la podeu trobar<\/span><span style=\"font-family: 'Calibri',sans-serif;color: black\"> <\/span><a href=\"https:\/\/webs.uab.cat\/impressio\/ubicacio-dels-equips\/\" data-type=\"page\" data-id=\"67\"><span style=\"font-family: 'Calibri',sans-serif\">aqu\u00ed.<\/span><\/a><\/p>\n\n\n\n<p>Per poder fer us del servei, mitjan\u00e7ant les impressores d\u2019autoservei&nbsp;distribu\u00efdes pel Campus, cal seguir aquests passos:<\/p>\n\n\n\n<ol class=\"wp-block-list\"><li>Activar el compte personal d\u2019uniFLOW Online.<\/li><li>Assignaci\u00f3 d\u2019un Centre de Cost<\/li><li>Instal\u00b7laci\u00f3 de l\u2019uniFLOW SmartClient (nom\u00e9s usuaris de windows que estiguin gestionats per la UAB)<\/li><\/ol>\n\n\n\n<p class=\"has-normal-font-size\"><span style=\"font-size: 16px\"><strong><u>Seguiu Pas a Pas de com fer-ho <a href=\"https:\/\/webs.uab.cat\/impressio\/procediment-dactivacio\/\" data-type=\"page\" data-id=\"62\">aqu\u00ed<\/a><\/u><\/strong><\/span><\/p>\n\n\n\n<ol class=\"wp-block-list\"><li><strong>Activar el compte d\u2019usuari d\u2019uniFLOW Online. <\/strong> <ol><li>Cal fer un inici de sessi\u00f3 per activar el teu compte abans d\u2019instal\u00b7lar els controladors d\u2019impressora i l\u2019uniFLOW SmartClient.<\/li><li>Despr\u00e9s d\u2019activar el compte, podr\u00e0s iniciar sessi\u00f3 cada vegada que vulguis per supervisar l\u2019activitat pr\u00f2pia, carregar treballs d\u2019impressi\u00f3 via web o canviar el codi PIN. <\/li><\/ol><\/li><li><strong>Assignaci\u00f3 d\u2019un Centre de Cost <\/strong> <ol><li>El personal docent (PD) i el personal d\u2019administraci\u00f3 i serveis (PAS) han de fer \u00fas del servei a c\u00e0rrec d\u2019un Centre de Cost que se li ha d\u2019assignar pr\u00e8viament.<\/li><li>Si ja \u00e9reu usuaris del servei abans de l\u2019oct-21 \u00e9s probable que ja tingueu un Centre de Cost assignat. Si no \u00e9reu usuaris, o si heu canviat de lloc de treball, \u00a0contacteu amb la vostra secretaria de departament o gesti\u00f3 econ\u00f2mica perqu\u00e8 us assignin un Centre de Cost<sup>(4)<\/sup> correcte.<\/li><li>L\u2019alta de Centres de Cost dins de l\u2019uniFLOW Online \u00e9s realitza de manera autom\u00e0tica i programada un cop al dia, en horari nocturn. Per tant, si teniu una assignaci\u00f3 nova o un canvi d\u2019assignaci\u00f3, l\u2019acc\u00e9s al servei quedar\u00e0 habilitat a partir de l\u2019endem\u00e0 de l\u2019assignaci\u00f3. <\/li><\/ol><\/li><li><strong>Instal\u00b7laci\u00f3 de l\u2019uniFLOW SmartClient. (nom\u00e9s per a usuaris de Windows gestionat per la UAB)<\/strong> <ol><li>Un cop instal\u00b7lat l\u2019uniFLOW SmartClient, els treballs enviats utilitzant l\u2019uniFLOW Universal Driver queden en espera fins que l\u2019usuari s\u2019identifica en una de les impressores multifuncionals.<\/li><li>La instal\u00b7laci\u00f3 de l\u2019uniFLOW SmartClient inclou l\u2019uniFLOW Universal Driver que proporciona una interf\u00edcie avan\u00e7ada per\u00f2 senzilla, independent del model concret d\u2019impressora que feu servir.<\/li><li>L\u2019uniFLOW Universal Driver tamb\u00e9 encripta i compacta els treballs enviats directament des de l\u2019equip client a la impressora, reduint el tr\u00e0fic de xarxa i refor\u00e7ant la comunicaci\u00f3 segura.<\/li><li>La instal\u00b7laci\u00f3 de l\u2019uniFLOW SmartClient es realitza via Portal d\u2019Empresa.<\/li><li>Caldr\u00e0 verificar que l\u2019uniFLOW SmartClient est\u00e0 executant-se i connectat.<\/li><li><img loading=\"lazy\" decoding=\"async\" width=\"204\" height=\"161\" class=\" size-full wp-image-35\" style=\"width: 204px;height: 161px\" src=\"https:\/\/webs.uab.cat\/impressio\/wp-content\/uploads\/sites\/137\/2016\/04\/imatge1_2.png\" alt=\"imatge1_2.png\"><\/li><li>Caldr\u00e0 verificar que s\u2019ha instal\u00b7lat la impressora virtual Canon_UAB.<\/li><li><img loading=\"lazy\" decoding=\"async\" width=\"232\" height=\"93\" class=\" size-full wp-image-36\" style=\"width: 232px;height: 93px\" src=\"https:\/\/webs.uab.cat\/impressio\/wp-content\/uploads\/sites\/137\/2016\/04\/imatge2_2.png\" alt=\"imatge2_2.png\"> <\/li><\/ol><\/li><\/ol>\n\n\n\n<p>&nbsp;<\/p>\n\n\n\n<p><em><sup>(1)<\/sup> <span style=\"font-size: 12px\">A partir del mes de maig de 2022 es posa en funcionament un nou sistema d\u2019impressi\u00f3 segura, de c\u00f2pia i d\u2019escaneig, a la UAB, l\u2019uniFLOW online.<\/span><\/em><\/p>\n\n\n\n<p><i><sup><span style=\"font-size: 9.0pt;line-height: 150%;color: black\">(2)<\/span><\/sup><\/i><i><span style=\"font-size: 9.0pt;line-height: 150%;color: black\"> Treballarem amb el sistema \u2018My print anywhere\u2019, que vol dir que, en lloc d\u2019imprimir en un equip espec\u00edfic, el personal imprimir\u00e0 a una cua d\u2019impressi\u00f3 segura i accedir\u00e0 al seu document des de qualsevol equip amb independ\u00e8ncia de la seva ubicaci\u00f3.<\/span><\/i><\/p>\n\n\n\n<p><i><sup><span style=\"font-size: 9.0pt;line-height: 150%;color: black\">(3)<\/span><\/sup><\/i><i><span style=\"font-size: 9.0pt;line-height: 150%;color: black\"> L\u2019\u00fas de l\u2019esc\u00e0ner \u00e9s gratu\u00eft.<\/span><\/i><\/p>\n\n\n\n<p><span style=\"font-size: 12px\"><em><sup>(4)<\/sup>Actualment nom\u00e9s es pot assignar un sol Centre de Cost per persona. Est\u00e0 previst que en una futura versi\u00f3 de l\u2019uniFLOW Online es puguin assignar diversos Centres de Cost per persona.<\/em><\/span><\/p>\n\n\n\n<p>&nbsp;<\/p>\n\n\n\n<p><strong><span style=\"color: #000000\"><span style=\"background: lime none repeat scroll 0% 0%\"><span style=\"background-color: #f0ffff\">IMPORTANT<\/span><\/span><\/span><\/strong><\/p>\n\n\n\n<p><strong><span style=\"color: #000000\"><span style=\"background: lime none repeat scroll 0% 0%\"><span style=\"background-color: #f0ffff\">El sistema mant\u00e9 els treballs en cua durant 24h. A partir d\u2019aquest moment s\u2019esborren i s\u2019hauran de tornar a enviar a la cua d\u2019impressi\u00f3.<\/span><\/span><\/span><\/strong><\/p>\n\n\n\n<p><b><i><\/i><\/b><strong><span style=\"font-size: 14.0pt;font-family: 'Calibri',sans-serif;color: black;background: yellow\"><span style=\"background-color: #ffffff\">Per a resoldre incid\u00e8ncies o avaries podeu trucar al 935 811 660 o escriure a <a href=\"mailto:ocivica@canon.es\">ocivica@canon.es<\/a><\/span><\/span><\/strong><\/p>\n\n\n\n<p>&nbsp;<\/p>\n\n\n\n<p><strong>Les tarifes per l\u2019autoservei d\u2019impressi\u00f3 s\u00f3n:<\/strong><\/p>\n\n\n\n<ul class=\"wp-block-list\"><li>C\u00f2pies en blanc i negre una cara \u2013 0,04108\u20ac<\/li><li>C\u00f2pies en blanc i negre doble cara- 0,03696\u20ac<\/li><li>C\u00f2pies en color una cara \u2013 0,15125\u20ac<\/li><li>C\u00f2pies en color doble cara- 0,14641\u20ac<\/li><\/ul>\n\n\n\n<p><\/p>\n\n\n\n<p><\/p>\n\n\n\n<p><span style=\"color: black\">Algunes de les novetats m\u00e9s destacables del nou sistema s\u00f3n:<\/span><\/p>\n\n\n\n<p><!-- [if !supportLists]-->\u2022 <!--[endif]--><span style=\"color: black\">Identificaci\u00f3 mitjan\u00e7ant la targeta UAB<\/span><\/p>\n\n\n\n<p>\u2022 <span style=\"color: black\">Possibilitat d\u2019imprimir des d\u2019un pendrive (nom\u00e9s PDF).<\/span><\/p>\n\n\n\n<p>\u2022 <span style=\"color: black\">Possibilitat d\u2019enviar a imprimir des de qualsevol dispositiu.<\/span><\/p>\n\n\n\n<p><!-- [if !supportLists]-->\u2022&nbsp; <!--[endif]--><span style=\"color: black\">Escanejar i desar a pendrive.<\/span><\/p>\n\n\n\n<p><!-- [if !supportLists]-->\u2022<span style=\"font-family: Symbol;color: black\"><span><span style=\"font: 7.0pt 'Times New Roman'\">&nbsp; <\/span><\/span><\/span><!--[endif]--><span style=\"color: black\">Recollida de treballs a qualsevol de les m\u00e0quines distribu\u00efdes pel Campus.<\/span><\/p>\n\n\n\n<h2 class=\"wp-block-heading\">2. <span style=\"font-size: 10.0pt;line-height: 150%;color: black\">&nbsp;<\/span><strong>SERVEI ASSISTIT<\/strong><\/h2>\n\n\n\n<p> <span style=\"color: black\">\u00c9s un servei que est\u00e0 a disposici\u00f3 de qualsevol persona, independentment de que estigui vinculada a la UAB o no. La ubicaci\u00f3 i els horaris d\u2019atenci\u00f3 els podeu trobar <a href=\"https:\/\/webs.uab.cat\/impressio\/servei-assistit\/\" data-type=\"page\" data-id=\"80\">aqu\u00ed<\/a><a href=\"https:\/\/pagines.uab.cat\/impressio\/content\/ubicaci%C3%B3-dels-equips-0\">.<\/a><\/span><\/p>\n\n\n\n<p><span style=\"color: black\">Al Servei Assistit podr\u00e0s fer: <\/span><\/p>\n\n\n\n<p><!-- [if !supportLists]-->\u2022 <span style=\"color: black\">C\u00f2pies\/impressions blanc i negre i color en formats A3\/A4.<\/span><\/p>\n\n\n\n<p>\u2022<span style=\"font-size: 13.0pt;font-family: 'Gotham-Light',sans-serif\">&nbsp;<\/span><span style=\"color: black\">C\u00f2pies\/impressions en diferents tipus de paper: des de 80grs-100grs. fins a cartolines de 120grs, 160grs.<\/span><\/p>\n\n\n\n<p><span style=\"color: black\">\u2022 Impressi\u00f3 en gran format: color i blanc i negre<\/span><\/p>\n\n\n\n<p><span style=\"color: black\">\u2022 Cartelleria per a congressos, exposicions, aparadors, etc.<\/span><\/p>\n\n\n\n<p><span style=\"color: black\">\u2022 Digitalitzaci\u00f3 de documents o projectes: A4\/A3.<\/span><\/p>\n\n\n\n<p><span style=\"color: black\">\u2022 Esc\u00e0ner blanc i negre i color gran format: pl\u00e0nols, p\u00f2sters, fotografies, fins a mida A0<\/span><\/p>\n\n\n\n<p><span style=\"color: black\">\u2022 Enquadernaci\u00f3 espiral\/met\u00e0l\u00b7lica.<\/span><\/p>\n\n\n\n<p><span style=\"color: black\">\u2022 Venda de material b\u00e0sic d\u2019oficina.<\/span><\/p>\n\n\n\n<p><\/p>\n\n\n\n<p><strong>Les tarifes d\u2019impressi\u00f3 <strong>al Serveis Assistis<\/strong><\/strong> <strong>s\u00f3n:<\/strong><\/p>\n\n\n\n<ul class=\"wp-block-list\"><li>C\u00f2pies en blanc i negre una cara \u2013 0,051\u20ac<\/li><li>C\u00f2pies en blanc i negre doble cara- 0,049\u20ac<\/li><li>C\u00f2pies en color cada cara \u2013 0,20\u20ac<\/li><li>C\u00f2pies en color mas de 100 &#8211; 0,17\u20ac<\/li><\/ul>\n","protected":false},"excerpt":{"rendered":"<p>Com a personal de la UAB teniu acc\u00e9s a utilitzar qualsevol dels sistemes d\u2019impressi\u00f3, copia o escaneig, que s\u2019ofereixen a la UAB, L&#8217;AUTOSERVEI (NOU SISTEMA!! Maig 2022)(1) El SERVEI ASSISTIT.&nbsp;&nbsp;. Glossari: Tenant: \u00c9s l\u2019acc\u00e9s a l\u2019entorn de l\u2019uniFLOW Online, i qui ofereix el conjunt de funcionalitats del servei a tota l\u2019organitzaci\u00f3. El tenant a la [&hellip;]<\/p>\n","protected":false},"author":20,"featured_media":0,"parent":0,"menu_order":0,"comment_status":"closed","ping_status":"closed","template":"","meta":{"footnotes":""},"class_list":["post-37","page","type-page","status-publish","hentry"],"_links":{"self":[{"href":"https:\/\/webs.uab.cat\/impressio\/wp-json\/wp\/v2\/pages\/37","targetHints":{"allow":["GET"]}}],"collection":[{"href":"https:\/\/webs.uab.cat\/impressio\/wp-json\/wp\/v2\/pages"}],"about":[{"href":"https:\/\/webs.uab.cat\/impressio\/wp-json\/wp\/v2\/types\/page"}],"author":[{"embeddable":true,"href":"https:\/\/webs.uab.cat\/impressio\/wp-json\/wp\/v2\/users\/20"}],"replies":[{"embeddable":true,"href":"https:\/\/webs.uab.cat\/impressio\/wp-json\/wp\/v2\/comments?post=37"}],"version-history":[{"count":8,"href":"https:\/\/webs.uab.cat\/impressio\/wp-json\/wp\/v2\/pages\/37\/revisions"}],"predecessor-version":[{"id":317,"href":"https:\/\/webs.uab.cat\/impressio\/wp-json\/wp\/v2\/pages\/37\/revisions\/317"}],"wp:attachment":[{"href":"https:\/\/webs.uab.cat\/impressio\/wp-json\/wp\/v2\/media?parent=37"}],"curies":[{"name":"wp","href":"https:\/\/api.w.org\/{rel}","templated":true}]}}