{"id":380,"date":"2024-03-06T10:44:55","date_gmt":"2024-03-06T10:44:55","guid":{"rendered":"https:\/\/webs.uab.cat\/impressio\/?page_id=380"},"modified":"2024-03-06T10:55:32","modified_gmt":"2024-03-06T10:55:32","slug":"procediment-dactivacio-per-equips-windows","status":"publish","type":"page","link":"https:\/\/webs.uab.cat\/impressio\/procediment-dactivacio-per-equips-windows\/","title":{"rendered":"Equips Windows"},"content":{"rendered":"\n<p class=\"has-large-font-size\"><strong>PROCEDIMENT D&#8217;ACTIVACI\u00d3<\/strong><\/p>\n\n\n\n<p>Informaci\u00f3 dirigida al PDI i al PAS.<\/p>\n\n\n\n<p>Per tal de poder utilitzar les impressores d\u2019autoservei de CANON, el primer que cal fer \u00e9s activar el compte d\u2019usuari al tenant d\u2019uniFLOW Online.<\/p>\n\n\n\n<h2 class=\"wp-block-heading\"><strong>Activar el compte d\u2019usuari<\/strong><\/h2>\n\n\n\n<p>Iniciar sessi\u00f3 al&nbsp;<a href=\"https:\/\/uab.eu.uniflowonline.com\/\">tenant<\/a>&nbsp;i seleccionar&nbsp;<strong>\u201cContinuar amb UAB\u201d<\/strong>.<\/p>\n\n\n\n<figure class=\"wp-block-image\"><img loading=\"lazy\" decoding=\"async\" width=\"441\" height=\"387\" src=\"https:\/\/webs.uab.cat\/impressio\/wp-content\/uploads\/sites\/137\/2017\/05\/imatge1.png\" alt=\"imatge1.png\" class=\"wp-image-49\" srcset=\"https:\/\/webs.uab.cat\/impressio\/wp-content\/uploads\/sites\/137\/2017\/05\/imatge1.png 441w, https:\/\/webs.uab.cat\/impressio\/wp-content\/uploads\/sites\/137\/2017\/05\/imatge1-300x263.png 300w\" sizes=\"auto, (max-width: 441px) 100vw, 441px\" \/><\/figure>\n\n\n\n<p>Aix\u00f2 et portar\u00e0 al servei d\u2019autenticaci\u00f3 de la UAB, on haur\u00e0s d\u2019introduir les teves credencials:&nbsp;<a href=\"mailto:niu@uab.cat\">&lt;niu&gt;@uab.cat<\/a>&nbsp;i la clau d\u2019acc\u00e9s. Tingues en compte el doble factor d\u2019autenticaci\u00f3.<\/p>\n\n\n\n<figure class=\"wp-block-image\"><img loading=\"lazy\" decoding=\"async\" width=\"167\" height=\"104\" src=\"https:\/\/webs.uab.cat\/impressio\/wp-content\/uploads\/sites\/137\/2017\/05\/imatge2.png\" alt=\"imatge2.png\" class=\"wp-image-50\" \/><\/figure>\n\n\n\n<p>Un cop iniciada la sessi\u00f3 ja has activat el compte i veur\u00e0s una pantalla com aquesta:<\/p>\n\n\n\n<figure class=\"wp-block-image\"><img loading=\"lazy\" decoding=\"async\" width=\"568\" height=\"328\" src=\"https:\/\/webs.uab.cat\/impressio\/wp-content\/uploads\/sites\/137\/2017\/05\/imatge3.png\" alt=\"imatge3.png\" class=\"wp-image-51\" srcset=\"https:\/\/webs.uab.cat\/impressio\/wp-content\/uploads\/sites\/137\/2017\/05\/imatge3.png 568w, https:\/\/webs.uab.cat\/impressio\/wp-content\/uploads\/sites\/137\/2017\/05\/imatge3-300x173.png 300w\" sizes=\"auto, (max-width: 568px) 100vw, 568px\" \/><\/figure>\n\n\n\n<p>Tot seguit rebr\u00e0s dos correus electr\u00f2nics amb dues claus, que serviran per identificar-se a les pantalles de les impressores d\u2019autoservei, el PIN d\u2019uniFLOW Online i el Codi de registre de targeta d\u2019uniFLOW Online.<\/p>\n\n\n\n<h2 class=\"wp-block-heading\">&nbsp;<\/h2>\n\n\n\n<h2 class=\"wp-block-heading\"><strong>Codi PIN i registre de targeta<\/strong><\/h2>\n\n\n\n<ul class=\"wp-block-list\">\n<li><strong>PIN<\/strong>: codi num\u00e8ric de 8 xifres. Cal introduir-lo en la pantalla inicial de la impressora multifuncional quan vulguis alliberar els treballs d\u2019impressi\u00f3.<\/li>\n<\/ul>\n\n\n\n<figure class=\"wp-block-image\"><img loading=\"lazy\" decoding=\"async\" width=\"479\" height=\"330\" src=\"https:\/\/webs.uab.cat\/impressio\/wp-content\/uploads\/sites\/137\/2017\/05\/imatge4.jpg\" alt=\"imatge4.jpg\" class=\"wp-image-52\" srcset=\"https:\/\/webs.uab.cat\/impressio\/wp-content\/uploads\/sites\/137\/2017\/05\/imatge4.jpg 479w, https:\/\/webs.uab.cat\/impressio\/wp-content\/uploads\/sites\/137\/2017\/05\/imatge4-300x207.jpg 300w\" sizes=\"auto, (max-width: 479px) 100vw, 479px\" \/><\/figure>\n\n\n\n<ul class=\"wp-block-list\">\n<li><strong>Codi de registre de targeta<\/strong>, anomenat tamb\u00e9&nbsp;<strong>Codi d\u2019Identificaci\u00f3 Temporal (CIT)<\/strong><\/li>\n<\/ul>\n\n\n\n<p>Per no haver d\u2019entrar cada cop el PIN de 8 d\u00edgits, pots registrar la targeta UAB. Per fer-ho cal introduir-la en el lector de targetes de la impressora d\u2019autoservei. La primera vegada demanar\u00e0 aquest codi (veure imatge). Aix\u00f2 vincular\u00e0 la targeta amb el compte personal d\u2019uniFLOW Online. Un cop registrada la targeta ja no es tornar\u00e0 a demanar i la identificaci\u00f3 es podr\u00e0 realitzar \u00fanicament introduint la targeta.<\/p>\n\n\n\n<figure class=\"wp-block-image\"><img loading=\"lazy\" decoding=\"async\" width=\"326\" height=\"224\" src=\"https:\/\/webs.uab.cat\/impressio\/wp-content\/uploads\/sites\/137\/2017\/05\/imatge5.png\" alt=\"imatge5.png\" class=\"wp-image-53\" srcset=\"https:\/\/webs.uab.cat\/impressio\/wp-content\/uploads\/sites\/137\/2017\/05\/imatge5.png 326w, https:\/\/webs.uab.cat\/impressio\/wp-content\/uploads\/sites\/137\/2017\/05\/imatge5-300x206.png 300w\" sizes=\"auto, (max-width: 326px) 100vw, 326px\" \/><\/figure>\n\n\n\n<ul class=\"wp-block-list\">\n<li>A partir d\u2019aquest moment la identificaci\u00f3 per alliberar els treballs enviats &nbsp;es podr\u00e0 fer, o b\u00e9 amb el codi PIN o introduint la targeta UAB en el lector de qualsevol de les impressores d\u2019autoservei distribu\u00efdes pel campus.<\/li>\n\n\n\n<li>En qualsevol moment podeu consultar el codi PIN al vostre compte&nbsp;<a href=\"https:\/\/uab.eu.uniflowonline.com\/\">d\u2019uniFLOW online<\/a>&nbsp;i visualitzar el codi, (veure imatge).<\/li>\n<\/ul>\n\n\n\n<figure class=\"wp-block-image\"><img loading=\"lazy\" decoding=\"async\" width=\"254\" height=\"107\" src=\"https:\/\/webs.uab.cat\/impressio\/wp-content\/uploads\/sites\/137\/2017\/05\/imatge6.png\" alt=\"imatge6.png\" class=\"wp-image-54\" \/><\/figure>\n\n\n\n<h1 class=\"wp-block-heading\"><strong>Instal\u00b7laci\u00f3 de l\u2019uniFLOW SmartClient (nom\u00e9s per a usuaris de windows gestionat per la UAB)<\/strong><\/h1>\n\n\n\n<p>Tots els usuaris, ja sigui d\u2019equips, amb sistema operatiu Windows gestionat per la UAB, o amb altres sistemes operatius o d\u2019equips Windows no gestionats amb Intune, poden imprimir via web, iniciant sessi\u00f3 al compte d\u2019uniFLOW Online&nbsp; i arrossegant els documents dins l\u2019\u00e0rea de recepci\u00f3. Alternativament, tamb\u00e9 es pot adjuntar el document en un correu electr\u00f2nic adre\u00e7at a&nbsp;<a href=\"mailto:mobileprint@uab.eu.uniflowonline.com\">mobileprint@uab.eu.uniflowonline.com<\/a><\/p>\n\n\n\n<p>Els usuaris d\u2019equips Windows gestionats per la UAB amb el sistema Intune, tenen a m\u00e9s la possibilitat d\u2019instal\u00b7lar el client SmartClient de l\u2019uniFLOW, que els permetr\u00e0&nbsp; imprimir des de qualsevol aplicaci\u00f3 cap a la cua d\u2019impressi\u00f3 anomenada Canon-UAB, creada espec\u00edficament per SmartClient. Per aix\u00f2 pot seguir les instruccions seg\u00fcents:<\/p>\n\n\n\n<p><strong>Desc\u00e0rrega i instal\u00b7laci\u00f3 de SmartClient<\/strong><\/p>\n\n\n\n<ol class=\"wp-block-list\">\n<li>.L\u2019SmartCLient d\u2019uniFLOW es pot descarregar i instal\u00b7lar des del Portal d\u2019Empresa.\n<ul class=\"wp-block-list\">\n<li>Per fer la instal\u00b7laci\u00f3 cal ser administrador de l\u2019equip.<\/li>\n\n\n\n<li>Abans de la instal\u00b7laci\u00f3 de l\u2019SmartClient es recomanable haver activat el compte uniFLOW Online (vegeu la informaci\u00f3 a l\u2019inici d\u2019aquesta p\u00e0gina).<\/li>\n\n\n\n<li>Executeu el Portal d\u2019Empresa des del quadre de cerca de la barra de tasques de Windows.<\/li>\n\n\n\n<li><img loading=\"lazy\" decoding=\"async\" src=\"https:\/\/webs.uab.cat\/impressio\/wp-content\/uploads\/sites\/137\/2017\/05\/imatge_7_1.png\" alt=\"imatge_7_1.png\" width=\"771\" height=\"167\"><\/li>\n\n\n\n<li>Cerqueu i instal\u00b7leu l\u2019uniFLOW SmartClient<\/li>\n\n\n\n<li><img loading=\"lazy\" decoding=\"async\" src=\"https:\/\/webs.uab.cat\/impressio\/wp-content\/uploads\/sites\/137\/2017\/05\/imatge_8.png\" alt=\"imatge_8.png\" width=\"800\" height=\"250\"><\/li>\n\n\n\n<li>Despr\u00e9s de la instal\u00b7laci\u00f3 caldr\u00e0 reiniciar el sistema:<\/li>\n\n\n\n<li><img loading=\"lazy\" decoding=\"async\" src=\"https:\/\/webs.uab.cat\/impressio\/wp-content\/uploads\/sites\/137\/2017\/05\/imatge9.png\" alt=\"imatge9.png\" width=\"247\" height=\"292\"><\/li>\n\n\n\n<li>Cada usuari ha d\u2019autoritzar l\u2019SmartClient perqu\u00e8 accedeixi a l\u2019uniFLOW Online en el seu nom, accedint amb les seves credencials al seu compte uniFLOW Online.<\/li>\n\n\n\n<li><img loading=\"lazy\" decoding=\"async\" src=\"https:\/\/webs.uab.cat\/impressio\/wp-content\/uploads\/sites\/137\/2017\/05\/imatge10.png\" alt=\"imatge10.png\" width=\"379\" height=\"322\"><\/li>\n<\/ul>\n<\/li>\n\n\n\n<li>Per acabar la configuraci\u00f3&nbsp; fes click a Iniciar. Aix\u00f2 inicia l\u2019execuci\u00f3 de l\u2019SmartClient a l\u2019equip. Apareix a icona&nbsp;<img loading=\"lazy\" decoding=\"async\" src=\"https:\/\/webs.uab.cat\/impressio\/wp-content\/uploads\/sites\/137\/2017\/05\/imatge13.png\" alt=\"imatge13.png\" width=\"31\" height=\"28\">&nbsp;&nbsp;a la barra de tasques indicant que la configuraci\u00f3 s\u2019ha finalitzat i s\u2019inicia l\u2019execuci\u00f3 de l\u2019SmartClient. L\u2019SmarClient \u00e9s l\u2019encarregat de la comunicaci\u00f3 amb la impressora quan alliberes el treballs.<\/li>\n<\/ol>\n\n\n\n<figure class=\"wp-block-image\"><img loading=\"lazy\" decoding=\"async\" width=\"287\" height=\"338\" src=\"https:\/\/webs.uab.cat\/impressio\/wp-content\/uploads\/sites\/137\/2017\/05\/imatge11.png\" alt=\"imatge11.png\" class=\"wp-image-60\" srcset=\"https:\/\/webs.uab.cat\/impressio\/wp-content\/uploads\/sites\/137\/2017\/05\/imatge11.png 287w, https:\/\/webs.uab.cat\/impressio\/wp-content\/uploads\/sites\/137\/2017\/05\/imatge11-255x300.png 255w\" sizes=\"auto, (max-width: 287px) 100vw, 287px\" \/><\/figure>\n\n\n\n<p>&nbsp; &nbsp; &nbsp; &nbsp;3. La instal\u00b7laci\u00f3 de l\u2019SmartClient tamb\u00e9 defineix una nova impressora al Windows anomenada&nbsp;<strong>Canon-UAB<\/strong>. A partir d\u2019ara ja podeu imprimir des de qualsevol aplicaci\u00f3 de Windows, seleccionant aquesta impressora. Pots verificar la instal\u00b7laci\u00f3 de la impressora amb:<\/p>\n\n\n\n<figure class=\"wp-block-image\"><img loading=\"lazy\" decoding=\"async\" width=\"672\" height=\"183\" src=\"https:\/\/webs.uab.cat\/impressio\/wp-content\/uploads\/sites\/137\/2017\/05\/imatge12.png\" alt=\"imatge12.png\" class=\"wp-image-61\" srcset=\"https:\/\/webs.uab.cat\/impressio\/wp-content\/uploads\/sites\/137\/2017\/05\/imatge12.png 672w, https:\/\/webs.uab.cat\/impressio\/wp-content\/uploads\/sites\/137\/2017\/05\/imatge12-300x82.png 300w\" sizes=\"auto, (max-width: 672px) 100vw, 672px\" \/><\/figure>\n\n\n\n<ol class=\"wp-block-list\">\n<li>Recorda que, un cop enviat el treball d\u2019impressi\u00f3, per alliberar-lo cal que t\u2019identifiquis amb el teu PIN o amb la targeta UAB, a la pantalla de qualsevol de les&nbsp;impressora multifuncional d\u2019autoservei&nbsp;que vulguis (vegeu la documentaci\u00f3 d\u2019Activar el compte, apartat \u201cCodi PIN i registre de targeta\u201d)<\/li>\n<\/ol>\n","protected":false},"excerpt":{"rendered":"<p>PROCEDIMENT D&#8217;ACTIVACI\u00d3 Informaci\u00f3 dirigida al PDI i al PAS. Per tal de poder utilitzar les impressores d\u2019autoservei de CANON, el primer que cal fer \u00e9s activar el compte d\u2019usuari al tenant d\u2019uniFLOW Online. Activar el compte d\u2019usuari Iniciar sessi\u00f3 al&nbsp;tenant&nbsp;i seleccionar&nbsp;\u201cContinuar amb UAB\u201d. Aix\u00f2 et portar\u00e0 al servei d\u2019autenticaci\u00f3 de la UAB, on haur\u00e0s d\u2019introduir [&hellip;]<\/p>\n","protected":false},"author":148,"featured_media":0,"parent":0,"menu_order":0,"comment_status":"closed","ping_status":"closed","template":"","meta":{"footnotes":""},"class_list":["post-380","page","type-page","status-publish","hentry"],"_links":{"self":[{"href":"https:\/\/webs.uab.cat\/impressio\/wp-json\/wp\/v2\/pages\/380","targetHints":{"allow":["GET"]}}],"collection":[{"href":"https:\/\/webs.uab.cat\/impressio\/wp-json\/wp\/v2\/pages"}],"about":[{"href":"https:\/\/webs.uab.cat\/impressio\/wp-json\/wp\/v2\/types\/page"}],"author":[{"embeddable":true,"href":"https:\/\/webs.uab.cat\/impressio\/wp-json\/wp\/v2\/users\/148"}],"replies":[{"embeddable":true,"href":"https:\/\/webs.uab.cat\/impressio\/wp-json\/wp\/v2\/comments?post=380"}],"version-history":[{"count":6,"href":"https:\/\/webs.uab.cat\/impressio\/wp-json\/wp\/v2\/pages\/380\/revisions"}],"predecessor-version":[{"id":390,"href":"https:\/\/webs.uab.cat\/impressio\/wp-json\/wp\/v2\/pages\/380\/revisions\/390"}],"wp:attachment":[{"href":"https:\/\/webs.uab.cat\/impressio\/wp-json\/wp\/v2\/media?parent=380"}],"curies":[{"name":"wp","href":"https:\/\/api.w.org\/{rel}","templated":true}]}}