{"id":383,"date":"2024-03-06T10:49:04","date_gmt":"2024-03-06T10:49:04","guid":{"rendered":"https:\/\/webs.uab.cat\/impressio\/?page_id=383"},"modified":"2024-03-06T11:04:45","modified_gmt":"2024-03-06T11:04:45","slug":"equips-apple","status":"publish","type":"page","link":"https:\/\/webs.uab.cat\/impressio\/equips-apple\/","title":{"rendered":"Equips Apple"},"content":{"rendered":"\n<p class=\"has-large-font-size\"><strong>PROCEDIMENT D&#8217;ACTIVACI\u00d3\u00a0<\/strong><\/p>\n\n\n\n<p>Instal\u00b7laci\u00f3 del client Uniflow a sistemes Mac<\/p>\n\n\n\n<p>Per tal d\u2019instal\u00b7lar el client Uniflow Smartclient a sistemes operatius Mac, ens hem d\u2019adre\u00e7ar a la plana web <a href=\"https:\/\/uab.eu.uniflowonline.com\" target=\"_blank\" rel=\"noreferrer noopener\">https:\/\/uab.eu.uniflowonline.com<\/a>, i entrem amb\u2018Continuar ambUAB\u2019:<\/p>\n\n\n\n<figure class=\"wp-block-image size-full\"><img loading=\"lazy\" decoding=\"async\" width=\"692\" height=\"451\" src=\"https:\/\/webs.uab.cat\/impressio\/wp-content\/uploads\/sites\/137\/2024\/03\/image.png\" alt=\"\" class=\"wp-image-392\" srcset=\"https:\/\/webs.uab.cat\/impressio\/wp-content\/uploads\/sites\/137\/2024\/03\/image.png 692w, https:\/\/webs.uab.cat\/impressio\/wp-content\/uploads\/sites\/137\/2024\/03\/image-300x196.png 300w\" sizes=\"auto, (max-width: 692px) 100vw, 692px\" \/><\/figure>\n\n\n\n<p>Un cop dins, triem \u2018Iniciar Impressi\u00f3\u2019i despr\u00e9s fem click a \u2018Descarregar el controlador d\u2019impressora macOS\u2019:<\/p>\n\n\n\n<figure class=\"wp-block-image size-full\"><img loading=\"lazy\" decoding=\"async\" width=\"1009\" height=\"600\" src=\"https:\/\/webs.uab.cat\/impressio\/wp-content\/uploads\/sites\/137\/2024\/03\/image-1.png\" alt=\"\" class=\"wp-image-393\" srcset=\"https:\/\/webs.uab.cat\/impressio\/wp-content\/uploads\/sites\/137\/2024\/03\/image-1.png 1009w, https:\/\/webs.uab.cat\/impressio\/wp-content\/uploads\/sites\/137\/2024\/03\/image-1-300x178.png 300w, https:\/\/webs.uab.cat\/impressio\/wp-content\/uploads\/sites\/137\/2024\/03\/image-1-768x457.png 768w\" sizes=\"auto, (max-width: 1009px) 100vw, 1009px\" \/><\/figure>\n\n\n\n<p>Obrim el fitxer i ens mostrar\u00e0 un nou volum a l\u2019escriptori:<\/p>\n\n\n\n<figure class=\"wp-block-image size-full\"><img loading=\"lazy\" decoding=\"async\" width=\"169\" height=\"200\" src=\"https:\/\/webs.uab.cat\/impressio\/wp-content\/uploads\/sites\/137\/2024\/03\/image-2.png\" alt=\"\" class=\"wp-image-394\" \/><\/figure>\n\n\n\n<p>L\u2019obrim i iniciem l\u2019instal\u00b7lador:<\/p>\n\n\n\n<figure class=\"wp-block-image size-full is-resized\"><img loading=\"lazy\" decoding=\"async\" width=\"179\" height=\"124\" src=\"https:\/\/webs.uab.cat\/impressio\/wp-content\/uploads\/sites\/137\/2024\/03\/image-3.png\" alt=\"\" class=\"wp-image-395\" style=\"width:179px;height:auto\" \/><\/figure>\n\n\n\n<figure class=\"wp-block-image size-full\"><img loading=\"lazy\" decoding=\"async\" width=\"615\" height=\"438\" src=\"https:\/\/webs.uab.cat\/impressio\/wp-content\/uploads\/sites\/137\/2024\/03\/image-4.png\" alt=\"\" class=\"wp-image-396\" srcset=\"https:\/\/webs.uab.cat\/impressio\/wp-content\/uploads\/sites\/137\/2024\/03\/image-4.png 615w, https:\/\/webs.uab.cat\/impressio\/wp-content\/uploads\/sites\/137\/2024\/03\/image-4-300x214.png 300w\" sizes=\"auto, (max-width: 615px) 100vw, 615px\" \/><\/figure>\n\n\n\n<p>Quan finlatzila instal\u00b7laci\u00f3, s\u2019obrir\u00e0 una finestra on hem de fer login amb \u2018Continuar amb UAB\u2019:<\/p>\n\n\n\n<figure class=\"wp-block-image size-full\"><img loading=\"lazy\" decoding=\"async\" width=\"620\" height=\"649\" src=\"https:\/\/webs.uab.cat\/impressio\/wp-content\/uploads\/sites\/137\/2024\/03\/image-5.png\" alt=\"\" class=\"wp-image-397\" srcset=\"https:\/\/webs.uab.cat\/impressio\/wp-content\/uploads\/sites\/137\/2024\/03\/image-5.png 620w, https:\/\/webs.uab.cat\/impressio\/wp-content\/uploads\/sites\/137\/2024\/03\/image-5-287x300.png 287w\" sizes=\"auto, (max-width: 620px) 100vw, 620px\" \/><\/figure>\n\n\n\n<p>S\u2019obrir\u00e0 el navegador i despr\u00e9s de fer login apareixer\u00e0 aquesta finestra:<\/p>\n\n\n\n<figure class=\"wp-block-image size-full\"><img loading=\"lazy\" decoding=\"async\" width=\"701\" height=\"494\" src=\"https:\/\/webs.uab.cat\/impressio\/wp-content\/uploads\/sites\/137\/2024\/03\/image-6.png\" alt=\"\" class=\"wp-image-398\" srcset=\"https:\/\/webs.uab.cat\/impressio\/wp-content\/uploads\/sites\/137\/2024\/03\/image-6.png 701w, https:\/\/webs.uab.cat\/impressio\/wp-content\/uploads\/sites\/137\/2024\/03\/image-6-300x211.png 300w\" sizes=\"auto, (max-width: 701px) 100vw, 701px\" \/><\/figure>\n\n\n\n<p>I a l\u2019apartat d\u2019impressores del sistema, ens apareixer\u00e0 la impressora Canon:<\/p>\n\n\n\n<figure class=\"wp-block-image size-full\"><img loading=\"lazy\" decoding=\"async\" width=\"794\" height=\"450\" src=\"https:\/\/webs.uab.cat\/impressio\/wp-content\/uploads\/sites\/137\/2024\/03\/image-7.png\" alt=\"\" class=\"wp-image-399\" srcset=\"https:\/\/webs.uab.cat\/impressio\/wp-content\/uploads\/sites\/137\/2024\/03\/image-7.png 794w, https:\/\/webs.uab.cat\/impressio\/wp-content\/uploads\/sites\/137\/2024\/03\/image-7-300x170.png 300w, https:\/\/webs.uab.cat\/impressio\/wp-content\/uploads\/sites\/137\/2024\/03\/image-7-768x435.png 768w\" sizes=\"auto, (max-width: 794px) 100vw, 794px\" \/><\/figure>\n","protected":false},"excerpt":{"rendered":"<p>PROCEDIMENT D&#8217;ACTIVACI\u00d3\u00a0 Instal\u00b7laci\u00f3 del client Uniflow a sistemes Mac Per tal d\u2019instal\u00b7lar el client Uniflow Smartclient a sistemes operatius Mac, ens hem d\u2019adre\u00e7ar a la plana web https:\/\/uab.eu.uniflowonline.com, i entrem amb\u2018Continuar ambUAB\u2019: Un cop dins, triem \u2018Iniciar Impressi\u00f3\u2019i despr\u00e9s fem click a \u2018Descarregar el controlador d\u2019impressora macOS\u2019: Obrim el fitxer i ens mostrar\u00e0 un nou [&hellip;]<\/p>\n","protected":false},"author":148,"featured_media":0,"parent":0,"menu_order":0,"comment_status":"closed","ping_status":"closed","template":"","meta":{"footnotes":""},"class_list":["post-383","page","type-page","status-publish","hentry"],"_links":{"self":[{"href":"https:\/\/webs.uab.cat\/impressio\/wp-json\/wp\/v2\/pages\/383","targetHints":{"allow":["GET"]}}],"collection":[{"href":"https:\/\/webs.uab.cat\/impressio\/wp-json\/wp\/v2\/pages"}],"about":[{"href":"https:\/\/webs.uab.cat\/impressio\/wp-json\/wp\/v2\/types\/page"}],"author":[{"embeddable":true,"href":"https:\/\/webs.uab.cat\/impressio\/wp-json\/wp\/v2\/users\/148"}],"replies":[{"embeddable":true,"href":"https:\/\/webs.uab.cat\/impressio\/wp-json\/wp\/v2\/comments?post=383"}],"version-history":[{"count":5,"href":"https:\/\/webs.uab.cat\/impressio\/wp-json\/wp\/v2\/pages\/383\/revisions"}],"predecessor-version":[{"id":402,"href":"https:\/\/webs.uab.cat\/impressio\/wp-json\/wp\/v2\/pages\/383\/revisions\/402"}],"wp:attachment":[{"href":"https:\/\/webs.uab.cat\/impressio\/wp-json\/wp\/v2\/media?parent=383"}],"curies":[{"name":"wp","href":"https:\/\/api.w.org\/{rel}","templated":true}]}}