{"id":46,"date":"2017-05-05T10:20:31","date_gmt":"2017-05-05T10:20:31","guid":{"rendered":"https:\/\/webs.uab.cat\/impressio\/inici\/"},"modified":"2017-05-05T10:20:31","modified_gmt":"2017-05-05T10:20:31","slug":"inici","status":"publish","type":"page","link":"https:\/\/webs.uab.cat\/impressio\/inici\/","title":{"rendered":"INICI"},"content":{"rendered":"<p class=\"Normalnospace\" style=\"text-align:justify;line-height:150%\"><span style=\"color:black;mso-ansi-language:CA\">A partir del curs 2016\/2017, s\u2019inicia un nou sistema d\u2019impressi\u00f3, c\u00f2pia i escaneig<sup>(1)<\/sup> a la UAB. Aquest sistema, basat en l\u2019autoservei, permet a l\u2019usuari<sup>(2) <\/sup>seguir disposant d\u2019un servei d\u2019impressi\u00f3 per\u00f2 afegint algunes millores, com ara l\u2019escaneig de documents o la possibilitat d\u2019imprimir en color.<o:p><\/o:p><\/span><\/p>\n<p class=\"Normalnospace\" style=\"text-align:justify;line-height:150%\"><span style=\"color:black;mso-ansi-language:CA\">B\u00e0sicament es tracta que l\u2019usuari pugui enviar a imprimir els seus documents, des de qualsevol dels seus dispositius, (ordinador, port\u00e0til, tableta, m\u00f2bil, etc.) o des dels ordinadors de les aules d\u2019inform\u00e0tica o de les biblioteques, i reculli els treballs en qualsevol dels&nbsp; equips distribu\u00efts pel Campus.<\/span><\/p>\n<p class=\"Normalnospace\" style=\"text-align:justify;line-height:150%\"><span style=\"font-size:11.0pt;font-family:&quot;Calibri&quot;,&quot;sans-serif&quot;;\nmso-fareast-font-family:Calibri;mso-fareast-theme-font:minor-latin;mso-bidi-font-family:\n&quot;Times New Roman&quot;;color:black;mso-ansi-language:CA;mso-fareast-language:EN-US;\nmso-bidi-language:AR-SA\">Trobareu informaci\u00f3 detallada, del funcionament, tant per imprimir com per copiar o escanejar aix\u00ed com la ubicaci\u00f3 concreta de tots els equips, en aquest mateix web.<\/span><\/p>\n<p class=\"Normalnospace\" style=\"text-align:justify;line-height:150%\"><span style=\"font-size:10.0pt;line-height:150%;font-family:&quot;Times New Roman&quot;,&quot;serif&quot;;\nmso-bidi-font-family:&quot;Times New Roman&quot;;mso-bidi-theme-font:minor-bidi;\ncolor:black;mso-ansi-language:CA\"><o:p><\/o:p><\/span><\/p>\n<p class=\"Normalnospace\" style=\"text-align:justify;line-height:150%\"><sup><span style=\"color:black;mso-ansi-language:CA\">(1)<\/span><\/sup><span style=\"color:black;mso-ansi-language:CA\"> <i>Treballem amb el sistema \u2018My print anywhere\u2019, que vol dir que, en lloc d\u2019imprimir en un equip espec\u00edfic, l\u2019usuari imprimir\u00e0 a una <u>cua d\u2019impressi\u00f3 segura<\/u> i accedir\u00e0 al seu document des de qualsevol equip amb independ\u00e8ncia de la seva ubicaci\u00f3<\/i>.<o:p><\/o:p><\/span><\/p>\n","protected":false},"excerpt":{"rendered":"<p>A partir del curs 2016\/2017, s\u2019inicia un nou sistema d\u2019impressi\u00f3, c\u00f2pia i escaneig(1) a la UAB. Aquest sistema, basat en l\u2019autoservei, permet a l\u2019usuari(2) seguir disposant d\u2019un servei d\u2019impressi\u00f3 per\u00f2 afegint algunes millores, com ara l\u2019escaneig de documents o la possibilitat d\u2019imprimir en color. B\u00e0sicament es tracta que l\u2019usuari pugui enviar a imprimir els seus [&hellip;]<\/p>\n","protected":false},"author":20,"featured_media":0,"parent":0,"menu_order":0,"comment_status":"closed","ping_status":"closed","template":"","meta":{"footnotes":""},"class_list":["post-46","page","type-page","status-publish","hentry"],"_links":{"self":[{"href":"https:\/\/webs.uab.cat\/impressio\/wp-json\/wp\/v2\/pages\/46","targetHints":{"allow":["GET"]}}],"collection":[{"href":"https:\/\/webs.uab.cat\/impressio\/wp-json\/wp\/v2\/pages"}],"about":[{"href":"https:\/\/webs.uab.cat\/impressio\/wp-json\/wp\/v2\/types\/page"}],"author":[{"embeddable":true,"href":"https:\/\/webs.uab.cat\/impressio\/wp-json\/wp\/v2\/users\/20"}],"replies":[{"embeddable":true,"href":"https:\/\/webs.uab.cat\/impressio\/wp-json\/wp\/v2\/comments?post=46"}],"version-history":[{"count":0,"href":"https:\/\/webs.uab.cat\/impressio\/wp-json\/wp\/v2\/pages\/46\/revisions"}],"wp:attachment":[{"href":"https:\/\/webs.uab.cat\/impressio\/wp-json\/wp\/v2\/media?parent=46"}],"curies":[{"name":"wp","href":"https:\/\/api.w.org\/{rel}","templated":true}]}}