{"id":48,"date":"2017-05-31T13:46:32","date_gmt":"2017-05-31T13:46:32","guid":{"rendered":"https:\/\/webs.uab.cat\/impressio\/pas-pas-estudiants\/"},"modified":"2022-12-15T12:11:10","modified_gmt":"2022-12-15T12:11:10","slug":"pas-pas-estudiants","status":"publish","type":"page","link":"https:\/\/webs.uab.cat\/impressio\/pas-pas-estudiants\/","title":{"rendered":"PAS A PAS ESTUDIANTS"},"content":{"rendered":"\n<p>Com a estudiant de la UAB teniu acc\u00e9s a utilitzar qualsevol dels sistemes d\u2019impressi\u00f3, copia o escaneig, que s\u2019ofereixen a la UAB, l\u2019autoservei i el servei assistit.<\/p>\n\n\n\n<h2 class=\"wp-block-heading\">1. <strong>AUTOSERVEI<\/strong> <\/h2>\n\n\n\n<p>NOU SISTEMA!! Maig 2022 &#8211; Servei d\u2019impressi\u00f3, c\u00f2pia i escaneig a la UAB.<\/p>\n\n\n\n<p>A partir del mes de maig de 2022 es posa en funcionament un nou sistema d\u2019impressi\u00f3 segura, de c\u00f2pia i d\u2019escaneig, a la UAB, l\u2019uniFLOW online.<\/p>\n\n\n\n<p><strong><em>Glossari:<\/em><\/strong><\/p>\n\n\n\n<ul class=\"wp-block-list\"><li><strong><em><u>Tenant<\/u><\/em><\/strong><em>: \u00c9s l\u2019acc\u00e9s a l\u2019entorn de l\u2019uniFLOW Online, i qui ofereix el conjunt de funcionalitats del servei a tota l\u2019organitzaci\u00f3. El <strong>tenant<\/strong> a la UAB s\u2019anomena uab.eu.uniflowonline.com, i la seva adre\u00e7a web \u00e9s: <\/em><a href=\"https:\/\/uab.eu.uniflowonline.com\"><em>https:\/\/uab.eu.uniflowonline.com<\/em><\/a><em>.<\/em><\/li><li><strong><em><u>uniFLOW Online<\/u><\/em><\/strong><em>: \u00c9s una soluci\u00f3 d\u2019impressi\u00f3 segura, de c\u00f2pia i d\u2019escaneig, que permet administrar tot l\u2019entorn al n\u00favol. Ofereix control d\u2019acc\u00e9s, impressi\u00f3 segura, c\u00f2pia, escanejat segur de documents i seguiment de costos (historial de transaccions)&#8230;<\/em><\/li><\/ul>\n\n\n\n<p>Per poder fer us del servei, mitjan\u00e7ant les impressores d\u2019autoservei, distribu\u00efdes pel Campus, cal seguir aquests passos:<\/p>\n\n\n\n<ol class=\"wp-block-list\"><li>Activar el compte personal d\u2019uniFLOW Online.<\/li><li>Carregar saldo al teu compte personal.<\/li><\/ol>\n\n\n\n<ol class=\"wp-block-list\"><li><strong>Activar el compte d\u2019usuari d\u2019uniFLOW Online. <\/strong>Segueix Pas a Pas de com fer-ho aqu\u00ed\n<ol>\n<li>Cal fer un inici de sessi\u00f3 per activar el teu compte.<\/li>\n<li>Despr\u00e9s d\u2019activar el compte, podr\u00e0s iniciar sessi\u00f3 cada vegada que vulguis per supervisar l\u2019activitat pr\u00f2pia, carregar treballs d\u2019impressi\u00f3 via web o canviar el codi PIN.<\/li>\n<\/ol>\n<\/li><\/ol>\n\n\n\n<ol class=\"wp-block-list\"><li><strong>Carregar saldo al compte personal <u>Segueix Pas a Pas de com fer-ho <a href=\"https:\/\/webs.uab.cat\/impressio\/recarrega-de-saldo\/\" data-type=\"page\" data-id=\"145\">aqu\u00ed<\/a><\/u><\/strong><\/li><li>En el cas dels estudiants, els c\u00e0rrecs per \u00fas del servei es faran mitjan\u00e7ant un sistema de moneder que es podr\u00e0 carregar en l\u00ednia mitjan\u00e7ant la plataforma de pagaments PayPal, o presencialment al Centre de Reprografia de Pla\u00e7a C\u00edvica, en met\u00e0l\u00b7lic o amb targeta de cr\u00e8dit.<\/li><\/ol>\n\n\n\n<p><strong>IMPORTANT<\/strong><\/p>\n\n\n\n<ul class=\"wp-block-list\"><li><strong>A l\u2019hora d\u2019enviar treballs a imprimir \u00e9s indispensable disposar de saldo suficient en el compte personal, si no \u00e9s aix\u00ed el treball no s\u2019enviar\u00e0 ni es guardar\u00e0. <\/strong><\/li><li><strong>El sistema mant\u00e9 els treballs en cua durant 24h. A partir d\u2019aquest moment s\u2019esborren i no es podran recuperar.<\/strong><\/li><\/ul>\n\n\n\n<p><strong>Les tarifes per l\u2019autoservei d\u2019impressi\u00f3 s\u00f3n:<\/strong><\/p>\n\n\n\n<ul class=\"wp-block-list\"><li>C\u00f2pies en blanc i negre una cara &#8211; 0,04108\u20ac<\/li><li>C\u00f2pies en blanc i negre doble cara- 0,03696\u20ac<\/li><li>C\u00f2pies en color una cara &#8211; 0,15125\u20ac<\/li><li>C\u00f2pies en color doble cara- 0,14641\u20ac<\/li><\/ul>\n\n\n\n<p><\/p>\n\n\n\n<p><\/p>\n\n\n\n<p><strong>Per a resoldre incid\u00e8ncies o avaries podeu trucar al 935 811 660 o escriure a\u00a0<\/strong><a href=\"mailto:ocivica@canon.es\"><strong>ocivica@canon.es<\/strong><\/a><\/p>\n\n\n\n<p>Algunes de les caracter\u00edstiques m\u00e9s destacables d&#8217;aquest sistema d&#8217;impressi\u00f3 s\u00f3n:<\/p>\n\n\n\n<ul class=\"wp-block-list\"><li>Identificaci\u00f3 mitjan\u00e7ant la targeta d\u2019estudiant UAB (el primer cop s\u2019ha de registrar)<\/li><li>Possibilitat d\u2019imprimir des d\u2019un pendrive (nom\u00e9s PDF).<\/li><li>Possibilitat d\u2019enviar a imprimir des de qualsevol dispositiu (nom\u00e9s PDF).<\/li><li>Escanejar i desar a pendrive.<\/li><li>Recollida de treballs a qualsevol de les m\u00e0quines distribu\u00efdes pel Campus.<\/li><li>Saldo incl\u00f2s en el compte personal.<\/li><\/ul>\n\n\n\n<h2 class=\"wp-block-heading\">2.<strong>&nbsp;&nbsp;&nbsp;&nbsp;&nbsp;SERVEI ASSISTIT<\/strong><\/h2>\n\n\n\n<p>\u00c9s un servei que est\u00e0 a disposici\u00f3 de qualsevol persona, independentment de que estigui vinculada a la UAB o no. La ubicaci\u00f3 i els horaris d\u2019atenci\u00f3 els podeu trobar&nbsp;<a href=\"https:\/\/webs.uab.cat\/impressio\/servei-assistit\/\" data-type=\"page\" data-id=\"80\">aqu\u00ed<\/a>.<\/p>\n\n\n\n<p>Al Servei Assistit podr\u00e0s fer, entre d\u2019altres:<\/p>\n\n\n\n<ul class=\"wp-block-list\"><li>Carregar saldo al teu compte personal d\u2019uniFLOW online.<\/li><li>C\u00f2pies\/impressions blanc i negre i color en formats A3\/A4.<\/li><li>C\u00f2pies\/impressions en diferents tipus de paper: des de 80grs-100grs. fins a cartolines de 120grs, 160grs.<\/li><li>Impressi\u00f3 en gran format: color i blanc i negre<\/li><li>Cartelleria per a congressos, exposicions, aparadors, etc.<\/li><li>Digitalitzaci\u00f3 de documents o projectes: A4\/A3.<\/li><li>Esc\u00e0ner blanc i negre i color gran format: pl\u00e0nols, p\u00f2sters, fotografies, fins a mida A0<\/li><li>Enquadernaci\u00f3 espiral\/met\u00e0l\u00b7lica.<\/li><li>Venda de material b\u00e0sic d\u2019oficina.<\/li><\/ul>\n\n\n\n<p><\/p>\n\n\n\n<p><\/p>\n\n\n\n<p><strong>Les tarifes d\u2019impressi\u00f3 al Servei Assistit s\u00f3n:<\/strong><\/p>\n\n\n\n<ul class=\"wp-block-list\"><li>C\u00f2pies en blanc i negre una cara \u2013 0,051\u20ac<\/li><li>C\u00f2pies en blanc i negre doble cara- 0,049\u20ac<\/li><li>C\u00f2pies en color cada cara \u2013 0,20\u20ac<\/li><li>C\u00f2pies en color mas de 100 &#8211; 0,17\u20ac<\/li><\/ul>\n","protected":false},"excerpt":{"rendered":"<p>Com a estudiant de la UAB teniu acc\u00e9s a utilitzar qualsevol dels sistemes d\u2019impressi\u00f3, copia o escaneig, que s\u2019ofereixen a la UAB, l\u2019autoservei i el servei assistit. 1. AUTOSERVEI NOU SISTEMA!! Maig 2022 &#8211; Servei d\u2019impressi\u00f3, c\u00f2pia i escaneig a la UAB. A partir del mes de maig de 2022 es posa en funcionament un [&hellip;]<\/p>\n","protected":false},"author":20,"featured_media":0,"parent":0,"menu_order":0,"comment_status":"closed","ping_status":"closed","template":"","meta":{"footnotes":""},"class_list":["post-48","page","type-page","status-publish","hentry"],"_links":{"self":[{"href":"https:\/\/webs.uab.cat\/impressio\/wp-json\/wp\/v2\/pages\/48","targetHints":{"allow":["GET"]}}],"collection":[{"href":"https:\/\/webs.uab.cat\/impressio\/wp-json\/wp\/v2\/pages"}],"about":[{"href":"https:\/\/webs.uab.cat\/impressio\/wp-json\/wp\/v2\/types\/page"}],"author":[{"embeddable":true,"href":"https:\/\/webs.uab.cat\/impressio\/wp-json\/wp\/v2\/users\/20"}],"replies":[{"embeddable":true,"href":"https:\/\/webs.uab.cat\/impressio\/wp-json\/wp\/v2\/comments?post=48"}],"version-history":[{"count":2,"href":"https:\/\/webs.uab.cat\/impressio\/wp-json\/wp\/v2\/pages\/48\/revisions"}],"predecessor-version":[{"id":318,"href":"https:\/\/webs.uab.cat\/impressio\/wp-json\/wp\/v2\/pages\/48\/revisions\/318"}],"wp:attachment":[{"href":"https:\/\/webs.uab.cat\/impressio\/wp-json\/wp\/v2\/media?parent=48"}],"curies":[{"name":"wp","href":"https:\/\/api.w.org\/{rel}","templated":true}]}}