{"id":62,"date":"2017-05-31T13:47:10","date_gmt":"2017-05-31T13:47:10","guid":{"rendered":"https:\/\/webs.uab.cat\/impressio\/procediment-dactivacio\/"},"modified":"2024-03-06T11:08:38","modified_gmt":"2024-03-06T11:08:38","slug":"procediment-dactivacio","status":"publish","type":"page","link":"https:\/\/webs.uab.cat\/impressio\/procediment-dactivacio\/","title":{"rendered":"PROCEDIMENT D&#8217;ACTIVACI\u00d3"},"content":{"rendered":"\n<p>Podeu consultar els procediments d&#8217;activaci\u00f3 disponibles a trav\u00e9s dels seg\u00fcents enlla\u00e7os:<\/p>\n\n\n\n<p><a href=\"https:\/\/webs.uab.cat\/impressio\/procediment-dactivacio-per-equips-windows\/\">Equips Windows<\/a><\/p>\n\n\n\n<p><a href=\"https:\/\/webs.uab.cat\/impressio\/equips-apple\/\">Equips Apple<\/a><\/p>\n","protected":false},"excerpt":{"rendered":"<p>Podeu consultar els procediments d&#8217;activaci\u00f3 disponibles a trav\u00e9s dels seg\u00fcents enlla\u00e7os: Equips Windows Equips Apple<\/p>\n","protected":false},"author":20,"featured_media":0,"parent":0,"menu_order":0,"comment_status":"closed","ping_status":"closed","template":"","meta":{"footnotes":""},"class_list":["post-62","page","type-page","status-publish","hentry"],"_links":{"self":[{"href":"https:\/\/webs.uab.cat\/impressio\/wp-json\/wp\/v2\/pages\/62","targetHints":{"allow":["GET"]}}],"collection":[{"href":"https:\/\/webs.uab.cat\/impressio\/wp-json\/wp\/v2\/pages"}],"about":[{"href":"https:\/\/webs.uab.cat\/impressio\/wp-json\/wp\/v2\/types\/page"}],"author":[{"embeddable":true,"href":"https:\/\/webs.uab.cat\/impressio\/wp-json\/wp\/v2\/users\/20"}],"replies":[{"embeddable":true,"href":"https:\/\/webs.uab.cat\/impressio\/wp-json\/wp\/v2\/comments?post=62"}],"version-history":[{"count":3,"href":"https:\/\/webs.uab.cat\/impressio\/wp-json\/wp\/v2\/pages\/62\/revisions"}],"predecessor-version":[{"id":404,"href":"https:\/\/webs.uab.cat\/impressio\/wp-json\/wp\/v2\/pages\/62\/revisions\/404"}],"wp:attachment":[{"href":"https:\/\/webs.uab.cat\/impressio\/wp-json\/wp\/v2\/media?parent=62"}],"curies":[{"name":"wp","href":"https:\/\/api.w.org\/{rel}","templated":true}]}}