{"id":28,"date":"2025-01-18T13:39:17","date_gmt":"2025-01-18T11:39:17","guid":{"rendered":"https:\/\/webs.uab.cat\/in-deep-sea\/?page_id=28"},"modified":"2025-02-17T13:41:15","modified_gmt":"2025-02-17T11:41:15","slug":"metodes-de-mostreig","status":"publish","type":"page","link":"https:\/\/webs.uab.cat\/in-deep-sea\/resources\/metodes-de-mostreig\/","title":{"rendered":"M\u00e8todes de mostreig"},"content":{"rendered":"\n<div class=\"wp-block-group is-vertical is-layout-flex wp-container-core-group-is-layout-8cf370e7 wp-block-group-is-layout-flex\">\n<p class=\"has-small-font-size\">Un element que no s\u2019acostuma a tenir en compte quan es parla del deepsea \u00e9s: com s\u2019ho fan els cient\u00edfics per aprendre m\u00e9s sobre aquest m\u00f3n?<\/p>\n\n\n\n<p class=\"has-small-font-size\">Realment les t\u00e8cniques s\u00f3n molt semblants a les que s\u2019utilitzen per pescar a baixa profunditat, per\u00f2 amb certes modificacions que s\u00f3n interessants d\u2019esmentar.<\/p>\n\n\n\n<p class=\"has-small-font-size\">Com que \u00e9s molt f\u00e0cil que es perdi el material al mar profund, cal refor\u00e7ar les estructures utilitzades (per exemple la xarxa), tenir alguna pe\u00e7a que permeti que es mantingui a la zona d\u2019estudi i tenir algun element flotador.<\/p>\n\n\n\n<p class=\"has-small-font-size\">Els flotadors poden estar sempre activats o podrien \u201cobrir-se\u201d quan reben un senyal dels investigadors, on el m\u00e9s habitual \u00e9s amb senyals ac\u00fastics.<\/p>\n<\/div>\n\n\n\n<p class=\"has-small-font-size\">Els m\u00e8todes d\u2019estudi poden ser:<\/p>\n\n\n\n<div style=\"height:8px\" aria-hidden=\"true\" class=\"wp-block-spacer\"><\/div>\n\n\n\n<h2 class=\"wp-block-heading\">1. M\u00e8todes passius o est\u00e0tics<\/h2>\n\n\n\n<p>Aquests m\u00e8todes es basen a atreure a la pressa perqu\u00e8 sigui ella mateixa la que caigui en la trampa. B\u00e0sicament, l\u2019investigador prepara el material i un cop la mostra hagi \u201cpicat\u201d, es recollir\u00e0.<\/p>\n\n\n\n<p>Els m\u00e8todes m\u00e9s utilitzats s\u00f3n:<\/p>\n\n\n\n<details class=\"wp-block-mamaduka-toggles wp-block-toggles\"><summary>Baited Hooks (ham amb esquer)<\/summary><div class=\"wp-block-toggles__content\">\n<p>Aquest m\u00e8tode consisteix a utilitzar un cable refor\u00e7at, que en un extrem estigui unit a un flotador i a l\u2019altre amb un pes (que porta l&#8217;estructura cap al fons). A tota la llargada de la corda hi ha hams lligats, els quals han d\u2019estar a una dist\u00e0ncia considerable entre si per tal de tenir una major probabilitat d&#8217;agafar mostres.<\/p>\n\n\n\n<p>Per tal d&#8217;augmentar la zona de mostreig, de la corda principal pot sortir una altra en posici\u00f3 horitzontal. Aquesta presenta a tota la seva superf\u00edcie hams, igual que passava amb la corda original. Tamb\u00e9 \u00e9s important que tingui un pes al costat contrari a la zona d&#8217;origen, ja que podria passar que els corrents la facin moure i no s&#8217;agafi cap mostra.<\/p>\n<\/div><\/details>\n\n\n\n<details class=\"wp-block-mamaduka-toggles wp-block-toggles\"><summary>Baited Traps (trampes amb esquer)<\/summary><div class=\"wp-block-toggles__content\">\n<p>Aquesta t\u00e8cnica consisteix a posar una trampa conformada per una cambra gran i una s\u00e8rie de cavitats de menor mida (la mida d&#8217;aquestes determina les esp\u00e8cies que es poden capturar).<\/p>\n\n\n\n<p>Quan els peixos detecten l&#8217;olor de l&#8217;esquer, s&#8217;introdueixen per les petites cavitats i en intentar escapar no ho aconsegueixen. Aix\u00f2 pot ser degut a diferents motius, com seria que el disseny de la trampa \u00e9s en forma de laberint o que les portes nom\u00e9s sobren cap endins.<\/p>\n\n\n\n<p>Finalment, aquest material es pot recuperar a partir de l&#8217;activaci\u00f3 del mecanisme de flotaci\u00f3. Aix\u00f2 es pot donar a trav\u00e9s d&#8217;un senyal sonor, em\u00e8s des de la base.<\/p>\n<\/div><\/details>\n\n\n\n<details class=\"wp-block-mamaduka-toggles wp-block-toggles\"><summary>Fixed Nets (xarxes fixes)<\/summary><div class=\"wp-block-toggles__content\">\n<p>Aquesta t\u00e8cnica consisteix a estendre una xarxa de grans dimensions, que es deixa anar al mar. Aquesta ha de tenir diverses peses unides per tal d&#8217;assegurar que els corrents no se l&#8217;emportin i pugui arribar al fons.<\/p>\n\n\n\n<p>Un cop arriba al fons, els peixos que intentin nedar a trav\u00e9s d&#8217;ella quedaran retinguts. Cal dir que el que determina quines esp\u00e8cies de peixos es capturen \u00e9s la mida dels forats que t\u00e9 la xarxa, de manera que si el peix \u00e9s de menor mida ho pot travessar. <\/p>\n\n\n\n<p>Per a recuperar el material, aquesta xarxa t\u00e9 unida a la zona superior unes estructures flotadors. D\u2019aquesta manera des de la superf\u00edcie tamb\u00e9 es pot tenir un cert control sobre la posici\u00f3 en la qual es mant\u00e9 la trampa.<\/p>\n<\/div><\/details>\n\n\n\n<div style=\"height:28px\" aria-hidden=\"true\" class=\"wp-block-spacer\"><\/div>\n\n\n\n<h2 class=\"wp-block-heading\">2. Mecanismes remolcats<\/h2>\n\n\n\n<div class=\"wp-block-group is-vertical is-layout-flex wp-container-core-group-is-layout-8cf370e7 wp-block-group-is-layout-flex\">\n<p>Aquestes estrat\u00e8gies es basen a lligar un element, normalment xarxes, a un vaixell o altres aparells a motor. D\u2019aquesta manera a mesura que es va movent va atrapant totes les mostres possibles.<\/p>\n\n\n\n<p>S\u00f3n bones formes d\u2019obtenir moltes mostres, per\u00f2 resulten perilloses per al medi ambient, ja que generen un impacte brutal en els ecosistemes. \u00c9s per aix\u00f2 que hi ha pa\u00efsos que ho restringeixen.<\/p>\n<\/div>\n\n\n\n<p>Els m\u00e8todes m\u00e9s comuns s\u00f3n:<\/p>\n\n\n\n<details class=\"wp-block-mamaduka-toggles wp-block-toggles\"><summary>Dredge (dragues)<\/summary><div class=\"wp-block-toggles__content\">\n<div class=\"wp-block-media-text has-media-on-the-right is-stacked-on-mobile\" style=\"grid-template-columns:auto 41%\"><div class=\"wp-block-media-text__content\">\n<p>Aix\u00f2 consisteix a deixar anar, fins a la base del mar, una placa de metall que per l\u2019extrem anterior t\u00e9 una corda lligada (que es troba ancorada al vaixell) i a la zona posterior t\u00e9 una s\u00e8rie de petites de xarxes.<\/p>\n\n\n\n<p>A mesura que es vagi arrossegant aquesta placa, s\u2019aniran movent els sediments i tot aix\u00f2 anir\u00e0 a parar a les xarxes.<\/p>\n<\/div><figure class=\"wp-block-media-text__media\"><img loading=\"lazy\" decoding=\"async\" width=\"1024\" height=\"520\" src=\"https:\/\/webs.uab.cat\/in-deep-sea\/wp-content\/uploads\/sites\/594\/2025\/01\/640px-Britannica_Dredge_and_Dredging_14-1024x520.jpg\" alt=\"\" class=\"wp-image-302 size-full\" srcset=\"https:\/\/webs.uab.cat\/in-deep-sea\/wp-content\/uploads\/sites\/594\/2025\/01\/640px-Britannica_Dredge_and_Dredging_14-1024x520.jpg 1024w, https:\/\/webs.uab.cat\/in-deep-sea\/wp-content\/uploads\/sites\/594\/2025\/01\/640px-Britannica_Dredge_and_Dredging_14-300x152.jpg 300w, https:\/\/webs.uab.cat\/in-deep-sea\/wp-content\/uploads\/sites\/594\/2025\/01\/640px-Britannica_Dredge_and_Dredging_14-768x390.jpg 768w, https:\/\/webs.uab.cat\/in-deep-sea\/wp-content\/uploads\/sites\/594\/2025\/01\/640px-Britannica_Dredge_and_Dredging_14-1200x609.jpg 1200w, https:\/\/webs.uab.cat\/in-deep-sea\/wp-content\/uploads\/sites\/594\/2025\/01\/640px-Britannica_Dredge_and_Dredging_14-rotated.jpg 1261w\" sizes=\"auto, (max-width: 1024px) 100vw, 1024px\" \/><\/figure><\/div>\n<\/div><\/details>\n\n\n\n<details class=\"wp-block-mamaduka-toggles wp-block-toggles\"><summary>Beam Trawl (r\u00f2ssec amb biga)<\/summary><div class=\"wp-block-toggles__content\">\n<div class=\"wp-block-media-text has-media-on-the-right is-stacked-on-mobile\" style=\"grid-template-columns:auto 47%\"><div class=\"wp-block-media-text__content\">\n<p>L&#8217;estrat\u00e8gia \u00e9s b\u00e0sicament el mateix que l\u2019anterior, per\u00f2 en comptes de tenir la placa de metall, t\u00e9 una xarxa ampla que es mant\u00e9 oberta per un refor\u00e7 rectangular a la boca d\u2019aquesta. A m\u00e9s t\u00e9 unes estructures (runners) a cada costat de la \u201cboca\u201d que afavoreixen l\u2019arrossegament.<\/p>\n<\/div><figure class=\"wp-block-media-text__media\"><img loading=\"lazy\" decoding=\"async\" width=\"640\" height=\"258\" src=\"https:\/\/webs.uab.cat\/in-deep-sea\/wp-content\/uploads\/sites\/594\/2025\/01\/FMIB_33562_Boat_Beam_Trawl.jpeg\" alt=\"\" class=\"wp-image-303 size-full\" srcset=\"https:\/\/webs.uab.cat\/in-deep-sea\/wp-content\/uploads\/sites\/594\/2025\/01\/FMIB_33562_Boat_Beam_Trawl.jpeg 640w, https:\/\/webs.uab.cat\/in-deep-sea\/wp-content\/uploads\/sites\/594\/2025\/01\/FMIB_33562_Boat_Beam_Trawl-300x121.jpeg 300w\" sizes=\"auto, (max-width: 640px) 100vw, 640px\" \/><\/figure><\/div>\n<\/div><\/details>\n\n\n\n<details class=\"wp-block-mamaduka-toggles wp-block-toggles\"><summary>Otter Trawl (art de bou)<\/summary><div class=\"wp-block-toggles__content\">\n<div class=\"wp-block-media-text has-media-on-the-right is-stacked-on-mobile\" style=\"grid-template-columns:auto 53%\"><div class=\"wp-block-media-text__content\">\n<p>L\u2019estrat\u00e8gia \u00e9s la mateixa, per\u00f2 en aquest cas s\u2019utilitzen unes petites plaques situades als costats de la corda amb la qual es lliga la xarxa per tal de mantenir-la oberta.<\/p>\n\n\n\n<p>D\u2019aquesta t\u00e8cnica n\u2019hi ha diferents variacions, on la que s\u2019utilitza m\u00e9s en el mar Balear \u00e9s el OTSB14 (otter trawl semi-balloon 14). Aquesta es diferencia en que pot regular millor l&#8217;obertura de la xarxa per aix\u00ed evitar captar esp\u00e8cies que no es volien estudiar.<\/p>\n<\/div><figure class=\"wp-block-media-text__media\"><img loading=\"lazy\" decoding=\"async\" width=\"640\" height=\"238\" src=\"https:\/\/webs.uab.cat\/in-deep-sea\/wp-content\/uploads\/sites\/594\/2025\/01\/FMIB_37806_Otter_Trawl_Net.jpeg\" alt=\"\" class=\"wp-image-304 size-full\" srcset=\"https:\/\/webs.uab.cat\/in-deep-sea\/wp-content\/uploads\/sites\/594\/2025\/01\/FMIB_37806_Otter_Trawl_Net.jpeg 640w, https:\/\/webs.uab.cat\/in-deep-sea\/wp-content\/uploads\/sites\/594\/2025\/01\/FMIB_37806_Otter_Trawl_Net-300x112.jpeg 300w\" sizes=\"auto, (max-width: 640px) 100vw, 640px\" \/><\/figure><\/div>\n<\/div><\/details>\n\n\n\n<div style=\"height:28px\" aria-hidden=\"true\" class=\"wp-block-spacer\"><\/div>\n\n\n\n<h2 class=\"wp-block-heading\">3. M\u00e8todes de mostreig a la zona pel\u00e0gica<\/h2>\n\n\n\n<div class=\"wp-block-group is-vertical is-layout-flex wp-container-core-group-is-layout-8cf370e7 wp-block-group-is-layout-flex\">\n<p>Fins ara les estrat\u00e8gies que s\u2019han explicat servien per a mostrejar esp\u00e8cies del fons del mar o b\u00e9 de zones profundes, per tal d\u2019obtenir mostres de la zona pel\u00e0gica ja no ser\u00e0 tan important la utilitzaci\u00f3 de pesos.<\/p>\n\n\n\n<p>Aquestes estrat\u00e8gies es basen en la utilitzaci\u00f3 d\u2019una xarxa (amb morfologies i mides diferents, segons el que es vulgui obtenir) que es troba unida al vaixell. Llavors el que es fa \u00e9s deixar-la anar a l\u2019aigua i es va portant oberta una estona, despr\u00e9s s\u2019activar\u00e0 un mecanisme de tancament (el m\u00e9s habitual \u00e9s utilitzar un senyal ac\u00fastica emesa pel mateix vaixell) i es recollir\u00e0.<\/p>\n<\/div>\n\n\n\n<div class=\"wp-block-columns is-layout-flex wp-container-core-columns-is-layout-9d6595d7 wp-block-columns-is-layout-flex\">\n<div class=\"wp-block-column is-layout-flow wp-block-column-is-layout-flow\"><div class=\"wp-block-image\">\n<figure class=\"aligncenter size-large is-resized\"><img loading=\"lazy\" decoding=\"async\" width=\"1024\" height=\"599\" src=\"https:\/\/webs.uab.cat\/in-deep-sea\/wp-content\/uploads\/sites\/594\/2025\/01\/FMIB_34136_Chun-Peterson_Intermediate_Tow_Net-1-1024x599.jpeg\" alt=\"\" class=\"wp-image-300\" style=\"width:586px;height:auto\" srcset=\"https:\/\/webs.uab.cat\/in-deep-sea\/wp-content\/uploads\/sites\/594\/2025\/01\/FMIB_34136_Chun-Peterson_Intermediate_Tow_Net-1-1024x599.jpeg 1024w, https:\/\/webs.uab.cat\/in-deep-sea\/wp-content\/uploads\/sites\/594\/2025\/01\/FMIB_34136_Chun-Peterson_Intermediate_Tow_Net-1-300x175.jpeg 300w, https:\/\/webs.uab.cat\/in-deep-sea\/wp-content\/uploads\/sites\/594\/2025\/01\/FMIB_34136_Chun-Peterson_Intermediate_Tow_Net-1-768x449.jpeg 768w, https:\/\/webs.uab.cat\/in-deep-sea\/wp-content\/uploads\/sites\/594\/2025\/01\/FMIB_34136_Chun-Peterson_Intermediate_Tow_Net-1-rotated.jpeg 1095w\" sizes=\"auto, (max-width: 1024px) 100vw, 1024px\" \/><figcaption class=\"wp-element-caption\">Diseny de xarxes de mostreig utilitzades a la zona pel\u00e0gica. <br>Imatge obtinguda de Wikimedia Commons a <a href=\"https:\/\/commons.wikimedia.org\/w\/index.php?search=pelagic+traps&amp;title=Special:MediaSearch&amp;go=Go&amp;type=image\">https:\/\/commons.wikimedia.org\/w\/index.php?search=pelagic+traps&amp;title=Special:MediaSearch&amp;go=Go&amp;type=image<\/a><\/figcaption><\/figure>\n<\/div><\/div>\n<\/div>\n\n\n\n<div style=\"height:28px\" aria-hidden=\"true\" class=\"wp-block-spacer\"><\/div>\n\n\n\n<h2 class=\"wp-block-heading\">4. Sistemes de fotografia<\/h2>\n\n\n\n<div class=\"wp-block-columns is-layout-flex wp-container-core-columns-is-layout-9d6595d7 wp-block-columns-is-layout-flex\">\n<div class=\"wp-block-column is-layout-flow wp-block-column-is-layout-flow\">\n<p>Aquestes estrat\u00e8gies consisteixen en fer baixar una c\u00e0psula on dins tingui la c\u00e0mera (resistent a altes pressions), una font de llum LED (que ha de ser de color vermell, ja que si fos blanca deixaria cecs als animals) i un esquer (molts cops en un compartiment que deixa sortir l\u2019olor, per\u00f2 que els peixos no poden arribar a consumir).<\/p>\n<\/div>\n\n\n\n<div class=\"wp-block-column is-layout-flow wp-block-column-is-layout-flow\"><div class=\"wp-block-image\">\n<figure class=\"alignleft size-full is-resized\"><img loading=\"lazy\" decoding=\"async\" width=\"640\" height=\"359\" src=\"https:\/\/webs.uab.cat\/in-deep-sea\/wp-content\/uploads\/sites\/594\/2025\/01\/Mini_ROV_-_Test_dans_le_bassin_dessais_du_Centre_Ifremer_de_Brest_Ifremer_00780-89203.jpg\" alt=\"\" class=\"wp-image-305\" style=\"width:382px;height:auto\" srcset=\"https:\/\/webs.uab.cat\/in-deep-sea\/wp-content\/uploads\/sites\/594\/2025\/01\/Mini_ROV_-_Test_dans_le_bassin_dessais_du_Centre_Ifremer_de_Brest_Ifremer_00780-89203.jpg 640w, https:\/\/webs.uab.cat\/in-deep-sea\/wp-content\/uploads\/sites\/594\/2025\/01\/Mini_ROV_-_Test_dans_le_bassin_dessais_du_Centre_Ifremer_de_Brest_Ifremer_00780-89203-300x168.jpg 300w\" sizes=\"auto, (max-width: 640px) 100vw, 640px\" \/><figcaption class=\"wp-element-caption\">Imatge d&#8217;un ROV en proc\u00e9s de captar fotografies al mar. Imatge obtinguda de <a href=\"https:\/\/commons.wikimedia.org\/wiki\/File:Mini_ROV_-_Test_dans_le_bassin_d%27essais_du_Centre_Ifremer_de_Brest_(Ifremer_00780-89203).jpg\" data-type=\"link\" data-id=\"https:\/\/commons.wikimedia.org\/wiki\/File:Mini_ROV_-_Test_dans_le_bassin_d%27essais_du_Centre_Ifremer_de_Brest_(Ifremer_00780-89203).jpg\">Wikimedia Commons<\/a> amb Copyright CC BY 4.0<\/figcaption><\/figure>\n<\/div><\/div>\n<\/div>\n\n\n\n<div class=\"wp-block-group is-vertical is-layout-flex wp-container-core-group-is-layout-8cf370e7 wp-block-group-is-layout-flex\">\n<p>Aquests aparells poden estar flotant a l\u2019aigua o sobre plataformes per tal que es mantingui en bona posici\u00f3 sobre el fons del mar.<\/p>\n\n\n\n<p>Tamb\u00e9 poden ser classificats segons si cal la participaci\u00f3 directa d\u2019un grup d\u2019humans en el que es coneix com a Human-occupied vehicles (HOV) o es podrien utilitzar estrat\u00e8gies amb control remot (ROV). Aquest segon tipus dep\u00e8n de la pres\u00e8ncia de bateries de llarga durada, per\u00f2 acostuma a poder actuar durant un major temps que no pas els HOV.<\/p>\n\n\n\n<p>A l\u2019hora de bussejar amb aquests aparells, cal tenir en compte que n\u2019hi ha 3 tipus d&#8217;estrat\u00e8gies:<\/p>\n<\/div>\n\n\n\n<ul class=\"wp-block-list\">\n<li>Exploraci\u00f3: capfiques l\u2019aparell i et poses a explorar una \u00e0rea que estava sense explorar, intentant buscar elements d&#8217;inter\u00e8s.<\/li>\n\n\n\n<li>Manipulaci\u00f3: s\u2019utilitzen els bra\u00e7os del ROV per a poder portar a terme una presa de mostres o un experiment.<\/li>\n\n\n\n<li>Transsectes: es defineix un transsecte i es fa que el ROV el recorri tot ell a la mateixa velocitat i enfocant amb la c\u00e0mera, d\u2019aquesta manera es pot identificar tots els elements que passen per aquesta zona (\u00fatil per definir abund\u00e0ncia d\u2019individus d&#8217;esp\u00e8cies determinades).<\/li>\n<\/ul>\n\n\n\n<p>Uns dels problemes d\u2019aquestes t\u00e8cniques seria que depenent l\u2019\u00e0rea de fotografia i la mida de les xarxes de pesca (si \u00e9s que en tenen), poden donar resultats que vari\u00efn entre si. A m\u00e9s les fotografies es poden enviar autom\u00e0ticament, per\u00f2 si volem que siguin d\u2019alta definici\u00f3 llavors caldr\u00e0 esperar al moment de la recollida.<\/p>\n\n\n\n<div style=\"height:28px\" aria-hidden=\"true\" class=\"wp-block-spacer\"><\/div>\n\n\n\n<h2 class=\"wp-block-heading\">5. Sistemes d&#8217;etiquetatge i seguiment<\/h2>\n\n\n\n<div class=\"wp-block-group is-vertical is-layout-flex wp-container-core-group-is-layout-8cf370e7 wp-block-group-is-layout-flex\">\n<p>Per a estudiar la mida de les poblacions dels peixos, quina \u00e9s la seva \u00e0rea de distribuci\u00f3 o com creixen \u00e9s indispensable el sistema d\u2019etiquetatge i seguiment.<\/p>\n\n\n\n<p>El problema amb aquestes estrat\u00e8gies \u00e9s que no es pot portar el peix a superf\u00edcie, ja que el canvi de pressi\u00f3 pot provocar danys greus en l\u2019organisme. \u00c9s per aquest motiu que s\u2019acostumen a utilitzar petits submarins que tenen sistemes d\u2019etiquetatge autom\u00e0tic, amb el qual fan una petita incisi\u00f3 i inserci\u00f3 d\u2019un rastrejador (a m\u00e9s d\u2019un espagueti d\u2019identificaci\u00f3).<\/p>\n\n\n\n<p>L\u2019espagueti ens ser\u00e0 \u00fatil per a quan els pescadors l\u2019agafin, ja que posar\u00e0 prou dades perqu\u00e8 s\u00e0piguen de \u201cqui \u00e9s\u201d i, per tant, els hi transmetin les dades.&nbsp;<\/p>\n\n\n\n<p>El problema amb el rastrejador \u00e9s que depenent de cada quant de temps es vulgui obtenir dades, la vida \u00fatil de l\u2019aparell ser\u00e0 m\u00e9s o menys llarga (si vols dades cada poc temps llavors durar\u00e0 poc de temps).<\/p>\n<\/div>\n\n\n\n<div style=\"height:100px\" aria-hidden=\"true\" class=\"wp-block-spacer\"><\/div>\n\n\n\n<p><strong>BIBLIOGRAFIA:<\/strong><\/p>\n\n\n\n<div class=\"wp-block-group is-vertical is-layout-flex wp-container-core-group-is-layout-8cf370e7 wp-block-group-is-layout-flex\">\n<p>Priede, I. G. (2017).&nbsp;<em>Deep-sea fishes: Biology, diversity, ecology and fisheries<\/em>. Cambridge University Press.<\/p>\n\n\n\n<p>Mathews, A. (2021, October 8). Here\u2019s a quick start guide to underwater ROVs. Learn about what defines a remotely operated vehicle, different types of ROVs, and what they are used for.&nbsp;<em>REACH ROBOTICS<\/em>. <a href=\"https:\/\/reachrobotics.com\/blog\/what-is-an-underwater-rov\/\">https:\/\/reachrobotics.com\/blog\/what-is-an-underwater-rov\/<\/a><\/p>\n<\/div>\n","protected":false},"excerpt":{"rendered":"<p>Un element que no s\u2019acostuma a tenir en compte quan es parla del deepsea \u00e9s: com s\u2019ho fan els cient\u00edfics per aprendre m\u00e9s sobre aquest m\u00f3n? Realment les t\u00e8cniques s\u00f3n molt semblants a les que s\u2019utilitzen per pescar a baixa profunditat, per\u00f2 amb certes modificacions que s\u00f3n interessants d\u2019esmentar. Com que \u00e9s molt f\u00e0cil que [&hellip;]<\/p>\n","protected":false},"author":2979,"featured_media":0,"parent":476,"menu_order":5,"comment_status":"closed","ping_status":"closed","template":"","meta":{"footnotes":""},"class_list":["post-28","page","type-page","status-publish","hentry"],"_links":{"self":[{"href":"https:\/\/webs.uab.cat\/in-deep-sea\/wp-json\/wp\/v2\/pages\/28","targetHints":{"allow":["GET"]}}],"collection":[{"href":"https:\/\/webs.uab.cat\/in-deep-sea\/wp-json\/wp\/v2\/pages"}],"about":[{"href":"https:\/\/webs.uab.cat\/in-deep-sea\/wp-json\/wp\/v2\/types\/page"}],"author":[{"embeddable":true,"href":"https:\/\/webs.uab.cat\/in-deep-sea\/wp-json\/wp\/v2\/users\/2979"}],"replies":[{"embeddable":true,"href":"https:\/\/webs.uab.cat\/in-deep-sea\/wp-json\/wp\/v2\/comments?post=28"}],"version-history":[{"count":9,"href":"https:\/\/webs.uab.cat\/in-deep-sea\/wp-json\/wp\/v2\/pages\/28\/revisions"}],"predecessor-version":[{"id":343,"href":"https:\/\/webs.uab.cat\/in-deep-sea\/wp-json\/wp\/v2\/pages\/28\/revisions\/343"}],"up":[{"embeddable":true,"href":"https:\/\/webs.uab.cat\/in-deep-sea\/wp-json\/wp\/v2\/pages\/476"}],"wp:attachment":[{"href":"https:\/\/webs.uab.cat\/in-deep-sea\/wp-json\/wp\/v2\/media?parent=28"}],"curies":[{"name":"wp","href":"https:\/\/api.w.org\/{rel}","templated":true}]}}