{"id":1556,"date":"2024-09-16T05:36:14","date_gmt":"2024-09-16T03:36:14","guid":{"rendered":"https:\/\/webs.uab.cat\/incasi?page_id=1556"},"modified":"2024-11-14T13:42:22","modified_gmt":"2024-11-14T11:42:22","slug":"seminario-en-universidad-de-chile","status":"publish","type":"page","link":"https:\/\/webs.uab.cat\/incasi?page_id=1556","title":{"rendered":"Seminario en Universidad de Chile"},"content":{"rendered":"\n<div class=\"wp-block-media-text is-stacked-on-mobile\" style=\"grid-template-columns:29% auto\"><figure class=\"wp-block-media-text__media\"><img loading=\"lazy\" decoding=\"async\" width=\"1024\" height=\"512\" src=\"https:\/\/webs.uab.cat\/incasi\/wp-content\/uploads\/sites\/500\/2024\/03\/File-Attachment_-estado-social-digitalizado.png\" alt=\"\" class=\"wp-image-639 size-full\" srcset=\"https:\/\/webs.uab.cat\/incasi\/wp-content\/uploads\/sites\/500\/2024\/03\/File-Attachment_-estado-social-digitalizado.png 1024w, https:\/\/webs.uab.cat\/incasi\/wp-content\/uploads\/sites\/500\/2024\/03\/File-Attachment_-estado-social-digitalizado-400x200.png 400w, https:\/\/webs.uab.cat\/incasi\/wp-content\/uploads\/sites\/500\/2024\/03\/File-Attachment_-estado-social-digitalizado-768x384.png 768w\" sizes=\"auto, (max-width: 1024px) 100vw, 1024px\" \/><\/figure><div class=\"wp-block-media-text__content\">\n<p class=\"has-verd-tropic-color has-text-color has-link-color wp-elements-1906780eafd3ead808fba8944b21d81a\">El Mi\u00e9rcoles 13 de marzo a las 19:00 horas (Chile), se realiz\u00f3 el seminario presentado por la Dra. Nadia Okbani (UT2J, Francia), quien realiza estancia en la Universidad de Chile, presenta en la comunicaci\u00f3n <strong><a href=\"https:\/\/www.youtube.com\/watch?v=9LsWehCEqtk\" data-type=\"link\" data-id=\"https:\/\/www.youtube.com\/watch?v=9LsWehCEqtk\">\u201cEstado social digitalizado: comparaci\u00f3n entre Chile y Francia\u201d<\/a><\/strong>.<\/p>\n<\/div><\/div>\n\n\n\n<div class=\"wp-block-media-text is-stacked-on-mobile\" style=\"grid-template-columns:30% auto\"><figure class=\"wp-block-media-text__media\"><img loading=\"lazy\" decoding=\"async\" width=\"1024\" height=\"1024\" src=\"https:\/\/webs.uab.cat\/incasi\/wp-content\/uploads\/sites\/500\/2024\/09\/nadia_okbani-1024x1024.png\" alt=\"\" class=\"wp-image-1577 size-full\" srcset=\"https:\/\/webs.uab.cat\/incasi\/wp-content\/uploads\/sites\/500\/2024\/09\/nadia_okbani-1024x1024.png 1024w, https:\/\/webs.uab.cat\/incasi\/wp-content\/uploads\/sites\/500\/2024\/09\/nadia_okbani-400x400.png 400w, https:\/\/webs.uab.cat\/incasi\/wp-content\/uploads\/sites\/500\/2024\/09\/nadia_okbani-200x200.png 200w, https:\/\/webs.uab.cat\/incasi\/wp-content\/uploads\/sites\/500\/2024\/09\/nadia_okbani-768x768.png 768w, https:\/\/webs.uab.cat\/incasi\/wp-content\/uploads\/sites\/500\/2024\/09\/nadia_okbani-1536x1536.png 1536w, https:\/\/webs.uab.cat\/incasi\/wp-content\/uploads\/sites\/500\/2024\/09\/nadia_okbani-1200x1200.png 1200w, https:\/\/webs.uab.cat\/incasi\/wp-content\/uploads\/sites\/500\/2024\/09\/nadia_okbani.png 1800w\" sizes=\"auto, (max-width: 1024px) 100vw, 1024px\" \/><\/figure><div class=\"wp-block-media-text__content\">\n<p>El 27 de marzo en la Universidad de Chile se realiza la charla \u00abProblem\u00e1ticas pol\u00edticas, profesionales y sociales de la digitalizaci\u00f3n de pol\u00edticas sociales. el caso de la protecci\u00f3n social en Francia\u00bb&nbsp;organizada por la Facultad de Ciencias Sociales (Sociolog\u00eda y Trabajo Social).<\/p>\n<\/div><\/div>\n\n\n\n<figure class=\"wp-block-image size-large\"><img loading=\"lazy\" decoding=\"async\" width=\"1024\" height=\"579\" src=\"https:\/\/webs.uab.cat\/incasi\/wp-content\/uploads\/sites\/500\/2024\/09\/nadia-1024x579.png\" alt=\"\" class=\"wp-image-1590\" srcset=\"https:\/\/webs.uab.cat\/incasi\/wp-content\/uploads\/sites\/500\/2024\/09\/nadia-1024x579.png 1024w, https:\/\/webs.uab.cat\/incasi\/wp-content\/uploads\/sites\/500\/2024\/09\/nadia-400x226.png 400w, https:\/\/webs.uab.cat\/incasi\/wp-content\/uploads\/sites\/500\/2024\/09\/nadia-768x434.png 768w, https:\/\/webs.uab.cat\/incasi\/wp-content\/uploads\/sites\/500\/2024\/09\/nadia.png 1111w\" sizes=\"auto, (max-width: 1024px) 100vw, 1024px\" \/><\/figure>\n\n\n\n<figure class=\"wp-block-gallery has-nested-images columns-default is-cropped wp-block-gallery-1 is-layout-flex wp-block-gallery-is-layout-flex\">\n<figure class=\"wp-block-image size-large\"><img loading=\"lazy\" decoding=\"async\" width=\"1024\" height=\"1024\" data-id=\"1580\" src=\"https:\/\/webs.uab.cat\/incasi\/wp-content\/uploads\/sites\/500\/2024\/09\/PHOTO-2024-03-20-10-04-59-1024x1024.jpg\" alt=\"\" class=\"wp-image-1580\" srcset=\"https:\/\/webs.uab.cat\/incasi\/wp-content\/uploads\/sites\/500\/2024\/09\/PHOTO-2024-03-20-10-04-59-1024x1024.jpg 1024w, https:\/\/webs.uab.cat\/incasi\/wp-content\/uploads\/sites\/500\/2024\/09\/PHOTO-2024-03-20-10-04-59-400x400.jpg 400w, https:\/\/webs.uab.cat\/incasi\/wp-content\/uploads\/sites\/500\/2024\/09\/PHOTO-2024-03-20-10-04-59-200x200.jpg 200w, https:\/\/webs.uab.cat\/incasi\/wp-content\/uploads\/sites\/500\/2024\/09\/PHOTO-2024-03-20-10-04-59-768x768.jpg 768w, https:\/\/webs.uab.cat\/incasi\/wp-content\/uploads\/sites\/500\/2024\/09\/PHOTO-2024-03-20-10-04-59.jpg 1080w\" sizes=\"auto, (max-width: 1024px) 100vw, 1024px\" \/><\/figure>\n\n\n\n<figure class=\"wp-block-image size-large\"><img loading=\"lazy\" decoding=\"async\" width=\"1024\" height=\"1024\" data-id=\"1581\" src=\"https:\/\/webs.uab.cat\/incasi\/wp-content\/uploads\/sites\/500\/2024\/09\/PHOTO-2024-03-20-10-04-58-1024x1024.jpg\" alt=\"\" class=\"wp-image-1581\" srcset=\"https:\/\/webs.uab.cat\/incasi\/wp-content\/uploads\/sites\/500\/2024\/09\/PHOTO-2024-03-20-10-04-58-1024x1024.jpg 1024w, https:\/\/webs.uab.cat\/incasi\/wp-content\/uploads\/sites\/500\/2024\/09\/PHOTO-2024-03-20-10-04-58-400x400.jpg 400w, https:\/\/webs.uab.cat\/incasi\/wp-content\/uploads\/sites\/500\/2024\/09\/PHOTO-2024-03-20-10-04-58-200x200.jpg 200w, https:\/\/webs.uab.cat\/incasi\/wp-content\/uploads\/sites\/500\/2024\/09\/PHOTO-2024-03-20-10-04-58-768x768.jpg 768w, https:\/\/webs.uab.cat\/incasi\/wp-content\/uploads\/sites\/500\/2024\/09\/PHOTO-2024-03-20-10-04-58.jpg 1080w\" sizes=\"auto, (max-width: 1024px) 100vw, 1024px\" \/><\/figure>\n<\/figure>\n\n\n\n<figure class=\"wp-block-gallery has-nested-images columns-default is-cropped wp-block-gallery-2 is-layout-flex wp-block-gallery-is-layout-flex\">\n<figure class=\"wp-block-image size-large\"><img loading=\"lazy\" decoding=\"async\" width=\"1024\" height=\"1024\" data-id=\"1583\" src=\"https:\/\/webs.uab.cat\/incasi\/wp-content\/uploads\/sites\/500\/2024\/09\/20240318_181433-1024x1024.jpg\" alt=\"\" class=\"wp-image-1583\" srcset=\"https:\/\/webs.uab.cat\/incasi\/wp-content\/uploads\/sites\/500\/2024\/09\/20240318_181433-1024x1024.jpg 1024w, https:\/\/webs.uab.cat\/incasi\/wp-content\/uploads\/sites\/500\/2024\/09\/20240318_181433-400x400.jpg 400w, https:\/\/webs.uab.cat\/incasi\/wp-content\/uploads\/sites\/500\/2024\/09\/20240318_181433-200x200.jpg 200w, https:\/\/webs.uab.cat\/incasi\/wp-content\/uploads\/sites\/500\/2024\/09\/20240318_181433-768x768.jpg 768w, https:\/\/webs.uab.cat\/incasi\/wp-content\/uploads\/sites\/500\/2024\/09\/20240318_181433-1536x1536.jpg 1536w, https:\/\/webs.uab.cat\/incasi\/wp-content\/uploads\/sites\/500\/2024\/09\/20240318_181433-2048x2048.jpg 2048w, https:\/\/webs.uab.cat\/incasi\/wp-content\/uploads\/sites\/500\/2024\/09\/20240318_181433-1200x1200.jpg 1200w, https:\/\/webs.uab.cat\/incasi\/wp-content\/uploads\/sites\/500\/2024\/09\/20240318_181433-1980x1980.jpg 1980w\" sizes=\"auto, (max-width: 1024px) 100vw, 1024px\" \/><\/figure>\n\n\n\n<figure class=\"wp-block-image size-large\"><img loading=\"lazy\" decoding=\"async\" width=\"1024\" height=\"1024\" data-id=\"1586\" src=\"https:\/\/webs.uab.cat\/incasi\/wp-content\/uploads\/sites\/500\/2024\/09\/20240318_181449-1024x1024.jpg\" alt=\"\" class=\"wp-image-1586\" srcset=\"https:\/\/webs.uab.cat\/incasi\/wp-content\/uploads\/sites\/500\/2024\/09\/20240318_181449-1024x1024.jpg 1024w, https:\/\/webs.uab.cat\/incasi\/wp-content\/uploads\/sites\/500\/2024\/09\/20240318_181449-400x400.jpg 400w, https:\/\/webs.uab.cat\/incasi\/wp-content\/uploads\/sites\/500\/2024\/09\/20240318_181449-200x200.jpg 200w, https:\/\/webs.uab.cat\/incasi\/wp-content\/uploads\/sites\/500\/2024\/09\/20240318_181449-768x768.jpg 768w, https:\/\/webs.uab.cat\/incasi\/wp-content\/uploads\/sites\/500\/2024\/09\/20240318_181449-1536x1536.jpg 1536w, https:\/\/webs.uab.cat\/incasi\/wp-content\/uploads\/sites\/500\/2024\/09\/20240318_181449-2048x2048.jpg 2048w, https:\/\/webs.uab.cat\/incasi\/wp-content\/uploads\/sites\/500\/2024\/09\/20240318_181449-1200x1200.jpg 1200w, https:\/\/webs.uab.cat\/incasi\/wp-content\/uploads\/sites\/500\/2024\/09\/20240318_181449-1980x1980.jpg 1980w\" sizes=\"auto, (max-width: 1024px) 100vw, 1024px\" \/><\/figure>\n\n\n\n<figure class=\"wp-block-image size-large\"><img loading=\"lazy\" decoding=\"async\" width=\"1024\" height=\"1024\" data-id=\"1584\" src=\"https:\/\/webs.uab.cat\/incasi\/wp-content\/uploads\/sites\/500\/2024\/09\/20240318_190022-1024x1024.jpg\" alt=\"\" class=\"wp-image-1584\" srcset=\"https:\/\/webs.uab.cat\/incasi\/wp-content\/uploads\/sites\/500\/2024\/09\/20240318_190022-1024x1024.jpg 1024w, https:\/\/webs.uab.cat\/incasi\/wp-content\/uploads\/sites\/500\/2024\/09\/20240318_190022-400x400.jpg 400w, https:\/\/webs.uab.cat\/incasi\/wp-content\/uploads\/sites\/500\/2024\/09\/20240318_190022-200x200.jpg 200w, https:\/\/webs.uab.cat\/incasi\/wp-content\/uploads\/sites\/500\/2024\/09\/20240318_190022-768x768.jpg 768w, https:\/\/webs.uab.cat\/incasi\/wp-content\/uploads\/sites\/500\/2024\/09\/20240318_190022-1536x1536.jpg 1536w, https:\/\/webs.uab.cat\/incasi\/wp-content\/uploads\/sites\/500\/2024\/09\/20240318_190022-2048x2048.jpg 2048w, https:\/\/webs.uab.cat\/incasi\/wp-content\/uploads\/sites\/500\/2024\/09\/20240318_190022-1200x1200.jpg 1200w, https:\/\/webs.uab.cat\/incasi\/wp-content\/uploads\/sites\/500\/2024\/09\/20240318_190022-1980x1980.jpg 1980w\" sizes=\"auto, (max-width: 1024px) 100vw, 1024px\" \/><\/figure>\n\n\n\n<figure class=\"wp-block-image size-large\"><img loading=\"lazy\" decoding=\"async\" width=\"1024\" height=\"1024\" data-id=\"1587\" src=\"https:\/\/webs.uab.cat\/incasi\/wp-content\/uploads\/sites\/500\/2024\/09\/20240318_190411-1024x1024.jpg\" alt=\"\" class=\"wp-image-1587\" srcset=\"https:\/\/webs.uab.cat\/incasi\/wp-content\/uploads\/sites\/500\/2024\/09\/20240318_190411-1024x1024.jpg 1024w, https:\/\/webs.uab.cat\/incasi\/wp-content\/uploads\/sites\/500\/2024\/09\/20240318_190411-400x400.jpg 400w, https:\/\/webs.uab.cat\/incasi\/wp-content\/uploads\/sites\/500\/2024\/09\/20240318_190411-200x200.jpg 200w, https:\/\/webs.uab.cat\/incasi\/wp-content\/uploads\/sites\/500\/2024\/09\/20240318_190411-768x768.jpg 768w, https:\/\/webs.uab.cat\/incasi\/wp-content\/uploads\/sites\/500\/2024\/09\/20240318_190411-1536x1536.jpg 1536w, https:\/\/webs.uab.cat\/incasi\/wp-content\/uploads\/sites\/500\/2024\/09\/20240318_190411-2048x2048.jpg 2048w, https:\/\/webs.uab.cat\/incasi\/wp-content\/uploads\/sites\/500\/2024\/09\/20240318_190411-1200x1200.jpg 1200w, https:\/\/webs.uab.cat\/incasi\/wp-content\/uploads\/sites\/500\/2024\/09\/20240318_190411-1980x1980.jpg 1980w\" sizes=\"auto, (max-width: 1024px) 100vw, 1024px\" \/><\/figure>\n\n\n\n<figure class=\"wp-block-image size-large\"><img loading=\"lazy\" decoding=\"async\" width=\"1024\" height=\"461\" data-id=\"1585\" src=\"https:\/\/webs.uab.cat\/incasi\/wp-content\/uploads\/sites\/500\/2024\/09\/20240318_190423-1024x461.jpg\" alt=\"\" class=\"wp-image-1585\" srcset=\"https:\/\/webs.uab.cat\/incasi\/wp-content\/uploads\/sites\/500\/2024\/09\/20240318_190423-1024x461.jpg 1024w, https:\/\/webs.uab.cat\/incasi\/wp-content\/uploads\/sites\/500\/2024\/09\/20240318_190423-400x180.jpg 400w, https:\/\/webs.uab.cat\/incasi\/wp-content\/uploads\/sites\/500\/2024\/09\/20240318_190423-768x346.jpg 768w, https:\/\/webs.uab.cat\/incasi\/wp-content\/uploads\/sites\/500\/2024\/09\/20240318_190423-1536x691.jpg 1536w, https:\/\/webs.uab.cat\/incasi\/wp-content\/uploads\/sites\/500\/2024\/09\/20240318_190423-2048x922.jpg 2048w, https:\/\/webs.uab.cat\/incasi\/wp-content\/uploads\/sites\/500\/2024\/09\/20240318_190423-1200x540.jpg 1200w, https:\/\/webs.uab.cat\/incasi\/wp-content\/uploads\/sites\/500\/2024\/09\/20240318_190423-1980x891.jpg 1980w\" sizes=\"auto, (max-width: 1024px) 100vw, 1024px\" \/><\/figure>\n<\/figure>\n","protected":false},"excerpt":{"rendered":"<p>El Mi\u00e9rcoles 13 de marzo a las 19:00 horas (Chile), se realiz\u00f3 el seminario presentado por la Dra. Nadia Okbani (UT2J, Francia), quien realiza estancia en la Universidad de Chile, presenta en la comunicaci\u00f3n \u201cEstado social digitalizado: comparaci\u00f3n entre Chile y Francia\u201d. El 27 de marzo en la Universidad de Chile se realiza la charla [&hellip;]<\/p>\n","protected":false},"author":2496,"featured_media":0,"parent":0,"menu_order":0,"comment_status":"closed","ping_status":"closed","template":"","meta":{"footnotes":""},"class_list":["post-1556","page","type-page","status-publish","hentry"],"_links":{"self":[{"href":"https:\/\/webs.uab.cat\/incasi\/index.php?rest_route=\/wp\/v2\/pages\/1556","targetHints":{"allow":["GET"]}}],"collection":[{"href":"https:\/\/webs.uab.cat\/incasi\/index.php?rest_route=\/wp\/v2\/pages"}],"about":[{"href":"https:\/\/webs.uab.cat\/incasi\/index.php?rest_route=\/wp\/v2\/types\/page"}],"author":[{"embeddable":true,"href":"https:\/\/webs.uab.cat\/incasi\/index.php?rest_route=\/wp\/v2\/users\/2496"}],"replies":[{"embeddable":true,"href":"https:\/\/webs.uab.cat\/incasi\/index.php?rest_route=%2Fwp%2Fv2%2Fcomments&post=1556"}],"version-history":[{"count":8,"href":"https:\/\/webs.uab.cat\/incasi\/index.php?rest_route=\/wp\/v2\/pages\/1556\/revisions"}],"predecessor-version":[{"id":2055,"href":"https:\/\/webs.uab.cat\/incasi\/index.php?rest_route=\/wp\/v2\/pages\/1556\/revisions\/2055"}],"wp:attachment":[{"href":"https:\/\/webs.uab.cat\/incasi\/index.php?rest_route=%2Fwp%2Fv2%2Fmedia&parent=1556"}],"curies":[{"name":"wp","href":"https:\/\/api.w.org\/{rel}","templated":true}]}}