{"id":166,"date":"2023-12-18T16:24:32","date_gmt":"2023-12-18T14:24:32","guid":{"rendered":"https:\/\/webs.uab.cat\/incasi\/?page_id=166"},"modified":"2023-12-19T13:48:22","modified_gmt":"2023-12-19T11:48:22","slug":"indice-dysic","status":"publish","type":"page","link":"https:\/\/webs.uab.cat\/incasi?page_id=166","title":{"rendered":"\u00cdndice DYSIC"},"content":{"rendered":"\n<p>El proyecto INCASI2 propone construir una medida innovadora multidimensional de desigualdad social que denominamos <strong>DYSIC<\/strong>: <em>Dynamics of Socioeconomic Inequality in Comparison<\/em>. El objetivo es crear una herramienta para examinar y comprender el funcionamiento de las desigualdades socioecon\u00f3micas que pueda utilizarse para el an\u00e1lisis comparativo internacional.<\/p>\n\n\n\n<p>Nuestro enfoque para crear esta medida compleja supone reconceptualizar las dimensiones de la desigualdad a trav\u00e9s de una perspectiva de an\u00e1lisis comparativo. Para ello se requiere la construcci\u00f3n de conceptos integradores de la desigualdad socioecon\u00f3mica que puedan aplicarse universalmente, independientemente del nivel de desarrollo de un pa\u00eds o de sus circunstancias espec\u00edficas.<\/p>\n\n\n\n<p>Nuestra propuesta para una nueva conceptualizaci\u00f3n de las desigualdades socioecon\u00f3micas y el desarrollo de las medidas de desigualdad DYSIC se guiar\u00e1 por el modelo <strong>AMOSIT<\/strong>: <em>Analytical Model of Socioeconomic Inequalities and Trajectories<\/em> desarrollado en el proyecto INCASI1, donde se integran las 6 l\u00edneas de investigaci\u00f3n del proyecto INCASI2: trabajo, educaci\u00f3n, estratificaci\u00f3n, g\u00e9nero, migraciones y pol\u00edticas p\u00fablicas.<\/p>\n\n\n\n<p>El \u00edndice DYSIC propuesto se construye a partir de tres dimensiones principales iniciales: educaci\u00f3n, ocupaci\u00f3n e ingresos como expresi\u00f3n de un mecanismo causal [educaci\u00f3n \u2192 ocupaci\u00f3n \u2192 ingreso] a partir se introducen la dimensi\u00f3n de g\u00e9nero y la dimensi\u00f3n din\u00e1mica para generar tres \u00edndices diferentes:<\/p>\n\n\n\n<figure class=\"wp-block-image size-full\"><img loading=\"lazy\" decoding=\"async\" width=\"759\" height=\"257\" src=\"https:\/\/webs.uab.cat\/incasi\/wp-content\/uploads\/sites\/500\/2023\/12\/indice.png\" alt=\"\" class=\"wp-image-263\" srcset=\"https:\/\/webs.uab.cat\/incasi\/wp-content\/uploads\/sites\/500\/2023\/12\/indice.png 759w, https:\/\/webs.uab.cat\/incasi\/wp-content\/uploads\/sites\/500\/2023\/12\/indice-300x102.png 300w\" sizes=\"auto, (max-width: 759px) 100vw, 759px\" \/><\/figure>\n","protected":false},"excerpt":{"rendered":"<p>El proyecto INCASI2 propone construir una medida innovadora multidimensional de desigualdad social que denominamos DYSIC: Dynamics of Socioeconomic Inequality in Comparison. El objetivo es crear una herramienta para examinar y comprender el funcionamiento de las desigualdades socioecon\u00f3micas que pueda utilizarse para el an\u00e1lisis comparativo internacional. Nuestro enfoque para crear esta medida compleja supone reconceptualizar las [&hellip;]<\/p>\n","protected":false},"author":1385,"featured_media":0,"parent":0,"menu_order":0,"comment_status":"closed","ping_status":"closed","template":"","meta":{"footnotes":""},"class_list":["post-166","page","type-page","status-publish","hentry"],"_links":{"self":[{"href":"https:\/\/webs.uab.cat\/incasi\/index.php?rest_route=\/wp\/v2\/pages\/166","targetHints":{"allow":["GET"]}}],"collection":[{"href":"https:\/\/webs.uab.cat\/incasi\/index.php?rest_route=\/wp\/v2\/pages"}],"about":[{"href":"https:\/\/webs.uab.cat\/incasi\/index.php?rest_route=\/wp\/v2\/types\/page"}],"author":[{"embeddable":true,"href":"https:\/\/webs.uab.cat\/incasi\/index.php?rest_route=\/wp\/v2\/users\/1385"}],"replies":[{"embeddable":true,"href":"https:\/\/webs.uab.cat\/incasi\/index.php?rest_route=%2Fwp%2Fv2%2Fcomments&post=166"}],"version-history":[{"count":2,"href":"https:\/\/webs.uab.cat\/incasi\/index.php?rest_route=\/wp\/v2\/pages\/166\/revisions"}],"predecessor-version":[{"id":264,"href":"https:\/\/webs.uab.cat\/incasi\/index.php?rest_route=\/wp\/v2\/pages\/166\/revisions\/264"}],"wp:attachment":[{"href":"https:\/\/webs.uab.cat\/incasi\/index.php?rest_route=%2Fwp%2Fv2%2Fmedia&parent=166"}],"curies":[{"name":"wp","href":"https:\/\/api.w.org\/{rel}","templated":true}]}}