{"id":2,"date":"2023-10-18T09:34:09","date_gmt":"2023-10-18T07:34:09","guid":{"rendered":"https:\/\/webs.uab.cat\/incasi2\/?page_id=2"},"modified":"2026-04-08T11:27:09","modified_gmt":"2026-04-08T09:27:09","slug":"pagina-exemple","status":"publish","type":"page","link":"https:\/\/webs.uab.cat\/incasi","title":{"rendered":""},"content":{"rendered":"\n<div class=\"wp-block-columns alignfull are-vertically-aligned-top has-small-font-size is-layout-flex wp-container-core-columns-is-layout-9d6595d7 wp-block-columns-is-layout-flex\">\n<div class=\"wp-block-column is-vertically-aligned-top has-normal-font-size is-layout-flow wp-block-column-is-layout-flow\" style=\"flex-basis:50%\">\n<div class=\"wp-block-group alignwide\"><div class=\"wp-block-group__inner-container is-layout-constrained wp-block-group-is-layout-constrained\">\n<p class=\"has-normal-font-size\"><strong>INCASI<\/strong><em>, International Network for Comparative Analysis of Social Inequalities&nbsp;<\/em>es una red internacional de investigaci\u00f3n y formaci\u00f3n entre Europa y Am\u00e9rica Latina que se cre\u00f3 en el a\u00f1o 2015 con un proyecto Horizon 2020 de la Comisi\u00f3n Europea: <a href=\"https:\/\/webs.uab.cat\/incasi1\/incasi-1\/\">INCASI1<\/a>, destinado a estudiar las desigualdades sociales de forma comparada.<\/p>\n\n\n\n<p class=\"has-normal-font-size\">El nuevo proyecto, bajo el programa&nbsp;<strong>Horizon Europe<\/strong>, Marie Sk\u0142odowska-Curie Actions (MSCA), Staff Exchange (GA101130456), lleva por t\u00edtulo&nbsp;<strong>A New Measure of Socioeconomic Inequalities for International Comparison<\/strong>&nbsp;(INCASI2) y tiene como objetivo la construcci\u00f3n de un nuevo modelo anal\u00edtico de las desigualdades socioecon\u00f3micas, que se desarrolla entre noviembre de 2023 y octubre de 2027. El proyecto cuenta con un financiamiento de 1.614.600 euros.<\/p>\n\n\n\n<p class=\"has-normal-font-size\">Participan en el proyecto 29 organizaciones:&nbsp;<strong>14 universidades europeas&nbsp;<\/strong>de 6 pa\u00edses (Espa\u00f1a, Italia, Francia, Pa\u00edses Bajos, Finlandia y Gran Breta\u00f1a),&nbsp;<strong>11 universidades de Am\u00e9rica latina y el Caribe<\/strong>&nbsp;de 7 pa\u00edses (Argentina, Bolivia, Cuba, Chile, Uruguay, Brasil y M\u00e9xico), y&nbsp;<strong>4 organizaciones no acad\u00e9micas<\/strong>&nbsp;(Latinobar\u00f3metro, CEPAL, CLACSO y LAPOP).<\/p>\n\n\n\n<p class=\"has-normal-font-size\">La coordinaci\u00f3n del proyecto es del Instituto de Estudios del Trabajo (IET) de la Universitat Aut\u00f2noma de Barcelona, siendo el investigador principal de la red el Dr. Pedro L\u00f3pez-Rold\u00e1n. La subcoordinaci\u00f3n est\u00e1 a cargo de la Dra. Sandra Fachelli del Departamento de Sociolog\u00eda de la Universidad Pablo de Olavide.<\/p>\n\n\n\n<p class=\"has-normal-font-size\">Para mayor detalle de los lineamientos de INCASI2, puede revisar el siguiente video.<\/p>\n\n\n\n<figure class=\"wp-block-embed is-type-video is-provider-youtube wp-block-embed-youtube wp-embed-aspect-16-9 wp-has-aspect-ratio\"><div class=\"wp-block-embed__wrapper\">\n<iframe loading=\"lazy\" title=\"ILL N\u00ba 1, El Proyecto INCASI2: Una nueva medida de las desigualdades socioecon\u00f3micas..\" width=\"580\" height=\"326\" src=\"https:\/\/www.youtube.com\/embed\/vYFBIuuJ1-o?feature=oembed\" frameborder=\"0\" allow=\"accelerometer; autoplay; clipboard-write; encrypted-media; gyroscope; picture-in-picture; web-share\" referrerpolicy=\"strict-origin-when-cross-origin\" allowfullscreen><\/iframe>\n<\/div><\/figure>\n\n\n\n<p>Para mayor detalle de los lineamientos de INCASI 1 y 2, puede revisar el siguiente video de CLACSO TV.<\/p>\n\n\n\n<figure class=\"wp-block-embed is-type-video is-provider-youtube wp-block-embed-youtube wp-embed-aspect-16-9 wp-has-aspect-ratio\"><div class=\"wp-block-embed__wrapper\">\n<iframe loading=\"lazy\" title=\"Entrevista a Coordinaci\u00f3n INCASI2 desde CLACSO (9\/9\/25)\" width=\"580\" height=\"326\" src=\"https:\/\/www.youtube.com\/embed\/Nq2bWWcVPE8?feature=oembed\" frameborder=\"0\" allow=\"accelerometer; autoplay; clipboard-write; encrypted-media; gyroscope; picture-in-picture; web-share\" referrerpolicy=\"strict-origin-when-cross-origin\" allowfullscreen><\/iframe>\n<\/div><\/figure>\n\n\n\n<div class=\"wp-block-buttons is-layout-flex wp-block-buttons-is-layout-flex\">\n<div class=\"wp-block-button\"><a class=\"wp-block-button__link wp-element-button\" href=\"https:\/\/webs.uab.cat\/incasi\/?page_id=12\">Leer m\u00e1s<\/a><\/div>\n<\/div>\n<\/div><\/div>\n<\/div>\n\n\n\n<div class=\"wp-block-column is-vertically-aligned-top font-size: 10px has-gris-londres-background-color has-background has-small-font-size is-layout-flow wp-block-column-is-layout-flow\" style=\"font-style:normal;font-weight:200;flex-basis:40%\">\n<h6 class=\"wp-block-heading has-verd-tropic-color has-text-color has-link-color has-normal-font-size wp-elements-71521e7f67a0a4de7e2212ef037bf705\" style=\"font-style:italic;font-weight:900\">\u00daltimas Noticias<\/h6>\n\n\n\n<div class=\"wp-block-columns alignwide are-vertically-aligned-center is-layout-flex wp-container-core-columns-is-layout-9d6595d7 wp-block-columns-is-layout-flex\">\n<div class=\"wp-block-column is-vertically-aligned-center font-size: 10px; color: #004080; margin-bottom: 6px; line-height: 1.4; has-small-font-size is-layout-flow wp-block-column-is-layout-flow\" style=\"font-style:normal;font-weight:100;flex-basis:100%\"><ul class=\"wp-block-latest-posts__list alignwide font-size: 10px wp-block-latest-posts has-small-font-size\"><li><a class=\"wp-block-latest-posts__post-title\" href=\"https:\/\/webs.uab.cat\/incasi?p=5454\">RC 28 Spring Meeting 2026<\/a><\/li>\n<li><a class=\"wp-block-latest-posts__post-title\" href=\"https:\/\/webs.uab.cat\/incasi?p=5390\">CONFERENCIA: LIKES, CIENCIA Y DESINFORMACI\u00d3N<\/a><\/li>\n<li><a class=\"wp-block-latest-posts__post-title\" href=\"https:\/\/webs.uab.cat\/incasi?p=5337\">Video Living Lab \u2013 Methodological Issues &#8211; Sebasti\u00e1n Ben\u00edtez Larghi (31\/03\/2026)<\/a><\/li>\n<li><a class=\"wp-block-latest-posts__post-title\" href=\"https:\/\/webs.uab.cat\/incasi?p=5335\">Video Living Lab \u2013 Emanuele Ferragina y Joan Miquel Verd (30\/03\/2026)<\/a><\/li>\n<li><a class=\"wp-block-latest-posts__post-title\" href=\"https:\/\/webs.uab.cat\/incasi?p=5333\">Video Living Lab \u2013 Mateo N\u00fa\u00f1ez (26\/03\/2026)<\/a><\/li>\n<li><a class=\"wp-block-latest-posts__post-title\" href=\"https:\/\/webs.uab.cat\/incasi?p=5312\">Social Policy Research Centre-Online Book Launch<\/a><\/li>\n<li><a class=\"wp-block-latest-posts__post-title\" href=\"https:\/\/webs.uab.cat\/incasi?p=5331\">Video Living Lab \u2013 Victor Climent (18\/03\/2026)<\/a><\/li>\n<\/ul><\/div>\n<\/div>\n\n\n\n<hr class=\"wp-block-separator has-alpha-channel-opacity is-style-dots\" \/>\n\n\n<form role=\"search\" method=\"get\" action=\"https:\/\/webs.uab.cat\/incasi\/\" class=\"wp-block-search__button-outside wp-block-search__text-button wp-block-search\"    ><label class=\"wp-block-search__label\" for=\"wp-block-search__input-1\" >Buscar<\/label><div class=\"wp-block-search__inside-wrapper\" ><input class=\"wp-block-search__input\" id=\"wp-block-search__input-1\" placeholder=\"\" value=\"\" type=\"search\" name=\"s\" required \/><button aria-label=\"Buscar\" class=\"wp-block-search__button wp-element-button\" type=\"submit\" >Buscar<\/button><\/div><\/form>\n\n\n<hr class=\"wp-block-separator has-alpha-channel-opacity is-style-default\" \/>\n\n\n\n<ul class=\"wp-block-social-links is-style-default is-layout-flex wp-block-social-links-is-layout-flex\"><li class=\"wp-social-link wp-social-link-bluesky  wp-block-social-link\"><a href=\"https:\/\/@incasi.bsky.social\" class=\"wp-block-social-link-anchor\"><svg width=\"24\" height=\"24\" viewBox=\"0 0 24 24\" version=\"1.1\" xmlns=\"http:\/\/www.w3.org\/2000\/svg\" aria-hidden=\"true\" focusable=\"false\"><path d=\"M6.3,4.2c2.3,1.7,4.8,5.3,5.7,7.2.9-1.9,3.4-5.4,5.7-7.2,1.7-1.3,4.3-2.2,4.3.9s-.4,5.2-.6,5.9c-.7,2.6-3.3,3.2-5.6,2.8,4,.7,5.1,3,2.9,5.3-5,5.2-6.7-2.8-6.7-2.8,0,0-1.7,8-6.7,2.8-2.2-2.3-1.2-4.6,2.9-5.3-2.3.4-4.9-.3-5.6-2.8-.2-.7-.6-5.3-.6-5.9,0-3.1,2.7-2.1,4.3-.9h0Z\"><\/path><\/svg><span class=\"wp-block-social-link-label screen-reader-text\">Bluesky<\/span><\/a><\/li>\n\n<li class=\"wp-social-link wp-social-link-instagram  wp-block-social-link\"><a href=\"https:\/\/www.instagram.com\/incasi2\/\" class=\"wp-block-social-link-anchor\"><svg width=\"24\" height=\"24\" viewBox=\"0 0 24 24\" version=\"1.1\" xmlns=\"http:\/\/www.w3.org\/2000\/svg\" aria-hidden=\"true\" focusable=\"false\"><path d=\"M12,4.622c2.403,0,2.688,0.009,3.637,0.052c0.877,0.04,1.354,0.187,1.671,0.31c0.42,0.163,0.72,0.358,1.035,0.673 c0.315,0.315,0.51,0.615,0.673,1.035c0.123,0.317,0.27,0.794,0.31,1.671c0.043,0.949,0.052,1.234,0.052,3.637 s-0.009,2.688-0.052,3.637c-0.04,0.877-0.187,1.354-0.31,1.671c-0.163,0.42-0.358,0.72-0.673,1.035 c-0.315,0.315-0.615,0.51-1.035,0.673c-0.317,0.123-0.794,0.27-1.671,0.31c-0.949,0.043-1.233,0.052-3.637,0.052 s-2.688-0.009-3.637-0.052c-0.877-0.04-1.354-0.187-1.671-0.31c-0.42-0.163-0.72-0.358-1.035-0.673 c-0.315-0.315-0.51-0.615-0.673-1.035c-0.123-0.317-0.27-0.794-0.31-1.671C4.631,14.688,4.622,14.403,4.622,12 s0.009-2.688,0.052-3.637c0.04-0.877,0.187-1.354,0.31-1.671c0.163-0.42,0.358-0.72,0.673-1.035 c0.315-0.315,0.615-0.51,1.035-0.673c0.317-0.123,0.794-0.27,1.671-0.31C9.312,4.631,9.597,4.622,12,4.622 M12,3 C9.556,3,9.249,3.01,8.289,3.054C7.331,3.098,6.677,3.25,6.105,3.472C5.513,3.702,5.011,4.01,4.511,4.511 c-0.5,0.5-0.808,1.002-1.038,1.594C3.25,6.677,3.098,7.331,3.054,8.289C3.01,9.249,3,9.556,3,12c0,2.444,0.01,2.751,0.054,3.711 c0.044,0.958,0.196,1.612,0.418,2.185c0.23,0.592,0.538,1.094,1.038,1.594c0.5,0.5,1.002,0.808,1.594,1.038 c0.572,0.222,1.227,0.375,2.185,0.418C9.249,20.99,9.556,21,12,21s2.751-0.01,3.711-0.054c0.958-0.044,1.612-0.196,2.185-0.418 c0.592-0.23,1.094-0.538,1.594-1.038c0.5-0.5,0.808-1.002,1.038-1.594c0.222-0.572,0.375-1.227,0.418-2.185 C20.99,14.751,21,14.444,21,12s-0.01-2.751-0.054-3.711c-0.044-0.958-0.196-1.612-0.418-2.185c-0.23-0.592-0.538-1.094-1.038-1.594 c-0.5-0.5-1.002-0.808-1.594-1.038c-0.572-0.222-1.227-0.375-2.185-0.418C14.751,3.01,14.444,3,12,3L12,3z M12,7.378 c-2.552,0-4.622,2.069-4.622,4.622S9.448,16.622,12,16.622s4.622-2.069,4.622-4.622S14.552,7.378,12,7.378z M12,15 c-1.657,0-3-1.343-3-3s1.343-3,3-3s3,1.343,3,3S13.657,15,12,15z M16.804,6.116c-0.596,0-1.08,0.484-1.08,1.08 s0.484,1.08,1.08,1.08c0.596,0,1.08-0.484,1.08-1.08S17.401,6.116,16.804,6.116z\"><\/path><\/svg><span class=\"wp-block-social-link-label screen-reader-text\">Instagram<\/span><\/a><\/li>\n\n<li class=\"wp-social-link wp-social-link-youtube  wp-block-social-link\"><a href=\"https:\/\/www.youtube.com\/@proyectoincasirise4231\/playlists\" class=\"wp-block-social-link-anchor\"><svg width=\"24\" height=\"24\" viewBox=\"0 0 24 24\" version=\"1.1\" xmlns=\"http:\/\/www.w3.org\/2000\/svg\" aria-hidden=\"true\" focusable=\"false\"><path d=\"M21.8,8.001c0,0-0.195-1.378-0.795-1.985c-0.76-0.797-1.613-0.801-2.004-0.847c-2.799-0.202-6.997-0.202-6.997-0.202 h-0.009c0,0-4.198,0-6.997,0.202C4.608,5.216,3.756,5.22,2.995,6.016C2.395,6.623,2.2,8.001,2.2,8.001S2,9.62,2,11.238v1.517 c0,1.618,0.2,3.237,0.2,3.237s0.195,1.378,0.795,1.985c0.761,0.797,1.76,0.771,2.205,0.855c1.6,0.153,6.8,0.201,6.8,0.201 s4.203-0.006,7.001-0.209c0.391-0.047,1.243-0.051,2.004-0.847c0.6-0.607,0.795-1.985,0.795-1.985s0.2-1.618,0.2-3.237v-1.517 C22,9.62,21.8,8.001,21.8,8.001z M9.935,14.594l-0.001-5.62l5.404,2.82L9.935,14.594z\"><\/path><\/svg><span class=\"wp-block-social-link-label screen-reader-text\">YouTube<\/span><\/a><\/li><\/ul>\n<\/div>\n<\/div>\n","protected":false},"excerpt":{"rendered":"<p>INCASI, International Network for Comparative Analysis of Social Inequalities&nbsp;es una red internacional de investigaci\u00f3n y formaci\u00f3n entre Europa y Am\u00e9rica Latina que se cre\u00f3 en el a\u00f1o 2015 con un proyecto Horizon 2020 de la Comisi\u00f3n Europea: INCASI1, destinado a estudiar las desigualdades sociales de forma comparada. El nuevo proyecto, bajo el programa&nbsp;Horizon Europe, Marie [&hellip;]<\/p>\n","protected":false},"author":2496,"featured_media":0,"parent":0,"menu_order":0,"comment_status":"closed","ping_status":"open","template":"","meta":{"footnotes":""},"class_list":["post-2","page","type-page","status-publish","hentry"],"_links":{"self":[{"href":"https:\/\/webs.uab.cat\/incasi\/index.php?rest_route=\/wp\/v2\/pages\/2","targetHints":{"allow":["GET"]}}],"collection":[{"href":"https:\/\/webs.uab.cat\/incasi\/index.php?rest_route=\/wp\/v2\/pages"}],"about":[{"href":"https:\/\/webs.uab.cat\/incasi\/index.php?rest_route=\/wp\/v2\/types\/page"}],"author":[{"embeddable":true,"href":"https:\/\/webs.uab.cat\/incasi\/index.php?rest_route=\/wp\/v2\/users\/2496"}],"replies":[{"embeddable":true,"href":"https:\/\/webs.uab.cat\/incasi\/index.php?rest_route=%2Fwp%2Fv2%2Fcomments&post=2"}],"version-history":[{"count":98,"href":"https:\/\/webs.uab.cat\/incasi\/index.php?rest_route=\/wp\/v2\/pages\/2\/revisions"}],"predecessor-version":[{"id":5451,"href":"https:\/\/webs.uab.cat\/incasi\/index.php?rest_route=\/wp\/v2\/pages\/2\/revisions\/5451"}],"wp:attachment":[{"href":"https:\/\/webs.uab.cat\/incasi\/index.php?rest_route=%2Fwp%2Fv2%2Fmedia&parent=2"}],"curies":[{"name":"wp","href":"https:\/\/api.w.org\/{rel}","templated":true}]}}