{"id":23,"date":"2023-10-25T11:55:22","date_gmt":"2023-10-25T09:55:22","guid":{"rendered":"https:\/\/webs.uab.cat\/incasi2\/?page_id=23"},"modified":"2025-07-29T09:11:05","modified_gmt":"2025-07-29T07:11:05","slug":"organization-chart","status":"publish","type":"page","link":"https:\/\/webs.uab.cat\/incasi?page_id=23","title":{"rendered":"Organigrama"},"content":{"rendered":"\n<p>Con el fin de garantizar una gesti\u00f3n eficiente del proyecto de acuerdo con las actividades programadas en los Work Packages, se dise\u00f1a la estructura de la organizaci\u00f3n y de la gesti\u00f3n econ\u00f3mica con dos din\u00e1micas:<\/p>\n\n\n\n<ol style=\"list-style-type:1\" class=\"wp-block-list\">\n<li>Una centralizada a partir universidad <strong>coordinadora<\/strong> (el Instituto de Estudios del Trabajo, de la Universitat Aut\u00f2noma de Barcelona, que asume el liderazgo del proyecto y asegura la homogeneidad de la actividad de la red, a trav\u00e9s de la actuaci\u00f3n del Coordinador Principal y del <strong>Task Manager<\/strong>, junto a la <strong>subcoordinaci\u00f3n<\/strong> del Departamento de Sociolog\u00eda de la Universidad Pablo de Olavide.<\/li>\n\n\n\n<li>Otra participativa y deliberativa entre iguales a partir de la <strong>Comisi\u00f3n Acad\u00e9mica<\/strong>, como \u00f3rgano m\u00e1ximo responsable de la direcci\u00f3n y gesti\u00f3n del desarrollo cient\u00edfico del Proyecto&nbsp;INCASI2, y los <strong>Grupos de Investigaci\u00f3n Tem\u00e1ticos<\/strong> (TRG), subgrupos de proyecto general dedicados espec\u00edficamente a la investigaci\u00f3n en cada uno de los 6 ejes tem\u00e1ticos.<\/li>\n<\/ol>\n\n\n\n<figure class=\"wp-block-image size-full is-resized\"><img loading=\"lazy\" decoding=\"async\" width=\"3009\" height=\"2122\" src=\"https:\/\/webs.uab.cat\/incasi\/wp-content\/uploads\/sites\/500\/2025\/07\/Imagen2.png\" alt=\"\" class=\"wp-image-4065\" style=\"width:684px;height:483px\" srcset=\"https:\/\/webs.uab.cat\/incasi\/wp-content\/uploads\/sites\/500\/2025\/07\/Imagen2.png 3009w, https:\/\/webs.uab.cat\/incasi\/wp-content\/uploads\/sites\/500\/2025\/07\/Imagen2-400x282.png 400w, https:\/\/webs.uab.cat\/incasi\/wp-content\/uploads\/sites\/500\/2025\/07\/Imagen2-1024x722.png 1024w, https:\/\/webs.uab.cat\/incasi\/wp-content\/uploads\/sites\/500\/2025\/07\/Imagen2-768x542.png 768w, https:\/\/webs.uab.cat\/incasi\/wp-content\/uploads\/sites\/500\/2025\/07\/Imagen2-1536x1083.png 1536w, https:\/\/webs.uab.cat\/incasi\/wp-content\/uploads\/sites\/500\/2025\/07\/Imagen2-2048x1444.png 2048w, https:\/\/webs.uab.cat\/incasi\/wp-content\/uploads\/sites\/500\/2025\/07\/Imagen2-1200x846.png 1200w, https:\/\/webs.uab.cat\/incasi\/wp-content\/uploads\/sites\/500\/2025\/07\/Imagen2-1980x1396.png 1980w\" sizes=\"auto, (max-width: 3009px) 100vw, 3009px\" \/><\/figure>\n","protected":false},"excerpt":{"rendered":"<p>Con el fin de garantizar una gesti\u00f3n eficiente del proyecto de acuerdo con las actividades programadas en los Work Packages, se dise\u00f1a la estructura de la organizaci\u00f3n y de la gesti\u00f3n econ\u00f3mica con dos din\u00e1micas:<\/p>\n","protected":false},"author":1385,"featured_media":0,"parent":0,"menu_order":0,"comment_status":"closed","ping_status":"closed","template":"","meta":{"footnotes":""},"class_list":["post-23","page","type-page","status-publish","hentry"],"_links":{"self":[{"href":"https:\/\/webs.uab.cat\/incasi\/index.php?rest_route=\/wp\/v2\/pages\/23","targetHints":{"allow":["GET"]}}],"collection":[{"href":"https:\/\/webs.uab.cat\/incasi\/index.php?rest_route=\/wp\/v2\/pages"}],"about":[{"href":"https:\/\/webs.uab.cat\/incasi\/index.php?rest_route=\/wp\/v2\/types\/page"}],"author":[{"embeddable":true,"href":"https:\/\/webs.uab.cat\/incasi\/index.php?rest_route=\/wp\/v2\/users\/1385"}],"replies":[{"embeddable":true,"href":"https:\/\/webs.uab.cat\/incasi\/index.php?rest_route=%2Fwp%2Fv2%2Fcomments&post=23"}],"version-history":[{"count":5,"href":"https:\/\/webs.uab.cat\/incasi\/index.php?rest_route=\/wp\/v2\/pages\/23\/revisions"}],"predecessor-version":[{"id":4067,"href":"https:\/\/webs.uab.cat\/incasi\/index.php?rest_route=\/wp\/v2\/pages\/23\/revisions\/4067"}],"wp:attachment":[{"href":"https:\/\/webs.uab.cat\/incasi\/index.php?rest_route=%2Fwp%2Fv2%2Fmedia&parent=23"}],"curies":[{"name":"wp","href":"https:\/\/api.w.org\/{rel}","templated":true}]}}