{"id":3274,"date":"2025-02-24T12:59:57","date_gmt":"2025-02-24T10:59:57","guid":{"rendered":"https:\/\/webs.uab.cat\/incasi?page_id=3274"},"modified":"2025-03-17T13:09:33","modified_gmt":"2025-03-17T11:09:33","slug":"frank-tros","status":"publish","type":"page","link":"https:\/\/webs.uab.cat\/incasi?page_id=3274","title":{"rendered":"Frank Tros"},"content":{"rendered":"\n<div class=\"wp-block-media-text alignwide is-stacked-on-mobile background-color: black; has-blanc-coco-color has-verd-tropic-transparent-background-color has-text-color has-background has-link-color wp-elements-abd4838f12ed47e10c986f51b6664fd5\" style=\"grid-template-columns:22% auto\"><figure class=\"wp-block-media-text__media\"><img loading=\"lazy\" decoding=\"async\" width=\"328\" height=\"436\" src=\"https:\/\/webs.uab.cat\/incasi\/wp-content\/uploads\/sites\/500\/2025\/02\/image.png\" alt=\"\" class=\"wp-image-3276 size-full\" srcset=\"https:\/\/webs.uab.cat\/incasi\/wp-content\/uploads\/sites\/500\/2025\/02\/image.png 328w, https:\/\/webs.uab.cat\/incasi\/wp-content\/uploads\/sites\/500\/2025\/02\/image-301x400.png 301w\" sizes=\"auto, (max-width: 328px) 100vw, 328px\" \/><\/figure><div class=\"wp-block-media-text__content\">\n<blockquote class=\"wp-block-quote has-verd-tropic-color has-text-color has-link-color wp-elements-20193a84030a95430eadcbca89cc1419 is-layout-flow wp-block-quote-is-layout-flow\">\n<p>El Dr. Frank Tros est\u00e1 afiliado desde 1999 a la Universidad de \u00c1msterdam en los Pa\u00edses Bajos (Msc sociolog\u00eda en la Universidad de Groningen, 1992; PhD ciencias sociales en la Universidad de Utrecht, 2000). Frank es investigador senior en AIAS-HSI, un instituto de investigaci\u00f3n multidisciplinar y docencia en estudios laborales de la Facultad de Derecho de la Universidad de \u00c1msterdam. El campo profesional de Frank se centra principalmente en la investigaci\u00f3n cualitativa de los mercados de trabajo, las relaciones laborales y los estudios sobre recursos humanos y organizaci\u00f3n. Ha iniciado y coordinado varios proyectos nacionales e internacionales, cofinanciados por la Comisi\u00f3n Europea. Sus publicaciones versan sobre las relaciones entre flexibilidad y seguridad en los mercados de trabajo, los conceptos de pol\u00edtica de \u00abflexiguridad\u00bb, las cuestiones (inter)generacionales en el trabajo, el cambio institucional y organizativo en la negociaci\u00f3n colectiva, los recursos de poder de sindicatos y empresarios y las acciones colectivas en las relaciones laborales y los estados del bienestar, la voz de los trabajadores y su participaci\u00f3n en la toma de decisiones en las empresas (entre otros temas, v\u00e9anse sus publicaciones: Dr. F.H. (Frank) Tros &#8211; AIAS-HSI &#8211; Universidad de Amsterdam (uva.nl) Adem\u00e1s de estudios nacionales en los Pa\u00edses Bajos, Frank es experto en el desarrollo, an\u00e1lisis y publicaci\u00f3n de estudios laborales comparativos entre pa\u00edses europeos.<\/p>\n<\/blockquote>\n<\/div><\/div>\n","protected":false},"excerpt":{"rendered":"","protected":false},"author":2884,"featured_media":0,"parent":0,"menu_order":0,"comment_status":"closed","ping_status":"closed","template":"","meta":{"footnotes":""},"class_list":["post-3274","page","type-page","status-publish","hentry"],"_links":{"self":[{"href":"https:\/\/webs.uab.cat\/incasi\/index.php?rest_route=\/wp\/v2\/pages\/3274","targetHints":{"allow":["GET"]}}],"collection":[{"href":"https:\/\/webs.uab.cat\/incasi\/index.php?rest_route=\/wp\/v2\/pages"}],"about":[{"href":"https:\/\/webs.uab.cat\/incasi\/index.php?rest_route=\/wp\/v2\/types\/page"}],"author":[{"embeddable":true,"href":"https:\/\/webs.uab.cat\/incasi\/index.php?rest_route=\/wp\/v2\/users\/2884"}],"replies":[{"embeddable":true,"href":"https:\/\/webs.uab.cat\/incasi\/index.php?rest_route=%2Fwp%2Fv2%2Fcomments&post=3274"}],"version-history":[{"count":2,"href":"https:\/\/webs.uab.cat\/incasi\/index.php?rest_route=\/wp\/v2\/pages\/3274\/revisions"}],"predecessor-version":[{"id":3706,"href":"https:\/\/webs.uab.cat\/incasi\/index.php?rest_route=\/wp\/v2\/pages\/3274\/revisions\/3706"}],"wp:attachment":[{"href":"https:\/\/webs.uab.cat\/incasi\/index.php?rest_route=%2Fwp%2Fv2%2Fmedia&parent=3274"}],"curies":[{"name":"wp","href":"https:\/\/api.w.org\/{rel}","templated":true}]}}