{"id":35,"date":"2023-10-25T11:58:08","date_gmt":"2023-10-25T09:58:08","guid":{"rendered":"https:\/\/webs.uab.cat\/incasi2\/?page_id=35"},"modified":"2024-12-09T16:21:22","modified_gmt":"2024-12-09T14:21:22","slug":"worbhops","status":"publish","type":"page","link":"https:\/\/webs.uab.cat\/incasi?page_id=35","title":{"rendered":"Multi-Actor Approach Sessions"},"content":{"rendered":"\n<ol class=\"wp-block-list\">\n<li>El  25 y 26 de junio de 2024 se ha realizado en la Universidad Pablo de Olavide la primera jornada de <em>\u00abDoctorado, universidad, empleabilidad y transferencia. Una mirada desde Latinoam\u00e9rica\u00bb<\/em>, UPO-CONECTA.<\/li>\n<\/ol>\n\n\n\n<div data-wp-interactive=\"core\/file\" class=\"wp-block-file\"><object data-wp-bind--hidden=\"!state.hasPdfPreview\" hidden class=\"wp-block-file__embed\" data=\"https:\/\/webs.uab.cat\/incasi\/wp-content\/uploads\/sites\/500\/2024\/08\/UPOConecta-ccss-latinoamerica.pdf\" type=\"application\/pdf\" style=\"width:100%;height:600px\" aria-label=\"Incrustado de UPOConecta-ccss-latinoamerica.\"><\/object><a id=\"wp-block-file--media-b6b8ba1b-dc20-43a2-8e4c-b7ba40043c62\" href=\"https:\/\/webs.uab.cat\/incasi\/wp-content\/uploads\/sites\/500\/2024\/08\/UPOConecta-ccss-latinoamerica.pdf\">UPOConecta-ccss-latinoamerica<\/a><a href=\"https:\/\/webs.uab.cat\/incasi\/wp-content\/uploads\/sites\/500\/2024\/08\/UPOConecta-ccss-latinoamerica.pdf\" class=\"wp-block-file__button wp-element-button\" download aria-describedby=\"wp-block-file--media-b6b8ba1b-dc20-43a2-8e4c-b7ba40043c62\">Descarga<\/a><\/div>\n\n\n\n<p>2.- El 2 de diciembre de 2024 se realiza el Seminario \u00abDi\u00e1logos\u00bb con el t\u00edtulo \u00abSituaci\u00f3n y medici\u00f3n comparada de la pobreza en Am\u00e9rica Latina: \u00bfUna nueva d\u00e9cada perdida?\u201d.<\/p>\n\n\n\n<figure class=\"wp-block-gallery has-nested-images columns-default is-cropped wp-block-gallery-1 is-layout-flex wp-block-gallery-is-layout-flex\">\n<figure class=\"wp-block-image size-large\"><a href=\"https:\/\/youtu.be\/-D8LmWlWiAI?si=IOYBRsRXsjtrlOx6\" target=\"_blank\" rel=\"noreferrer noopener\"><img loading=\"lazy\" decoding=\"async\" width=\"724\" height=\"1024\" data-id=\"2229\" src=\"https:\/\/webs.uab.cat\/incasi\/wp-content\/uploads\/sites\/500\/2024\/12\/37.INCASI2_ILL_Dialogues_IIGG_2024_12_02_Cartel_page-0001-724x1024.jpg\" alt=\"\" class=\"wp-image-2229\" srcset=\"https:\/\/webs.uab.cat\/incasi\/wp-content\/uploads\/sites\/500\/2024\/12\/37.INCASI2_ILL_Dialogues_IIGG_2024_12_02_Cartel_page-0001-724x1024.jpg 724w, https:\/\/webs.uab.cat\/incasi\/wp-content\/uploads\/sites\/500\/2024\/12\/37.INCASI2_ILL_Dialogues_IIGG_2024_12_02_Cartel_page-0001-283x400.jpg 283w, https:\/\/webs.uab.cat\/incasi\/wp-content\/uploads\/sites\/500\/2024\/12\/37.INCASI2_ILL_Dialogues_IIGG_2024_12_02_Cartel_page-0001-768x1086.jpg 768w, https:\/\/webs.uab.cat\/incasi\/wp-content\/uploads\/sites\/500\/2024\/12\/37.INCASI2_ILL_Dialogues_IIGG_2024_12_02_Cartel_page-0001-1086x1536.jpg 1086w, https:\/\/webs.uab.cat\/incasi\/wp-content\/uploads\/sites\/500\/2024\/12\/37.INCASI2_ILL_Dialogues_IIGG_2024_12_02_Cartel_page-0001-1200x1697.jpg 1200w, https:\/\/webs.uab.cat\/incasi\/wp-content\/uploads\/sites\/500\/2024\/12\/37.INCASI2_ILL_Dialogues_IIGG_2024_12_02_Cartel_page-0001.jpg 1241w\" sizes=\"auto, (max-width: 724px) 100vw, 724px\" \/><\/a><\/figure>\n<\/figure>\n","protected":false},"excerpt":{"rendered":"<p>2.- El 2 de diciembre de 2024 se realiza el Seminario \u00abDi\u00e1logos\u00bb con el t\u00edtulo \u00abSituaci\u00f3n y medici\u00f3n comparada de la pobreza en Am\u00e9rica Latina: \u00bfUna nueva d\u00e9cada perdida?\u201d.<\/p>\n","protected":false},"author":1385,"featured_media":0,"parent":0,"menu_order":0,"comment_status":"closed","ping_status":"closed","template":"","meta":{"footnotes":""},"class_list":["post-35","page","type-page","status-publish","hentry"],"_links":{"self":[{"href":"https:\/\/webs.uab.cat\/incasi\/index.php?rest_route=\/wp\/v2\/pages\/35","targetHints":{"allow":["GET"]}}],"collection":[{"href":"https:\/\/webs.uab.cat\/incasi\/index.php?rest_route=\/wp\/v2\/pages"}],"about":[{"href":"https:\/\/webs.uab.cat\/incasi\/index.php?rest_route=\/wp\/v2\/types\/page"}],"author":[{"embeddable":true,"href":"https:\/\/webs.uab.cat\/incasi\/index.php?rest_route=\/wp\/v2\/users\/1385"}],"replies":[{"embeddable":true,"href":"https:\/\/webs.uab.cat\/incasi\/index.php?rest_route=%2Fwp%2Fv2%2Fcomments&post=35"}],"version-history":[{"count":5,"href":"https:\/\/webs.uab.cat\/incasi\/index.php?rest_route=\/wp\/v2\/pages\/35\/revisions"}],"predecessor-version":[{"id":2230,"href":"https:\/\/webs.uab.cat\/incasi\/index.php?rest_route=\/wp\/v2\/pages\/35\/revisions\/2230"}],"wp:attachment":[{"href":"https:\/\/webs.uab.cat\/incasi\/index.php?rest_route=%2Fwp%2Fv2%2Fmedia&parent=35"}],"curies":[{"name":"wp","href":"https:\/\/api.w.org\/{rel}","templated":true}]}}