{"id":38,"date":"2023-10-25T11:58:16","date_gmt":"2023-10-25T09:58:16","guid":{"rendered":"https:\/\/webs.uab.cat\/incasi2\/?page_id=38"},"modified":"2025-05-27T08:12:49","modified_gmt":"2025-05-27T06:12:49","slug":"global-meetings","status":"publish","type":"page","link":"https:\/\/webs.uab.cat\/incasi?page_id=38","title":{"rendered":"Global Meetings"},"content":{"rendered":"\n<h2 class=\"wp-block-heading alignwide has-verd-tropic-color has-text-color has-link-color wp-elements-e032be2ca9f6684f60e2f9972ce23499\" id=\"we-re-a-studio-in-berlin-with-an-international-practice-in-architecture-urban-planning-and-interior-design-we-believe-in-sharing-knowledge-and-promoting-dialogue-to-increase-the-creative-potential-of-collaboration\" style=\"font-size:48px;line-height:1.1\"><strong>Segundo Global Meeting, R\u00edo de Janeiro 202<\/strong>5<\/h2>\n\n\n\n<h2 class=\"wp-block-heading alignwide\">Equipo de la Red INCASI 2 en la sesi\u00f3n del d\u00eda 28 de Marzo<\/h2>\n\n\n\n<figure class=\"wp-block-image alignwide size-large\"><img loading=\"lazy\" decoding=\"async\" width=\"1024\" height=\"621\" src=\"https:\/\/webs.uab.cat\/incasi\/wp-content\/uploads\/sites\/500\/2025\/05\/rio-1024x621.png\" alt=\"\" class=\"wp-image-3974\" srcset=\"https:\/\/webs.uab.cat\/incasi\/wp-content\/uploads\/sites\/500\/2025\/05\/rio-1024x621.png 1024w, https:\/\/webs.uab.cat\/incasi\/wp-content\/uploads\/sites\/500\/2025\/05\/rio-400x243.png 400w, https:\/\/webs.uab.cat\/incasi\/wp-content\/uploads\/sites\/500\/2025\/05\/rio-768x466.png 768w, https:\/\/webs.uab.cat\/incasi\/wp-content\/uploads\/sites\/500\/2025\/05\/rio.png 1131w\" sizes=\"auto, (max-width: 1024px) 100vw, 1024px\" \/><\/figure>\n\n\n\n<h2 class=\"wp-block-heading alignwide has-verd-tropic-color has-text-color has-link-color wp-elements-8ce389ce7dd7018669288c4e9b813815\" id=\"we-re-a-studio-in-berlin-with-an-international-practice-in-architecture-urban-planning-and-interior-design-we-believe-in-sharing-knowledge-and-promoting-dialogue-to-increase-the-creative-potential-of-collaboration\" style=\"font-size:48px;line-height:1.1\"><strong>Primer Global Meeting, Sevilla 2024<\/strong><\/h2>\n\n\n\n<h2 class=\"wp-block-heading alignwide\"><strong>Equipo de la Red INCASI 2 en la sesi\u00f3n del d\u00eda 30 de Junio en Sevilla<\/strong><\/h2>\n\n\n\n<figure class=\"wp-block-image alignwide size-full\"><img loading=\"lazy\" decoding=\"async\" width=\"941\" height=\"531\" src=\"https:\/\/webs.uab.cat\/incasi\/wp-content\/uploads\/sites\/500\/2024\/07\/1er_Global_Meeting_Sevilla.png\" alt=\"\" class=\"wp-image-1152\" srcset=\"https:\/\/webs.uab.cat\/incasi\/wp-content\/uploads\/sites\/500\/2024\/07\/1er_Global_Meeting_Sevilla.png 941w, https:\/\/webs.uab.cat\/incasi\/wp-content\/uploads\/sites\/500\/2024\/07\/1er_Global_Meeting_Sevilla-400x226.png 400w, https:\/\/webs.uab.cat\/incasi\/wp-content\/uploads\/sites\/500\/2024\/07\/1er_Global_Meeting_Sevilla-768x433.png 768w\" sizes=\"auto, (max-width: 941px) 100vw, 941px\" \/><\/figure>\n\n\n\n<h1 class=\"wp-block-heading alignwide has-verd-tropic-color has-text-color has-link-color has-larger-font-size wp-elements-538a721e6272b7f1027f875a29a7bfa9\"><strong>OPEN DAY, 1 de Julio de 2024 en la UPO<\/strong><\/h1>\n\n\n\n<h2 class=\"wp-block-heading\">La Universidad Pablo de Olavide acoge el primer Global Meeting de la Red INCASI para abordar las desigualdades sociales<\/h2>\n\n\n\n<p class=\"has-small-font-size\">Expertos y expertas de Europa y Am\u00e9rica Latina se re\u00fanen en el marco de un proyecto europeo que desarrolla nuevas medidas para reducir la desigualdad socioecon\u00f3mica<\/p>\n\n\n\n<figure class=\"wp-block-image\"><a href=\"https:\/\/www.upo.es\/diario\/wp-content\/uploads\/2024\/07\/incasi03-1-scaled.jpg\"><img decoding=\"async\" src=\"https:\/\/www.upo.es\/diario\/wp-content\/uploads\/2024\/07\/incasi03-1-750x500.jpg\" alt=\"El encuentro se celebra a lo largo de todo el d\u00eda de hoy en la Universidad Pablo de Olavide.\" class=\"wp-image-30882959\" \/><\/a><\/figure>\n\n\n\n<p>El encuentro se celebra a lo largo de todo el d\u00eda de hoy en la Universidad Pablo de Olavide.<\/p>\n\n\n\n<p>La Universidad Pablo de Olavide acoge a lo largo del d\u00eda de hoy el primer&nbsp;<strong>Global Meeting de la&nbsp;<\/strong><a href=\"https:\/\/webs.uab.cat\/incasi\/\"><strong>red INCASI (<em>International Network for Comparative Analysis of Social Inequalities<\/em>)<\/strong><\/a><strong>,<\/strong>&nbsp;proyecto universitario financiado por la Comisi\u00f3n Europea que tiene como objetivo la creaci\u00f3n y consolidaci\u00f3n de una&nbsp;<strong>red de investigaci\u00f3n y formaci\u00f3n entre Europa y Am\u00e9rica Latina sobre las desigualdades<\/strong>&nbsp;en estos territorios, con el objetivo de reducirlas.<\/p>\n\n\n<div class=\"wp-block-image\">\n<figure class=\"aligncenter\" id=\"attachment_30882985\"><a href=\"https:\/\/www.upo.es\/diario\/wp-content\/uploads\/2024\/07\/incasi05.jpeg\"><img decoding=\"async\" src=\"https:\/\/www.upo.es\/diario\/wp-content\/uploads\/2024\/07\/incasi05-413x420.jpeg\" alt=\"De izquierda a derecha, Pedro L\u00f3pez-Rold\u00e1n y Sandra Fachelli.\" class=\"wp-image-30882985\" \/><\/a><figcaption class=\"wp-element-caption\">De izquierda a derecha, Pedro L\u00f3pez-Rold\u00e1n y Sandra Fachelli.<\/figcaption><\/figure>\n<\/div>\n\n\n<p>Coordinado por el Instituto de Estudios del Trabajo (IET) de la Universitat Aut\u00f2noma de Barcelona, siendo el investigador principal de la red el&nbsp;<strong>Pedro L\u00f3pez-Rold\u00e1n<\/strong>, la subcoordinaci\u00f3n est\u00e1 a cargo de la&nbsp;<strong>Sandra Fachelli<\/strong>, profesora del Departamento de Sociolog\u00eda de la Universidad Pablo de Olavide.<\/p>\n\n\n\n<p>En este encuentro participan investigadoras e investigadores principales de las 29 organizaciones que componen la red INCASI, compuesta por 14 universidades europeas de 6 pa\u00edses (Espa\u00f1a, Italia, Francia, Pa\u00edses Bajos, Finlandia y Gran Breta\u00f1a), 11 universidades de Am\u00e9rica latina y el Caribe de 7 pa\u00edses (Argentina, Bolivia, Cuba, Chile, Uruguay, Brasil y M\u00e9xico), y 4 organizaciones no acad\u00e9micas (Latinobar\u00f3metro, Comisi\u00f3n Econ\u00f3mica para Am\u00e9rica Latina y el Caribe \u2013CEPAL-, Instituto para la Integraci\u00f3n de Am\u00e9rica Latina y el Caribe \u2013INTAL- y Laboratorio Opini\u00f3n P\u00fablica de Am\u00e9rica Latina \u2013LAPOP-).<\/p>\n\n\n<div class=\"wp-block-image\">\n<figure class=\"aligncenter\" id=\"attachment_30882961\"><a href=\"https:\/\/www.upo.es\/diario\/wp-content\/uploads\/2024\/07\/incasi02-1-scaled.jpg\"><img decoding=\"async\" src=\"https:\/\/www.upo.es\/diario\/wp-content\/uploads\/2024\/07\/incasi02-1-420x280.jpg\" alt=\"De izquierda a derecha, Pedro L\u00f3pez-Rold\u00e1n y Jos\u00e9 Saturnino Mart\u00ednez Garc\u00eda. \" class=\"wp-image-30882961\" \/><\/a><figcaption class=\"wp-element-caption\">De izquierda a derecha, Pedro L\u00f3pez-Rold\u00e1n y Jos\u00e9 Saturnino Mart\u00ednez Garc\u00eda.<\/figcaption><\/figure>\n<\/div>\n\n\n<p>\u201cRecibir a esta red internacional es una excelente oportunidad para dar a conocer nuestra universidad y poder proyectarnos as\u00ed a todos los pa\u00edses de los que proceden los investigadores e investigadoras\u201d, afirma la profesora Sandra Fachelli. Creada en el a\u00f1o 2015 y tras 4 a\u00f1os de trabajo, INCASI se encuentra en una segunda etapa que finalizar\u00e1 en octubre de 2027. \u201cA lo largo de los pr\u00f3ximos 4 a\u00f1os, podremos profundizar en las investigaciones iniciadas, creando de forma innovadora medidas integrales para abordar la desigualdad\u201d, explica la profesora de la UPO.<\/p>\n\n\n<div class=\"wp-block-image\">\n<figure class=\"aligncenter\" id=\"attachment_30882987\"><a href=\"https:\/\/www.upo.es\/diario\/wp-content\/uploads\/2024\/07\/incasi06.jpeg\"><img decoding=\"async\" src=\"https:\/\/www.upo.es\/diario\/wp-content\/uploads\/2024\/07\/incasi06-420x264.jpeg\" alt=\"De izquierda a derecha, Sandra Fachelli, Amapola Povedano, Antonio Mart\u00edn Artiles (UAB), Xavier Mancero (Comisi\u00f3n Econ\u00f3mica para Am\u00e9rica Latina, CEPAL) y Pedro Lopez-Rold\u00e1n.\" class=\"wp-image-30882987\" \/><\/a><figcaption class=\"wp-element-caption\">De izquierda a derecha, Sandra Fachelli, Amapola Povedano, Antonio Mart\u00edn Artiles (UAB), Xavier Mancero (Comisi\u00f3n Econ\u00f3mica para Am\u00e9rica Latina, CEPAL) y Pedro Lopez-Rold\u00e1n.<\/figcaption><\/figure>\n<\/div>\n\n\n<p>El nuevo proyecto, bajo el programa&nbsp;<em>Horizon Europe<\/em>, Marie Sk\u0142odowska-Curie Actions (MSCA), Staff Exchange (GA101130456), lleva por t\u00edtulo&nbsp;<strong><em>A New Measure of Socioeconomic Inequalities for International Comparison<\/em>&nbsp;(INCASI2)<\/strong>&nbsp;y tiene como objetivo la construcci\u00f3n de un&nbsp;<strong>nuevo modelo anal\u00edtico de las desigualdades socioecon\u00f3micas<\/strong>, relacionado con 6 l\u00edneas de investigaci\u00f3n: trabajo, educaci\u00f3n, g\u00e9nero, estratificaci\u00f3n social y movilidad, migraciones y pol\u00edticas p\u00fablicas.<\/p>\n\n\n\n<p>El Global Meeting ha sido clausurado por la vicerrectora de Estudiantes, Empleabilidad y Emprendimiento de la UPO&nbsp;<strong>Amapola Povedano D\u00edaz<\/strong><\/p>\n\n\n\n<p><strong>Fuente:<\/strong> Divulgaci\u00f3n Universidad Pablo de Olavide, 1 de julio en la <a href=\"https:\/\/www.upo.es\/diario\/docencia-formacion\/2024\/07\/la-universidad-pablo-de-olavide-acoge-el-primer-global-meeting-de-la-red-incasi-para-abordar-las-desigualdades-sociales\/?utm_source=mailpoet&amp;utm_medium=email&amp;utm_campaign=actualidad-upo-4-julio-2024_ListUPO\" data-type=\"link\" data-id=\"https:\/\/www.upo.es\/diario\/docencia-formacion\/2024\/07\/la-universidad-pablo-de-olavide-acoge-el-primer-global-meeting-de-la-red-incasi-para-abordar-las-desigualdades-sociales\/?utm_source=mailpoet&amp;utm_medium=email&amp;utm_campaign=actualidad-upo-4-julio-2024_ListUPO\">p\u00e1gina<\/a>.<\/p>\n","protected":false},"excerpt":{"rendered":"<p>Segundo Global Meeting, R\u00edo de Janeiro 2025 Equipo de la Red INCASI 2 en la sesi\u00f3n del d\u00eda 28 de Marzo Primer Global Meeting, Sevilla 2024 Equipo de la Red INCASI 2 en la sesi\u00f3n del d\u00eda 30 de Junio en Sevilla OPEN DAY, 1 de Julio de 2024 en la UPO La Universidad Pablo [&hellip;]<\/p>\n","protected":false},"author":1385,"featured_media":0,"parent":0,"menu_order":0,"comment_status":"closed","ping_status":"closed","template":"","meta":{"footnotes":""},"class_list":["post-38","page","type-page","status-publish","hentry"],"_links":{"self":[{"href":"https:\/\/webs.uab.cat\/incasi\/index.php?rest_route=\/wp\/v2\/pages\/38","targetHints":{"allow":["GET"]}}],"collection":[{"href":"https:\/\/webs.uab.cat\/incasi\/index.php?rest_route=\/wp\/v2\/pages"}],"about":[{"href":"https:\/\/webs.uab.cat\/incasi\/index.php?rest_route=\/wp\/v2\/types\/page"}],"author":[{"embeddable":true,"href":"https:\/\/webs.uab.cat\/incasi\/index.php?rest_route=\/wp\/v2\/users\/1385"}],"replies":[{"embeddable":true,"href":"https:\/\/webs.uab.cat\/incasi\/index.php?rest_route=%2Fwp%2Fv2%2Fcomments&post=38"}],"version-history":[{"count":6,"href":"https:\/\/webs.uab.cat\/incasi\/index.php?rest_route=\/wp\/v2\/pages\/38\/revisions"}],"predecessor-version":[{"id":3976,"href":"https:\/\/webs.uab.cat\/incasi\/index.php?rest_route=\/wp\/v2\/pages\/38\/revisions\/3976"}],"wp:attachment":[{"href":"https:\/\/webs.uab.cat\/incasi\/index.php?rest_route=%2Fwp%2Fv2%2Fmedia&parent=38"}],"curies":[{"name":"wp","href":"https:\/\/api.w.org\/{rel}","templated":true}]}}