{"id":41,"date":"2023-10-25T11:58:24","date_gmt":"2023-10-25T09:58:24","guid":{"rendered":"https:\/\/webs.uab.cat\/incasi2\/?page_id=41"},"modified":"2025-05-16T10:35:43","modified_gmt":"2025-05-16T08:35:43","slug":"training","status":"publish","type":"page","link":"https:\/\/webs.uab.cat\/incasi?page_id=41","title":{"rendered":"Formaci\u00f3n"},"content":{"rendered":"\n<h2 class=\"wp-block-heading alignwide has-text-align-center has-marro-stradivari-color has-verd-tropic-transparent-background-color has-text-color has-background has-link-color has-small-font-size wp-elements-ca7b9297430e1ad6e5307b9b47e77f8a\"><strong><em>En este espacio podr\u00e1s encontrar diversos recursos que se implementan desde INCASI2. <\/em><\/strong><\/h2>\n\n\n\n<h3 class=\"wp-block-heading alignwide has-marro-stradivari-color has-text-color has-link-color wp-elements-e55569469df9ea29cf15f7bb95372c16\">Cursos INCASI2: An\u00e1lisis Comparado  de Desigualdades Socioecon\u00f3micas<\/h3>\n\n\n\n<div class=\"wp-block-group alignwide\"><div class=\"wp-block-group__inner-container is-layout-constrained wp-block-group-is-layout-constrained\">\n<div class=\"wp-block-group\"><div class=\"wp-block-group__inner-container is-layout-constrained wp-block-group-is-layout-constrained\">\n<p>La estructura de los cursos de INCASI2 se basan en en torno a 10 contenidos de acuerdo con las principales l\u00edneas de investigaci\u00f3n y dimensiones de las desigualdades socioecon\u00f3micas que, desde una perspectiva te\u00f3rica y metodol\u00f3gica se desarrollan en el proyecto y que se basan en el modelo de an\u00e1lisis AMOSIT: Modelo Anal\u00edtico sobre Desigualdades y Trayectorias Socioecon\u00f3micas. Estos contenidos son:<\/p>\n\n\n\n<ol class=\"wp-block-list\">\n<li>Perspectivas te\u00f3ricas sobre las desigualdades socioecon\u00f3micas comparadas entre Europa y Am\u00e9rica Latina y el Caribe,<\/li>\n\n\n\n<li>Metodolog\u00eda para la medici\u00f3n y el an\u00e1lisis de las desigualdades socioecon\u00f3micas,<\/li>\n\n\n\n<li>Estrategias de encuesta y trabajo de campo,<\/li>\n\n\n\n<li>Desigualdades laborales,<\/li>\n\n\n\n<li>Desigualdades educativas,<\/li>\n\n\n\n<li>Desigualdades econ\u00f3micas,<\/li>\n\n\n\n<li>Desigualdades de g\u00e9nero,<\/li>\n\n\n\n<li>Estratificaci\u00f3n y movilidad social intergeneracional,<\/li>\n\n\n\n<li>Migraci\u00f3n y desigualdades socioecon\u00f3micas \u00e9tnicas,<\/li>\n\n\n\n<li>Pol\u00edticas p\u00fablicas.<\/li>\n<\/ol>\n\n\n\n<p>Estos 10 contenidos sustantivos diferenciales se organizan en 15 asignaturas. Puedes revisar sus objetivos y el equipo docente a continuaci\u00f3n:<\/p>\n<\/div><\/div>\n\n\n\n<div data-wp-interactive=\"core\/file\" class=\"wp-block-file alignwide\"><object data-wp-bind--hidden=\"!state.hasPdfPreview\" hidden class=\"wp-block-file__embed\" data=\"https:\/\/webs.uab.cat\/incasi\/wp-content\/uploads\/sites\/500\/2025\/05\/INCASI2-Training_Estructura_Cursos_Descriptor-3.pdf\" type=\"application\/pdf\" style=\"width:100%;height:600px\" aria-label=\"Incrustado de INCASI2 Training_Estructura_Cursos_Descriptor.\"><\/object><a id=\"wp-block-file--media-0a1f8071-cddc-41bd-9501-91b82c592ef9\" href=\"https:\/\/webs.uab.cat\/incasi\/wp-content\/uploads\/sites\/500\/2025\/05\/INCASI2-Training_Estructura_Cursos_Descriptor-3.pdf\">INCASI2 Training_Estructura_Cursos_Descriptor<\/a><a href=\"https:\/\/webs.uab.cat\/incasi\/wp-content\/uploads\/sites\/500\/2025\/05\/INCASI2-Training_Estructura_Cursos_Descriptor-3.pdf\" class=\"wp-block-file__button wp-element-button\" download aria-describedby=\"wp-block-file--media-0a1f8071-cddc-41bd-9501-91b82c592ef9\">Descarga<\/a><\/div>\n\n\n\n<hr class=\"wp-block-separator alignwide has-alpha-channel-opacity\" \/>\n\n\n\n<p class=\"has-verd-tropic-color has-text-color has-link-color wp-elements-065dedd6830d7613759257713d5c64aa\"><strong>Inscripci\u00f3n:<\/strong> Para inscribirse en cualquiera de los cursos tiene que ser investigador\/a de alg\u00fan equipo de investigaci\u00f3n vinculado a la red INCASI2.<\/p>\n<\/div><\/div>\n\n\n\n<h3 class=\"wp-block-heading alignwide has-marro-stradivari-color has-text-color has-link-color wp-elements-2baddb3d71779d83d836710d48ba0b45\">Talleres<\/h3>\n\n\n\n<blockquote class=\"wp-block-quote alignwide has-verd-tropic-color has-verd-tropic-transparent-background-color has-text-color has-background has-link-color wp-elements-8c0f6bfa8abb4d818561fe506b01678b is-layout-flow wp-block-quote-is-layout-flow\">\n<ul class=\"wp-block-list\">\n<li><a href=\"https:\/\/webs.uab.cat\/incasi?p=1952\" data-type=\"link\" data-id=\"https:\/\/webs.uab.cat\/incasi?p=1952\" target=\"_blank\" rel=\"noreferrer noopener\">Taller INCASI: Ciencias Sociales, M\u00e9todos Computacionales e Inteligencias Generativas<\/a>.\n<ul class=\"wp-block-list\">\n<li><a href=\"https:\/\/drive.google.com\/file\/d\/1lLtmVWZoD4NjcMS9wrFn3M8iJ-5iwhsa\/view?usp=sharing\" target=\"_blank\" rel=\"noreferrer noopener\">Taller 1<\/a><\/li>\n\n\n\n<li><a href=\"https:\/\/drive.google.com\/file\/d\/1-ET1JKqKIFGrd1HEaxzue785Hu69x9m9\/view?usp=sharing\" target=\"_blank\" rel=\"noreferrer noopener\">Taller 2<\/a><\/li>\n\n\n\n<li><a href=\"https:\/\/drive.google.com\/file\/d\/1I3t-A4qpBwSW-CAm3OVqkvAb-a7Xvgcf\/view?usp=sharing\" target=\"_blank\" rel=\"noreferrer noopener\">Taller 3<\/a><\/li>\n\n\n\n<li><a href=\"https:\/\/drive.google.com\/file\/d\/10RzT-Cb1tu1rtxK3OSYLOJ8WOCx15d7n\/view?usp=sharing\" target=\"_blank\" rel=\"noreferrer noopener\">Taller 4<\/a><\/li>\n<\/ul>\n<\/li>\n<\/ul>\n<\/blockquote>\n\n\n\n<p><\/p>\n","protected":false},"excerpt":{"rendered":"<p>En este espacio podr\u00e1s encontrar diversos recursos que se implementan desde INCASI2. Cursos INCASI2: An\u00e1lisis Comparado de Desigualdades Socioecon\u00f3micas La estructura de los cursos de INCASI2 se basan en en torno a 10 contenidos de acuerdo con las principales l\u00edneas de investigaci\u00f3n y dimensiones de las desigualdades socioecon\u00f3micas que, desde una perspectiva te\u00f3rica y metodol\u00f3gica [&hellip;]<\/p>\n","protected":false},"author":1385,"featured_media":0,"parent":0,"menu_order":0,"comment_status":"closed","ping_status":"closed","template":"","meta":{"footnotes":""},"class_list":["post-41","page","type-page","status-publish","hentry"],"_links":{"self":[{"href":"https:\/\/webs.uab.cat\/incasi\/index.php?rest_route=\/wp\/v2\/pages\/41","targetHints":{"allow":["GET"]}}],"collection":[{"href":"https:\/\/webs.uab.cat\/incasi\/index.php?rest_route=\/wp\/v2\/pages"}],"about":[{"href":"https:\/\/webs.uab.cat\/incasi\/index.php?rest_route=\/wp\/v2\/types\/page"}],"author":[{"embeddable":true,"href":"https:\/\/webs.uab.cat\/incasi\/index.php?rest_route=\/wp\/v2\/users\/1385"}],"replies":[{"embeddable":true,"href":"https:\/\/webs.uab.cat\/incasi\/index.php?rest_route=%2Fwp%2Fv2%2Fcomments&post=41"}],"version-history":[{"count":14,"href":"https:\/\/webs.uab.cat\/incasi\/index.php?rest_route=\/wp\/v2\/pages\/41\/revisions"}],"predecessor-version":[{"id":3949,"href":"https:\/\/webs.uab.cat\/incasi\/index.php?rest_route=\/wp\/v2\/pages\/41\/revisions\/3949"}],"wp:attachment":[{"href":"https:\/\/webs.uab.cat\/incasi\/index.php?rest_route=%2Fwp%2Fv2%2Fmedia&parent=41"}],"curies":[{"name":"wp","href":"https:\/\/api.w.org\/{rel}","templated":true}]}}