{"id":47,"date":"2023-10-25T11:58:41","date_gmt":"2023-10-25T09:58:41","guid":{"rendered":"https:\/\/webs.uab.cat\/incasi2\/?page_id=47"},"modified":"2026-05-04T12:54:00","modified_gmt":"2026-05-04T10:54:00","slug":"semlnars","status":"publish","type":"page","link":"https:\/\/webs.uab.cat\/incasi?page_id=47","title":{"rendered":"Congresos y Seminarios"},"content":{"rendered":"\n<h2 class=\"wp-block-heading has-verd-tropic-color has-text-color has-link-color has-large-font-size wp-elements-127596ed6805448ce98d1d174d1f89a0\" style=\"font-style:normal;font-weight:800\">Presentaciones de Investigadores\/as de la Red INCASI2 en:<\/h2>\n\n\n\n<h3 class=\"wp-block-heading has-marro-stradivari-color has-text-color has-link-color has-normal-font-size wp-elements-627a68e6e671b48b745d303da62c2c03\" style=\"font-style:italic;font-weight:900\"><em>Congresos<\/em><\/h3>\n\n\n\n<blockquote class=\"wp-block-quote is-layout-flow wp-block-quote-is-layout-flow\">\n<ul style=\"font-style:normal;font-weight:500\" class=\"wp-block-list has-small-font-size\">\n<li><a href=\"https:\/\/webs.uab.cat\/incasi\/?p=5454\">RC28 Spring Meeting en Universidad Pablo de Olavide<\/a><\/li>\n\n\n\n<li><a href=\"https:\/\/webs.uab.cat\/incasi?page_id=5208\" target=\"_blank\" rel=\"noreferrer noopener\">5th ISA Forum of Sociology, 2025<\/a><\/li>\n\n\n\n<li><a href=\"https:\/\/webs.uab.cat\/incasi\/?p=3950\" target=\"_blank\" rel=\"noreferrer noopener\">Conferencia INCASI en Calabria \u00abPublic Policies, Reforms and Innovation in Europe and Latin America\u00bb, 21 y 22 de mayo 2025.<\/a><\/li>\n\n\n\n<li><a href=\"https:\/\/webs.uab.cat\/incasi?page_id=5214\" target=\"_blank\" rel=\"noreferrer noopener\">X Reuni\u00f3n Intercongresos CI-06; Desigualdad y Estratificaci\u00f3n Social<\/a><\/li>\n\n\n\n<li><a href=\"https:\/\/webs.uab.cat\/incasi?page_id=1592\">VIII Seminario Internacional DEMOSAL<\/a><\/li>\n\n\n\n<li><a href=\"https:\/\/webs.uab.cat\/incasi?p=2218\" target=\"_blank\" rel=\"noreferrer noopener\">XII Jornadas de Sociolog\u00eda de la UNLP<\/a><\/li>\n\n\n\n<li><a href=\"https:\/\/webs.uab.cat\/incasi?page_id=5198\" target=\"_blank\" rel=\"noreferrer noopener\">CONVEGNO SISEC 2025 \u2013 PAVIA<\/a><\/li>\n\n\n\n<li><a href=\"https:\/\/webs.uab.cat\/incasi?p=1911\">IV Jornadas de Sociolog\u00eda, Universidad Nacional Mar del Plata<\/a><\/li>\n\n\n\n<li><a href=\"https:\/\/webs.uab.cat\/incasi?page_id=2371\" target=\"_blank\" rel=\"noreferrer noopener\">16th Conference of the European Sociological Association<\/a><\/li>\n\n\n\n<li class=\"has-small-font-size\"><a href=\"https:\/\/webs.uab.cat\/incasi?page_id=1554\">XV CONGRESO ESPA\u00d1OL DE SOCIOLOG\u00cdA (FES) 2024<\/a><\/li>\n<\/ul>\n<\/blockquote>\n\n\n\n<h3 class=\"wp-block-heading has-marro-stradivari-color has-text-color has-link-color has-normal-font-size wp-elements-19239b79a39ca6868878eb328550c01a\" style=\"font-style:italic;font-weight:900\"><em>Seminarios<\/em><\/h3>\n\n\n\n<blockquote class=\"wp-block-quote is-layout-flow wp-block-quote-is-layout-flow\">\n<ul style=\"font-style:normal;font-weight:500\" class=\"wp-block-list has-small-font-size\">\n<li><a href=\"https:\/\/webs.uab.cat\/incasi?p=2502\">Presentaci\u00f3n de Libro: Educa Fakes (Jes\u00fas Rogero y Daniel Turienzo), comenta Jos\u00e9 Saturnino Mart\u00ednez.<\/a><\/li>\n\n\n\n<li><a href=\"https:\/\/webs.uab.cat\/incasi?page_id=2353\" target=\"_blank\" rel=\"noreferrer noopener\">Manuel S\u00e1nchez Rein\u00f3n, Conferencia Universidad de Chile<\/a><\/li>\n\n\n\n<li><a href=\"https:\/\/webs.uab.cat\/incasi?p=2262\">Seminario Julio Caraba\u00f1a, \u00bfMuchos o pocos doctores? Un estudio sobre la inserci\u00f3n laboral de personas recientemente doctoradas en Argentina (Mart\u00edn Unzu\u00e9, IIGG-UBA) 15\/01\/2025.<\/a><\/li>\n\n\n\n<li><a href=\"https:\/\/webs.uab.cat\/incasi?p=1975\" data-type=\"link\" data-id=\"https:\/\/webs.uab.cat\/incasi?p=1975\" target=\"_blank\" rel=\"noreferrer noopener\">12 de noviembre de 2024: Conversatorio sobre el conocimiento cient\u00edfico y la experiencia sindical (Clara Llorens \u2013 Serrano &#8211; Albert Navarro \u2013 Gin\u00e9)<\/a><\/li>\n\n\n\n<li class=\"has-small-font-size\"><a href=\"https:\/\/webs.uab.cat\/incasi?page_id=1899\">4 de octubre de 2024: Conferencia Plenaria sobre desigualdades sociales en Argentina (Eduardo Ch\u00e1vez)<\/a><\/li>\n\n\n\n<li><a href=\"https:\/\/webs.uab.cat\/incasi\/?p=2012&amp;lang=ca\">25 de septiembre de 2024: Seminario \u201cLa Sociedad andaluza en perspectiva de ciclo vital: colectivos clave y \u00e1mbitos de vulnerabilidad\u201d (Juan Manuel Garc\u00eda, Manuel Tom\u00e1s Gonz\u00e1lez y Javier \u00c1guila)<\/a><\/li>\n\n\n\n<li class=\"has-small-font-size\"><a href=\"https:\/\/webs.uab.cat\/incasi?page_id=1598\">27 de agosto de 2024: Seminario \u00abEl proceso de privatizaci\u00f3n de las escuela infantiles en Andaluc\u00eda en el escenario de pol\u00edticas de educabilidad 0-3 a\u00f1os en Espa\u00f1a\u00bb (Manuel R\u00edo)<\/a><\/li>\n\n\n\n<li><a href=\"https:\/\/webs.uab.cat\/incasi\/?p=1336\">10 de julio de 2024: Seminario de trabajo de L\u00f3pez Mench\u00f3n con especialistas de instituciones relacionadas con el empleo en Cuba<\/a><\/li>\n\n\n\n<li><a href=\"https:\/\/webs.uab.cat\/incasi?page_id=1568\">28 de junio de 2024: Seminario \u00abHerramientas metodol\u00f3gicas para anclar la interseccionalidad: un an\u00e1lisis de las migraciones de las mujeres latinoamericanas\u00bb (Andrea Souto)<\/a><\/li>\n\n\n\n<li><a href=\"https:\/\/webs.uab.cat\/incasi?page_id=1558\">24 de junio de 2024: Seminario \u00abActivismo Pol\u00edtico en la di\u00e1spora\u00bb (Annalisa Lendaro)<\/a><\/li>\n\n\n\n<li><a href=\"https:\/\/webs.uab.cat\/incasi\/?p=2045\">2 de abril de 2024: Seminario \u201cBrecha digital y social en el acceso a subsidios sociales en Francia\u201d (Nadia Okbani)<\/a><\/li>\n\n\n\n<li class=\"has-small-font-size\"><a href=\"https:\/\/webs.uab.cat\/incasi?page_id=1556\">13 de marzo de 2024: Seminario \u00abEstado social digitalizado: comparaci\u00f3n entre Chile y Francia\u00bb (Nadia Okbani)<\/a><\/li>\n<\/ul>\n<\/blockquote>\n\n\n\n<p><\/p>\n","protected":false},"excerpt":{"rendered":"<p>Presentaciones de Investigadores\/as de la Red INCASI2 en: Congresos Seminarios<\/p>\n","protected":false},"author":1385,"featured_media":0,"parent":0,"menu_order":0,"comment_status":"closed","ping_status":"closed","template":"","meta":{"footnotes":""},"class_list":["post-47","page","type-page","status-publish","hentry"],"_links":{"self":[{"href":"https:\/\/webs.uab.cat\/incasi\/index.php?rest_route=\/wp\/v2\/pages\/47","targetHints":{"allow":["GET"]}}],"collection":[{"href":"https:\/\/webs.uab.cat\/incasi\/index.php?rest_route=\/wp\/v2\/pages"}],"about":[{"href":"https:\/\/webs.uab.cat\/incasi\/index.php?rest_route=\/wp\/v2\/types\/page"}],"author":[{"embeddable":true,"href":"https:\/\/webs.uab.cat\/incasi\/index.php?rest_route=\/wp\/v2\/users\/1385"}],"replies":[{"embeddable":true,"href":"https:\/\/webs.uab.cat\/incasi\/index.php?rest_route=%2Fwp%2Fv2%2Fcomments&post=47"}],"version-history":[{"count":45,"href":"https:\/\/webs.uab.cat\/incasi\/index.php?rest_route=\/wp\/v2\/pages\/47\/revisions"}],"predecessor-version":[{"id":5462,"href":"https:\/\/webs.uab.cat\/incasi\/index.php?rest_route=\/wp\/v2\/pages\/47\/revisions\/5462"}],"wp:attachment":[{"href":"https:\/\/webs.uab.cat\/incasi\/index.php?rest_route=%2Fwp%2Fv2%2Fmedia&parent=47"}],"curies":[{"name":"wp","href":"https:\/\/api.w.org\/{rel}","templated":true}]}}