{"id":53,"date":"2023-10-25T11:59:13","date_gmt":"2023-10-25T09:59:13","guid":{"rendered":"https:\/\/webs.uab.cat\/incasi2\/?page_id=53"},"modified":"2025-01-08T13:45:38","modified_gmt":"2025-01-08T11:45:38","slug":"incasi-network-meetings","status":"publish","type":"page","link":"https:\/\/webs.uab.cat\/incasi?page_id=53","title":{"rendered":"Seminarios INCASI"},"content":{"rendered":"\n<p><\/p>\n\n\n\n<div class=\"wp-block-media-text alignwide is-stacked-on-mobile\"><figure class=\"wp-block-media-text__media\"><img loading=\"lazy\" decoding=\"async\" width=\"1024\" height=\"576\" src=\"https:\/\/webs.uab.cat\/incasi\/wp-content\/uploads\/sites\/500\/2025\/01\/lineas-research-1024x576.png\" alt=\"\" class=\"wp-image-2320 size-full\" srcset=\"https:\/\/webs.uab.cat\/incasi\/wp-content\/uploads\/sites\/500\/2025\/01\/lineas-research-1024x576.png 1024w, https:\/\/webs.uab.cat\/incasi\/wp-content\/uploads\/sites\/500\/2025\/01\/lineas-research-400x225.png 400w, https:\/\/webs.uab.cat\/incasi\/wp-content\/uploads\/sites\/500\/2025\/01\/lineas-research-768x432.png 768w, https:\/\/webs.uab.cat\/incasi\/wp-content\/uploads\/sites\/500\/2025\/01\/lineas-research-1200x675.png 1200w, https:\/\/webs.uab.cat\/incasi\/wp-content\/uploads\/sites\/500\/2025\/01\/lineas-research.png 1280w\" sizes=\"auto, (max-width: 1024px) 100vw, 1024px\" \/><\/figure><div class=\"wp-block-media-text__content\">\n<p>A trav\u00e9s de los intercambios del personal investigador de la red INCASI que contempla el proyecto se genera una din\u00e1mica de aportaciones y debate te\u00f3rico y metodol\u00f3gico que contribuye a nutrir de contenidos y resultados los objetivos planteados.<\/p>\n\n\n\n<p>A trav\u00e9s de este espacio del INCASI Living Lab se recogen las distintas aportaciones generadas en el marco de cada estancia de investigaci\u00f3n a partir de la organizaci\u00f3n de un seminario de investigaci\u00f3n.<\/p>\n<\/div><\/div>\n\n\n<ul class=\"wp-block-latest-posts__list aligncenter wp-block-latest-posts\"><li><a class=\"wp-block-latest-posts__post-title\" href=\"https:\/\/webs.uab.cat\/incasi?p=5390\">CONFERENCIA: LIKES, CIENCIA Y DESINFORMACI\u00d3N<\/a><div class=\"wp-block-latest-posts__post-excerpt\">El d\u00eda 22 de Abril de 2026, tendr\u00e1 lugar la conferencia \u00abLikes, Ciencia y Desinformaci\u00f3n: Divulgaci\u00f3n cient\u00edfica y responsabilidad en la era de las redes sociales\u00bb. Se realizar\u00e1 por Luis Navarro Ardoy, profesor de la Universidad Pablo de Olavide en el Auditorio Pedro Ort\u00edz de la Universidad de Chile (Av. Ignacio Carrera Pinto N\u00ba1045, \u00d1u\u00f1oa,&#8230; <a class=\"wp-block-latest-posts__read-more\" href=\"https:\/\/webs.uab.cat\/incasi?p=5390\" rel=\"noopener noreferrer\">Lee m\u00e1s<span class=\"screen-reader-text\">: CONFERENCIA: LIKES, CIENCIA Y DESINFORMACI\u00d3N<\/span><\/a><\/div><\/li>\n<li><a class=\"wp-block-latest-posts__post-title\" href=\"https:\/\/webs.uab.cat\/incasi?p=5312\">Social Policy Research Centre-Online Book Launch<\/a><div class=\"wp-block-latest-posts__post-excerpt\">Dear colleagues We warmly invite you to the Social Policy Research Centre&#8217;s online launch of Dr Luis Eduardo P\u00e9rez Murcia&#8217;s open access book,&nbsp;A Long Journey Home: Losing and Remaking Home following Conflict and Displacement. Dr Perez Murcia is an&nbsp;honorary research&nbsp;fellow at the Global Development Institute, the University of Manchester, and the book, looking at the&#8230; <a class=\"wp-block-latest-posts__read-more\" href=\"https:\/\/webs.uab.cat\/incasi?p=5312\" rel=\"noopener noreferrer\">Lee m\u00e1s<span class=\"screen-reader-text\">: Social Policy Research Centre-Online Book Launch<\/span><\/a><\/div><\/li>\n<li><a class=\"wp-block-latest-posts__post-title\" href=\"https:\/\/webs.uab.cat\/incasi?p=4993\">Discriminaci\u00f3n racial en conductas de avuda: un experimento de campo sobre la interacci\u00f3n entre efectos raciales y de costo<\/a><div class=\"wp-block-latest-posts__post-excerpt\">El pr\u00f3ximo mi\u00e9rcoles 21 de enero de 2026, presenta Mart\u00edn Aranguren (Science Po), en el Colegio de M\u00e9xico. Podr\u00e1s seguir la transmisi\u00f3n v\u00eda Youtube.<\/div><\/li>\n<li><a class=\"wp-block-latest-posts__post-title\" href=\"https:\/\/webs.uab.cat\/incasi?p=4322\">International Conference: The Future of Social Mobility. Santiago, Chile. 3 y 4 Diciembre de 2025.<\/a><div class=\"wp-block-latest-posts__post-excerpt\">Instagram Linkedin<\/div><\/li>\n<li><a class=\"wp-block-latest-posts__post-title\" href=\"https:\/\/webs.uab.cat\/incasi?p=3842\">Trayectorias acad\u00e9micas desde las periferias<\/a><div class=\"wp-block-latest-posts__post-excerpt\"><\/div><\/li>\n<\/ul>","protected":false},"excerpt":{"rendered":"<p>A trav\u00e9s de los intercambios del personal investigador de la red INCASI que contempla el proyecto se genera una din\u00e1mica de aportaciones y debate te\u00f3rico y metodol\u00f3gico que contribuye a nutrir de contenidos y resultados los objetivos planteados. A trav\u00e9s de este espacio del INCASI Living Lab se recogen las distintas aportaciones generadas en el [&hellip;]<\/p>\n","protected":false},"author":1385,"featured_media":0,"parent":0,"menu_order":0,"comment_status":"closed","ping_status":"closed","template":"","meta":{"footnotes":""},"class_list":["post-53","page","type-page","status-publish","hentry"],"_links":{"self":[{"href":"https:\/\/webs.uab.cat\/incasi\/index.php?rest_route=\/wp\/v2\/pages\/53","targetHints":{"allow":["GET"]}}],"collection":[{"href":"https:\/\/webs.uab.cat\/incasi\/index.php?rest_route=\/wp\/v2\/pages"}],"about":[{"href":"https:\/\/webs.uab.cat\/incasi\/index.php?rest_route=\/wp\/v2\/types\/page"}],"author":[{"embeddable":true,"href":"https:\/\/webs.uab.cat\/incasi\/index.php?rest_route=\/wp\/v2\/users\/1385"}],"replies":[{"embeddable":true,"href":"https:\/\/webs.uab.cat\/incasi\/index.php?rest_route=%2Fwp%2Fv2%2Fcomments&post=53"}],"version-history":[{"count":6,"href":"https:\/\/webs.uab.cat\/incasi\/index.php?rest_route=\/wp\/v2\/pages\/53\/revisions"}],"predecessor-version":[{"id":2321,"href":"https:\/\/webs.uab.cat\/incasi\/index.php?rest_route=\/wp\/v2\/pages\/53\/revisions\/2321"}],"wp:attachment":[{"href":"https:\/\/webs.uab.cat\/incasi\/index.php?rest_route=%2Fwp%2Fv2%2Fmedia&parent=53"}],"curies":[{"name":"wp","href":"https:\/\/api.w.org\/{rel}","templated":true}]}}