{"id":5384,"date":"2026-04-08T10:16:35","date_gmt":"2026-04-08T08:16:35","guid":{"rendered":"https:\/\/webs.uab.cat\/incasi?page_id=5384"},"modified":"2026-04-08T10:16:35","modified_gmt":"2026-04-08T08:16:35","slug":"conferencia-likes-ciencia-y-desinformacion","status":"publish","type":"page","link":"https:\/\/webs.uab.cat\/incasi?page_id=5384","title":{"rendered":"CONFERENCIA:  LIKES, CIENCIA Y DESINFORMACI\u00d3N"},"content":{"rendered":"\n<p>El d\u00eda 22 de Abril de 2026, tendr\u00e1 lugar la conferencia \u00abLikes, Ciencia y Desinformaci\u00f3n: Divulgaci\u00f3n cient\u00edfica y responsabilidad en la era de las redes sociales\u00bb. Se realizar\u00e1 por Luis Navarro Ardoy, profesor de la Universidad Pablo de Olavide en el Auditorio Pedro Ort\u00edz de la Universidad de Chile (Av. Ignacio Carrera Pinto N\u00ba1045, \u00d1u\u00f1oa, Chile). <\/p>\n\n\n\n<figure class=\"wp-block-image size-large\"><img loading=\"lazy\" decoding=\"async\" width=\"819\" height=\"1024\" src=\"https:\/\/webs.uab.cat\/incasi\/wp-content\/uploads\/sites\/500\/2026\/04\/Luis-819x1024.png\" alt=\"\" class=\"wp-image-5386\" srcset=\"https:\/\/webs.uab.cat\/incasi\/wp-content\/uploads\/sites\/500\/2026\/04\/Luis-819x1024.png 819w, https:\/\/webs.uab.cat\/incasi\/wp-content\/uploads\/sites\/500\/2026\/04\/Luis-320x400.png 320w, https:\/\/webs.uab.cat\/incasi\/wp-content\/uploads\/sites\/500\/2026\/04\/Luis-768x960.png 768w, https:\/\/webs.uab.cat\/incasi\/wp-content\/uploads\/sites\/500\/2026\/04\/Luis.png 1080w\" sizes=\"auto, (max-width: 819px) 100vw, 819px\" \/><\/figure>\n","protected":false},"excerpt":{"rendered":"<p>El d\u00eda 22 de Abril de 2026, tendr\u00e1 lugar la conferencia \u00abLikes, Ciencia y Desinformaci\u00f3n: Divulgaci\u00f3n cient\u00edfica y responsabilidad en la era de las redes sociales\u00bb. Se realizar\u00e1 por Luis Navarro Ardoy, profesor de la Universidad Pablo de Olavide en el Auditorio Pedro Ort\u00edz de la Universidad de Chile (Av. Ignacio Carrera Pinto N\u00ba1045, \u00d1u\u00f1oa, [&hellip;]<\/p>\n","protected":false},"author":2496,"featured_media":0,"parent":0,"menu_order":0,"comment_status":"closed","ping_status":"closed","template":"","meta":{"footnotes":""},"class_list":["post-5384","page","type-page","status-publish","hentry"],"_links":{"self":[{"href":"https:\/\/webs.uab.cat\/incasi\/index.php?rest_route=\/wp\/v2\/pages\/5384","targetHints":{"allow":["GET"]}}],"collection":[{"href":"https:\/\/webs.uab.cat\/incasi\/index.php?rest_route=\/wp\/v2\/pages"}],"about":[{"href":"https:\/\/webs.uab.cat\/incasi\/index.php?rest_route=\/wp\/v2\/types\/page"}],"author":[{"embeddable":true,"href":"https:\/\/webs.uab.cat\/incasi\/index.php?rest_route=\/wp\/v2\/users\/2496"}],"replies":[{"embeddable":true,"href":"https:\/\/webs.uab.cat\/incasi\/index.php?rest_route=%2Fwp%2Fv2%2Fcomments&post=5384"}],"version-history":[{"count":1,"href":"https:\/\/webs.uab.cat\/incasi\/index.php?rest_route=\/wp\/v2\/pages\/5384\/revisions"}],"predecessor-version":[{"id":5388,"href":"https:\/\/webs.uab.cat\/incasi\/index.php?rest_route=\/wp\/v2\/pages\/5384\/revisions\/5388"}],"wp:attachment":[{"href":"https:\/\/webs.uab.cat\/incasi\/index.php?rest_route=%2Fwp%2Fv2%2Fmedia&parent=5384"}],"curies":[{"name":"wp","href":"https:\/\/api.w.org\/{rel}","templated":true}]}}