{"id":63,"date":"2023-10-25T12:02:17","date_gmt":"2023-10-25T10:02:17","guid":{"rendered":"https:\/\/webs.uab.cat\/incasi2\/?page_id=63"},"modified":"2025-01-31T16:17:59","modified_gmt":"2025-01-31T14:17:59","slug":"incasi-production","status":"publish","type":"page","link":"https:\/\/webs.uab.cat\/incasi?page_id=63","title":{"rendered":"Producci\u00f3n INCASI"},"content":{"rendered":"\n<p>En este espacio se recogen las&nbsp;<a href=\"https:\/\/ddd.uab.cat\/search?ln=ca&amp;p=Production+of+INCASI+Project+H2020-MSCA-RISE-2015+GA+691004&amp;f=500__a&amp;action_search=Cerca&amp;c=Dip%C3%B2sit+Digital+de+Documents+de+la+UAB&amp;sf=&amp;so=d&amp;rm=&amp;rg=25&amp;sc=0&amp;of=hb\" target=\"_blank\" rel=\"noreferrer noopener\">publicaciones de la red INCASI<\/a>&nbsp;divididas en dos apartados principales:<\/p>\n\n\n\n<div class=\"wp-block-group alignwide\"><div class=\"wp-block-group__inner-container is-layout-constrained wp-block-group-is-layout-constrained\">\n<div class=\"wp-block-columns is-layout-flex wp-container-core-columns-is-layout-9d6595d7 wp-block-columns-is-layout-flex\">\n<div class=\"wp-block-column is-layout-flow wp-block-column-is-layout-flow\" style=\"flex-basis:100%\">\n<blockquote class=\"wp-block-quote is-layout-flow wp-block-quote-is-layout-flow\">\n<ul style=\"font-style:normal;font-weight:600\" class=\"wp-block-list has-verd-tropic-color has-text-color has-link-color has-small-font-size wp-elements-c6ca64219248fe5f9653ef3947b7cf82\">\n<li class=\"has-normal-font-size\">Las que corresponden a los trabajos acad\u00e9micos y de difusi\u00f3n compilados como&nbsp;background del proyecto<\/li>\n<\/ul>\n\n\n\n<p class=\"has-text-align-center has-marro-stradivari-color has-text-color has-link-color has-small-font-size wp-elements-396526953c21fddc534dcb1c847f2058\"><a href=\"https:\/\/ddd.uab.cat\/search?ln=ca&amp;sc=1&amp;p=Production+of+INCASI2+Project+Marie+Sk%C5%82odowska-Curie+Actions+%28MSCA%29%2C+Staff+Exchange+%28GA101130456%29&amp;f=&amp;action_search=Cerca&amp;c=artinf&amp;c=jorcon&amp;c=pubper&amp;c=llicol&amp;c=docrec&amp;c=matdid&amp;c=matcur&amp;c=docgra&amp;c=fonper\" target=\"_blank\" rel=\"noreferrer noopener\">Publicaciones de la red INCASI<\/a>&nbsp;<\/p>\n\n\n\n<ul style=\"font-style:normal;font-weight:600\" class=\"wp-block-list has-verd-tropic-color has-text-color has-link-color has-small-font-size wp-elements-3ea4fa2a4ab1a8a4787be7bc2eb250df\">\n<li class=\"has-normal-font-size\">Las publicaciones derivadas del proyecto: <\/li>\n<\/ul>\n\n\n\n<p class=\"has-text-align-center has-marro-stradivari-color has-text-color has-link-color has-small-font-size wp-elements-97f95015b30ac14707abfd1d9fd1e69a\">INCASI Newsletter (<a href=\"https:\/\/ddd.uab.cat\/record\/299514?ln=en\" target=\"_blank\" rel=\"noreferrer noopener\">todos los n\u00fameros<\/a>)<\/p>\n\n\n\n<p class=\"has-text-align-center has-marro-stradivari-color has-text-color has-link-color has-small-font-size wp-elements-e2dab02f20df3e14a6d3407f9715f2af\">Policy Brief (<a href=\"https:\/\/ddd.uab.cat\/search?ln=ca&amp;sc=1&amp;p=INCASI2+POLICY+BRIEF&amp;f=&amp;action_search=Cerca&amp;c=artinf&amp;c=jorcon&amp;c=pubper&amp;c=llicol&amp;c=docrec&amp;c=matdid&amp;c=matcur&amp;c=docgra&amp;c=fonper\" data-type=\"link\" data-id=\"https:\/\/ddd.uab.cat\/search?ln=ca&amp;sc=1&amp;p=INCASI2+POLICY+BRIEF&amp;f=&amp;action_search=Cerca&amp;c=artinf&amp;c=jorcon&amp;c=pubper&amp;c=llicol&amp;c=docrec&amp;c=matdid&amp;c=matcur&amp;c=docgra&amp;c=fonper\" target=\"_blank\" rel=\"noreferrer noopener\">todos los n\u00fameros<\/a>)<\/p>\n<\/blockquote>\n<\/div>\n<\/div>\n<\/div><\/div>\n\n\n\n<blockquote class=\"wp-block-quote is-layout-flow wp-block-quote-is-layout-flow\">\n<p class=\"has-small-font-size\" style=\"font-style:normal;font-weight:100\">Cualquier miembro de la red puede realizar una contribuci\u00f3n al \u00e1mbito de Pol\u00edticas p\u00fablicas. El Policy Brief es uno de los medios pensado para ello y disponemos de la siguiente plantilla.<\/p>\n<\/blockquote>\n\n\n\n<div class=\"wp-block-file aligncenter\"><a id=\"wp-block-file--media-8f23f6d6-5965-4a50-a80d-1a73e7b34903\" href=\"https:\/\/webs.uab.cat\/incasi\/wp-content\/uploads\/sites\/500\/2025\/01\/Policy-Brief-Template.docx\">Policy Brief Template<\/a><a href=\"https:\/\/webs.uab.cat\/incasi\/wp-content\/uploads\/sites\/500\/2025\/01\/Policy-Brief-Template.docx\" class=\"wp-block-file__button wp-element-button\" download aria-describedby=\"wp-block-file--media-8f23f6d6-5965-4a50-a80d-1a73e7b34903\">Descarga<\/a><\/div>\n\n\n\n<div class=\"wp-block-columns is-layout-flex wp-container-core-columns-is-layout-9d6595d7 wp-block-columns-is-layout-flex\">\n<div class=\"wp-block-column is-layout-flow wp-block-column-is-layout-flow\">\n<blockquote class=\"wp-block-quote is-layout-flow wp-block-quote-is-layout-flow\">\n<p class=\"has-negre-eben-color has-text-color has-link-color has-small-font-size wp-elements-312c4ce880fe0d1e0dbe510bea150b1b\">La recopilaci\u00f3n de estas publicaciones ir\u00e1 apareciendo a lo largo del proyecto y se incluir\u00e1n espec\u00edficamente en la plataforma&nbsp;<a href=\"https:\/\/explore.openaire.eu\/search\/find\/research-outcomes?fv0=incasi&amp;f0=q\" target=\"_blank\" rel=\"noreferrer noopener\">OpenAIRE<\/a>, una iniciativa de la Comisi\u00f3n Europea y de Horizon 2020 para fomentar el acceso abierto a repositorios de documentaci\u00f3n.<\/p>\n\n\n\n<p class=\"has-negre-eben-color has-text-color has-link-color has-small-font-size wp-elements-583582092f19f36dc758a022d6710ba6\">Para buscar un autor concreto o una palabra clave se puede utilizar el&nbsp;<a href=\"https:\/\/explore.openaire.eu\/search\/advanced\/research-outcomes\" target=\"_blank\" rel=\"noreferrer noopener\">buscador de Open AIRE.<\/a><\/p>\n<\/blockquote>\n<\/div>\n<\/div>\n","protected":false},"excerpt":{"rendered":"<p>En este espacio se recogen las&nbsp;publicaciones de la red INCASI&nbsp;divididas en dos apartados principales: Publicaciones de la red INCASI&nbsp; INCASI Newsletter (todos los n\u00fameros) Policy Brief (todos los n\u00fameros) Cualquier miembro de la red puede realizar una contribuci\u00f3n al \u00e1mbito de Pol\u00edticas p\u00fablicas. El Policy Brief es uno de los medios pensado para ello y [&hellip;]<\/p>\n","protected":false},"author":1385,"featured_media":0,"parent":0,"menu_order":0,"comment_status":"closed","ping_status":"closed","template":"","meta":{"footnotes":""},"class_list":["post-63","page","type-page","status-publish","hentry"],"_links":{"self":[{"href":"https:\/\/webs.uab.cat\/incasi\/index.php?rest_route=\/wp\/v2\/pages\/63","targetHints":{"allow":["GET"]}}],"collection":[{"href":"https:\/\/webs.uab.cat\/incasi\/index.php?rest_route=\/wp\/v2\/pages"}],"about":[{"href":"https:\/\/webs.uab.cat\/incasi\/index.php?rest_route=\/wp\/v2\/types\/page"}],"author":[{"embeddable":true,"href":"https:\/\/webs.uab.cat\/incasi\/index.php?rest_route=\/wp\/v2\/users\/1385"}],"replies":[{"embeddable":true,"href":"https:\/\/webs.uab.cat\/incasi\/index.php?rest_route=%2Fwp%2Fv2%2Fcomments&post=63"}],"version-history":[{"count":21,"href":"https:\/\/webs.uab.cat\/incasi\/index.php?rest_route=\/wp\/v2\/pages\/63\/revisions"}],"predecessor-version":[{"id":3135,"href":"https:\/\/webs.uab.cat\/incasi\/index.php?rest_route=\/wp\/v2\/pages\/63\/revisions\/3135"}],"wp:attachment":[{"href":"https:\/\/webs.uab.cat\/incasi\/index.php?rest_route=%2Fwp%2Fv2%2Fmedia&parent=63"}],"curies":[{"name":"wp","href":"https:\/\/api.w.org\/{rel}","templated":true}]}}