{"id":658,"date":"2024-04-09T01:57:09","date_gmt":"2024-04-08T23:57:09","guid":{"rendered":"https:\/\/webs.uab.cat\/incasi\/?page_id=658"},"modified":"2025-03-17T12:53:18","modified_gmt":"2025-03-17T10:53:18","slug":"universita-di-calabria","status":"publish","type":"page","link":"https:\/\/webs.uab.cat\/incasi?page_id=658","title":{"rendered":"Universit\u00e0 di Calabria"},"content":{"rendered":"\n<div class=\"wp-block-media-text alignwide is-stacked-on-mobile background-color: black; has-verd-tropic-color has-verd-tropic-transparent-background-color has-text-color has-background has-link-color wp-elements-bb5039c64c5728a99db6300514f8cfbd\" style=\"grid-template-columns:23% auto\"><figure class=\"wp-block-media-text__media\"><img loading=\"lazy\" decoding=\"async\" width=\"250\" height=\"250\" src=\"https:\/\/webs.uab.cat\/incasi\/wp-content\/uploads\/sites\/500\/2024\/03\/vicenzo-fortunato.png\" alt=\"\" class=\"wp-image-735 size-full\" srcset=\"https:\/\/webs.uab.cat\/incasi\/wp-content\/uploads\/sites\/500\/2024\/03\/vicenzo-fortunato.png 250w, https:\/\/webs.uab.cat\/incasi\/wp-content\/uploads\/sites\/500\/2024\/03\/vicenzo-fortunato-200x200.png 200w\" sizes=\"auto, (max-width: 250px) 100vw, 250px\" \/><\/figure><div class=\"wp-block-media-text__content\">\n<p class=\"has-text-align-left has-marro-stradivari-color has-text-color has-link-color has-large-font-size wp-elements-af4cb5450c058b35e9ad1ec6bbdbeb00\" style=\"font-style:italic;font-weight:900\"><strong>Vincenzo Fortunato<\/strong><\/p>\n\n\n\n<blockquote class=\"wp-block-quote is-layout-flow wp-block-quote-is-layout-flow\">\n<p>Profesor Asociado en el Departamento de Ciencias Pol\u00edticas y Sociales \u2013 Universidad de Calabria \u2013 en el \u00e1mbito de la Sociolog\u00eda del Trabajo y de los procesos econ\u00f3micos. 1998 \u2013 2000 Departamento de Sociolog\u00eda y Ciencia Pol\u00edtica, Universidad de Calabria, Doctor en Sociolog\u00eda (Ciencia, Tecnolog\u00eda y Sociedad). 1996 \u2013 1997 Universidad de Warwick Coventry (Reino Unido) \u2013 Master en Relaciones Laborales Europeas 1989 \u2013 1995 Universidad de Calabria \u2013 Rende (CS) \u2013 Licenciado en Ciencias Econ\u00f3micas y Sociales Sus intereses de investigaci\u00f3n son: las relaciones laborales, gesti\u00f3n de recursos humanos, organizaci\u00f3n del trabajo, trabajo social y pol\u00edticas sociales internacionales, organizaciones no lucrativas. Actividades de ense\u00f1anza: a) Curso de \u201cTrabajo y Organizaci\u00f3n\u201d (9 UFC) b) Curso de grado de Ciencias de la Administraci\u00f3n (BA), Departamento de Ciencias Pol\u00edticas y Sociales c)Curso de \u201cSociolog\u00eda de la Organizaci\u00f3n\u201d (6 UFC), en curso de grado de Ciencias de pol\u00edticas y servicios sociales (MA), Departamento de Ciencias Pol\u00edticas y Sociales.<\/p>\n<\/blockquote>\n<\/div><\/div>\n\n\n\n<blockquote class=\"wp-block-quote has-marro-stradivari-color has-text-color has-link-color has-large-font-size wp-elements-18ba35e322b5cb8905286d221c70ac76 is-layout-flow wp-block-quote-is-layout-flow\" style=\"font-style:italic;font-weight:800\">\n<p><strong>Investigadores\/as en el proyecto INCASI<\/strong><\/p>\n<\/blockquote>\n\n\n\n<blockquote class=\"wp-block-quote is-layout-flow wp-block-quote-is-layout-flow\">\n<ul class=\"wp-block-list\">\n<li><\/li>\n<\/ul>\n<\/blockquote>\n\n\n\n<hr class=\"wp-block-separator has-alpha-channel-opacity\" \/>\n","protected":false},"excerpt":{"rendered":"<p>Investigadores\/as en el proyecto INCASI<\/p>\n","protected":false},"author":2884,"featured_media":0,"parent":0,"menu_order":0,"comment_status":"closed","ping_status":"closed","template":"","meta":{"footnotes":""},"class_list":["post-658","page","type-page","status-publish","hentry"],"_links":{"self":[{"href":"https:\/\/webs.uab.cat\/incasi\/index.php?rest_route=\/wp\/v2\/pages\/658","targetHints":{"allow":["GET"]}}],"collection":[{"href":"https:\/\/webs.uab.cat\/incasi\/index.php?rest_route=\/wp\/v2\/pages"}],"about":[{"href":"https:\/\/webs.uab.cat\/incasi\/index.php?rest_route=\/wp\/v2\/types\/page"}],"author":[{"embeddable":true,"href":"https:\/\/webs.uab.cat\/incasi\/index.php?rest_route=\/wp\/v2\/users\/2884"}],"replies":[{"embeddable":true,"href":"https:\/\/webs.uab.cat\/incasi\/index.php?rest_route=%2Fwp%2Fv2%2Fcomments&post=658"}],"version-history":[{"count":6,"href":"https:\/\/webs.uab.cat\/incasi\/index.php?rest_route=\/wp\/v2\/pages\/658\/revisions"}],"predecessor-version":[{"id":3668,"href":"https:\/\/webs.uab.cat\/incasi\/index.php?rest_route=\/wp\/v2\/pages\/658\/revisions\/3668"}],"wp:attachment":[{"href":"https:\/\/webs.uab.cat\/incasi\/index.php?rest_route=%2Fwp%2Fv2%2Fmedia&parent=658"}],"curies":[{"name":"wp","href":"https:\/\/api.w.org\/{rel}","templated":true}]}}