{"id":663,"date":"2024-04-09T01:53:10","date_gmt":"2024-04-08T23:53:10","guid":{"rendered":"https:\/\/webs.uab.cat\/incasi\/?page_id=663"},"modified":"2025-04-09T08:32:43","modified_gmt":"2025-04-09T06:32:43","slug":"middlesex-university","status":"publish","type":"page","link":"https:\/\/webs.uab.cat\/incasi?page_id=663","title":{"rendered":"Middlesex University"},"content":{"rendered":"\n<div class=\"wp-block-media-text alignwide is-stacked-on-mobile is-vertically-aligned-center background-color: black; has-verd-tropic-color has-verd-tropic-transparent-background-color has-text-color has-background has-link-color wp-elements-d92534190da3b563624e7e62e897e948\" style=\"grid-template-columns:34% auto\"><figure class=\"wp-block-media-text__media\"><img loading=\"lazy\" decoding=\"async\" width=\"350\" height=\"350\" src=\"https:\/\/webs.uab.cat\/incasi\/wp-content\/uploads\/sites\/500\/2025\/04\/6.-Photo.jpg\" alt=\"\" class=\"wp-image-3811 size-full\" srcset=\"https:\/\/webs.uab.cat\/incasi\/wp-content\/uploads\/sites\/500\/2025\/04\/6.-Photo.jpg 350w, https:\/\/webs.uab.cat\/incasi\/wp-content\/uploads\/sites\/500\/2025\/04\/6.-Photo-200x200.jpg 200w\" sizes=\"auto, (max-width: 350px) 100vw, 350px\" \/><\/figure><div class=\"wp-block-media-text__content\">\n<p class=\"has-text-align-left has-marro-stradivari-color has-text-color has-link-color has-large-font-size wp-elements-56812372837da2dcafcee0424ef4c0b5\" style=\"font-style:italic;font-weight:900\"><strong><em>Patrick Elf<\/em><\/strong><\/p>\n\n\n\n<blockquote class=\"wp-block-quote is-layout-flow wp-block-quote-is-layout-flow\">\n<p class=\"has-small-font-size\">Dr. Patrick Elf es <em>Senior Research Fellow &#8211; Sustainable Business<\/em> en el <em>Centre for Enterprise, Environment and Development Research (CEEDR)<\/em>, Universidad de Middlesex Londres, y coinvestigador del <em>Centre for the Understanding of Sustainable Prosperity (CUSP),<\/em> Universidad de Surrey financiado por ESRC. La investigaci\u00f3n de Patrick se centra en investigar v\u00edas para el cambio organizacional, as\u00ed como enfoques de cambio de comportamiento hacia la adopci\u00f3n de estilos de vida m\u00e1s sostenibles y mecanismos para la adaptaci\u00f3n de modelos de negocio sostenibles. Patrick tiene un inter\u00e9s particular en el consumo sostenible y transformador y en las cuestiones de postcrecimiento y decrecimiento. Los proyectos de investigaci\u00f3n financiados recientemente por <em>UKRI<\/em> incluyen un trabajo longitudinal interdisciplinario que examina el potencial de las peque\u00f1as y medianas empresas de moda sostenibles para avanzar en la econom\u00eda circular, trabajar en sistemas alimentarios sostenibles y modelos comerciales de poscrecimiento. Patrick lidera importantes iniciativas de investigaci\u00f3n, incluido el trabajo con <em>IKEA UK<\/em> en enfoques de cambio de comportamiento co-creacional, el trabajo con el Fondo Comunitario de la <em>National Lottery Community Fund<\/em> examinando mecanismos de apoyo para impulsar la cohesi\u00f3n social, el desarrollo sostenible y el bienestar. comunitario, el trabajo para los Ayuntamientos de Londres en la implementaci\u00f3n de su Plan de Acci\u00f3n de Econom\u00eda Verde. y sobre el trabajo <em>ACCESS FlexFund<\/em> del <em>ESRC<\/em> sobre enfoques regenerativos de poscrecimiento.<\/p>\n\n\n\n<p class=\"has-small-font-size\">Mantiene estrechos v\u00ednculos con instituciones brasile\u00f1as, incluidas la USP, la UnB, la UFCG, la UFPE y la PUC MG, y realiz\u00f3 extensas investigaciones en todo Brasil y actualmente supervisa a varios estudiantes de doctorado (USP y UnB).<\/p>\n<\/blockquote>\n<\/div><\/div>\n\n\n\n<blockquote class=\"wp-block-quote has-marro-stradivari-color has-text-color has-link-color has-large-font-size wp-elements-4681bfd1e58960607ab2a7b3b9fd07bd is-layout-flow wp-block-quote-is-layout-flow\" style=\"font-style:italic;font-weight:900\">\n<p class=\"has-large-font-size\"><strong><em>Investigadores\/as en el proyecto INCASI<\/em><\/strong><\/p>\n<\/blockquote>\n\n\n\n<blockquote class=\"wp-block-quote is-layout-flow wp-block-quote-is-layout-flow\">\n<ul class=\"wp-block-list\">\n<li><a href=\"https:\/\/webs.uab.cat\/incasi?page_id=3808\">Leandro Sep\u00falveda<\/a><\/li>\n<\/ul>\n<\/blockquote>\n\n\n\n<hr class=\"wp-block-separator has-alpha-channel-opacity\" \/>\n","protected":false},"excerpt":{"rendered":"<p>Investigadores\/as en el proyecto INCASI<\/p>\n","protected":false},"author":2884,"featured_media":0,"parent":0,"menu_order":0,"comment_status":"closed","ping_status":"closed","template":"","meta":{"footnotes":""},"class_list":["post-663","page","type-page","status-publish","hentry"],"_links":{"self":[{"href":"https:\/\/webs.uab.cat\/incasi\/index.php?rest_route=\/wp\/v2\/pages\/663","targetHints":{"allow":["GET"]}}],"collection":[{"href":"https:\/\/webs.uab.cat\/incasi\/index.php?rest_route=\/wp\/v2\/pages"}],"about":[{"href":"https:\/\/webs.uab.cat\/incasi\/index.php?rest_route=\/wp\/v2\/types\/page"}],"author":[{"embeddable":true,"href":"https:\/\/webs.uab.cat\/incasi\/index.php?rest_route=\/wp\/v2\/users\/2884"}],"replies":[{"embeddable":true,"href":"https:\/\/webs.uab.cat\/incasi\/index.php?rest_route=%2Fwp%2Fv2%2Fcomments&post=663"}],"version-history":[{"count":5,"href":"https:\/\/webs.uab.cat\/incasi\/index.php?rest_route=\/wp\/v2\/pages\/663\/revisions"}],"predecessor-version":[{"id":3813,"href":"https:\/\/webs.uab.cat\/incasi\/index.php?rest_route=\/wp\/v2\/pages\/663\/revisions\/3813"}],"wp:attachment":[{"href":"https:\/\/webs.uab.cat\/incasi\/index.php?rest_route=%2Fwp%2Fv2%2Fmedia&parent=663"}],"curies":[{"name":"wp","href":"https:\/\/api.w.org\/{rel}","templated":true}]}}