{"id":962,"date":"2024-06-17T11:47:18","date_gmt":"2024-06-17T09:47:18","guid":{"rendered":"https:\/\/webs.uab.cat\/incasi\/?page_id=962"},"modified":"2025-03-17T07:57:34","modified_gmt":"2025-03-17T05:57:34","slug":"962-2","status":"publish","type":"page","link":"https:\/\/webs.uab.cat\/incasi?page_id=962","title":{"rendered":"Sebasti\u00e1n Lemos"},"content":{"rendered":"\n<div class=\"wp-block-media-text alignwide is-stacked-on-mobile background-color: black; has-verd-tropic-color has-verd-tropic-transparent-background-color has-text-color has-background has-link-color wp-elements-e238c05a4ab6801a25e80a8b5aa3c770\" style=\"grid-template-columns:25% auto\"><figure class=\"wp-block-media-text__media\"><img loading=\"lazy\" decoding=\"async\" width=\"760\" height=\"1024\" src=\"https:\/\/webs.uab.cat\/incasi\/wp-content\/uploads\/sites\/500\/2024\/06\/LEMOS_Sebastian_Foto-760x1024.jpeg\" alt=\"\" class=\"wp-image-963 size-full\" srcset=\"https:\/\/webs.uab.cat\/incasi\/wp-content\/uploads\/sites\/500\/2024\/06\/LEMOS_Sebastian_Foto-760x1024.jpeg 760w, https:\/\/webs.uab.cat\/incasi\/wp-content\/uploads\/sites\/500\/2024\/06\/LEMOS_Sebastian_Foto-297x400.jpeg 297w, https:\/\/webs.uab.cat\/incasi\/wp-content\/uploads\/sites\/500\/2024\/06\/LEMOS_Sebastian_Foto-768x1035.jpeg 768w, https:\/\/webs.uab.cat\/incasi\/wp-content\/uploads\/sites\/500\/2024\/06\/LEMOS_Sebastian_Foto-1139x1536.jpeg 1139w, https:\/\/webs.uab.cat\/incasi\/wp-content\/uploads\/sites\/500\/2024\/06\/LEMOS_Sebastian_Foto.jpeg 1186w\" sizes=\"auto, (max-width: 760px) 100vw, 760px\" \/><\/figure><div class=\"wp-block-media-text__content\">\n<blockquote class=\"wp-block-quote is-layout-flow wp-block-quote-is-layout-flow\">\n<p class=\"has-text-align-center has-small-font-size\">Licenciado en Sociolog\u00eda y Magister en Investigaci\u00f3n en Ciencias Sociales, Facultad de Ciencias Sociales, Universidad de Buenos Aires (FSOC UBA). Sede de trabajo en el Instituto de Investigaciones Gino Germani (IIGG UBA) donde forma parte de su Comit\u00e9 Acad\u00e9mico. Docente de Metodolog\u00eda de la investigaci\u00f3n en la Carrera de Sociolog\u00eda de la UBA y en el Departamento de Ciencias de la Salud de la Universidad Nacional de La Matanza (UNLaM).<\/p>\n\n\n\n<p class=\"has-text-align-center has-small-font-size\">Sus l\u00edneas de investigaci\u00f3n se concentran en las desigualdades educativas de los j\u00f3venes en el nivel superior y sus intersecciones con el inicio de la vida laboral desde una perspectiva de an\u00e1lisis de clase. Espec\u00edficamente, se concentra en el an\u00e1lisis de trayectorias de egresados de la modalidad t\u00e9cnica en Argentina y sus particularidades respecto a los egresados de las dem\u00e1s modalidades de la escuela secundaria. Maneja t\u00e9cnicas de investigaci\u00f3n cualitativas y especialmente cuantitativas como an\u00e1lisis factorial, an\u00e1lisis de clasificaci\u00f3n autom\u00e1tica, promedios de efectos marginales y diferentes tipos de regresiones log\u00edsticas.&nbsp;&nbsp;<\/p>\n<\/blockquote>\n<\/div><\/div>\n","protected":false},"excerpt":{"rendered":"","protected":false},"author":2884,"featured_media":0,"parent":0,"menu_order":0,"comment_status":"closed","ping_status":"closed","template":"","meta":{"footnotes":""},"class_list":["post-962","page","type-page","status-publish","hentry"],"_links":{"self":[{"href":"https:\/\/webs.uab.cat\/incasi\/index.php?rest_route=\/wp\/v2\/pages\/962","targetHints":{"allow":["GET"]}}],"collection":[{"href":"https:\/\/webs.uab.cat\/incasi\/index.php?rest_route=\/wp\/v2\/pages"}],"about":[{"href":"https:\/\/webs.uab.cat\/incasi\/index.php?rest_route=\/wp\/v2\/types\/page"}],"author":[{"embeddable":true,"href":"https:\/\/webs.uab.cat\/incasi\/index.php?rest_route=\/wp\/v2\/users\/2884"}],"replies":[{"embeddable":true,"href":"https:\/\/webs.uab.cat\/incasi\/index.php?rest_route=%2Fwp%2Fv2%2Fcomments&post=962"}],"version-history":[{"count":5,"href":"https:\/\/webs.uab.cat\/incasi\/index.php?rest_route=\/wp\/v2\/pages\/962\/revisions"}],"predecessor-version":[{"id":3540,"href":"https:\/\/webs.uab.cat\/incasi\/index.php?rest_route=\/wp\/v2\/pages\/962\/revisions\/3540"}],"wp:attachment":[{"href":"https:\/\/webs.uab.cat\/incasi\/index.php?rest_route=%2Fwp%2Fv2%2Fmedia&parent=962"}],"curies":[{"name":"wp","href":"https:\/\/api.w.org\/{rel}","templated":true}]}}