{"id":1985,"date":"2016-12-16T10:08:23","date_gmt":"2016-12-16T10:08:23","guid":{"rendered":"https:\/\/webs.uab.cat\/incasi\/other-links\/"},"modified":"2016-12-16T10:08:23","modified_gmt":"2016-12-16T10:08:23","slug":"other-links","status":"publish","type":"page","link":"https:\/\/webs.uab.cat\/incasi1\/en\/other-links\/","title":{"rendered":"Other Links"},"content":{"rendered":"<p><strong>Institutions<\/strong><\/p>\n<p><a href=\"https:\/\/ec.europa.eu\/programmes\/horizon2020\/\" target=\"_blank\" rel=\"noopener\">Horizon 2020<\/a><br \/>\n<a href=\"http:\/\/agaur.gencat.cat\/ca\/detalls\/noticia\/Resultats-de-la-participacio-de-Catalunya-a-Horizon-2020\">Results&nbsp;of the participation&nbsp;of&nbsp;Catalonia&nbsp;in&nbsp;Horizon 2020<\/a><br \/>\n<a href=\"http:\/\/cordis.europa.eu\/project\/rcn\/200034_en.html\" target=\"_blank\" rel=\"noopener\">CORDIS<\/a>: Community Research and Development Information Service<br \/>\n<a href=\"https:\/\/www.youtube.com\/watch?v=BBXfWghYQnc&amp;feature=youtu.be\">Universitat Aut\u00f2noma de Barcelona<\/a>: INCASI about Open Access<br \/>\n<a href=\"https:\/\/ddd.uab.cat\/record\/199255?ln=ca\">Universitat Aut\u00f2noma de Barcelona &#8211; CDE<\/a>: European Union &#8211; Latin America relations<br \/>\n<a href=\"https:\/\/euraxess.ec.europa.eu\/worldwide\/brazil\">Euraxess in Latin America and the Caribbean (LAC):<\/a>&nbsp;Free information network and networking<\/p>\n<p><strong>Inequality<\/strong><\/p>\n<p><a href=\"http:\/\/www.ub.edu\/rimda\/content\/formas-innovadoras-para-contrarrestar-las-desigualdades-sociales-fincodes\">FINCODES<\/a>: Formas innovadoras para contrarrestar las desigualdades sociales. Proyecto de innovaci\u00f3n docente (Universitat de Barcelona). Investigadoras principales: Sandra Fachelli y Antonia Collado.<br \/>\nP\u00e1ginas webs ganadoras de los grupos de estudiantes de Sociolog\u00eda de la asignatura Gesti\u00f3 y Administraci\u00f3 P\u00fablica (Facultat de Dret, Universitat de Barcelona), curso 2017-2018:<\/p>\n<p>Grupo B: <a href=\"https:\/\/socializacionenlaprimerainfancia.wordpress.com\">https:\/\/socializacionenlaprimerainfancia.wordpress.com<\/a><\/p>\n<p>Grupo D: <a href=\"https:\/\/desigualdadessocialesmigracionyespacio.wordpress.com\/\">https:\/\/desigualdadessocialesmigracionyespacio.wordpress.com\/<\/a><\/p>\n<p>Grupo S: <a href=\"https:\/\/grupossociologia20172018.wordpress.com\/\">https:\/\/grupossociologia20172018.wordpress.com\/<\/a> &nbsp;<\/p>\n<p><a href=\"https:\/\/desigualdadsite.wordpress.com\/\" target=\"_blank\" rel=\"noopener\">DesiguaALdad<\/a>: Un espacio acad\u00e9mico de reflexi\u00f3n sobre la desigualdad social en Am\u00e9rica Latina<br \/>\n<a href=\"http:\/\/www.relats.org\/\" target=\"_blank\" rel=\"noopener\">RELATS<\/a>: Red Euro-Latinoamericana de An\u00e1lisis sobre Trabajo y Sindicalismo<\/p>\n<p><strong>Congresses and Seminars<\/strong><\/p>\n<p><a href=\"https:\/\/forms.gle\/Ses4hDquxbrAVwF69\">Webinar UCA: Compromiso social universitario frente a los desaf\u00edos del Covid-19<\/a>, 6th July, 2020.<br \/>\n<a href=\"https:\/\/cuidadosygenero.colmex.mx\/\">Segundo Congreso Latinoamericano de Estudios de G\u00e9nero y Cuidados.&nbsp;Miradas Latinoamericanas al Cuidado<\/a>,&nbsp;May 18 to 20, 2020, at El Colegio de M\u00e9xico, Ciudad de M\u00e9xico, M\u00e9xico.<br \/>\n<a href=\"https:\/\/www.youtube.com\/watch?v=Gn0xvR-upJc&amp;feature=youtu.be\">Webinar UBA &amp; UCA: Trabajo e ingresos en tiempos de pandemia. Reflexiones sobre la actualidad y el futuro posible<\/a>, 24th april, 2020, Zoom Platform.<br \/>\n<a href=\"https:\/\/www.iv-rise.una.ac.cr\/index.php\/es\/\">IV Reuni\u00f3n Iberoamericana de Socioeconom\u00eda<\/a>, November 20 to 22, 2019, Heredia, Costa Rica.&nbsp;<br \/>\n<a href=\"https:\/\/www.iis.unam.mx\/wp-content\/uploads\/2018\/10\/convocatoria_xpics.pdf\">X Premio Iberoamericano en Ciencias Sociales<\/a>, May 31, 2019, M\u00e9xico.&nbsp;<br \/>\n<a href=\"http:\/\/sociologia-alas.org\/wp-content\/uploads\/Convocatoria-V-Seminario-Internacional-Desigualdad-y-Movilidad-Social-en-Am%C3%A9rica-Latina-1.pdf\">V Seminario Internacional Desigualdad y Movilidad Social en Am\u00e9rica Latina<\/a>, May 6 to 8, 2019, Santiago de Chile.<br \/>\n<a href=\"https:\/\/www.clacso.org.ar\/conferencia2018\/index.php\">8\u00ba&nbsp;Conferencia Latinoamericana y Caribe\u00f1a de Ciencias Sociales<\/a>, November 19 to 23, 2018, Buenos Aires, Argentina.<br \/>\n<a href=\"https:\/\/www.clacso.org.ar\/conferencia2018\/index.php\">26\u00ba Asamblea General de CLACSO<\/a>, November 17 and&nbsp;18, 2018, Buenos Aires, Argentina.<br \/>\n<a href=\"http:\/\/www.coes-conference.cl\/convocatoria-2018\/\">COES Conference: &#8220;Concentrations&#8221;<\/a>, November 14, 15 and 16, 2018, Santiago, Chile.<br \/>\n<a href=\"http:\/\/78493.track.dattanet.com\/campaign\/htmlversion?AdministratorID=78493&amp;CampaignID=49&amp;StatisticID=43&amp;MemberID=14243&amp;s=9a2b1001c27861a9a18b00a4a3d5ced9&amp;isDemo=0\">First Latin American Congress on Gender and Care Studies: &#8220;Miradas latinoamericanas al cuidado&#8221;<\/a>, November 5, 6 and 7, 2018,&nbsp;Montevideo.<br \/>\n<a href=\"https:\/\/sites.google.com\/view\/esa-rn-21-2018\">ESA RN 21 midterm conference on Potentials and Limits of Quantitative Research in the Social Sciences<\/a>, October 6, 2018, Cracow, Poland.<br \/>\n<a href=\"https:\/\/www.europeansociology.org\/research-networks\/rn27-regional-network-southern-european-societies\">ESA\/RN27 MID-TERM CONFERENCE 2018&nbsp;on&nbsp;SOCIAL STRUCTURES, CULTURE AND INSTITUTIONS IN SOUTHERN EUROPEAN SOCIETIES<\/a>, October 4 to 6, 2018, Catania, Italy.<br \/>\n<a href=\"http:\/\/centrocedep.com.ar\/jornadas-simel-2018-mar-del-plata\/\">V Jornadas sobre Estudios Regionales y Mercado de Trabajo<\/a>, September 20 and 21, 2018, Mar del Plata, Argentina.<br \/>\n<a href=\"http:\/\/www.derecho.uba.ar\/institucional\/deinteres\/2018\/xix-congreso-nacional-y-ix-latinoamericano-de-sociologia-juridica-la-sociologia-juridica-frente-a-los-proceso-de-reforma-en-america-latina\">XIX Congreso Nacional y IX Latinoamericano de Sociolog\u00eda Jur\u00eddica: &#8220;La sociolog\u00eda jur\u00eddica frente a los proceso de reforma en Am\u00e9rica Latina&#8221;<\/a>, September 5, 6 and&nbsp;7,&nbsp;2018, Facultad de Derecho (UBA), Buenos Aires, Argentina.<br \/>\n<a href=\"http:\/\/www.isa-sociology.org\/en\/conferences\/world-congress\/toronto-2018\/\">International Sociological Association (ISA)&nbsp;2018<\/a>, July from 15 to 21, 2018, Toronto, Canada.<br \/>\n<a href=\"http:\/\/ica2018.es\/movimientos-sociales\/\">56\u00b0&nbsp;Congreso Internacional de Americanistas<\/a>: &#8220;Movimientos sociales, partidos pol\u00edticos y Estado en Am\u00e9rica Latina&#8221;, July from 15 to 20, 2018, Salamanca, Spain.<br \/>\n<a href=\"http:\/\/www.nasp.eu\/training\/other-training-activities\/spring-summer-schools\/respos-summer-school-2018.html\">Research&nbsp;Strategies in&nbsp;Policy&nbsp;Studies (ReSPoS) Summer School 2018 &#8211; 6th edition<\/a>, June from 25 to 29, 2018, Milan.<br \/>\n<a href=\"http:\/\/congres2018.coleconomistes.cat\/\">3r Congr\u00e9s d\u2019Economia i Empresa de Catalunya<\/a>, May 17, 2018, Barcelona.<br \/>\n<a href=\"http:\/\/www.alas2017.com\/\">XXXI Congress ALAS<\/a>:&nbsp;\u201cLas encrucijadas abiertas de Am\u00e9rica Latina. La sociolog\u00eda en tiempos de cambio&#8221;, 3 \u2013 8 December 2017, Uruguay.<br \/>\n<a href=\"http:\/\/www.ceil-conicet.gov.ar\/2017\/08\/convocatoria-taller-internacional-ciencia-de-la-sustentabilidad-pobreza-y-desarrollo-en-el-siglo-xxi\/\">International Workshop: &#8220;Ciencia de la sustentabilidad, pobreza y desarrollo en el siglo XXI&#8221;<\/a>: from November 29 to December 1, 2017,&nbsp;Buenos Aires, Argentina.<br \/>\n<a href=\"http:\/\/www.ub.edu\/web\/ub\/en\/menu_eines\/agenda\/2017\/11\/22_1.html?\">Seminario Internacional de la Red GENCPOLIS:&nbsp;IV Jornadas de Investigaci\u00f3n Feminista del IIEDG<\/a>, November form&nbsp;22 to&nbsp;24, 2017, Barcelona, Espa\u00f1a.<br \/>\n<a href=\"https:\/\/afinbarcelona.wordpress.com\/\">X AFIN International Conference<\/a>: &#8220;Reproductive Politics, Rights, and Desires&#8221;, November from 2 to&nbsp;4, 2017, Barcelona, Espa\u00f1a.<br \/>\n<a href=\"http:\/\/medicusmundigipuzkoa.eus\/04-encuentros-impacto-de-los-fundamentalismos-politicos-economicos-religiosos-y-culturales-en-los-derechos-sexuales-y-derechos-reproductivos\/\">IV Encuentros<\/a>: \u201cImpacto de los fundamentalismos pol\u00edticos, econ\u00f3micos, religiosos y culturales en los derechos sexuales y derechos reproductivos\u201d,&nbsp;October 19 and 20, 2017, Donostia, San Sebasti\u00e1n, Spain.<br \/>\n<a href=\"http:\/\/eventos.uhu.es\/12455\/detail\/iv-congreso-internacional-conmemorativo-del-descubrimiento-de-america.html\">IV&nbsp;Congreso&nbsp;Internacional Conmemorativo del Descubrimiento de&nbsp;Am\u00e9rica<\/a>: October 6, 7 and 8,&nbsp;2017,&nbsp;San Juan del Puerto y Moguer, Lugares Colombinos, Huelva, Spain.<br \/>\n<a href=\"http:\/\/politicaedisuguaglianze.unical.it\/images\/documenti\/programma_definitivo.pdf\">Convegno di met\u00e0 mandato &#8211; AIS Sezione di Sociologia Politica: Politica e Disuguaglianze<\/a>;&nbsp;5-6 ottobre 2017,&nbsp;Universit\u00e0 della Calabria, Dipartimento di Scienze Politiche e Sociali, Italy.<br \/>\n<a href=\"http:\/\/fes-sociologia.com\/desigualdad-y-estratificacion-social\/comites\/6\/\">Comit\u00e9 CI-6 (Desigualdad y Estratificaci\u00f3n Social) de la Federaci\u00f3n Espa\u00f1ola de Sociolog\u00eda<\/a>:&nbsp;July 10 and 11, 2017, Universidad de La Laguna, Tenerife, Spain.<br \/>\n<a href=\"http:\/\/www.sciencespo.fr\/osc\/fr\/news-fr\">Seminar&nbsp;\u201cSocial Classes in contemporary Societies: Issues and Challenges\u201d<\/a>: June 29 and 30, 2017,&nbsp;Sciences Po &#8211; Par\u00eds.<br \/>\n<a href=\"http:\/\/www.socialstudies.org.uk\/Events\/Conferences\/23675\/The-5th-LCSS-PhD-Methodology-Conference\">5<sup>th<\/sup>&nbsp;LCSS PhD Methodology Conference<\/a>:&nbsp;15&nbsp;June 2017,&nbsp;University&nbsp;of&nbsp;Westminster, London, UK.<br \/>\n<a href=\"http:\/\/www.fahce.unlp.edu.ar\/idihcs\/areas\/cimecs\/eventos\/sobre-desigualdad-y-movilidad-social-en-america-latina\">IV Seminario Internacional&nbsp;Desigualdad y Movilidad Social en Am\u00e9rica Latina<\/a>:&nbsp;31st of May and 1st and 2nd of June 2017,Faculty of Humanities and Education Sciences,Universidad Nacional de La Plata.<\/p>\n<p><strong>Postgraduate Formation<\/strong><\/p>\n<p><a href=\"https:\/\/www.udg.edu\/ca\/Portals\/54\/Joventut_Societat\/mijs%20CAST2.pdf\">M\u00e1ster interuniversitario Juventud y Sociedad<\/a><\/p>\n<p><strong>Other links<\/strong><\/p>\n<p><a href=\"https:\/\/alh.usal.es\/\">Revista Am\u00e9rica Latina Hoy, Universidad de Salamanca<\/a><\/p>\n","protected":false},"excerpt":{"rendered":"<p>Institutions Horizon 2020 Results&nbsp;of the participation&nbsp;of&nbsp;Catalonia&nbsp;in&nbsp;Horizon 2020 CORDIS: Community Research and Development Information Service Universitat Aut\u00f2noma de Barcelona: INCASI about Open Access Universitat Aut\u00f2noma de Barcelona &#8211; CDE: European Union &#8211; Latin America relations Euraxess in Latin America and the Caribbean (LAC):&nbsp;Free information network and networking Inequality FINCODES: Formas innovadoras para contrarrestar las desigualdades sociales. [&hellip;]<\/p>\n","protected":false},"author":44,"featured_media":0,"parent":0,"menu_order":0,"comment_status":"closed","ping_status":"closed","template":"","meta":{"footnotes":""},"class_list":["post-1985","page","type-page","status-publish","hentry"],"_links":{"self":[{"href":"https:\/\/webs.uab.cat\/incasi1\/en\/wp-json\/wp\/v2\/pages\/1985","targetHints":{"allow":["GET"]}}],"collection":[{"href":"https:\/\/webs.uab.cat\/incasi1\/en\/wp-json\/wp\/v2\/pages"}],"about":[{"href":"https:\/\/webs.uab.cat\/incasi1\/en\/wp-json\/wp\/v2\/types\/page"}],"author":[{"embeddable":true,"href":"https:\/\/webs.uab.cat\/incasi1\/en\/wp-json\/wp\/v2\/users\/44"}],"replies":[{"embeddable":true,"href":"https:\/\/webs.uab.cat\/incasi1\/en\/wp-json\/wp\/v2\/comments?post=1985"}],"version-history":[{"count":0,"href":"https:\/\/webs.uab.cat\/incasi1\/en\/wp-json\/wp\/v2\/pages\/1985\/revisions"}],"wp:attachment":[{"href":"https:\/\/webs.uab.cat\/incasi1\/en\/wp-json\/wp\/v2\/media?parent=1985"}],"curies":[{"name":"wp","href":"https:\/\/api.w.org\/{rel}","templated":true}]}}