{"id":1995,"date":"2016-12-22T10:24:58","date_gmt":"2016-12-22T10:24:58","guid":{"rendered":"https:\/\/webs.uab.cat\/incasi\/incasi-network-meetings\/"},"modified":"2016-12-22T10:24:58","modified_gmt":"2016-12-22T10:24:58","slug":"incasi-network-meetings","status":"publish","type":"page","link":"https:\/\/webs.uab.cat\/incasi1\/en\/incasi-network-meetings\/","title":{"rendered":"INCASI Network Meetings"},"content":{"rendered":"<table align=\"center\" border=\"0\" cellpadding=\"1\" cellspacing=\"1\">\n<tbody>\n<tr>\n<td>\n<p><strong>INCASI Network Meetings<\/strong><\/p>\n<ul>\n<li><strong><a href=\"http:\/\/incasi.uab.cat\/es\/node\/141\">Coordination Meeting at Universidad de la Rep\u00fablica de Uruguay<\/a><\/strong><br \/>\n\t\t\t\tPedro L\u00f3pez-Rold\u00e1n, main coordinator of the INCASI network, Universitat Aut\u00f2noma de Barcelona-IET<br \/>\n\t\t\t\tSandra Fachelli, Task Manager and researcher of the INCASI network, Universitat Aut\u00f2noma de Barcelona-GRET&nbsp;and Universidad Pablo de Olavide.<br \/>\n\t\t\t\tMarcelo Boado,&nbsp;main researcher of the INCASI network&nbsp;by Universidad de la Rep\u00fablica de Uruguay.<br \/>\n\t\t\t\tFecha: 7-8 January, 2020. Place: Universidad de la Rep\u00fablica.<br \/>\n\t\t\t\t&nbsp;<\/li>\n<li><strong><a href=\"http:\/\/incasi.uab.cat\/es\/node\/2599\">Research Meeting at Universitat Aut\u00f2noma de Barcelona<\/a><\/strong><br \/>\n\t\t\t\tPedro L\u00f3pez-Rold\u00e1n, main coordinator of the INCASI network, Universitat Aut\u00f2noma de Barcelona-IET<br \/>\n\t\t\t\tPilar Carrasquer, Director&nbsp;of&nbsp;Institut d&#8217;Estudis del Treball (IET),&nbsp;Universitat Aut\u00f2noma de Barcelona<br \/>\n\t\t\t\tAntonio Mart\u00edn Artiles, Professor of&nbsp;IET,&nbsp;Universitat Aut\u00f2noma de Barcelona<br \/>\n\t\t\t\tJoan Miquel Verd,&nbsp;Director of Centre d&#8217;Estudis Sociol\u00f2gics sobre la Vida Quotidiana i el Treball (QUIT) and Researcher of&nbsp;INCASI, Universitat Aut\u00f2noma de Barcelona<br \/>\n\t\t\t\tJorge Rojas, Researcher of&nbsp;INCASI by Universidad de Concepci\u00f3n.<br \/>\n\t\t\t\tAntonio Camou, Vicedirector of&nbsp;IdIHCS Instituto de Investigaciones en Humanidades y Ciencias Sociales, Universidad Nacional de La Plata<br \/>\n\t\t\t\tDate: October 22nd,&nbsp;2019. Place: Campus de la UAB.<br \/>\n\t\t\t\t&nbsp;<\/li>\n<li><a href=\"http:\/\/incasi.uab.cat\/en\/node\/2020\"><strong>Coordination Meeting at Universidad de Sevilla<\/strong><\/a><br \/>\n\t\t\t\tPedro L\u00f3pez-Rold\u00e1n, main coordinator of the INCASI network, Universitat Aut\u00f2noma de Barcelona-IET<br \/>\n\t\t\t\tSandra Fachelli, Task Manager and researcher of the INCASI network, Universitat Aut\u00f2noma de Barcelona-GRET<br \/>\n\t\t\t\tIldefonso Marqu\u00e9s, main researcher of the INCASI network, Universidad de Sevilla.<br \/>\n\t\t\t\tDate: March 7th to 15th. Departamento de Sociolg\u00eda. Universidad de Sevilla.&nbsp;<br \/>\n\t\t\t\t&nbsp;<\/li>\n<li><strong><a href=\"http:\/\/incasi.uab.cat\/en\/node\/2000\">Coordination Meeting at Universit\u00e0 Degli Studi di Milano<\/a><\/strong><br \/>\n\t\t\t\tPedro L\u00f3pez-Rold\u00e1n, Main coordinator of the INCASI network, Universitat Aut\u00f2noma de Barcelona-IET<br \/>\n\t\t\t\tSandra Fachelli, Task Manager and researcher of the INCASI network, Universitat Aut\u00f2noma de Barcelona-GRET.<br \/>\n\t\t\t\tRenata Semenza, Main researcher of the INCASI network, Universit\u00e0 Degli Studi di Milano.<br \/>\n\t\t\t\tINCASI team and Rector team from Universit\u00e0 Degli Studi di Milano.<br \/>\n\t\t\t\tDate: February 28th and March 1st, 2019. Place:&nbsp;Universit\u00e0 Degli Studi Di Milano,&nbsp;Dipartimento di Scienze Sociali e Politiche<br \/>\n\t\t\t\t&nbsp;<\/li>\n<li><a href=\"http:\/\/incasi.uab.cat\/sites\/incasi.uab.cat\/files\/styles\/galeria\/public\/reunion%20sevilla%20noviembre%2018_0.jpg?itok=3qCn7GGg\"><strong>Coordination Meeting at Universidad de Sevilla<\/strong><\/a><br \/>\n\t\t\t\tPedro L\u00f3pez-Rold\u00e1n, Main coordinator of the INCASI network, Universitat Aut\u00f2noma de Barcelona-IET<br \/>\n\t\t\t\tSandra Fachelli, Task Manager and researcher of the INCASI network, Universitat Aut\u00f2noma de Barcelona-GRET.<br \/>\n\t\t\t\tIldefonso Marqu\u00e9s-Perales, Main Responsible Investigator&nbsp;at&nbsp;Universidad de Sevilla.<br \/>\n\t\t\t\tDate: Friday 16th November, 2018, from 12 to 14hs. Place: Sevilla, Spain.<br \/>\n\t\t\t\t&nbsp;<\/li>\n<li><a href=\"http:\/\/incasi.uab.cat\/en\/node\/1568\"><strong>Coordination Meeting at Universidad de Sevilla<\/strong><\/a><br \/>\n\t\t\t\tPedro L\u00f3pez-Rold\u00e1n, Main coordinator of the INCASI network, Universitat Aut\u00f2noma de Barcelona-IET<br \/>\n\t\t\t\tSandra Fachelli, Task Manager and researcher of the INCASI network, Universitat Aut\u00f2noma de Barcelona-GRET.<br \/>\n\t\t\t\tIldefonso Marqu\u00e9s-Perales, Main Responsible Investigator&nbsp;at&nbsp;Universidad de Sevilla.<br \/>\n\t\t\t\tDate: Wednesday 27th June, 2018. Place: Facultad de Filosof\u00eda y Letras, Universidad de C\u00e1diz, Spain.<br \/>\n\t\t\t\t&nbsp;<\/li>\n<li>\n<p><a href=\"http:\/\/incasi.uab.cat\/en\/node\/1211\"><strong>Coordination Meeting in the Universidade do Estado do Rio de Janeiro <\/strong><\/a><br \/>\n\t\t\t\tPedro L\u00f3pez-Rold\u00e1n, Main coordinator of the INCASI network, Universitat Aut\u00f2noma de Barcelona-IET.<br \/>\n\t\t\t\tSandra Fachelli, Task Manager and researcher of the INCASI network, Universitat Aut\u00f2noma de Barcelona-GRET.<br \/>\n\t\t\t\tDate: Friday, January 16, 2018. Place: Instituto de Estudos Sociais e Pol\u00edticos (IESP), Brasil.<\/p>\n<\/li>\n<li>\n<p><a href=\"http:\/\/incasi.uab.cat\/en\/node\/683\"><strong>Coordination Meeting in the Universidad de Rosario<\/strong><\/a><br \/>\n\t\t\t\tPedro L\u00f3pez-Rold\u00e1n, Main coordinator of the INCASI network, Universitat Aut\u00f2noma de Barcelona-IET<br \/>\n\t\t\t\tSandra Fachelli, Task Manager and researcher of the INCASI network, Universitat Aut\u00f2noma de Barcelona-GRET.<br \/>\n\t\t\t\tDate: Friday, May 19, 2017. Place: Universidad de Rosario, Argentina.<\/p>\n<\/li>\n<li>\n<p><a href=\"http:\/\/incasi.uab.cat\/en\/node\/575\"><strong>Coordination Meeting in the Universidad de Sevilla (Spain)<\/strong><\/a><br \/>\n\t\t\t\tPedro L\u00f3pez-Rold\u00e1n, Main coordinator of the INCASI network, Universitat Aut\u00f2noma de Barcelona-IET<br \/>\n\t\t\t\tSandra Fachelli, Task Manager and researcher of the INCASI network, Universitat Aut\u00f2noma de Barcelona-GRET<br \/>\n\t\t\t\tIldefonso Marqu\u00e9s, principal researcher of the INCASI network by the Universidad de Sevilla.<br \/>\n\t\t\t\tINCASI team from the Department of Sociology of the Universidad de Sevilla.<br \/>\n\t\t\t\tDate: Thursday, March 23, 2017. Place: Department of Sociology of the Universidad de Sevilla.<\/p>\n<\/li>\n<li>\n<p><a href=\"http:\/\/incasi.uab.cat\/en\/node\/585\"><strong>Working Meeting INCASI-ODSA in the Universidad Cat\u00f3lica Argentina (UCA)<\/strong><\/a><br \/>\n\t\t\t\tPedro L\u00f3pez-Rold\u00e1n, Main coordinator of the INCASI network, Universitat Aut\u00f2noma de Barcelona-IET<br \/>\n\t\t\t\tSandra Fachelli, Task Manager and researcher of the INCASI network, Universitat Aut\u00f2noma de Barcelona-GRET<br \/>\n\t\t\t\tINCASI team from Observatorio de la Deuda Social Argentina (ODSA), Universidad Cat\u00f3lica Argentina.<br \/>\n\t\t\t\tDate: Tuesday, December 22, 2016. Place: ODSA, UCA, Buenos Aires, Argentina.<\/p>\n<\/li>\n<li>\n<p><a href=\"http:\/\/incasi.uab.cat\/en\/node\/470\"><strong>Coordination Meeting INCASI-IIGG in the <\/strong><strong>Universidad de Buenos Aires (Argentina)<\/strong><\/a><br \/>\n\t\t\t\tPedro L\u00f3pez-Rold\u00e1n, Main coordinator of the INCASI network, Universitat Aut\u00f2noma de Barcelona-IET<br \/>\n\t\t\t\tSandra Fachelli, Task Manager and researcher of the INCASI network, Universitat Aut\u00f2noma de Barcelona-GRET<br \/>\n\t\t\t\tINCASI team from the Instituto de Investigaciones Gino Germani (IIGG).<br \/>\n\t\t\t\tDate: Tuesday, December 15, 2016. Place: Instituto de Investigaciones Gino Germani (IIGG).<\/p>\n<\/li>\n<li>\n<p><a href=\"http:\/\/incasi.uab.cat\/en\/node\/454\"><strong>Coordination Meeting in the <\/strong><strong>Universit\u00e0 della Calabria <\/strong><strong>(Italy)<\/strong><\/a><br \/>\n\t\t\t\tPedro L\u00f3pez-Rold\u00e1n, Main coordinator of the INCASI network, Universitat Aut\u00f2noma de Barcelona-IET<br \/>\n\t\t\t\tSandra Fachelli, Task Manager and researcher of the INCASI network, Universitat Aut\u00f2noma de Barcelona-GRET<br \/>\n\t\t\t\tINCASI team from the Universit\u00e0 della Calabria.<br \/>\n\t\t\t\tDate: Friday, September 30, 2016. Place: Universit\u00e0 della Calabria.<\/p>\n<\/li>\n<li>\n<p><a href=\"http:\/\/incasi.uab.cat\/en\/node\/514\"><strong>Working Meeting INCASI &#8211; CIIR in the Pontificia Universidad Cat\u00f3lica de Chile.<\/strong><\/a><br \/>\n\t\t\t\tPedro L\u00f3pez-Rold\u00e1n, Main coordinator of the INCASI network, Universitat Aut\u00f2noma de Barcelona-IET<br \/>\n\t\t\t\tSandra Fachelli, Task Manager and researcher of the INCASI network, Universitat Aut\u00f2noma de Barcelona-GRET<br \/>\n\t\t\t\tFrancisca De la maza Cabrera, Deputy director of Centro Interdisciplinario de Estudios Interculturales e Ind\u00edgenas (CIIR), Pontificia Universidad Cat\u00f3lica de Chile.<br \/>\n\t\t\t\tDate: Saturday, April 2, 2016. Place: Campus Villarrica, Pontificia Universidad Cat\u00f3lica de Chile.<\/p>\n<\/li>\n<li>\n<p><a href=\"http:\/\/incasi.uab.cat\/en\/node\/444\"><strong>INCASI Network Meeting in the Universidad de Concepci\u00f3n (Chile)\u200b<\/strong><\/a><br \/>\n\t\t\t\tPedro L\u00f3pez-Rold\u00e1n, Main coordinator of the INCASI network, Universitat Aut\u00f2noma de Barcelona-IET<br \/>\n\t\t\t\tSandra Fachelli, Task Manager and researcher of the INCASI network, Universitat Aut\u00f2noma de Barcelona-GRET<br \/>\n\t\t\t\tDr. Bernardo Castro Ram\u00edrez , Dean of the Faculty of Social Sciences, Universidad de Concepci\u00f3n<br \/>\n\t\t\t\tDr. Carlos Gonz\u00e1lez, Vice-Rector for Research and Development, Universidad de Concepci\u00f3n.<br \/>\n\t\t\t\tDate: Friday, April 1, 2016. Place: Universidad de Concepci\u00f3n.<\/p>\n<\/li>\n<li>\n<p><strong><a href=\"http:\/\/incasi.uab.cat\/en\/node\/446\">INCASI Network Meeting in the Universidad de Concepci\u00f3n (Chile)<\/a><\/strong><br \/>\n\t\t\t\tPedro L\u00f3pez-Rold\u00e1n, Main coordinator of the INCASI network, Universitat Aut\u00f2noma de Barcelona-IET<br \/>\n\t\t\t\tSandra Fachelli, Task Manager and researcher of the INCASI network, Universitat Aut\u00f2noma de Barcelona-GRET<br \/>\n\t\t\t\tINCASI team from the University of Concepci\u00f3n.<br \/>\n\t\t\t\tDr Jorge Rojas Hern\u00e1ndez, Vice-Rector of Institutional Relations, Universidad de Concepci\u00f3n.<br \/>\n\t\t\t\tDate: Friday, April 1, 2016. Place: Universidad de Concepci\u00f3n.<\/p>\n<\/li>\n<li>\n<p><a href=\"http:\/\/incasi.uab.cat\/en\/node\/448\"><strong>Coordination Meeting in the Universidad de Concepci\u00f3n (Chile)<\/strong><\/a><br \/>\n\t\t\t\tPedro L\u00f3pez-Rold\u00e1n, Main coordinator of the INCASI network, Universitat Aut\u00f2noma de Barcelona-IET<br \/>\n\t\t\t\tSandra Fachelli, Task Manager and researcher of the INCASI network, Universitat Aut\u00f2noma de Barcelona-GRET<br \/>\n\t\t\t\tINCASI team from the Universidad de Concepci\u00f3n.<br \/>\n\t\t\t\tDate: Thursday, March 31, 2016. Place: Universidad de Concepci\u00f3n.<\/p>\n<\/li>\n<li>\n<p><a href=\"http:\/\/incasi.uab.cat\/en\/node\/450\"><strong>Meeting of the INCASI Network with COES managers at the Universidad de Chile <\/strong><\/a><br \/>\n\t\t\t\tPedro L\u00f3pez-Rold\u00e1n, Main coordinator of the INCASI network, Universitat Aut\u00f2noma de Barcelona-IET<br \/>\n\t\t\t\tSandra Fachelli, Task Manager and researcher of the INCASI network, Universitat Aut\u00f2noma de Barcelona-GRET<br \/>\n\t\t\t\tFecha: Wednesday, March, 2016. Place: Universidad de Chile<\/p>\n<\/li>\n<li>\n<p><strong><a href=\"http:\/\/incasi.uab.cat\/en\/node\/452\">Coordination Meeting INCASI-COES in the Universidad de Chile<\/a> <\/strong><br \/>\n\t\t\t\tPedro L\u00f3pez-Rold\u00e1n, Main coordinator of the INCASI network, Universitat Aut\u00f2noma de Barcelona-IET<br \/>\n\t\t\t\tSandra Fachelli, Task Manager and researcher of the INCASI network, Universitat Aut\u00f2noma de Barcelona-GRET<br \/>\n\t\t\t\tINCASI team from the COES, Universidad de Chile.<br \/>\n\t\t\t\tFecha: Wednesday, March 30, 2016. Lugar: Universidad de Chile<\/p>\n<\/li>\n<li>\n<p><a href=\"http:\/\/incasi.uab.cat\/en\/node\/616\"><strong>Meeting of the INCASI Network with the<\/strong> <strong>Director of International Relations of the Universidad Nacional de Villa Mar\u00eda<\/strong><\/a><br \/>\n\t\t\t\tPedro L\u00f3pez-Rold\u00e1n, Main coordinator of the INCASI network, Universitat Aut\u00f2noma de Barcelona-IET<br \/>\n\t\t\t\tSandra Fachelli, Task Manager and researcher of the INCASI network, Universitat Aut\u00f2noma de Barcelona-GRET<br \/>\n\t\t\t\tPatricia Scarponetti, principal researcher of the INCASI network by the Universidad Nacional de C\u00f3rdoba.<br \/>\n\t\t\t\tDate: Wednesday, March 23, 2016. Place: Universidad Nacional de Villa Mar\u00eda, Argentina<\/p>\n<\/li>\n<\/ul>\n<\/td>\n<\/tr>\n<tr>\n<td>\n<p>&nbsp;<\/p>\n<\/td>\n<\/tr>\n<tr>\n<td>\n<p>&nbsp;<\/p>\n<\/td>\n<\/tr>\n<\/tbody>\n<\/table>\n<p>&nbsp;<\/p>\n","protected":false},"excerpt":{"rendered":"<p>INCASI Network Meetings Coordination Meeting at Universidad de la Rep\u00fablica de Uruguay Pedro L\u00f3pez-Rold\u00e1n, main coordinator of the INCASI network, Universitat Aut\u00f2noma de Barcelona-IET Sandra Fachelli, Task Manager and researcher of the INCASI network, Universitat Aut\u00f2noma de Barcelona-GRET&nbsp;and Universidad Pablo de Olavide. Marcelo Boado,&nbsp;main researcher of the INCASI network&nbsp;by Universidad de la Rep\u00fablica de Uruguay. [&hellip;]<\/p>\n","protected":false},"author":44,"featured_media":0,"parent":0,"menu_order":0,"comment_status":"closed","ping_status":"closed","template":"","meta":{"footnotes":""},"class_list":["post-1995","page","type-page","status-publish","hentry"],"_links":{"self":[{"href":"https:\/\/webs.uab.cat\/incasi1\/en\/wp-json\/wp\/v2\/pages\/1995","targetHints":{"allow":["GET"]}}],"collection":[{"href":"https:\/\/webs.uab.cat\/incasi1\/en\/wp-json\/wp\/v2\/pages"}],"about":[{"href":"https:\/\/webs.uab.cat\/incasi1\/en\/wp-json\/wp\/v2\/types\/page"}],"author":[{"embeddable":true,"href":"https:\/\/webs.uab.cat\/incasi1\/en\/wp-json\/wp\/v2\/users\/44"}],"replies":[{"embeddable":true,"href":"https:\/\/webs.uab.cat\/incasi1\/en\/wp-json\/wp\/v2\/comments?post=1995"}],"version-history":[{"count":0,"href":"https:\/\/webs.uab.cat\/incasi1\/en\/wp-json\/wp\/v2\/pages\/1995\/revisions"}],"wp:attachment":[{"href":"https:\/\/webs.uab.cat\/incasi1\/en\/wp-json\/wp\/v2\/media?parent=1995"}],"curies":[{"name":"wp","href":"https:\/\/api.w.org\/{rel}","templated":true}]}}