{"id":2006,"date":"2017-01-24T09:14:01","date_gmt":"2017-01-24T09:14:01","guid":{"rendered":"https:\/\/webs.uab.cat\/incasi\/latin-american-census-and-surveys\/"},"modified":"2017-01-24T09:14:01","modified_gmt":"2017-01-24T09:14:01","slug":"latin-american-census-and-surveys","status":"publish","type":"page","link":"https:\/\/webs.uab.cat\/incasi1\/en\/latin-american-census-and-surveys\/","title":{"rendered":"Latin American Census and Surveys"},"content":{"rendered":"<p class=\"rtejustify\">Latin American Census and Surveys<\/p>\n<ul>\n<li class=\"rtejustify\"><a href=\"#arg\">Argentina<\/a><\/li>\n<li class=\"rtejustify\"><a href=\"#Brasil\">Brasil<\/a><\/li>\n<li class=\"rtejustify\"><a href=\"#bol\">Bolivia<\/a><\/li>\n<li class=\"rtejustify\"><a href=\"#chi\">Chile<\/a><\/li>\n<li class=\"rtejustify\"><a href=\"#col\">Colombia<\/a><\/li>\n<li class=\"rtejustify\"><a href=\"#cost\">Costa Rica<\/a><\/li>\n<li class=\"rtejustify\"><a href=\"#ecu\">Ecuador<\/a><\/li>\n<li class=\"rtejustify\"><a href=\"#elS\">El Salvador<\/a><\/li>\n<li class=\"rtejustify\"><a href=\"#gua\">Guatemala<\/a><\/li>\n<li class=\"rtejustify\"><a href=\"#hon\">Honduras<\/a><\/li>\n<li class=\"rtejustify\"><a href=\"#mex\">M\u00e9xico<\/a><\/li>\n<li class=\"rtejustify\"><a href=\"#nic\">Nicaragua<\/a><\/li>\n<li class=\"rtejustify\"><a href=\"#pan\">Panam\u00e1<\/a><\/li>\n<li class=\"rtejustify\"><a href=\"#par\">Paraguay<\/a><\/li>\n<li class=\"rtejustify\"><a href=\"#per\">Per\u00fa<\/a><\/li>\n<li class=\"rtejustify\"><a href=\"#rep\">Rep\u00fablica Dominicana<\/a><\/li>\n<li class=\"rtejustify\"><a href=\"#uru\">Uruguay<\/a><\/li>\n<li class=\"rtejustify\"><a href=\"#ven\">Venezuela<\/a><\/li>\n<li class=\"rtejustify\"><a href=\"#elC\">El Caribe<\/a><\/li>\n<li class=\"rtejustify\"><a href=\"#aru\">Aruba<\/a><\/li>\n<li class=\"rtejustify\"><a href=\"#bel\">Belice<\/a><\/li>\n<li class=\"rtejustify\"><a href=\"#rep1\">Rep\u00fablica Dominicana<\/a><\/li>\n<li class=\"rtejustify\"><a href=\"#san\">Santa Luc\u00eda<\/a><\/li>\n<li class=\"rtejustify\"><a href=\"#san1\">San Vicente y las Granadinas<\/a><\/li>\n<li class=\"rtejustify\"><a href=\"#tri\">Trinidad y Tobago<\/a><\/li>\n<\/ul>\n<p class=\"rtejustify\">Source: CELADE\/CEPAL, United Nations, Online Processing with REDATAM.<\/p>\n<p class=\"rtejustify\">Base Redatam: <a href=\"http:\/\/redatam.org\/redbin\/RpWebEngine.exe\/Portal?lang=esp\" target=\"_blank\" rel=\"noopener\">http:\/\/redatam.org\/redbin\/RpWebEngine.exe\/Portal?lang=esp<\/a><\/p>\n<p class=\"rtejustify\"><u><strong><a id=\"arg\" name=\"arg\">Argentina<\/a><\/strong><\/u><\/p>\n<p class=\"rtejustify\">\uf0b7&nbsp; <a href=\"http:\/\/200.51.91.245\/argbin\/RpWebEngine.exe\/PortalAction?BASE=CPV2010A\" target=\"_blank\" rel=\"noopener\">Censo Nacional de Poblaci\u00f3n, Hogares y Viviendas 2010 &#8211; Ampliado<\/a><\/p>\n<p class=\"rtejustify\">\uf0b7&nbsp; <a href=\"http:\/\/200.51.91.245\/argbin\/RpWebEngine.exe\/PortalAction?BASE=CPV2010B\" target=\"_blank\" rel=\"noopener\">Censo Nacional de Poblaci\u00f3n, Hogares y Viviendas 2010 &#8211; B\u00e1sico<\/a><\/p>\n<p class=\"rtejustify\">\uf0b7&nbsp; <a href=\"http:\/\/200.51.91.245\/argbin\/RpWebEngine.exe\/PortalAction?BASE=CPV2001ARG\" target=\"_blank\" rel=\"noopener\">Censo de Poblaci\u00f3n y Vivienda 2001 &#8211; Versi\u00f3n 1.3<\/a><\/p>\n<p class=\"rtejustify\">\uf0b7&nbsp;<a href=\"http:\/\/www.indec.gob.ar\/nivel3_default.asp?id_tema_1=4&amp;id_tema_2=27\">Encuesta de condiciones de vida<\/a><\/p>\n<p class=\"rtejustify\"><u><strong><a id=\"bol\" name=\"bol\">Bolivia<\/a><\/strong><\/u><\/p>\n<p class=\"rtejustify\">\uf0b7&nbsp; <a href=\"http:\/\/datos.ine.gob.bo\/binbol\/RpWebEngine.exe\/Portal?BASE=CPV2012COM&amp;lang=esp\" target=\"_blank\" rel=\"noopener\">Censo Nacional de Poblaci\u00f3n y Vivienda 2012<\/a><\/p>\n<p class=\"rtejustify\">\uf0b7&nbsp; <a href=\"http:\/\/datos.ine.gob.bo\/binbol\/RpWebEngine.exe\/Portal?BASE=CPV2001COM&amp;lang=esp\" target=\"_blank\" rel=\"noopener\">Censo Nacional de Poblaci\u00f3n y Vivienda 2001<\/a><\/p>\n<p class=\"rtejustify\">\uf0b7&nbsp; <a href=\"http:\/\/aru.noip.me\/cgibin\/RpWebEngine.exe\/PortalAction?BASE=CBMS\" target=\"_blank\" rel=\"noopener\">CBMS &#8211; Plataforma en l\u00ednea de Consulta Estad\u00edstica<\/a><\/p>\n<p class=\"rtejustify\">\uf0b7&nbsp;<a href=\"http:\/\/www.ine.gob.bo\/index.php\/banco\/base-de-datos-sociales\">Encuesta de condiciones de vida<\/a><\/p>\n<p class=\"rtejustify\"><a name=\"Brasil\">Brasil<\/a><\/p>\n<p class=\"rtejustify\">\uf0b7&nbsp;<a href=\"https:\/\/ww2.ibge.gov.br\/home\/estatistica\/pesquisas\/pesquisa_resultados.php?id_pesquisa=40\">Pesquisa Nacional por Amostra de Domicilios<\/a><\/p>\n<p class=\"rtejustify\"><u><strong><a id=\"chi\" name=\"chi\">Chile<\/a><\/strong><\/u><\/p>\n<p class=\"rtejustify\">\uf0b7&nbsp; <a href=\"http:\/\/espino.ine.cl\/cgibin\/RpWebEngine.exe\/PortalAction?BASE=CPCHL2KREG\" target=\"_blank\" rel=\"noopener\">Censo de Poblaci\u00f3n y Vivienda 2002 &#8211; Nivel Regional<\/a><\/p>\n<p class=\"rtejustify\">\uf0b7&nbsp; <a href=\"http:\/\/espino.ine.cl\/cgibin\/RpWebEngine.exe\/PortalAction?BASE=CPCHL2KCOM\" target=\"_blank\" rel=\"noopener\">Censo de Poblaci\u00f3n y Vivienda 2002 &#8211; Nivel Comunal<\/a><\/p>\n<p class=\"rtejustify\">\uf0b7&nbsp; <a href=\"http:\/\/espino.ine.cl\/cgibin\/RpWebEngine.exe\/PortalAction?BASE=CPCHL1992COM\" target=\"_blank\" rel=\"noopener\">Censo de Poblaci\u00f3n y Vivienda 1992<\/a><\/p>\n<p class=\"rtejustify\">\uf0b7&nbsp; <a href=\"http:\/\/sit.gore6.cl\/sir\/index.php?option=com_content&amp;view=article&amp;id=62&amp;Itemid=153\" target=\"_blank\" rel=\"noopener\">Gobierno Regional de la Regi\u00f3n de O&#8217;Higgins: Sistema de Informaci\u00f3n Regional &#8211; Aplicaciones Censos 1992, 2002<\/a><\/p>\n<p class=\"rtejustify\">\uf0b7&nbsp;<a href=\"http:\/\/www.ine.cl\/estadisticas\/sociales\/calidad-de-vida-y-salud\">Encuesta de condiciones de vida<\/a><\/p>\n<p class=\"rtejustify\">\uf0b7&nbsp;<a href=\"http:\/\/observatorio.ministeriodesarrollosocial.gob.cl\/casen\/casen_obj.php\">Encuesta de Caracterizaci\u00f3n Socioecon\u00f3mica Nacional<\/a><\/p>\n<p class=\"rtejustify\"><u><strong><a id=\"col\" name=\"col\">Colombia<\/a><\/strong><\/u><\/p>\n<p class=\"rtejustify\">\uf0b7&nbsp; <a href=\"http:\/\/systema59.dane.gov.co\/cgibin\/RpWebEngine.exe\/PortalAction?BASE=CG2005AMPLIADO\" target=\"_blank\" rel=\"noopener\">Censo de Poblaci\u00f3n y Vivienda 2005 &#8211; Ampliado<\/a><\/p>\n<p class=\"rtejustify\">\uf0b7&nbsp; <a href=\"http:\/\/systema59.dane.gov.co\/cgibin\/RpWebEngine.exe\/PortalAction?BASE=CG2005BASICO\" target=\"_blank\" rel=\"noopener\">Censo de Poblaci\u00f3n y Vivienda 2005 &#8211; B\u00e1sico<\/a><\/p>\n<p class=\"rtejustify\">\uf0b7&nbsp;<a href=\"http:\/\/www.dane.gov.co\/index.php\/estadisticas-por-tema\/pobreza-y-condiciones-de-vida\/calidad-de-vida-ecv\">Encuesta de condiciones de vida<\/a><\/p>\n<p class=\"rtejustify\">\n<u><strong><a id=\"cost\" name=\"cost\">Costa Rica<\/a><\/strong><\/u><\/p>\n<p class=\"rtejustify\">\uf0b7&nbsp; <a href=\"http:\/\/sistemas.inec.cr:8080\/bincri\/RpWebEngine.exe\/Portal?BASE=2011\" target=\"_blank\" rel=\"noopener\">Censo de Poblaci\u00f3n y Vivienda 2011 (SIM 2011)<\/a><\/p>\n<p class=\"rtejustify\">\uf0b7&nbsp; <a href=\"http:\/\/sistemas.inec.cr:8080\/cgibin\/RpWebEngine.exe\/PortalAction?&amp;BASE=2000\" target=\"_blank\" rel=\"noopener\">Censo de Poblaci\u00f3n y Vivienda 2000<\/a><\/p>\n<p class=\"rtejustify\">\uf0b7&nbsp; <a href=\"http:\/\/sistemas.inec.cr:8080\/cgibin\/RpWebEngine.exe\/PortalAction?&amp;BASE=1984\" target=\"_blank\" rel=\"noopener\">Censo de Poblaci\u00f3n y Vivienda 1984<\/a><\/p>\n<p class=\"rtejustify\">\uf0b7&nbsp; <a href=\"http:\/\/sistemas.inec.cr:8080\/bincri\/RpWebEngine.exe\/Portal?BASE=1973\" target=\"_blank\" rel=\"noopener\">Censo de Poblaci\u00f3n y Vivienda 1973<\/a><\/p>\n<p class=\"rtejustify\">\uf0b7&nbsp;<a href=\"http:\/\/www.inec.go.cr\/encuestas\/encuesta-nacional-de-hogares\">Encuesta de condiciones de vida<\/a><\/p>\n<p class=\"rtejustify\">\uf0b7 <a href=\"http:\/\/www.inec.go.cr\/encuestas\/encuesta-nacional-de-hogares\">Encuesta Nacional de Hogares<\/a><\/p>\n<p class=\"rtejustify\"><u><strong><a id=\"ecu\" name=\"ecu\">Ecuador<\/a><\/strong><\/u><\/p>\n<p class=\"rtejustify\">\uf0b7&nbsp; <a href=\"http:\/\/redatam.inec.gob.ec\/cgibin\/RpWebEngine.exe\/PortalAction?BASE=CPV2010\" target=\"_blank\" rel=\"noopener\">VII Censo de Poblaci\u00f3n y VI de Vivienda 2010<\/a><\/p>\n<p class=\"rtejustify\">\uf0b7&nbsp; <a href=\"http:\/\/redatam.inec.gob.ec\/cgibin\/RpWebEngine.exe\/PortalAction?BASE=CPV2001\" target=\"_blank\" rel=\"noopener\">VI Censo de Poblaci\u00f3n y V de Vivienda 2001<\/a><\/p>\n<p class=\"rtejustify\">\uf0b7&nbsp; <a href=\"http:\/\/redatam.inec.gob.ec\/cgibin\/RpWebEngine.exe\/PortalAction?BASE=CPV1990\" target=\"_blank\" rel=\"noopener\">V Censo de Poblaci\u00f3n y IV de Vivienda 1990<\/a><\/p>\n<p class=\"rtejustify\">\uf0b7&nbsp; <a href=\"http:\/\/redatam.inec.gob.ec\/cgibin\/RpWebEngine.exe\/PortalAction?&amp;BASE=GAL2015\" target=\"_blank\" rel=\"noopener\">Censo de Poblaci\u00f3n y de Vivienda Gal\u00e1pagos 2015<\/a><\/p>\n<p class=\"rtejustify\">\uf0b7&nbsp; <a href=\"http:\/\/redatam.inec.gob.ec\/cgibin\/RpWebEngine.exe\/PortalAction?BASE=GAL2006\" target=\"_blank\" rel=\"noopener\">Censo de Poblaci\u00f3n y de Vivienda Gal\u00e1pagos 2006<\/a><\/p>\n<p class=\"rtejustify\">\uf0b7&nbsp;<a href=\"http:\/\/www.ecuadorencifras.gob.ec\/encuesta-de-condiciones-de-vida-ecv\/\">Encuesta de condiciones de vida<\/a><\/p>\n<p class=\"rtejustify\"><u><strong><a id=\"elS\" name=\"elS\">El Salvador<\/a><\/strong><\/u><\/p>\n<p class=\"rtejustify\">\uf0b7&nbsp; <a href=\"http:\/\/www.digestyc.gob.sv\/servers\/redatam\/htdocs\/CPV2007S\/index.html\" target=\"_blank\" rel=\"noopener\">VI Censo de Poblaci\u00f3n y V de Vivienda 2007<\/a><\/p>\n<p class=\"rtejustify\"><u><strong><a id=\"gua\" name=\"gua\">Guatemala<\/a><\/strong><\/u><\/p>\n<p class=\"rtejustify\">\uf0b7&nbsp; <a href=\"http:\/\/200.30.146.107\/cgibin\/RpWebEngine.exe\/PortalAction?BASE=CPVGT2002\" target=\"_blank\" rel=\"noopener\">Censo 2002<\/a><\/p>\n<p class=\"rtejustify\">\uf0b7&nbsp; <a href=\"http:\/\/200.30.146.107\/cgibin2\/RpWebEngine.exe\/PortalAction?BASE=CPV1994GTPUB\" target=\"_blank\" rel=\"noopener\">Censo 1994<\/a><\/p>\n<p class=\"rtejustify\">\uf0b7&nbsp;<a href=\"https:\/\/www.ine.gob.gt\/index.php\/encuestas-de-hogares-y-personas\/condiciones-de-vida\">Encuesta de condiciones de vida<\/a><\/p>\n<p class=\"rtejustify\">\uf0b7 <a href=\"https:\/\/www.ine.gob.gt\/index.php\/encuestas-de-hogares-y-personas\/condiciones-de-vida\">Encuesta Nacional de Condiciones de Vida<\/a><\/p>\n<p class=\"rtejustify\"><u><strong><a id=\"hon\" name=\"hon\">Honduras<\/a><\/strong><\/u><\/p>\n<p class=\"rtejustify\">\uf0b7&nbsp; <a href=\"http:\/\/181.189.226.194\/binhnd\/RpWebEngine.exe\/Portal?BASE=CPVHND2013NAC\" target=\"_blank\" rel=\"noopener\">XVII Censo de Poblaci\u00f3n y VI de Vivienda 2013<\/a><\/p>\n<p class=\"rtejustify\">\uf0b7&nbsp; <a href=\"http:\/\/181.189.226.194\/binhnd\/RpWebEngine.exe\/Portal?BASE=CPVHND2001\" target=\"_blank\" rel=\"noopener\">XVI Censo de Poblaci\u00f3n y V de Vivienda 2001<\/a><\/p>\n<p class=\"rtejustify\">\uf0b7&nbsp; <a href=\"http:\/\/181.189.226.194\/binhnd\/RpWebEngine.exe\/Portal?BASE=CPVHND1988\" target=\"_blank\" rel=\"noopener\">XV Censo de Poblaci\u00f3n y IV de Vivienda 1988<\/a><\/p>\n<p class=\"rtejustify\"><u><strong><a id=\"mex\" name=\"mex\">M\u00e9xico<\/a><\/strong><\/u><\/p>\n<p class=\"rtejustify\">\uf0b7&nbsp; <a href=\"http:\/\/redatam.org\/redbin\/RpWebEngine.exe\/Portal?BASE=CPVMEX2005&amp;lang=esp\" target=\"_blank\" rel=\"noopener\">II Conteo de Poblaci\u00f3n y Vivienda 2005<\/a><\/p>\n<p class=\"rtejustify\">\uf0b7&nbsp;<a href=\"http:\/\/www.ennvih-mxfls.org\/introduccion.html\">Encuesta de condiciones de vida<\/a><\/p>\n<p class=\"rtejustify\">\uf0b7 <a href=\"http:\/\/www.ennvih-mxfls.org\/\">Encuesta Nacional sobre Niveles de Vida de los Hogares<\/a><\/p>\n<p class=\"rtejustify\"><u><strong><a id=\"nic\" name=\"nic\">Nicaragua<\/a><\/strong><\/u><\/p>\n<p class=\"rtejustify\">\uf0b7&nbsp; <a href=\"http:\/\/www.inide.gob.ni\/redatam\/censo2005\/index.html\" target=\"_blank\" rel=\"noopener\">VIII Censo de Poblaci\u00f3n y IV de Vivienda 2005<\/a><\/p>\n<p class=\"rtejustify\">\uf0b7&nbsp; <a href=\"http:\/\/www.inide.gob.ni\/cgibin\/RpWebEngine.exe\/PortalAction?BASE=CENSO1995\" target=\"_blank\" rel=\"noopener\">VII Censo de Poblaci\u00f3n y III de Vivienda 1995<\/a><\/p>\n<p class=\"rtejustify\">\uf0b7 <a href=\"http:\/\/www.inide.gob.ni\/\">Encuesta Nacional de Hogares sobre Medici\u00f3n de Nivel de Vida<\/a><\/p>\n<p class=\"rtejustify\"><u><strong><a id=\"pan\" name=\"pan\">Panam\u00e1<\/a><\/strong><\/u><\/p>\n<p class=\"rtejustify\">\uf0b7&nbsp; <a href=\"http:\/\/estadisticas.contraloria.gob.pa\/inec\/cgi-bin\/RpWebEngine.exe\/Portal?BASE=LP2010&amp;MAIN=WebServerMain_censos.inl\" target=\"_blank\" rel=\"noopener\">Censo de Poblaci\u00f3n y Vivienda 2010<\/a><\/p>\n<p class=\"rtejustify\">\uf0b7&nbsp; <a href=\"http:\/\/estadisticas.contraloria.gob.pa\/inec\/cgi-bin\/RpWebEngine.exe\/Portal?BASE=LP2000&amp;MAIN=WebServerMain_censos.inl\" target=\"_blank\" rel=\"noopener\">Censo de Poblaci\u00f3n y Vivienda 2000 &#8211; Lugares Poblados<\/a><\/p>\n<p class=\"rtejustify\">\uf0b7&nbsp; <a href=\"http:\/\/estadisticas.contraloria.gob.pa\/inec\/cgi-bin\/RpWebEngine.exe\/Portal?BASE=1990&amp;MAIN=WebServerMain_censos.inl\" target=\"_blank\" rel=\"noopener\">Censo de Poblaci\u00f3n y Vivienda 1990 &#8211; Jerarqu\u00eda Censal<\/a><\/p>\n<p class=\"rtejustify\">\uf0b7&nbsp;<a href=\"http:\/\/microdata.worldbank.org\/index.php\/catalog\/70\">Encuesta de condiciones de vida<\/a><\/p>\n<p class=\"rtejustify\">\uf0b7 <a href=\"http:\/\/microdata.worldbank.org\/index.php\/catalog\/lsms#_r=&amp;collection=&amp;country=&amp;dtype=&amp;from=1890&amp;page=6&amp;ps=&amp;sid=&amp;sk=&amp;sort_by=nation&amp;sort_order=&amp;to=2017&amp;topic=&amp;view=s&amp;vk\">Encuesta de Niveles de Vida <\/a><\/p>\n<p class=\"rtejustify\"><u><strong><a id=\"par\" name=\"par\">Paraguay<\/a><\/strong><\/u><\/p>\n<p class=\"rtejustify\">\uf0b7&nbsp; <a href=\"http:\/\/redatam.org\/redbin\/RpWebEngine.exe\/Portal?BASE=CPVPRY2002&amp;lang=esp\" target=\"_blank\" rel=\"noopener\">Censo Nacional de Poblaci\u00f3n y Viviendas 2002<\/a><\/p>\n<p class=\"rtejustify\"><u><strong><a id=\"per\" name=\"per\">Per\u00fa<\/a><\/strong><\/u><\/p>\n<p class=\"rtejustify\">\uf0b7&nbsp; <a href=\"http:\/\/censos.inei.gob.pe\/Censos2007\/redatam\/\" target=\"_blank\" rel=\"noopener\">Censos Nacionales 2007: XI de Poblaci\u00f3n y VI de Vivienda<\/a><\/p>\n<p class=\"rtejustify\">\uf0b7&nbsp; <a href=\"http:\/\/censos.inei.gob.pe\/censos1993\/redatam\/\" target=\"_blank\" rel=\"noopener\">Censos Nacionales 1993: IX de Poblaci\u00f3n y IV de Vivienda<\/a><\/p>\n<p class=\"rtejustify\">\uf0b7&nbsp; <a href=\"http:\/\/censos.inei.gob.pe\/censos1981\/redatam\/\" target=\"_blank\" rel=\"noopener\">Censos Nacionales 1981: VIII de Poblaci\u00f3n y III de Vivienda<\/a><\/p>\n<p class=\"rtejustify\">\uf0b7&nbsp;<a href=\"https:\/\/www.inei.gob.pe\/biblioteca-virtual\/boletines\/condiciones-de-vida\/1\/\">Encuesta de condiciones de vida<\/a><\/p>\n<p class=\"rtejustify\"><u><strong><a id=\"rep\" name=\"rep\">Rep\u00fablica Dominicana<\/a><\/strong><\/u><\/p>\n<p class=\"rtejustify\">\uf0b7&nbsp; <a href=\"http:\/\/redatam.one.gob.do\/cgibin\/RpWebEngine.exe\/PortalAction?BASE=CPV2010\" target=\"_blank\" rel=\"noopener\">Censo de Poblaci\u00f3n y Vivienda 2010<\/a><\/p>\n<p class=\"rtejustify\">\uf0b7&nbsp; <a href=\"http:\/\/redatam.one.gob.do\/cgibin\/RpWebEngine.exe\/PortalAction?BASE=CPV2002\" target=\"_blank\" rel=\"noopener\">Censo de Poblaci\u00f3n y Vivienda 2002<\/a><\/p>\n<p class=\"rtejustify\">\uf0b7&nbsp; <a href=\"http:\/\/redatam.one.gob.do\/cgibin\/RpWebEngine.exe\/PortalAction?BASE=CPV02RC08\" target=\"_blank\" rel=\"noopener\">Censo de Poblaci\u00f3n y Vivienda 2002 &#8211; Divisi\u00f3n Territorial al 30.06.2008<\/a><\/p>\n<p class=\"rtejustify\">\uf0b7&nbsp; <a href=\"http:\/\/redatam.one.gob.do\/cgibin\/RpWebEngine.exe\/PortalAction?BASE=CPV1981\" target=\"_blank\" rel=\"noopener\">Censo de Poblaci\u00f3n y Vivienda 1981 &#8211; Muestra<\/a><\/p>\n<p class=\"rtejustify\">\uf0b7&nbsp;<a href=\"https:\/\/www.one.gob.do\/Estadisticas\/216\/encuesta-nacional-de-hogares-de-propositos-multiples-(ENHOGAR)\">Encuesta de condiciones de vida<\/a><\/p>\n<p class=\"rtejustify\"><u><strong><a id=\"uru\" name=\"uru\">Uruguay<\/a><\/strong><\/u><\/p>\n<p class=\"rtejustify\">\uf0b7&nbsp; <a href=\"http:\/\/redatam.org\/binury\/RpWebEngine.exe\/Portal?BASE=CPV2011&amp;lang=esp\" target=\"_blank\" rel=\"noopener\">Censo de Poblaci\u00f3n y Vivienda 2011<\/a><\/p>\n<p class=\"rtejustify\">\uf0b7&nbsp;<a href=\"http:\/\/ine.gub.uy\/encuesta-continua-de-hogares1\">Encuesta de condiciones de vida<\/a><\/p>\n<p class=\"rtejustify\"><u><strong><a id=\"ven\" name=\"ven\">Venezuela<\/a><\/strong><\/u><\/p>\n<p class=\"rtejustify\">\uf0b7&nbsp; <a href=\"http:\/\/www.redatam.ine.gob.ve\/Censo2011\/index.html\" target=\"_blank\" rel=\"noopener\">XIV Censo Nacional de Poblaci\u00f3n y Vivienda 2011<\/a><\/p>\n<p class=\"rtejustify\">\uf0b7&nbsp; <a href=\"http:\/\/www.redatam.ine.gob.ve\/Censo2001\/index.html\" target=\"_blank\" rel=\"noopener\">Censo de Poblaci\u00f3n y Vivienda 2001<\/a><\/p>\n<p class=\"rtejustify\">\uf0b7&nbsp;<a href=\"http:\/\/www.ine.gov.ve\/index.php?option=com_content&amp;view=category&amp;id=106&amp;Itemid=60\">Encuesta de condiciones de vida<\/a><\/p>\n<p class=\"rtejustify\"><a name=\"elC\">El CARIBE<\/a><\/p>\n<p class=\"rtejustify\"><u><strong><a id=\"aru\" name=\"aru\">Aruba<\/a><\/strong><\/u><\/p>\n<p class=\"rtejustify\">\uf0b7&nbsp; <a href=\"http:\/\/redatam.org\/binabw\/RpWebEngine.exe\/Portal?BASE=AUA2010\" target=\"_blank\" rel=\"noopener\">Resultados del Censo de Aruba 2010<\/a><\/p>\n<p class=\"rtejustify\"><u><strong><a id=\"bel\" name=\"bel\">Belice<\/a><\/strong><\/u><\/p>\n<p class=\"rtejustify\">\uf0b7&nbsp; <a href=\"http:\/\/redatam.org\/redbin\/RpWebEngine.exe\/Portal?BASE=CPVBLZ2000&amp;lang=esp\" target=\"_blank\" rel=\"noopener\">Censo de Poblaci\u00f3n y Vivienda 2000<\/a><\/p>\n<p class=\"rtejustify\"><u><strong><a id=\"rep1\" name=\"rep1\">Rep\u00fablica Dominicana<\/a><\/strong><\/u><\/p>\n<p class=\"rtejustify\">\uf0b7&nbsp; <a href=\"http:\/\/redatam.one.gob.do\/cgibin\/RpWebEngine.exe\/PortalAction?BASE=CPV2010\" target=\"_blank\" rel=\"noopener\">Censo de Poblaci\u00f3n y Vivienda 2010<\/a><\/p>\n<p class=\"rtejustify\">\uf0b7&nbsp; <a href=\"http:\/\/redatam.one.gob.do\/cgibin\/RpWebEngine.exe\/PortalAction?BASE=CPV2002\" target=\"_blank\" rel=\"noopener\">Censo de Poblaci\u00f3n y Vivienda 2002<\/a><br \/>\n<u><strong><a id=\"san\" name=\"san\">Santa Luc\u00eda<\/a><\/strong><\/u><\/p>\n<p class=\"rtejustify\">\uf0b7&nbsp; <a href=\"http:\/\/204.188.173.139:9090\/redatam1\/\" target=\"_blank\" rel=\"noopener\">Censo de Poblaci\u00f3n y Vivienda de Santa Luc\u00eda 2010 &#8211; Electorado<\/a><\/p>\n<p class=\"rtejustify\">\uf0b7&nbsp; <a href=\"http:\/\/redatam.org\/binlca\/RpWebEngine.exe\/Portal?BASE=PHC2001\" target=\"_blank\" rel=\"noopener\">Censo 2001: Un Conteo para Todos<\/a><\/p>\n<p class=\"rtejustify\"><u><strong><a id=\"san1\" name=\"san1\">San Vicente y las Granadinas<\/a><\/strong><\/u><\/p>\n<p class=\"rtejustify\">\uf0b7&nbsp; <a href=\"http:\/\/redatam.org\/binsvg\/RpWebEngine.exe\/Portal?BASE=SVG2001\" target=\"_blank\" rel=\"noopener\">Censo de Poblaci\u00f3n y Vivienda 2001<\/a><\/p>\n<p class=\"rtejustify\"><u><strong><a id=\"tri\" name=\"tri\">Trinidad y Tobago<\/a><\/strong><\/u><\/p>\n<p class=\"rtejustify\">\uf0b7&nbsp; <a href=\"http:\/\/redatam.org\/bintto\/RpWebEngine.exe\/Portal?BASE=PHC2K\" target=\"_blank\" rel=\"noopener\">Censo de Poblaci\u00f3n y Vivienda 2000<\/a><\/p>\n<p class=\"rtejustify\">&nbsp;<\/p>\n","protected":false},"excerpt":{"rendered":"<p>Latin American Census and Surveys Argentina Brasil Bolivia Chile Colombia Costa Rica Ecuador El Salvador Guatemala Honduras M\u00e9xico Nicaragua Panam\u00e1 Paraguay Per\u00fa Rep\u00fablica Dominicana Uruguay Venezuela El Caribe Aruba Belice Rep\u00fablica Dominicana Santa Luc\u00eda San Vicente y las Granadinas Trinidad y Tobago Source: CELADE\/CEPAL, United Nations, Online Processing with REDATAM. Base Redatam: http:\/\/redatam.org\/redbin\/RpWebEngine.exe\/Portal?lang=esp Argentina \uf0b7&nbsp; [&hellip;]<\/p>\n","protected":false},"author":44,"featured_media":0,"parent":0,"menu_order":0,"comment_status":"closed","ping_status":"closed","template":"","meta":{"footnotes":""},"class_list":["post-2006","page","type-page","status-publish","hentry"],"_links":{"self":[{"href":"https:\/\/webs.uab.cat\/incasi1\/en\/wp-json\/wp\/v2\/pages\/2006","targetHints":{"allow":["GET"]}}],"collection":[{"href":"https:\/\/webs.uab.cat\/incasi1\/en\/wp-json\/wp\/v2\/pages"}],"about":[{"href":"https:\/\/webs.uab.cat\/incasi1\/en\/wp-json\/wp\/v2\/types\/page"}],"author":[{"embeddable":true,"href":"https:\/\/webs.uab.cat\/incasi1\/en\/wp-json\/wp\/v2\/users\/44"}],"replies":[{"embeddable":true,"href":"https:\/\/webs.uab.cat\/incasi1\/en\/wp-json\/wp\/v2\/comments?post=2006"}],"version-history":[{"count":0,"href":"https:\/\/webs.uab.cat\/incasi1\/en\/wp-json\/wp\/v2\/pages\/2006\/revisions"}],"wp:attachment":[{"href":"https:\/\/webs.uab.cat\/incasi1\/en\/wp-json\/wp\/v2\/media?parent=2006"}],"curies":[{"name":"wp","href":"https:\/\/api.w.org\/{rel}","templated":true}]}}